{"id":2016,"date":"2016-02-17T08:16:44","date_gmt":"2016-02-17T08:16:44","guid":{"rendered":"http:\/\/divulgaciondinamica.info\/promos\/?page_id=2016"},"modified":"2016-03-01T12:40:00","modified_gmt":"2016-03-01T12:40:00","slug":"secretaria-virtual-ria-diploma","status":"publish","type":"page","link":"https:\/\/divulgaciondinamica.info\/promos\/secretaria-virtual-ria-diploma\/","title":{"rendered":"Secretar\u00eda Virtual RIA &#8211; Diploma"},"content":{"rendered":"<p>[vc_row css=\u00bb.vc_custom_1444907298779{margin-top: 5px !important;margin-bottom: 25px !important;}\u00bb][vc_column width=\u00bb1\/2&#8243;][vc_single_image image=\u00bb1096&#8243; img_size=\u00bb472&#215;115&#8243; alignment=\u00bb\u00bb][\/vc_column][vc_column width=\u00bb1\/2&#8243;][vc_column_text]<\/p>\n<h6 style=\"text-align: right;\"><strong><span style=\"color: #1c4968;\"><br \/>\nTel\u00e9fono internacional: <i class=\"fa fa-whatsapp\"><\/i> +34 620 77 31 43<\/span><br \/>\n<\/strong><\/h6>\n<h6 style=\"text-align: right;\"><span style=\"color: #b8b8b8;\"><strong>info@planformativoria.info<\/strong><\/span><\/h6>\n<p>[\/vc_column_text][\/vc_column][\/vc_row][vc_row][vc_column][vc_single_image image=\u00bb2083&#8243; img_size=\u00bbfull\u00bb alignment=\u00bbcenter\u00bb][\/vc_column][\/vc_row][vc_row css=\u00bb.vc_custom_1456833748758{margin-top: 40px !important;margin-bottom: 50px !important;padding-right: 10px !important;padding-left: 10px !important;}\u00bb][vc_column][vc_column_text css=\u00bb.vc_custom_1456834024757{margin-top: 30px !important;margin-bottom: 10px !important;}\u00bb]<\/p>\n<h5><span style=\"color: #808080;\">Para <strong>formalizar la solicitud de su Diploma<\/strong>, <\/span><br \/>\n<span style=\"color: #808080;\">por favor realice el Pago correspondiente mediante las siguientes opciones:<\/span><\/h5>\n<p>[\/vc_column_text][vc_row_inner css=\u00bb.vc_custom_1456833697956{margin-top: 70px !important;margin-bottom: 40px !important;}\u00bb][vc_column_inner width=\u00bb1\/2&#8243;][vc_single_image image=\u00bb2085&#8243; img_size=\u00bbfull\u00bb css=\u00bb.vc_custom_1456834469951{margin-bottom: 40px !important;}\u00bb][\/vc_column_inner][vc_column_inner width=\u00bb1\/2&#8243;][vc_column_text css=\u00bb.vc_custom_1456317602213{margin-bottom: 30px !important;}\u00bb]<\/p>\n<h4 style=\"text-align: left;\"><span style=\"color: #f29400;\"><strong><span style=\"color: #999999;\">Alumnos internacionales:<\/span> <\/strong><\/span><\/h4>\n<h2 style=\"text-align: left;\"><span style=\"color: #f29400;\"><strong><em>$ 30 USD<\/em><\/strong><\/span><\/h2>\n<p>[\/vc_column_text][vc_raw_html]JTNDZm9ybSUyMGFjdGlvbiUzRCUyMmh0dHBzJTNBJTJGJTJGd3d3LnBheXBhbC5jb20lMkZjZ2ktYmluJTJGd2Vic2NyJTIyJTIwbWV0aG9kJTNEJTIycG9zdCUyMiUyMHRhcmdldCUzRCUyMl90b3AlMjIlM0UlMEElM0NpbnB1dCUyMHR5cGUlM0QlMjJoaWRkZW4lMjIlMjBuYW1lJTNEJTIyY21kJTIyJTIwdmFsdWUlM0QlMjJfeGNsaWNrJTIyJTNFJTBBJTNDaW5wdXQlMjB0eXBlJTNEJTIyaGlkZGVuJTIyJTIwbmFtZSUzRCUyMmJ1c2luZXNzJTIyJTIwdmFsdWUlM0QlMjJyaWFwcm95ZWN0b3MlNDBnbWFpbC5jb20lMjIlM0UlMEElM0NpbnB1dCUyMHR5cGUlM0QlMjJoaWRkZW4lMjIlMjBuYW1lJTNEJTIybGMlMjIlMjB2YWx1ZSUzRCUyMkVTJTIyJTNFJTBBJTNDaW5wdXQlMjB0eXBlJTNEJTIyaGlkZGVuJTIyJTIwbmFtZSUzRCUyMml0ZW1fbmFtZSUyMiUyMHZhbHVlJTNEJTIyRGlwbG9tYSUyMEN1cnNvJTIwUklBJTIwRGluYW1pemFkb3IlMjB5JTIwQWN0aXZhZG9yJTIwZGUlMjBDb211bmlkYWRlcyUyMFNvY2lhbGVzJTIyJTNFJTBBJTNDaW5wdXQlMjB0eXBlJTNEJTIyaGlkZGVuJTIyJTIwbmFtZSUzRCUyMmFtb3VudCUyMiUyMHZhbHVlJTNEJTIyMzAuMDAlMjIlM0UlMEElM0NpbnB1dCUyMHR5cGUlM0QlMjJoaWRkZW4lMjIlMjBuYW1lJTNEJTIyY3VycmVuY3lfY29kZSUyMiUyMHZhbHVlJTNEJTIyVVNEJTIyJTNFJTBBJTNDaW5wdXQlMjB0eXBlJTNEJTIyaGlkZGVuJTIyJTIwbmFtZSUzRCUyMmJ1dHRvbl9zdWJ0eXBlJTIyJTIwdmFsdWUlM0QlMjJzZXJ2aWNlcyUyMiUzRSUwQSUzQ2lucHV0JTIwdHlwZSUzRCUyMmhpZGRlbiUyMiUyMG5hbWUlM0QlMjJub19ub3RlJTIyJTIwdmFsdWUlM0QlMjIwJTIyJTNFJTBBJTNDaW5wdXQlMjB0eXBlJTNEJTIyaGlkZGVuJTIyJTIwbmFtZSUzRCUyMmJuJTIyJTIwdmFsdWUlM0QlMjJQUC1CdXlOb3dCRiUzQWJ0bl9idXlub3dDQ19MRy5naWYlM0FOb25Ib3N0ZWRHdWVzdCUyMiUzRSUwQSUzQ2lucHV0JTIwdHlwZSUzRCUyMmltYWdlJTIyJTIwc3JjJTNEJTIyaHR0cCUzQSUyRiUyRmRpdnVsZ2FjaW9uZGluYW1pY2EuaW5mbyUyRnByb21vcyUyRndwLWNvbnRlbnQlMkZ1cGxvYWRzJTJGMjAxNSUyRjEwJTJGY29tcHJhci5naWYlMjIlMjBib3JkZXIlM0QlMjIwJTIyJTIwbmFtZSUzRCUyMnN1Ym1pdCUyMiUyMGFsdCUzRCUyMlBheVBhbC4lMjBMYSUyMGZvcm1hJTIwciVDMyVBMXBpZGElMjB5JTIwc2VndXJhJTIwZGUlMjBwYWdhciUyMGVuJTIwSW50ZXJuZXQuJTIyJTNFJTBBJTNDaW1nJTIwYWx0JTNEJTIyJTIyJTIwYm9yZGVyJTNEJTIyMCUyMiUyMHNyYyUzRCUyMmh0dHBzJTNBJTJGJTJGd3d3LnBheXBhbG9iamVjdHMuY29tJTJGZXNfRVMlMkZpJTJGc2NyJTJGcGl4ZWwuZ2lmJTIyJTIwd2lkdGglM0QlMjIxJTIyJTIwaGVpZ2h0JTNEJTIyMSUyMiUzRSUwQSUzQyUyRmZvcm0lM0U=[\/vc_raw_html][vc_separator css=\u00bb.vc_custom_1456833332170{margin-top: 50px !important;margin-bottom: 50px !important;}\u00bb][vc_column_text css=\u00bb.vc_custom_1456317594693{margin-bottom: 30px !important;}\u00bb]<\/p>\n<h4 style=\"text-align: left;\"><span style=\"color: #f29400;\"><strong><span style=\"color: #999999;\">Alumnos de Espa\u00f1a:<\/span><\/strong><\/span><\/h4>\n<h2 style=\"text-align: left;\"><span style=\"color: #f29400;\"><strong><em> 28 \u20ac<br \/>\n<\/em><\/strong><\/span><\/h2>\n<p>[\/vc_column_text][vc_raw_html]JTNDZm9ybSUyMGFjdGlvbiUzRCUyMmh0dHBzJTNBJTJGJTJGd3d3LnBheXBhbC5jb20lMkZjZ2ktYmluJTJGd2Vic2NyJTIyJTIwbWV0aG9kJTNEJTIycG9zdCUyMiUyMHRhcmdldCUzRCUyMl90b3AlMjIlM0UlMEElM0NpbnB1dCUyMHR5cGUlM0QlMjJoaWRkZW4lMjIlMjBuYW1lJTNEJTIyY21kJTIyJTIwdmFsdWUlM0QlMjJfeGNsaWNrJTIyJTNFJTBBJTNDaW5wdXQlMjB0eXBlJTNEJTIyaGlkZGVuJTIyJTIwbmFtZSUzRCUyMmJ1c2luZXNzJTIyJTIwdmFsdWUlM0QlMjJyaWFwcm95ZWN0b3MlNDBnbWFpbC5jb20lMjIlM0UlMEElM0NpbnB1dCUyMHR5cGUlM0QlMjJoaWRkZW4lMjIlMjBuYW1lJTNEJTIybGMlMjIlMjB2YWx1ZSUzRCUyMkVTJTIyJTNFJTBBJTNDaW5wdXQlMjB0eXBlJTNEJTIyaGlkZGVuJTIyJTIwbmFtZSUzRCUyMml0ZW1fbmFtZSUyMiUyMHZhbHVlJTNEJTIyRGlwbG9tYSUyMEN1cnNvJTIwUklBJTIwRGluYW1pemFkb3IlMjB5JTIwQWN0aXZhZG9yJTIwZGUlMjBDb211bmlkYWRlcyUyMFNvY2lhbGVzJTIyJTNFJTBBJTNDaW5wdXQlMjB0eXBlJTNEJTIyaGlkZGVuJTIyJTIwbmFtZSUzRCUyMmFtb3VudCUyMiUyMHZhbHVlJTNEJTIyMjguMDAlMjIlM0UlMEElM0NpbnB1dCUyMHR5cGUlM0QlMjJoaWRkZW4lMjIlMjBuYW1lJTNEJTIyY3VycmVuY3lfY29kZSUyMiUyMHZhbHVlJTNEJTIyRVVSJTIyJTNFJTBBJTNDaW5wdXQlMjB0eXBlJTNEJTIyaGlkZGVuJTIyJTIwbmFtZSUzRCUyMmJ1dHRvbl9zdWJ0eXBlJTIyJTIwdmFsdWUlM0QlMjJzZXJ2aWNlcyUyMiUzRSUwQSUzQ2lucHV0JTIwdHlwZSUzRCUyMmhpZGRlbiUyMiUyMG5hbWUlM0QlMjJub19ub3RlJTIyJTIwdmFsdWUlM0QlMjIwJTIyJTNFJTBBJTNDaW5wdXQlMjB0eXBlJTNEJTIyaGlkZGVuJTIyJTIwbmFtZSUzRCUyMmJuJTIyJTIwdmFsdWUlM0QlMjJQUC1CdXlOb3dCRiUzQWJ0bl9idXlub3dDQ19MRy5naWYlM0FOb25Ib3N0ZWRHdWVzdCUyMiUzRSUwQSUzQ2lucHV0JTIwdHlwZSUzRCUyMmltYWdlJTIyJTIwc3JjJTNEJTIyaHR0cCUzQSUyRiUyRmRpdnVsZ2FjaW9uZGluYW1pY2EuaW5mbyUyRnByb21vcyUyRndwLWNvbnRlbnQlMkZ1cGxvYWRzJTJGMjAxNSUyRjEwJTJGY29tcHJhci5naWYlMjIlMjBib3JkZXIlM0QlMjIwJTIyJTIwbmFtZSUzRCUyMnN1Ym1pdCUyMiUyMGFsdCUzRCUyMlBheVBhbC4lMjBMYSUyMGZvcm1hJTIwciVDMyVBMXBpZGElMjB5JTIwc2VndXJhJTIwZGUlMjBwYWdhciUyMGVuJTIwSW50ZXJuZXQuJTIyJTNFJTBBJTNDaW1nJTIwYWx0JTNEJTIyJTIyJTIwYm9yZGVyJTNEJTIyMCUyMiUyMHNyYyUzRCUyMmh0dHBzJTNBJTJGJTJGd3d3LnBheXBhbG9iamVjdHMuY29tJTJGZXNfRVMlMkZpJTJGc2NyJTJGcGl4ZWwuZ2lmJTIyJTIwd2lkdGglM0QlMjIxJTIyJTIwaGVpZ2h0JTNEJTIyMSUyMiUzRSUwQSUzQyUyRmZvcm0lM0U=[\/vc_raw_html][\/vc_column_inner][\/vc_row_inner][\/vc_column][\/vc_row][vc_row css=\u00bb.vc_custom_1444989443736{margin-top: 55px !important;margin-bottom: 55px !important;}\u00bb][vc_column][\/vc_column][\/vc_row]<\/p>\n","protected":false},"excerpt":{"rendered":"<p>[vc_row css=\u00bb.vc_custom_1444907298779{margin-top: 5px !important;margin-bottom: 25px !important;}\u00bb][vc_column width=\u00bb1\/2&#8243;][vc_single_image image=\u00bb1096&#8243; img_size=\u00bb472&#215;115&#8243; alignment=\u00bb\u00bb][\/vc_column][vc_column width=\u00bb1\/2&#8243;][vc_column_text] Tel\u00e9fono internacional: +34 620 77 31 43 info@planformativoria.info [\/vc_column_text][\/vc_column][\/vc_row][vc_row][vc_column][vc_single_image image=\u00bb2083&#8243; img_size=\u00bbfull\u00bb alignment=\u00bbcenter\u00bb][\/vc_column][\/vc_row][vc_row css=\u00bb.vc_custom_1456833748758{margin-top: 40px !important;margin-bottom: 50px !important;padding-right: 10px !important;padding-left: 10px !important;}\u00bb][vc_column][vc_column_text css=\u00bb.vc_custom_1456834024757{margin-top: 30px !important;margin-bottom: 10px !important;}\u00bb] Para formalizar la<\/p>\n","protected":false},"author":1,"featured_media":0,"parent":0,"menu_order":0,"comment_status":"closed","ping_status":"closed","template":"","meta":[],"yoast_head":"<!-- This site is optimized with the Yoast SEO plugin v15.7 - https:\/\/yoast.com\/wordpress\/plugins\/seo\/ -->\n<title>Secretar\u00eda Virtual RIA - Diploma - Divulgaci\u00f3n Din\u00e1mica<\/title>\n<meta name=\"robots\" content=\"index, follow, max-snippet:-1, max-image-preview:large, max-video-preview:-1\" \/>\n<link rel=\"canonical\" href=\"https:\/\/divulgaciondinamica.info\/promos\/secretaria-virtual-ria-diploma\/\" \/>\n<meta property=\"og:locale\" content=\"es_ES\" \/>\n<meta property=\"og:type\" content=\"article\" \/>\n<meta property=\"og:title\" content=\"Secretar\u00eda Virtual RIA - Diploma - Divulgaci\u00f3n Din\u00e1mica\" \/>\n<meta property=\"og:description\" content=\"[vc_row css=\u00bb.vc_custom_1444907298779{margin-top: 5px !important;margin-bottom: 25px !important;}\u00bb][vc_column width=\u00bb1\/2&#8243;][vc_single_image image=\u00bb1096&#8243; img_size=\u00bb472&#215;115&#8243; alignment=\u00bb\u00bb][\/vc_column][vc_column width=\u00bb1\/2&#8243;][vc_column_text] Tel\u00e9fono internacional: +34 620 77 31 43 info@planformativoria.info [\/vc_column_text][\/vc_column][\/vc_row][vc_row][vc_column][vc_single_image image=\u00bb2083&#8243; img_size=\u00bbfull\u00bb alignment=\u00bbcenter\u00bb][\/vc_column][\/vc_row][vc_row css=\u00bb.vc_custom_1456833748758{margin-top: 40px !important;margin-bottom: 50px !important;padding-right: 10px !important;padding-left: 10px !important;}\u00bb][vc_column][vc_column_text css=\u00bb.vc_custom_1456834024757{margin-top: 30px !important;margin-bottom: 10px !important;}\u00bb] Para formalizar la\" \/>\n<meta property=\"og:url\" content=\"https:\/\/divulgaciondinamica.info\/promos\/secretaria-virtual-ria-diploma\/\" \/>\n<meta property=\"og:site_name\" content=\"Divulgaci\u00f3n Din\u00e1mica\" \/>\n<meta property=\"article:publisher\" content=\"https:\/\/www.facebook.com\/divulgaciondinamicaformacion\/\" \/>\n<meta property=\"article:modified_time\" content=\"2016-03-01T12:40:00+00:00\" \/>\n<meta name=\"twitter:card\" content=\"summary_large_image\" \/>\n<meta name=\"twitter:site\" content=\"@divulgaciond\" \/>\n<meta name=\"twitter:label1\" content=\"Tiempo de lectura\">\n\t<meta name=\"twitter:data1\" content=\"3 minutos\">\n<script type=\"application\/ld+json\" class=\"yoast-schema-graph\">{\"@context\":\"https:\/\/schema.org\",\"@graph\":[{\"@type\":\"Organization\",\"@id\":\"https:\/\/divulgaciondinamica.info\/promos\/#organization\",\"name\":\"Divulgaci\\u00f3n Din\\u00e1mica S.L.\",\"url\":\"https:\/\/divulgaciondinamica.info\/promos\/\",\"sameAs\":[\"https:\/\/www.facebook.com\/divulgaciondinamicaformacion\/\",\"https:\/\/www.instagram.com\/divulgaciondinamica\",\"https:\/\/www.linkedin.com\/company-beta\/9490428\/\",\"https:\/\/www.youtube.com\/user\/ddinamica2010\",\"https:\/\/twitter.com\/divulgaciond\"],\"logo\":{\"@type\":\"ImageObject\",\"@id\":\"https:\/\/divulgaciondinamica.info\/promos\/#logo\",\"inLanguage\":\"es\",\"url\":\"https:\/\/divulgaciondinamica.info\/promos\/wp-content\/uploads\/2016\/02\/logo-divulgaciondinamica-ddf.png\",\"width\":400,\"height\":79,\"caption\":\"Divulgaci\\u00f3n Din\\u00e1mica S.L.\"},\"image\":{\"@id\":\"https:\/\/divulgaciondinamica.info\/promos\/#logo\"}},{\"@type\":\"WebSite\",\"@id\":\"https:\/\/divulgaciondinamica.info\/promos\/#website\",\"url\":\"https:\/\/divulgaciondinamica.info\/promos\/\",\"name\":\"Divulgaci\\u00f3n Din\\u00e1mica\",\"description\":\"Formaci\\u00f3n de calidad al alcance de todos\",\"publisher\":{\"@id\":\"https:\/\/divulgaciondinamica.info\/promos\/#organization\"},\"potentialAction\":[{\"@type\":\"SearchAction\",\"target\":\"https:\/\/divulgaciondinamica.info\/promos\/?s={search_term_string}\",\"query-input\":\"required name=search_term_string\"}],\"inLanguage\":\"es\"},{\"@type\":\"WebPage\",\"@id\":\"https:\/\/divulgaciondinamica.info\/promos\/secretaria-virtual-ria-diploma\/#webpage\",\"url\":\"https:\/\/divulgaciondinamica.info\/promos\/secretaria-virtual-ria-diploma\/\",\"name\":\"Secretar\\u00eda Virtual RIA - Diploma - Divulgaci\\u00f3n Din\\u00e1mica\",\"isPartOf\":{\"@id\":\"https:\/\/divulgaciondinamica.info\/promos\/#website\"},\"datePublished\":\"2016-02-17T08:16:44+00:00\",\"dateModified\":\"2016-03-01T12:40:00+00:00\",\"inLanguage\":\"es\",\"potentialAction\":[{\"@type\":\"ReadAction\",\"target\":[\"https:\/\/divulgaciondinamica.info\/promos\/secretaria-virtual-ria-diploma\/\"]}]}]}<\/script>\n<!-- \/ Yoast SEO plugin. -->","_links":{"self":[{"href":"https:\/\/divulgaciondinamica.info\/promos\/wp-json\/wp\/v2\/pages\/2016"}],"collection":[{"href":"https:\/\/divulgaciondinamica.info\/promos\/wp-json\/wp\/v2\/pages"}],"about":[{"href":"https:\/\/divulgaciondinamica.info\/promos\/wp-json\/wp\/v2\/types\/page"}],"author":[{"embeddable":true,"href":"https:\/\/divulgaciondinamica.info\/promos\/wp-json\/wp\/v2\/users\/1"}],"replies":[{"embeddable":true,"href":"https:\/\/divulgaciondinamica.info\/promos\/wp-json\/wp\/v2\/comments?post=2016"}],"version-history":[{"count":5,"href":"https:\/\/divulgaciondinamica.info\/promos\/wp-json\/wp\/v2\/pages\/2016\/revisions"}],"predecessor-version":[{"id":2100,"href":"https:\/\/divulgaciondinamica.info\/promos\/wp-json\/wp\/v2\/pages\/2016\/revisions\/2100"}],"wp:attachment":[{"href":"https:\/\/divulgaciondinamica.info\/promos\/wp-json\/wp\/v2\/media?parent=2016"}],"curies":[{"name":"wp","href":"https:\/\/api.w.org\/{rel}","templated":true}]}}