{"id":1910,"date":"2016-02-10T11:15:36","date_gmt":"2016-02-10T11:15:36","guid":{"rendered":"http:\/\/divulgaciondinamica.info\/promos\/?page_id=1910"},"modified":"2016-02-23T14:29:27","modified_gmt":"2016-02-23T14:29:27","slug":"formacion-para-todos","status":"publish","type":"page","link":"https:\/\/divulgaciondinamica.info\/promos\/formacion-para-todos\/","title":{"rendered":"Formaci\u00f3n para Todos"},"content":{"rendered":"<p>[vc_row css=\u00bb.vc_custom_1455103567379{margin-top: 10px !important;margin-bottom: 30px !important;}\u00bb][vc_column width=\u00bb1\/2&#8243;][vc_single_image image=\u00bb2040&#8243; img_size=\u00bbfull\u00bb][\/vc_column][vc_column width=\u00bb1\/2&#8243;][vc_single_image image=\u00bb2037&#8243; img_size=\u00bbfull\u00bb alignment=\u00bbright\u00bb][\/vc_column][\/vc_row][vc_row][vc_column][rev_slider_vc alias=\u00bbhome\u00bb][vc_single_image image=\u00bb1912&#8243; img_size=\u00bbfull\u00bb alignment=\u00bbcenter\u00bb css=\u00bb.vc_custom_1455177911166{margin-top: 20px !important;margin-bottom: 20px !important;}\u00bb][\/vc_column][\/vc_row][vc_row css=\u00bb.vc_custom_1455107785773{margin-top: 50px !important;margin-bottom: 30px !important;padding-top: 10px !important;padding-bottom: 10px !important;background-color: #ebebeb !important;}\u00bb][vc_column][vc_column_text]<\/p>\n<h4><span style=\"color: #8a5b9d;\"><em><strong>Presentaci\u00f3n<\/strong><\/em><\/span><\/h4>\n<p>[\/vc_column_text][\/vc_column][\/vc_row][vc_row][vc_column][vc_row_inner][vc_column_inner width=\u00bb1\/2&#8243;][vc_column_text]Divulgaci\u00f3n Din\u00e1mica Formaci\u00f3n entiende la formaci\u00f3n como un bien social que debe estar al alcance de todos.<\/p>\n<p><strong>Nuestro Objetivo:<\/strong><\/p>\n<p>Este a\u00f1o buscamos nuevamente ONGs u organizaciones sociales que necesiten programas de formaci\u00f3n para promocionar a sus voluntarios y a los colectivos con los que intervienen socialmente.[\/vc_column_text][\/vc_column_inner][vc_column_inner width=\u00bb1\/2&#8243;][vc_column_text]A trav\u00e9s de su programa Formaci\u00f3n para Todos, durante los a\u00f1os 2014 y 2015:<\/p>\n<p>Divulgaci\u00f3n Din\u00e1mica don\u00f3 formaci\u00f3n a distintas organizaciones sociales en cuatro pa\u00edses: Espa\u00f1a, Chile, Per\u00fa y Colombia.<\/p>\n<p>Atendiendo de forma totalmente altruista a m\u00e1s de 7900 personas con dificultades de acceso a la formaci\u00f3n.[\/vc_column_text][\/vc_column_inner][\/vc_row_inner][\/vc_column][\/vc_row][vc_row css=\u00bb.vc_custom_1455107792932{margin-top: 50px !important;margin-bottom: 30px !important;padding-top: 10px !important;padding-bottom: 10px !important;background-color: #ebebeb !important;}\u00bb][vc_column width=\u00bb1\/2&#8243;][vc_column_text]<\/p>\n<h4><span style=\"color: #8a5b9d;\"><em><strong>Receptores<\/strong><\/em><\/span><\/h4>\n<p>[\/vc_column_text][\/vc_column][vc_column width=\u00bb1\/2&#8243;][vc_column_text]<\/p>\n<h4><span style=\"color: #8a5b9d;\"><em><strong>Destinatarios<\/strong><\/em><\/span><\/h4>\n<p>[\/vc_column_text][\/vc_column][\/vc_row][vc_row][vc_column][vc_row_inner][vc_column_inner width=\u00bb1\/2&#8243;][vc_column_text]Fundaciones, ONGs, asociaciones, organizaci\u00f3nes sociales,<br \/>\nentidades, agrupaciones, &#8230;[\/vc_column_text][\/vc_column_inner][vc_column_inner width=\u00bb1\/2&#8243;][vc_column_text]<\/p>\n<p class=\"Estilo3\">Voluntarios, t\u00e9cnicos, usuarios, colectivos,&#8230;<\/p>\n<p>[\/vc_column_text][\/vc_column_inner][\/vc_row_inner][\/vc_column][\/vc_row][vc_row css=\u00bb.vc_custom_1455107799512{margin-top: 50px !important;margin-bottom: 30px !important;padding-top: 10px !important;padding-bottom: 10px !important;background-color: #ebebeb !important;}\u00bb][vc_column][vc_column_text]<\/p>\n<h4><span style=\"color: #8a5b9d;\"><em><strong>Procedimiento<\/strong><\/em><\/span><\/h4>\n<p>[\/vc_column_text][\/vc_column][\/vc_row][vc_row][vc_column][vc_row_inner][vc_column_inner][vc_column_text]<\/p>\n<p style=\"text-align: justify;\">Rellena el formulario de inscripci\u00f3n y uno de nuestros t\u00e9cnicos valorar\u00e1 el proyecto junto con la persona inscrita. Una vez recogida la documentaci\u00f3n, se elegir\u00e1n los proyectos a llevar a cabo este a\u00f1o 2016, con programas de formaci\u00f3n donados \u00edntegramente a las organizaciones sociales elegidas.<\/p>\n<p>[\/vc_column_text][\/vc_column_inner][\/vc_row_inner][\/vc_column][\/vc_row][vc_row css=\u00bb.vc_custom_1455107718381{margin-top: 50px !important;margin-bottom: 30px !important;}\u00bb][vc_column][vc_btn title=\u00bb<strong>INSCRIBE A TU ORGANIZACI\u00d3N<\/strong>\u00bb style=\u00bbflat\u00bb color=\u00bbsandy-brown\u00bb size=\u00bblg\u00bb align=\u00bbcenter\u00bb link=\u00bburl:https%3A%2F%2Fdocs.google.com%2Fforms%2Fd%2F1D9tMelpy8J7ZscqudVEz5z4k53-9UFLY2KSMIzx6Dxw%2Fviewform||target:%20_blank\u00bb][\/vc_column][\/vc_row][vc_row css=\u00bb.vc_custom_1455107119588{margin-top: 50px !important;margin-bottom: 50px !important;}\u00bb][vc_column][vc_column_text]<\/p>\n<p class=\"Estilo3\" style=\"text-align: center;\"><span style=\"color: #999999;\">Algunas entidades que se han formado con Divulgaci\u00f3n Din\u00e1mica:<br \/>\n<\/span><\/p>\n<p>[\/vc_column_text][vc_single_image image=\u00bb1966&#8243; img_size=\u00bbfull\u00bb alignment=\u00bbcenter\u00bb][\/vc_column][\/vc_row]<\/p>\n","protected":false},"excerpt":{"rendered":"<p>[vc_row css=\u00bb.vc_custom_1455103567379{margin-top: 10px !important;margin-bottom: 30px !important;}\u00bb][vc_column width=\u00bb1\/2&#8243;][vc_single_image image=\u00bb2040&#8243; img_size=\u00bbfull\u00bb][\/vc_column][vc_column width=\u00bb1\/2&#8243;][vc_single_image image=\u00bb2037&#8243; img_size=\u00bbfull\u00bb alignment=\u00bbright\u00bb][\/vc_column][\/vc_row][vc_row][vc_column][rev_slider_vc alias=\u00bbhome\u00bb][vc_single_image image=\u00bb1912&#8243; img_size=\u00bbfull\u00bb alignment=\u00bbcenter\u00bb css=\u00bb.vc_custom_1455177911166{margin-top: 20px !important;margin-bottom: 20px !important;}\u00bb][\/vc_column][\/vc_row][vc_row css=\u00bb.vc_custom_1455107785773{margin-top: 50px !important;margin-bottom: 30px !important;padding-top: 10px !important;padding-bottom: 10px !important;background-color: #ebebeb !important;}\u00bb][vc_column][vc_column_text] Presentaci\u00f3n [\/vc_column_text][\/vc_column][\/vc_row][vc_row][vc_column][vc_row_inner][vc_column_inner width=\u00bb1\/2&#8243;][vc_column_text]Divulgaci\u00f3n Din\u00e1mica Formaci\u00f3n entiende la<\/p>\n","protected":false},"author":1,"featured_media":0,"parent":0,"menu_order":0,"comment_status":"closed","ping_status":"closed","template":"","meta":[],"yoast_head":"<!-- This site is optimized with the Yoast SEO plugin v15.7 - https:\/\/yoast.com\/wordpress\/plugins\/seo\/ -->\n<title>Formaci\u00f3n para Todos - Divulgaci\u00f3n Din\u00e1mica<\/title>\n<meta name=\"robots\" content=\"index, follow, max-snippet:-1, max-image-preview:large, max-video-preview:-1\" \/>\n<link rel=\"canonical\" href=\"https:\/\/divulgaciondinamica.info\/promos\/formacion-para-todos\/\" \/>\n<meta property=\"og:locale\" content=\"es_ES\" \/>\n<meta property=\"og:type\" content=\"article\" \/>\n<meta property=\"og:title\" content=\"Formaci\u00f3n para Todos - Divulgaci\u00f3n Din\u00e1mica\" \/>\n<meta property=\"og:description\" content=\"[vc_row css=\u00bb.vc_custom_1455103567379{margin-top: 10px !important;margin-bottom: 30px !important;}\u00bb][vc_column width=\u00bb1\/2&#8243;][vc_single_image image=\u00bb2040&#8243; img_size=\u00bbfull\u00bb][\/vc_column][vc_column width=\u00bb1\/2&#8243;][vc_single_image image=\u00bb2037&#8243; img_size=\u00bbfull\u00bb alignment=\u00bbright\u00bb][\/vc_column][\/vc_row][vc_row][vc_column][rev_slider_vc alias=\u00bbhome\u00bb][vc_single_image image=\u00bb1912&#8243; img_size=\u00bbfull\u00bb alignment=\u00bbcenter\u00bb css=\u00bb.vc_custom_1455177911166{margin-top: 20px !important;margin-bottom: 20px !important;}\u00bb][\/vc_column][\/vc_row][vc_row css=\u00bb.vc_custom_1455107785773{margin-top: 50px !important;margin-bottom: 30px !important;padding-top: 10px !important;padding-bottom: 10px !important;background-color: #ebebeb !important;}\u00bb][vc_column][vc_column_text] Presentaci\u00f3n [\/vc_column_text][\/vc_column][\/vc_row][vc_row][vc_column][vc_row_inner][vc_column_inner width=\u00bb1\/2&#8243;][vc_column_text]Divulgaci\u00f3n Din\u00e1mica Formaci\u00f3n entiende la\" \/>\n<meta property=\"og:url\" content=\"https:\/\/divulgaciondinamica.info\/promos\/formacion-para-todos\/\" \/>\n<meta property=\"og:site_name\" content=\"Divulgaci\u00f3n Din\u00e1mica\" \/>\n<meta property=\"article:publisher\" content=\"https:\/\/www.facebook.com\/divulgaciondinamicaformacion\/\" \/>\n<meta property=\"article:modified_time\" content=\"2016-02-23T14:29:27+00:00\" \/>\n<meta name=\"twitter:card\" content=\"summary_large_image\" \/>\n<meta name=\"twitter:site\" content=\"@divulgaciond\" \/>\n<meta name=\"twitter:label1\" content=\"Tiempo de lectura\">\n\t<meta name=\"twitter:data1\" content=\"3 minutos\">\n<script type=\"application\/ld+json\" class=\"yoast-schema-graph\">{\"@context\":\"https:\/\/schema.org\",\"@graph\":[{\"@type\":\"Organization\",\"@id\":\"https:\/\/divulgaciondinamica.info\/promos\/#organization\",\"name\":\"Divulgaci\\u00f3n Din\\u00e1mica S.L.\",\"url\":\"https:\/\/divulgaciondinamica.info\/promos\/\",\"sameAs\":[\"https:\/\/www.facebook.com\/divulgaciondinamicaformacion\/\",\"https:\/\/www.instagram.com\/divulgaciondinamica\",\"https:\/\/www.linkedin.com\/company-beta\/9490428\/\",\"https:\/\/www.youtube.com\/user\/ddinamica2010\",\"https:\/\/twitter.com\/divulgaciond\"],\"logo\":{\"@type\":\"ImageObject\",\"@id\":\"https:\/\/divulgaciondinamica.info\/promos\/#logo\",\"inLanguage\":\"es\",\"url\":\"https:\/\/divulgaciondinamica.info\/promos\/wp-content\/uploads\/2016\/02\/logo-divulgaciondinamica-ddf.png\",\"width\":400,\"height\":79,\"caption\":\"Divulgaci\\u00f3n Din\\u00e1mica S.L.\"},\"image\":{\"@id\":\"https:\/\/divulgaciondinamica.info\/promos\/#logo\"}},{\"@type\":\"WebSite\",\"@id\":\"https:\/\/divulgaciondinamica.info\/promos\/#website\",\"url\":\"https:\/\/divulgaciondinamica.info\/promos\/\",\"name\":\"Divulgaci\\u00f3n Din\\u00e1mica\",\"description\":\"Formaci\\u00f3n de calidad al alcance de todos\",\"publisher\":{\"@id\":\"https:\/\/divulgaciondinamica.info\/promos\/#organization\"},\"potentialAction\":[{\"@type\":\"SearchAction\",\"target\":\"https:\/\/divulgaciondinamica.info\/promos\/?s={search_term_string}\",\"query-input\":\"required name=search_term_string\"}],\"inLanguage\":\"es\"},{\"@type\":\"WebPage\",\"@id\":\"https:\/\/divulgaciondinamica.info\/promos\/formacion-para-todos\/#webpage\",\"url\":\"https:\/\/divulgaciondinamica.info\/promos\/formacion-para-todos\/\",\"name\":\"Formaci\\u00f3n para Todos - Divulgaci\\u00f3n Din\\u00e1mica\",\"isPartOf\":{\"@id\":\"https:\/\/divulgaciondinamica.info\/promos\/#website\"},\"datePublished\":\"2016-02-10T11:15:36+00:00\",\"dateModified\":\"2016-02-23T14:29:27+00:00\",\"inLanguage\":\"es\",\"potentialAction\":[{\"@type\":\"ReadAction\",\"target\":[\"https:\/\/divulgaciondinamica.info\/promos\/formacion-para-todos\/\"]}]}]}<\/script>\n<!-- \/ Yoast SEO plugin. -->","_links":{"self":[{"href":"https:\/\/divulgaciondinamica.info\/promos\/wp-json\/wp\/v2\/pages\/1910"}],"collection":[{"href":"https:\/\/divulgaciondinamica.info\/promos\/wp-json\/wp\/v2\/pages"}],"about":[{"href":"https:\/\/divulgaciondinamica.info\/promos\/wp-json\/wp\/v2\/types\/page"}],"author":[{"embeddable":true,"href":"https:\/\/divulgaciondinamica.info\/promos\/wp-json\/wp\/v2\/users\/1"}],"replies":[{"embeddable":true,"href":"https:\/\/divulgaciondinamica.info\/promos\/wp-json\/wp\/v2\/comments?post=1910"}],"version-history":[{"count":5,"href":"https:\/\/divulgaciondinamica.info\/promos\/wp-json\/wp\/v2\/pages\/1910\/revisions"}],"predecessor-version":[{"id":2063,"href":"https:\/\/divulgaciondinamica.info\/promos\/wp-json\/wp\/v2\/pages\/1910\/revisions\/2063"}],"wp:attachment":[{"href":"https:\/\/divulgaciondinamica.info\/promos\/wp-json\/wp\/v2\/media?parent=1910"}],"curies":[{"name":"wp","href":"https:\/\/api.w.org\/{rel}","templated":true}]}}