{"id":183,"date":"2015-04-20T15:53:44","date_gmt":"2015-04-20T15:53:44","guid":{"rendered":"http:\/\/divulgaciondinamica.info\/promos\/?page_id=183"},"modified":"2017-04-24T11:14:24","modified_gmt":"2017-04-24T11:14:24","slug":"master-en-gestion-de-programas-turisticos","status":"publish","type":"page","link":"https:\/\/divulgaciondinamica.info\/promos\/master-en-gestion-de-programas-turisticos\/","title":{"rendered":"M\u00e1ster en Gesti\u00f3n de Programas Tur\u00edsticos"},"content":{"rendered":"<p>[vc_row css=\u00bb.vc_custom_1427804811471{margin-top: 25px !important;margin-bottom: 25px !important;}\u00bb][vc_column width=\u00bb2\/3&#8243;][vc_single_image image=\u00bb1573&#8243; img_size=\u00bb661&#215;82&#8243;][\/vc_column][vc_column width=\u00bb1\/3&#8243;][vc_column_text]<\/p>\n<h6 style=\"text-align: right;\"><i class=\"fa fa-whatsapp\"><\/i> 620 64 19 76<\/h6>\n<p style=\"text-align: right;\"><strong>soporte8@divulgaciondinamica.es<\/strong><\/p>\n<p>[\/vc_column_text][\/vc_column][\/vc_row][vc_row css=\u00bb.vc_custom_1489484355483{margin-top: 25px !important;margin-bottom: 15px !important;}\u00bb][vc_column][vc_custom_heading text=\u00bbM\u00e1ster Online<br \/>\n\u00bb font_container=\u00bbtag:p|font_size:32|text_align:center|color:%230a7aba|line_height:1.1&#8243; google_fonts=\u00bbfont_family:Lato%3A100%2C100italic%2C300%2C300italic%2Cregular%2Citalic%2C700%2C700italic%2C900%2C900italic|font_style:300%20light%20regular%3A300%3Anormal\u00bb css=\u00bb.vc_custom_1493032232826{margin-bottom: 15px !important;}\u00bb][vc_custom_heading text=\u00bbGesti\u00f3n de Programas Tur\u00edsticos\u00bb font_container=\u00bbtag:h1|font_size:38|text_align:center|color:%230a7aba|line_height:1.1&#8243; google_fonts=\u00bbfont_family:Lato%3A100%2C100italic%2C300%2C300italic%2Cregular%2Citalic%2C700%2C700italic%2C900%2C900italic|font_style:900%20bold%20regular%3A900%3Anormal\u00bb css=\u00bb.vc_custom_1493032245632{margin-bottom: 15px !important;}\u00bb][\/vc_column][\/vc_row][vc_row][vc_column][vc_column_text]<img loading=\"lazy\" class=\"alignleft wp-image-2345 size-full\" title=\"Gesti\u00f3n de Programas Tur\u00edsticos\" src=\"http:\/\/divulgaciondinamica.info\/promos\/wp-content\/uploads\/2015\/04\/imagen-master-gestion-municipal.jpg\" alt=\"M\u00e1ster en Gesti\u00f3n de Programas Tur\u00edsticos Online\" width=\"643\" height=\"434\" srcset=\"https:\/\/divulgaciondinamica.info\/promos\/wp-content\/uploads\/2015\/04\/imagen-master-gestion-municipal.jpg 643w, https:\/\/divulgaciondinamica.info\/promos\/wp-content\/uploads\/2015\/04\/imagen-master-gestion-municipal-300x202.jpg 300w\" sizes=\"(max-width: 643px) 100vw, 643px\" \/><a href=\"http:\/\/www.divulgaciondinamica.es\/secretaria\/alumnos\/form\/366\/\" target=\"_blank\"><img loading=\"lazy\" class=\"alignleft wp-image-2334 size-full\" title=\"Solicita informaci\u00f3n del m\u00e1ster en Gesti\u00f3n de Programas Tur\u00edsticos\" src=\"http:\/\/divulgaciondinamica.info\/promos\/wp-content\/uploads\/2015\/04\/Centro-Gestion-Municipal-de-Programas-turisticos.png\" alt=\"Gesti\u00f3n de Programas Tur\u00edsticos\" width=\"417\" height=\"434\" srcset=\"https:\/\/divulgaciondinamica.info\/promos\/wp-content\/uploads\/2015\/04\/Centro-Gestion-Municipal-de-Programas-turisticos.png 417w, https:\/\/divulgaciondinamica.info\/promos\/wp-content\/uploads\/2015\/04\/Centro-Gestion-Municipal-de-Programas-turisticos-288x300.png 288w\" sizes=\"(max-width: 417px) 100vw, 417px\" \/><\/a>[\/vc_column_text][\/vc_column][\/vc_row][vc_row css=\u00bb.vc_custom_1427804437681{margin-top: 35px !important;margin-bottom: 35px !important;}\u00bb][vc_column width=\u00bb1\/4&#8243;][vc_single_image image=\u00bb35&#8243; img_size=\u00bb250&#215;195&#8243; alignment=\u00bbcenter\u00bb][\/vc_column][vc_column width=\u00bb1\/4&#8243;][vc_single_image image=\u00bb36&#8243; img_size=\u00bb250&#215;195&#8243; alignment=\u00bbcenter\u00bb][\/vc_column][vc_column width=\u00bb1\/4&#8243;][vc_single_image image=\u00bb37&#8243; img_size=\u00bb250&#215;195&#8243; alignment=\u00bbcenter\u00bb][\/vc_column][vc_column width=\u00bb1\/4&#8243;][vc_single_image image=\u00bb2335&#8243; img_size=\u00bb250&#215;195&#8243; alignment=\u00bbcenter\u00bb][\/vc_column][\/vc_row][vc_row][vc_column][\/vc_column][\/vc_row][vc_row css=\u00bb.vc_custom_1427805189823{margin-top: 35px !important;margin-bottom: 35px !important;}\u00bb][vc_column width=\u00bb1\/2&#8243;][vc_column_text css=\u00bb.vc_custom_1493032415278{margin-bottom: 30px !important;}\u00bb]<\/p>\n<div id=\"stcpDiv\">\n<h3 style=\"text-align: left;\" align=\"justify\">Presentaci\u00f3n del M\u00e1ster:<\/h3>\n<p>&nbsp;<\/p>\n<p>El crecimiento continuado registrado por la demanda tur\u00edstica confirma que el turismo est\u00e1 desempe\u00f1ando un papel clave en t\u00e9rminos de crecimiento econ\u00f3mico. Seg\u00fan datos de Exceltur, el PIB tur\u00edstico consigui\u00f3 crecer un 0,6% en el a\u00f1o 2013 consolid\u00e1ndose como el principal motor de recuperaci\u00f3n de la econom\u00eda espa\u00f1ola. Sin embargo, para\u00a0 poder mantener estos porcentajes de crecimiento, es necesario que los destinos sean cada vez m\u00e1s competitivos, que sean capaces de satisfacer una demanda tur\u00edstica que exige productos y servicios de una mayor calidad.<\/p>\n<p>Presentamos el M\u00e1ster en \u00abGesti\u00f3n de Programas Tur\u00edsticos\u00bb Online. Esta formaci\u00f3n ofrece una serie de elementos conceptuales, metodol\u00f3gicos y pr\u00e1cticos que permiten la planificaci\u00f3n y gesti\u00f3n de programas y actividades tur\u00edsticas teniendo en cuenta las tendencias actuales del sector.<br \/>\n<img loading=\"lazy\" class=\"alignleft size-full wp-image-53\" src=\"http:\/\/divulgaciondinamica.info\/promos\/wp-content\/uploads\/2015\/03\/diploma-digital1.png\" alt=\"diploma-digital\" width=\"479\" height=\"322\" srcset=\"https:\/\/divulgaciondinamica.info\/promos\/wp-content\/uploads\/2015\/03\/diploma-digital1.png 479w, https:\/\/divulgaciondinamica.info\/promos\/wp-content\/uploads\/2015\/03\/diploma-digital1-300x202.png 300w\" sizes=\"(max-width: 479px) 100vw, 479px\" \/><\/p>\n<p style=\"text-align: left;\" align=\"justify\">\n<\/div>\n<p>[\/vc_column_text][\/vc_column][vc_column width=\u00bb1\/2&#8243;][vc_column_text]<\/p>\n<div id=\"stcpDiv\">\n<h3 style=\"text-align: left;\" align=\"justify\">Temario del M\u00e1ster:<\/h3>\n<p>&nbsp;<\/p>\n<div id=\"stcpDiv\">\n<p><strong>1. EL MUNICIPIO COMO \u00c1MBITO DE DESARROLLO TUR\u00cdSTICO<\/strong><\/p>\n<p>1.1 Desarrollo tur\u00edstico municipal<br \/>\n1.2 Entes municipales para la gesti\u00f3n tur\u00edstica local<br \/>\n1.3 Funciones y competencias de los entes de gesti\u00f3n tur\u00edstica local<br \/>\n1.4 Implicaci\u00f3n del sector privado en la gesti\u00f3n tur\u00edstica local<br \/>\n1.5 Instrumentos de gesti\u00f3n en la gesti\u00f3n tur\u00edstica local<br \/>\n1.6 Herramientas b\u00e1sicas para la gesti\u00f3n tur\u00edstica local<\/p>\n<p><strong>2. INTRODUCCI\u00d3N TUR\u00cdSTICA Y ORDENACI\u00d3N TERRITORIAL<\/strong><\/p>\n<p>2.1 Antecedentes del turismo<br \/>\n2.2 Definiciones y tipolog\u00edas del turismo<br \/>\n2.3 Transformaci\u00f3n de municipios y zonas regionales<\/p>\n<p><strong>3. INVESTIGACI\u00d3N DE MERCADOS TUR\u00cdSTICOS<\/strong><\/p>\n<p>3.1 Estuctura del mercado tur\u00edstico<br \/>\n3.2 Mercados tur\u00edsticos<br \/>\n3.3 La investigaci\u00f3n de mercado y el marketing<\/p>\n<p><strong>4. INVENTARIO Y CAT\u00c1LOGO DE LOS RECURSOS TUR\u00cdSTICOS<\/strong><\/p>\n<p>4.1 La definici\u00f3n de recurso<br \/>\n4.2 Recurso tur\u00edstico<br \/>\n4.3 Patrimonio y producto tur\u00edstico<\/p>\n<p><strong>5. COMERCIALIZACI\u00d3N DE TERRITORIOS Y PRODUCTOS TUR\u00cdSTICOS<\/strong><\/p>\n<p>5.1 El marketing, el marketing mix y el mercado tur\u00edstico<br \/>\n5.2 El producto y el territorio tur\u00edstico<br \/>\n5.3 El precio<\/p>\n<p><strong>6.\u00a0 GESTI\u00d3N SOSTENIBLE DEL DESARROLLO TUR\u00cdSTICO<\/strong><\/p>\n<p>6.1 Introducci\u00f3n al turismo sostenible<br \/>\n6.2 Viabilidad econ\u00f3mica<br \/>\n6.3 Gesti\u00f3n sostenible de los elementos socioculturales<\/p>\n<p><strong>7. DESARROLLO DEL TURISMO ALTERNATIVO: ECOTURISMO<\/strong><\/p>\n<p>7.1 Introducci\u00f3n: conceptos, origen y evoluci\u00f3n<br \/>\n7.2 Ecoturismo: turismo verde o turismo de naturaleza<br \/>\n7.3 Claves tur\u00edsticas en los espacios protegicos<br \/>\n7.4 Protecci\u00f3n\u00a0 del\u00a0 patrimonio\u00a0 natural\u00a0 en\u00a0 el\u00a0 \u00e1mbito rural. Los espacios protegidos<br \/>\n7.5 Turismo\u00a0 rural:\u00a0 agroturismo\u00a0 y\u00a0 turismo\u00a0 residencial rural<br \/>\n7.6 Comercializaci\u00f3n de un producto tur\u00edstico: central de reservas<\/p>\n<p><strong>8. TURISMO ACCESIBLE: CONCEPTOS B\u00c1SICOS<\/strong><\/p>\n<p>8.1 La accesibilidad y el turismo<br \/>\n8.2 Concepto de turismo accesible<br \/>\n8.3 Objetivos del turismo accesible<\/p>\n<p><strong>9. DISE\u00d1O DE UN PLAN DE GESTI\u00d3N DE DESTINO TUR\u00cdSTICO<\/strong><\/p>\n<p>9.1 Plan de gesti\u00f3n de destinos tur\u00edsticos<br \/>\n9.2 Gesti\u00f3n de destinos tur\u00edsticos naturales<br \/>\n9.3 Gesti\u00f3n de destinos tur\u00edsticos culturales y patrimoniales<\/p>\n<\/div>\n<\/div>\n<p>[\/vc_column_text][\/vc_column][\/vc_row][vc_row css=\u00bb.vc_custom_1427806970509{margin-top: 35px !important;margin-bottom: 35px !important;}\u00bb][vc_column][vc_column_text]<\/p>\n<p style=\"text-align: center;\"><a class=\"vc_btn vc_btn_orange vc_btn-orange vc_btn_lg vc_btn-lg vc_btn_rounded\" title=\"\" href=\"http:\/\/www.divulgaciondinamica.es\/secretaria\/alumnos\/form\/366\/\" target=\"_self\">INSCRIPCI\u00d3N<\/a><\/p>\n<p>[\/vc_column_text][\/vc_column][\/vc_row]<\/p>\n","protected":false},"excerpt":{"rendered":"<p>[vc_row css=\u00bb.vc_custom_1427804811471{margin-top: 25px !important;margin-bottom: 25px !important;}\u00bb][vc_column width=\u00bb2\/3&#8243;][vc_single_image image=\u00bb1573&#8243; img_size=\u00bb661&#215;82&#8243;][\/vc_column][vc_column width=\u00bb1\/3&#8243;][vc_column_text] 620 64 19 76 soporte8@divulgaciondinamica.es [\/vc_column_text][\/vc_column][\/vc_row][vc_row css=\u00bb.vc_custom_1489484355483{margin-top: 25px !important;margin-bottom: 15px !important;}\u00bb][vc_column][vc_custom_heading text=\u00bbM\u00e1ster Online \u00bb font_container=\u00bbtag:p|font_size:32|text_align:center|color:%230a7aba|line_height:1.1&#8243; google_fonts=\u00bbfont_family:Lato%3A100%2C100italic%2C300%2C300italic%2Cregular%2Citalic%2C700%2C700italic%2C900%2C900italic|font_style:300%20light%20regular%3A300%3Anormal\u00bb css=\u00bb.vc_custom_1493032232826{margin-bottom: 15px !important;}\u00bb][vc_custom_heading text=\u00bbGesti\u00f3n de Programas Tur\u00edsticos\u00bb font_container=\u00bbtag:h1|font_size:38|text_align:center|color:%230a7aba|line_height:1.1&#8243; google_fonts=\u00bbfont_family:Lato%3A100%2C100italic%2C300%2C300italic%2Cregular%2Citalic%2C700%2C700italic%2C900%2C900italic|font_style:900%20bold%20regular%3A900%3Anormal\u00bb css=\u00bb.vc_custom_1493032245632{margin-bottom: 15px !important;}\u00bb][\/vc_column][\/vc_row][vc_row][vc_column][vc_column_text][\/vc_column_text][\/vc_column][\/vc_row][vc_row css=\u00bb.vc_custom_1427804437681{margin-top: 35px<\/p>\n","protected":false},"author":1,"featured_media":0,"parent":0,"menu_order":0,"comment_status":"closed","ping_status":"closed","template":"","meta":[],"yoast_head":"<!-- This site is optimized with the Yoast SEO plugin v15.7 - https:\/\/yoast.com\/wordpress\/plugins\/seo\/ -->\n<title>Gesti\u00f3n de Programas Tur\u00edsticos - Divulgaci\u00f3n Din\u00e1mica<\/title>\n<meta name=\"description\" content=\"M\u00e1ster en &quot;Gesti\u00f3n de Programas Tur\u00edsticos&quot; Online. Apostamos por una formaci\u00f3n de calidad al alcance de todos. Paga solo las tasas. \u00a1Inf\u00f3rmate hoy mismo!.\" \/>\n<meta name=\"robots\" content=\"index, follow, max-snippet:-1, max-image-preview:large, max-video-preview:-1\" \/>\n<link rel=\"canonical\" href=\"https:\/\/divulgaciondinamica.info\/promos\/master-en-gestion-de-programas-turisticos\/\" \/>\n<meta property=\"og:locale\" content=\"es_ES\" \/>\n<meta property=\"og:type\" content=\"article\" \/>\n<meta property=\"og:title\" content=\"Gesti\u00f3n de Programas Tur\u00edsticos - Divulgaci\u00f3n Din\u00e1mica\" \/>\n<meta property=\"og:description\" content=\"M\u00e1ster en &quot;Gesti\u00f3n de Programas Tur\u00edsticos&quot; Online. Apostamos por una formaci\u00f3n de calidad al alcance de todos. Paga solo las tasas. \u00a1Inf\u00f3rmate hoy mismo!.\" \/>\n<meta property=\"og:url\" content=\"https:\/\/divulgaciondinamica.info\/promos\/master-en-gestion-de-programas-turisticos\/\" \/>\n<meta property=\"og:site_name\" content=\"Divulgaci\u00f3n Din\u00e1mica\" \/>\n<meta property=\"article:publisher\" content=\"https:\/\/www.facebook.com\/divulgaciondinamicaformacion\/\" \/>\n<meta property=\"article:modified_time\" content=\"2017-04-24T11:14:24+00:00\" \/>\n<meta property=\"og:image\" content=\"http:\/\/divulgaciondinamica.info\/promos\/wp-content\/uploads\/2015\/04\/imagen-master-gestion-municipal.jpg\" \/>\n<meta name=\"twitter:card\" content=\"summary_large_image\" \/>\n<meta name=\"twitter:site\" content=\"@divulgaciond\" \/>\n<meta name=\"twitter:label1\" content=\"Tiempo de lectura\">\n\t<meta name=\"twitter:data1\" content=\"4 minutos\">\n<script type=\"application\/ld+json\" class=\"yoast-schema-graph\">{\"@context\":\"https:\/\/schema.org\",\"@graph\":[{\"@type\":\"Organization\",\"@id\":\"https:\/\/divulgaciondinamica.info\/promos\/#organization\",\"name\":\"Divulgaci\\u00f3n Din\\u00e1mica S.L.\",\"url\":\"https:\/\/divulgaciondinamica.info\/promos\/\",\"sameAs\":[\"https:\/\/www.facebook.com\/divulgaciondinamicaformacion\/\",\"https:\/\/www.instagram.com\/divulgaciondinamica\",\"https:\/\/www.linkedin.com\/company-beta\/9490428\/\",\"https:\/\/www.youtube.com\/user\/ddinamica2010\",\"https:\/\/twitter.com\/divulgaciond\"],\"logo\":{\"@type\":\"ImageObject\",\"@id\":\"https:\/\/divulgaciondinamica.info\/promos\/#logo\",\"inLanguage\":\"es\",\"url\":\"https:\/\/divulgaciondinamica.info\/promos\/wp-content\/uploads\/2016\/02\/logo-divulgaciondinamica-ddf.png\",\"width\":400,\"height\":79,\"caption\":\"Divulgaci\\u00f3n Din\\u00e1mica S.L.\"},\"image\":{\"@id\":\"https:\/\/divulgaciondinamica.info\/promos\/#logo\"}},{\"@type\":\"WebSite\",\"@id\":\"https:\/\/divulgaciondinamica.info\/promos\/#website\",\"url\":\"https:\/\/divulgaciondinamica.info\/promos\/\",\"name\":\"Divulgaci\\u00f3n Din\\u00e1mica\",\"description\":\"Formaci\\u00f3n de calidad al alcance de todos\",\"publisher\":{\"@id\":\"https:\/\/divulgaciondinamica.info\/promos\/#organization\"},\"potentialAction\":[{\"@type\":\"SearchAction\",\"target\":\"https:\/\/divulgaciondinamica.info\/promos\/?s={search_term_string}\",\"query-input\":\"required name=search_term_string\"}],\"inLanguage\":\"es\"},{\"@type\":\"ImageObject\",\"@id\":\"https:\/\/divulgaciondinamica.info\/promos\/master-en-gestion-de-programas-turisticos\/#primaryimage\",\"inLanguage\":\"es\",\"url\":\"http:\/\/divulgaciondinamica.info\/promos\/wp-content\/uploads\/2015\/04\/imagen-master-gestion-municipal.jpg\"},{\"@type\":\"WebPage\",\"@id\":\"https:\/\/divulgaciondinamica.info\/promos\/master-en-gestion-de-programas-turisticos\/#webpage\",\"url\":\"https:\/\/divulgaciondinamica.info\/promos\/master-en-gestion-de-programas-turisticos\/\",\"name\":\"Gesti\\u00f3n de Programas Tur\\u00edsticos - Divulgaci\\u00f3n Din\\u00e1mica\",\"isPartOf\":{\"@id\":\"https:\/\/divulgaciondinamica.info\/promos\/#website\"},\"primaryImageOfPage\":{\"@id\":\"https:\/\/divulgaciondinamica.info\/promos\/master-en-gestion-de-programas-turisticos\/#primaryimage\"},\"datePublished\":\"2015-04-20T15:53:44+00:00\",\"dateModified\":\"2017-04-24T11:14:24+00:00\",\"description\":\"M\\u00e1ster en \\\"Gesti\\u00f3n de Programas Tur\\u00edsticos\\\" Online. Apostamos por una formaci\\u00f3n de calidad al alcance de todos. Paga solo las tasas. \\u00a1Inf\\u00f3rmate hoy mismo!.\",\"inLanguage\":\"es\",\"potentialAction\":[{\"@type\":\"ReadAction\",\"target\":[\"https:\/\/divulgaciondinamica.info\/promos\/master-en-gestion-de-programas-turisticos\/\"]}]}]}<\/script>\n<!-- \/ Yoast SEO plugin. -->","_links":{"self":[{"href":"https:\/\/divulgaciondinamica.info\/promos\/wp-json\/wp\/v2\/pages\/183"}],"collection":[{"href":"https:\/\/divulgaciondinamica.info\/promos\/wp-json\/wp\/v2\/pages"}],"about":[{"href":"https:\/\/divulgaciondinamica.info\/promos\/wp-json\/wp\/v2\/types\/page"}],"author":[{"embeddable":true,"href":"https:\/\/divulgaciondinamica.info\/promos\/wp-json\/wp\/v2\/users\/1"}],"replies":[{"embeddable":true,"href":"https:\/\/divulgaciondinamica.info\/promos\/wp-json\/wp\/v2\/comments?post=183"}],"version-history":[{"count":5,"href":"https:\/\/divulgaciondinamica.info\/promos\/wp-json\/wp\/v2\/pages\/183\/revisions"}],"predecessor-version":[{"id":6654,"href":"https:\/\/divulgaciondinamica.info\/promos\/wp-json\/wp\/v2\/pages\/183\/revisions\/6654"}],"wp:attachment":[{"href":"https:\/\/divulgaciondinamica.info\/promos\/wp-json\/wp\/v2\/media?parent=183"}],"curies":[{"name":"wp","href":"https:\/\/api.w.org\/{rel}","templated":true}]}}