{"id":1799,"date":"2016-02-01T10:08:25","date_gmt":"2016-02-01T10:08:25","guid":{"rendered":"http:\/\/divulgaciondinamica.info\/promos\/?page_id=1799"},"modified":"2017-04-18T10:32:26","modified_gmt":"2017-04-18T10:32:26","slug":"instructor-de-actividades-extraescolares-y-refuerzo-educativo","status":"publish","type":"page","link":"https:\/\/divulgaciondinamica.info\/promos\/instructor-de-actividades-extraescolares-y-refuerzo-educativo\/","title":{"rendered":"Instructor de Actividades Extraescolares y Refuerzo Educativo"},"content":{"rendered":"<p>[vc_row css=\u00bb.vc_custom_1427804811471{margin-top: 25px !important;margin-bottom: 25px !important;}\u00bb][vc_column width=\u00bb2\/3&#8243;][vc_single_image image=\u00bb1573&#8243; img_size=\u00bb661&#215;82&#8243;][\/vc_column][vc_column width=\u00bb1\/3&#8243;][vc_column_text]<\/p>\n<p style=\"text-align: right;\"><strong>soporte8@divulgaciondinamica.es<\/strong><\/p>\n<p>[\/vc_column_text][\/vc_column][\/vc_row][vc_row css=\u00bb.vc_custom_1489484355483{margin-top: 25px !important;margin-bottom: 15px !important;}\u00bb][vc_column][vc_custom_heading text=\u00bbCurso Online<br \/>\n\u00bb font_container=\u00bbtag:p|font_size:32|text_align:center|color:%230a7aba|line_height:1.1&#8243; google_fonts=\u00bbfont_family:Lato%3A100%2C100italic%2C300%2C300italic%2Cregular%2Citalic%2C700%2C700italic%2C900%2C900italic|font_style:300%20light%20regular%3A300%3Anormal\u00bb css=\u00bb.vc_custom_1490955635731{margin-bottom: 15px !important;}\u00bb][vc_custom_heading text=\u00bbInstructor de Actividades Extraescolares y Refuerzo Educativo\u00bb font_container=\u00bbtag:h1|font_size:38|text_align:center|color:%230a7aba|line_height:1.1&#8243; google_fonts=\u00bbfont_family:Lato%3A100%2C100italic%2C300%2C300italic%2Cregular%2Citalic%2C700%2C700italic%2C900%2C900italic|font_style:900%20bold%20regular%3A900%3Anormal\u00bb css=\u00bb.vc_custom_1492511393286{margin-bottom: 15px !important;}\u00bb][\/vc_column][\/vc_row][vc_row][vc_column][vc_column_text]<img loading=\"lazy\" class=\"alignleft wp-image-1423 size-full\" title=\"Instructor de Actividades Extraescolares y Refuerzo Educativo\" src=\"http:\/\/divulgaciondinamica.info\/promos\/wp-content\/uploads\/2015\/11\/PROMO-Monitor-de-Actividades-Extraescolares-y-Refuerzo-Educativo_01.jpg\" alt=\"Curso de Instructor de Actividades Extraescolares y Refuerzo Educativo Online\" width=\"643\" height=\"434\" srcset=\"https:\/\/divulgaciondinamica.info\/promos\/wp-content\/uploads\/2015\/11\/PROMO-Monitor-de-Actividades-Extraescolares-y-Refuerzo-Educativo_01.jpg 643w, https:\/\/divulgaciondinamica.info\/promos\/wp-content\/uploads\/2015\/11\/PROMO-Monitor-de-Actividades-Extraescolares-y-Refuerzo-Educativo_01-300x202.jpg 300w\" sizes=\"(max-width: 643px) 100vw, 643px\" \/><a href=\"http:\/\/www.divulgaciondinamica.com\/secretaria\/alumnos\/form\/262\/\" target=\"_blank\"><img loading=\"lazy\" class=\"alignleft wp-image-2354 size-full\" title=\"Solicita informaci\u00f3n del curso de Instructor de Actividades Extraescolares y Refuerzo Educativo\" src=\"http:\/\/divulgaciondinamica.info\/promos\/wp-content\/uploads\/2016\/02\/instructor-de-actividades-extraescolares.png\" alt=\"Instructor de Actividades Extraescolares y Refuerzo Educativo\" width=\"417\" height=\"434\" srcset=\"https:\/\/divulgaciondinamica.info\/promos\/wp-content\/uploads\/2016\/02\/instructor-de-actividades-extraescolares.png 417w, https:\/\/divulgaciondinamica.info\/promos\/wp-content\/uploads\/2016\/02\/instructor-de-actividades-extraescolares-288x300.png 288w\" sizes=\"(max-width: 417px) 100vw, 417px\" \/><\/a>[\/vc_column_text][\/vc_column][\/vc_row][vc_row css=\u00bb.vc_custom_1427804437681{margin-top: 35px !important;margin-bottom: 35px !important;}\u00bb][vc_column width=\u00bb1\/4&#8243;][vc_single_image image=\u00bb59&#8243; img_size=\u00bb250&#215;195&#8243; alignment=\u00bbcenter\u00bb][\/vc_column][vc_column width=\u00bb1\/4&#8243;][vc_single_image image=\u00bb60&#8243; img_size=\u00bb250&#215;195&#8243; alignment=\u00bbcenter\u00bb][\/vc_column][vc_column width=\u00bb1\/4&#8243;][vc_single_image image=\u00bb61&#8243; img_size=\u00bb250&#215;195&#8243; alignment=\u00bbcenter\u00bb][\/vc_column][vc_column width=\u00bb1\/4&#8243;][vc_single_image image=\u00bb1752&#8243; img_size=\u00bb250&#215;195&#8243; alignment=\u00bbcenter\u00bb][\/vc_column][\/vc_row][vc_row][vc_column][\/vc_column][\/vc_row][vc_row css=\u00bb.vc_custom_1427805189823{margin-top: 35px !important;margin-bottom: 35px !important;}\u00bb][vc_column width=\u00bb1\/2&#8243;][vc_column_text css=\u00bb.vc_custom_1492511441436{margin-bottom: 30px !important;}\u00bb]<\/p>\n<div id=\"stcpDiv\">\n<h3 style=\"text-align: left;\" align=\"justify\">Presentaci\u00f3n del Curso:<\/h3>\n<p>&nbsp;<\/p>\n<p>La educaci\u00f3n para el ocio y desde el ocio as\u00ed como la respuesta a la diversidad de intereses y la difusi\u00f3n y dinamizaci\u00f3n de la cultura adem\u00e1s de un objetivo muy valioso en s\u00ed mismo es una v\u00eda privilegiada para que la instituci\u00f3n escolar desempe\u00f1e las tareas de socializaci\u00f3n que le son requeridas en la sociedad actual. Por su parte, los monitores de refuerzo educativo son unos profesionales cada vez m\u00e1s demandados desde el propio \u00e1mbito escolar.<\/p>\n<p>El curso de Instructor de Actividades Extraescolares y Refuerzo Educativo\u00a0que presentamos, ofrece una formaci\u00f3n b\u00e1sica para todas aquellas personas interesadas en el trabajo de dinamizaci\u00f3n de talleres y actividades de ocio y tiempo libre con el prop\u00f3sito de proporcionar a ni\u00f1os y j\u00f3venes no solo un tiempo de diversi\u00f3n y disfrute, sino una educaci\u00f3n en su tiempo de ocio que complementa a la que reciben desde las instituciones formales as\u00ed como los conocimientos y t\u00e9cnicas b\u00e1sicas que permitan aumentar las expectativas acad\u00e9micas de los mismos.<br \/>\n<img loading=\"lazy\" class=\"alignleft size-full wp-image-53\" src=\"http:\/\/divulgaciondinamica.info\/promos\/wp-content\/uploads\/2015\/03\/diploma-digital1.png\" alt=\"diploma-digital\" width=\"479\" height=\"322\" srcset=\"https:\/\/divulgaciondinamica.info\/promos\/wp-content\/uploads\/2015\/03\/diploma-digital1.png 479w, https:\/\/divulgaciondinamica.info\/promos\/wp-content\/uploads\/2015\/03\/diploma-digital1-300x202.png 300w\" sizes=\"(max-width: 479px) 100vw, 479px\" \/><\/p>\n<p style=\"text-align: left;\" align=\"justify\">\n<\/div>\n<p>[\/vc_column_text][\/vc_column][vc_column width=\u00bb1\/2&#8243;][vc_column_text]<\/p>\n<div id=\"stcpDiv\">\n<h3 style=\"text-align: left;\" align=\"justify\">Temario del Curso:<\/h3>\n<p>&nbsp;<\/p>\n<div id=\"stcpDiv\">\n<p><strong>1. T\u00c9CNICAS Y RECURSOS DE ANIMACI\u00d3N<\/strong><\/p>\n<p>1.1 Los centros de inter\u00e9s o ejes de animaci\u00f3n<br \/>\n1.2 T\u00e9cnicas de animaci\u00f3n, expresi\u00f3n y creatividad<br \/>\n1.3 T\u00e9cnicas pedag\u00f3gicas del juego<br \/>\n1.4 T\u00e9cnicas de educaci\u00f3n ambiental<br \/>\n1.5 Prevenci\u00f3n de riesgos en actividades de ocio y tiempo libre<\/p>\n<p><strong>2. PROCESOS GRUPALES Y ACTIVIDADES DE ANIMACI\u00d3N<\/strong><\/p>\n<p>2.1 Desarrollo psicosocial infantil y juvenil en las propuestas de actividades de animaci\u00f3n<br \/>\n2.2 T\u00e9cnicas de intervenci\u00f3n en funci\u00f3n de la diversidad individual y grupal<br \/>\n2.3 T\u00e9cnicas grupales en el desarrollo de actividades de animaci\u00f3n<br \/>\n2.4 T\u00e9cnicas para la dinamizaci\u00f3n grupal<\/p>\n<p><strong>3. EL APRENDIZAJE Y LAS TAREAS ESCOLARES<\/strong><\/p>\n<p>3.1 El aprendizaje. Modelos te\u00f3ricos de aprendizaje<br \/>\n3.2 Implicaciones del desarrollo psicosocial en el aprendizaje escolar<br \/>\n3.3 La memoria: recurso fundamental del aprendizaje<br \/>\n3.4 Tareas escolares y aprendizaje escolar. Pautas principales sobre las tareas escolares<br \/>\n3.5 El papel del monitor de refuerzo educativo<\/p>\n<p><strong>4. T\u00c9CNICAS PARA EL TRABAJO INTELECTUAL Y LA EXCELENCIA<\/strong><\/p>\n<p>4.1 Como ense\u00f1ar a estudiar<br \/>\n4.2 Herramientas para mejorar la capacidad de aprender<br \/>\n4.3 T\u00e9cnicas para minimizar el esfuerzo<br \/>\n4.4 Estrategias motivacionales<br \/>\n4.5 Mejora de las competencias vitales: aplicaci\u00f3n de la psicolog\u00eda positiva a la educaci\u00f3n<\/p>\n<\/div>\n<\/div>\n<p>[\/vc_column_text][\/vc_column][\/vc_row][vc_row css=\u00bb.vc_custom_1427806970509{margin-top: 35px !important;margin-bottom: 35px !important;}\u00bb][vc_column][vc_column_text]<\/p>\n<p style=\"text-align: center;\"><a class=\"vc_btn vc_btn_orange vc_btn-orange vc_btn_lg vc_btn-lg vc_btn_rounded\" title=\"\" href=\"http:\/\/www.divulgaciondinamica.com\/secretaria\/alumnos\/form\/262\/\" target=\"_blank\">INSCRIPCI\u00d3N<\/a><\/p>\n<p>[\/vc_column_text][\/vc_column][\/vc_row]<\/p>\n","protected":false},"excerpt":{"rendered":"<p>[vc_row css=\u00bb.vc_custom_1427804811471{margin-top: 25px !important;margin-bottom: 25px !important;}\u00bb][vc_column width=\u00bb2\/3&#8243;][vc_single_image image=\u00bb1573&#8243; img_size=\u00bb661&#215;82&#8243;][\/vc_column][vc_column width=\u00bb1\/3&#8243;][vc_column_text] soporte8@divulgaciondinamica.es [\/vc_column_text][\/vc_column][\/vc_row][vc_row css=\u00bb.vc_custom_1489484355483{margin-top: 25px !important;margin-bottom: 15px !important;}\u00bb][vc_column][vc_custom_heading text=\u00bbCurso Online \u00bb font_container=\u00bbtag:p|font_size:32|text_align:center|color:%230a7aba|line_height:1.1&#8243; google_fonts=\u00bbfont_family:Lato%3A100%2C100italic%2C300%2C300italic%2Cregular%2Citalic%2C700%2C700italic%2C900%2C900italic|font_style:300%20light%20regular%3A300%3Anormal\u00bb css=\u00bb.vc_custom_1490955635731{margin-bottom: 15px !important;}\u00bb][vc_custom_heading text=\u00bbInstructor de Actividades Extraescolares y Refuerzo Educativo\u00bb font_container=\u00bbtag:h1|font_size:38|text_align:center|color:%230a7aba|line_height:1.1&#8243; google_fonts=\u00bbfont_family:Lato%3A100%2C100italic%2C300%2C300italic%2Cregular%2Citalic%2C700%2C700italic%2C900%2C900italic|font_style:900%20bold%20regular%3A900%3Anormal\u00bb css=\u00bb.vc_custom_1492511393286{margin-bottom: 15px !important;}\u00bb][\/vc_column][\/vc_row][vc_row][vc_column][vc_column_text][\/vc_column_text][\/vc_column][\/vc_row][vc_row css=\u00bb.vc_custom_1427804437681{margin-top: 35px !important;margin-bottom:<\/p>\n","protected":false},"author":1,"featured_media":0,"parent":0,"menu_order":0,"comment_status":"closed","ping_status":"closed","template":"","meta":[],"yoast_head":"<!-- This site is optimized with the Yoast SEO plugin v15.7 - https:\/\/yoast.com\/wordpress\/plugins\/seo\/ -->\n<title>Instructor de Actividades Extraescolares y Refuerzo Educativo - Divulgaci\u00f3n Din\u00e1mica<\/title>\n<meta name=\"description\" content=\"Curso de Instructor de Actividades Extraescolares y Refuerzo Educativo. Formaci\u00f3n de calidad al alcance de todos. Paga solo las tasas. \u00a1Inf\u00f3rmate hoy mismo!\" \/>\n<meta name=\"robots\" content=\"index, follow, max-snippet:-1, max-image-preview:large, max-video-preview:-1\" \/>\n<link rel=\"canonical\" href=\"http:\/\/divulgaciondinamica.info\/promos\/curso-monitor-de-actividades-extraescolares-y-refuerzo-educativo\/\" \/>\n<meta property=\"og:locale\" content=\"es_ES\" \/>\n<meta property=\"og:type\" content=\"article\" \/>\n<meta property=\"og:title\" content=\"Instructor de Actividades Extraescolares y Refuerzo Educativo - Divulgaci\u00f3n Din\u00e1mica\" \/>\n<meta property=\"og:description\" content=\"Curso de Instructor de Actividades Extraescolares y Refuerzo Educativo. Formaci\u00f3n de calidad al alcance de todos. Paga solo las tasas. \u00a1Inf\u00f3rmate hoy mismo!\" \/>\n<meta property=\"og:url\" content=\"http:\/\/divulgaciondinamica.info\/promos\/curso-monitor-de-actividades-extraescolares-y-refuerzo-educativo\/\" \/>\n<meta property=\"og:site_name\" content=\"Divulgaci\u00f3n Din\u00e1mica\" \/>\n<meta property=\"article:publisher\" content=\"https:\/\/www.facebook.com\/divulgaciondinamicaformacion\/\" \/>\n<meta property=\"article:modified_time\" content=\"2017-04-18T10:32:26+00:00\" \/>\n<meta property=\"og:image\" content=\"http:\/\/divulgaciondinamica.info\/promos\/wp-content\/uploads\/2015\/11\/PROMO-Monitor-de-Actividades-Extraescolares-y-Refuerzo-Educativo_01.jpg\" \/>\n<meta name=\"twitter:card\" content=\"summary_large_image\" \/>\n<meta name=\"twitter:site\" content=\"@divulgaciond\" \/>\n<meta name=\"twitter:label1\" content=\"Tiempo de lectura\">\n\t<meta name=\"twitter:data1\" content=\"4 minutos\">\n<script type=\"application\/ld+json\" class=\"yoast-schema-graph\">{\"@context\":\"https:\/\/schema.org\",\"@graph\":[{\"@type\":\"Organization\",\"@id\":\"https:\/\/divulgaciondinamica.info\/promos\/#organization\",\"name\":\"Divulgaci\\u00f3n Din\\u00e1mica S.L.\",\"url\":\"https:\/\/divulgaciondinamica.info\/promos\/\",\"sameAs\":[\"https:\/\/www.facebook.com\/divulgaciondinamicaformacion\/\",\"https:\/\/www.instagram.com\/divulgaciondinamica\",\"https:\/\/www.linkedin.com\/company-beta\/9490428\/\",\"https:\/\/www.youtube.com\/user\/ddinamica2010\",\"https:\/\/twitter.com\/divulgaciond\"],\"logo\":{\"@type\":\"ImageObject\",\"@id\":\"https:\/\/divulgaciondinamica.info\/promos\/#logo\",\"inLanguage\":\"es\",\"url\":\"https:\/\/divulgaciondinamica.info\/promos\/wp-content\/uploads\/2016\/02\/logo-divulgaciondinamica-ddf.png\",\"width\":400,\"height\":79,\"caption\":\"Divulgaci\\u00f3n Din\\u00e1mica S.L.\"},\"image\":{\"@id\":\"https:\/\/divulgaciondinamica.info\/promos\/#logo\"}},{\"@type\":\"WebSite\",\"@id\":\"https:\/\/divulgaciondinamica.info\/promos\/#website\",\"url\":\"https:\/\/divulgaciondinamica.info\/promos\/\",\"name\":\"Divulgaci\\u00f3n Din\\u00e1mica\",\"description\":\"Formaci\\u00f3n de calidad al alcance de todos\",\"publisher\":{\"@id\":\"https:\/\/divulgaciondinamica.info\/promos\/#organization\"},\"potentialAction\":[{\"@type\":\"SearchAction\",\"target\":\"https:\/\/divulgaciondinamica.info\/promos\/?s={search_term_string}\",\"query-input\":\"required name=search_term_string\"}],\"inLanguage\":\"es\"},{\"@type\":\"ImageObject\",\"@id\":\"http:\/\/divulgaciondinamica.info\/promos\/curso-monitor-de-actividades-extraescolares-y-refuerzo-educativo\/#primaryimage\",\"inLanguage\":\"es\",\"url\":\"http:\/\/divulgaciondinamica.info\/promos\/wp-content\/uploads\/2015\/11\/PROMO-Monitor-de-Actividades-Extraescolares-y-Refuerzo-Educativo_01.jpg\"},{\"@type\":\"WebPage\",\"@id\":\"http:\/\/divulgaciondinamica.info\/promos\/curso-monitor-de-actividades-extraescolares-y-refuerzo-educativo\/#webpage\",\"url\":\"http:\/\/divulgaciondinamica.info\/promos\/curso-monitor-de-actividades-extraescolares-y-refuerzo-educativo\/\",\"name\":\"Instructor de Actividades Extraescolares y Refuerzo Educativo - Divulgaci\\u00f3n Din\\u00e1mica\",\"isPartOf\":{\"@id\":\"https:\/\/divulgaciondinamica.info\/promos\/#website\"},\"primaryImageOfPage\":{\"@id\":\"http:\/\/divulgaciondinamica.info\/promos\/curso-monitor-de-actividades-extraescolares-y-refuerzo-educativo\/#primaryimage\"},\"datePublished\":\"2016-02-01T10:08:25+00:00\",\"dateModified\":\"2017-04-18T10:32:26+00:00\",\"description\":\"Curso de Instructor de Actividades Extraescolares y Refuerzo Educativo. Formaci\\u00f3n de calidad al alcance de todos. Paga solo las tasas. \\u00a1Inf\\u00f3rmate hoy mismo!\",\"inLanguage\":\"es\",\"potentialAction\":[{\"@type\":\"ReadAction\",\"target\":[\"http:\/\/divulgaciondinamica.info\/promos\/curso-monitor-de-actividades-extraescolares-y-refuerzo-educativo\/\"]}]}]}<\/script>\n<!-- \/ Yoast SEO plugin. -->","_links":{"self":[{"href":"https:\/\/divulgaciondinamica.info\/promos\/wp-json\/wp\/v2\/pages\/1799"}],"collection":[{"href":"https:\/\/divulgaciondinamica.info\/promos\/wp-json\/wp\/v2\/pages"}],"about":[{"href":"https:\/\/divulgaciondinamica.info\/promos\/wp-json\/wp\/v2\/types\/page"}],"author":[{"embeddable":true,"href":"https:\/\/divulgaciondinamica.info\/promos\/wp-json\/wp\/v2\/users\/1"}],"replies":[{"embeddable":true,"href":"https:\/\/divulgaciondinamica.info\/promos\/wp-json\/wp\/v2\/comments?post=1799"}],"version-history":[{"count":5,"href":"https:\/\/divulgaciondinamica.info\/promos\/wp-json\/wp\/v2\/pages\/1799\/revisions"}],"predecessor-version":[{"id":6517,"href":"https:\/\/divulgaciondinamica.info\/promos\/wp-json\/wp\/v2\/pages\/1799\/revisions\/6517"}],"wp:attachment":[{"href":"https:\/\/divulgaciondinamica.info\/promos\/wp-json\/wp\/v2\/media?parent=1799"}],"curies":[{"name":"wp","href":"https:\/\/api.w.org\/{rel}","templated":true}]}}