{"id":1789,"date":"2016-01-29T08:42:58","date_gmt":"2016-01-29T08:42:58","guid":{"rendered":"http:\/\/divulgaciondinamica.info\/promos\/?page_id=1789"},"modified":"2017-04-24T12:23:46","modified_gmt":"2017-04-24T12:23:46","slug":"master-en-integracion-social-e-igualdad-de-oportunidades-b","status":"publish","type":"page","link":"https:\/\/divulgaciondinamica.info\/promos\/master-en-integracion-social-e-igualdad-de-oportunidades-b\/","title":{"rendered":"M\u00e1ster en Integraci\u00f3n Social e Igualdad de Oportunidades B"},"content":{"rendered":"<p>[vc_row css=\u00bb.vc_custom_1427804811471{margin-top: 25px !important;margin-bottom: 25px !important;}\u00bb][vc_column width=\u00bb2\/3&#8243;][vc_single_image image=\u00bb1573&#8243; img_size=\u00bb661&#215;82&#8243;][\/vc_column][vc_column width=\u00bb1\/3&#8243;][vc_column_text]<\/p>\n<h6 style=\"text-align: right;\"><i class=\"fa fa-whatsapp\"><\/i> 620 64 19 76<\/h6>\n<p style=\"text-align: right;\"><strong>soporte8@divulgaciondinamica.es<\/strong><\/p>\n<p>[\/vc_column_text][\/vc_column][\/vc_row][vc_row css=\u00bb.vc_custom_1489484355483{margin-top: 25px !important;margin-bottom: 15px !important;}\u00bb][vc_column][vc_custom_heading text=\u00bbM\u00e1ster Online<br \/>\n\u00bb font_container=\u00bbtag:p|font_size:32|text_align:center|color:%230a7aba|line_height:1.1&#8243; google_fonts=\u00bbfont_family:Lato%3A100%2C100italic%2C300%2C300italic%2Cregular%2Citalic%2C700%2C700italic%2C900%2C900italic|font_style:300%20light%20regular%3A300%3Anormal\u00bb css=\u00bb.vc_custom_1493036505039{margin-bottom: 15px !important;}\u00bb][vc_custom_heading text=\u00bbM\u00e1ster en Integraci\u00f3n Social e Igualdad de Oportunidades\u00bb font_container=\u00bbtag:h1|font_size:38|text_align:center|color:%230a7aba|line_height:1.1&#8243; google_fonts=\u00bbfont_family:Lato%3A100%2C100italic%2C300%2C300italic%2Cregular%2Citalic%2C700%2C700italic%2C900%2C900italic|font_style:900%20bold%20regular%3A900%3Anormal\u00bb css=\u00bb.vc_custom_1493036528325{margin-bottom: 15px !important;}\u00bb][\/vc_column][\/vc_row][vc_row][vc_column][vc_column_text]<img loading=\"lazy\" class=\"alignleft wp-image-359 size-full\" title=\"Integraci\u00f3n Social e Igualdad de Oportunidades\" src=\"http:\/\/divulgaciondinamica.info\/promos\/wp-content\/uploads\/2015\/05\/Imagen-Master-integracion-social-e-igualdad-de-oportunidades.jpg\" alt=\"M\u00e1ster en Integraci\u00f3n Social e Igualdad de Oportunidades Online\" width=\"643\" height=\"434\" srcset=\"https:\/\/divulgaciondinamica.info\/promos\/wp-content\/uploads\/2015\/05\/Imagen-Master-integracion-social-e-igualdad-de-oportunidades.jpg 643w, https:\/\/divulgaciondinamica.info\/promos\/wp-content\/uploads\/2015\/05\/Imagen-Master-integracion-social-e-igualdad-de-oportunidades-300x202.jpg 300w\" sizes=\"(max-width: 643px) 100vw, 643px\" \/><a href=\"http:\/\/www.divulgaciondinamica.es\/secretaria\/alumnos\/form\/351\/\" target=\"_blank\"><img loading=\"lazy\" class=\"alignleft wp-image-2196 size-full\" title=\"Solicita informaci\u00f3n del m\u00e1ster en Integraci\u00f3n Social e Igualdad de Oportunidades\" src=\"http:\/\/divulgaciondinamica.info\/promos\/wp-content\/uploads\/2016\/01\/informacion-master-integracion-social-e-igualdad-oportunidades.png\" alt=\"Integraci\u00f3n Social e Igualdad de Oportunidades\" width=\"417\" height=\"434\" srcset=\"https:\/\/divulgaciondinamica.info\/promos\/wp-content\/uploads\/2016\/01\/informacion-master-integracion-social-e-igualdad-oportunidades.png 417w, https:\/\/divulgaciondinamica.info\/promos\/wp-content\/uploads\/2016\/01\/informacion-master-integracion-social-e-igualdad-oportunidades-288x300.png 288w\" sizes=\"(max-width: 417px) 100vw, 417px\" \/><\/a>[\/vc_column_text][\/vc_column][\/vc_row][vc_row css=\u00bb.vc_custom_1427804437681{margin-top: 35px !important;margin-bottom: 35px !important;}\u00bb][vc_column width=\u00bb1\/4&#8243;][vc_single_image image=\u00bb35&#8243; img_size=\u00bb250&#215;195&#8243; alignment=\u00bbcenter\u00bb][\/vc_column][vc_column width=\u00bb1\/4&#8243;][vc_single_image image=\u00bb36&#8243; img_size=\u00bb250&#215;195&#8243; alignment=\u00bbcenter\u00bb][\/vc_column][vc_column width=\u00bb1\/4&#8243;][vc_single_image image=\u00bb37&#8243; img_size=\u00bb250&#215;195&#8243; alignment=\u00bbcenter\u00bb][\/vc_column][vc_column width=\u00bb1\/4&#8243;][vc_single_image image=\u00bb356&#8243; img_size=\u00bb250&#215;195&#8243; alignment=\u00bbcenter\u00bb][\/vc_column][\/vc_row][vc_row][vc_column][vc_column_text]<br \/>\n[\/vc_column_text][\/vc_column][\/vc_row][vc_row css=\u00bb.vc_custom_1427805189823{margin-top: 35px !important;margin-bottom: 35px !important;}\u00bb][vc_column width=\u00bb1\/2&#8243;][vc_column_text css=\u00bb.vc_custom_1433241768284{margin-bottom: 30px !important;}\u00bb]<\/p>\n<div id=\"stcpDiv\">\n<h3 style=\"text-align: left;\" align=\"justify\">Presentaci\u00f3n del M\u00e1ster:<\/h3>\n<p>&nbsp;<\/p>\n<p>Las tensiones sociales actuales y los cambios de modelos asistenciales tradicionales plantean un nuevo reto para construir una sociedad donde todos, con independencia de su condici\u00f3n, tengan cabida. Tradicionalmente han existido colectivos m\u00e1s vulnerables y en situaciones de riesgo, no obstante, la transformaci\u00f3n social que vivimos es la responsable de que hayan surgido nuevos grupos en condiciones desfavorables.<\/p>\n<p>Desde la formaci\u00f3n que presentamos Integraci\u00f3n Social e Igualdad de oportunidades se pone especial \u00e9nfasis en las acciones educativas para estos colectivos en dificultad social aunque desde una perspectiva integral que contemple las distintas dimensiones del fen\u00f3meno y donde la inclusi\u00f3n social sea un proceso que asegure que aquellos en riesgo de pobreza y exclusi\u00f3n, tengan las oportunidades y recursos necesarios para participar completamente en la vida econ\u00f3mica, social y cultural disfrutando un nivel de vida y bienestar que se considere normal en la sociedad en la que ellos viven.<br \/>\n<img loading=\"lazy\" class=\"alignleft size-full wp-image-53\" src=\"http:\/\/divulgaciondinamica.info\/promos\/wp-content\/uploads\/2015\/03\/diploma-digital1.png\" alt=\"diploma-digital\" width=\"479\" height=\"322\" srcset=\"https:\/\/divulgaciondinamica.info\/promos\/wp-content\/uploads\/2015\/03\/diploma-digital1.png 479w, https:\/\/divulgaciondinamica.info\/promos\/wp-content\/uploads\/2015\/03\/diploma-digital1-300x202.png 300w\" sizes=\"(max-width: 479px) 100vw, 479px\" \/><\/p>\n<p style=\"text-align: left;\" align=\"justify\">\n<\/div>\n<p>[\/vc_column_text][\/vc_column][vc_column width=\u00bb1\/2&#8243;][vc_column_text]<\/p>\n<div id=\"stcpDiv\">\n<h3 style=\"text-align: left;\" align=\"justify\">Temario del M\u00e1ster:<\/h3>\n<p>&nbsp;<\/p>\n<div id=\"stcpDiv\">\n<div id=\"stcpDiv\">\n<p><strong>1. PSICOSOCIOLOGIA APLICABLE A LA INTEGRACION SOCIAL<\/strong><\/p>\n<p>1.1 El concepto de exclusi\u00f3n e integraci\u00f3n social<br \/>\n1.2 Integraci\u00f3n social: \u00e1mbitos y principios de intervenci\u00f3n<br \/>\n1.3 El enfoque psicosocial de la integraci\u00f3n<\/p>\n<p><strong>2. LA PLANIFICACI\u00d3N EN LA INTEGRACI\u00d3N SOCIAL<\/strong><\/p>\n<p>2.1 Planificaci\u00f3n en integraci\u00f3n social<br \/>\n2.2 Propuesta de esquema para el dise\u00f1o de proyectos sociales<br \/>\n2.3 Perspectiva de g\u00e9nero en la planificaci\u00f3n<\/p>\n<p><strong>3. INTEGRACI\u00d3N SOCIAL Y TERCERA EDAD. EL PROCESO DE ENVEJECIMIENTO<\/strong><\/p>\n<p>3.1 Aspectos psicosociales del envejecimiento<br \/>\n3.2 Integraci\u00f3n social y envejecimiento<br \/>\n3.3 Programas intergeneracionales e inclusi\u00f3n social de las personas mayores<br \/>\n3.4 Gu\u00eda para el dise\u00f1o de un programa intergeneracional<br \/>\n3.5 Ejemplos ilustrativos de pr\u00e1cticas intergeneracionales<\/p>\n<p><strong>4. PERSONAS CON DISCAPACIDAD: COLECTIVO DE INTEGRACI\u00d3N SOCIAL<\/strong><\/p>\n<p>4.1 Marco conceptual de la discapacidad<br \/>\n4.2 Discapacidad auditiva.\u00a0 Discapacidad visual. Discapacidad motriz<br \/>\n4.3 Discapacidad intelectual. Trastornos generales del desarrollo. Problemas de salud mental.<br \/>\n4.4 Integraci\u00f3n social y discapacitados<\/p>\n<p><strong>5. G\u00c9NERO Y EXCLUSI\u00d3N SOCIAL<\/strong><\/p>\n<p>5.1 G\u00e9nero y exclusi\u00f3n social<br \/>\n5.2 Enfoque de g\u00e9nero en los procesos de integraci\u00f3n social<br \/>\n5.3 La violencia de g\u00e9nero<\/p>\n<p><strong>6. INTERVENCI\u00d3N EN EL \u00c1MBITO ESCOLAR: EDUCACI\u00d3N INCLUSIVA<\/strong><\/p>\n<p>6.1 Atenci\u00f3n escolar a la diversidad<br \/>\n6.2 De la integraci\u00f3n escolar a la educaci\u00f3n inclusiva<br \/>\n6.3 Intervenciones socioeducativas inclusivas: actividades y programas en el \u00e1mbito escolar<br \/>\n6.4 Tecnolog\u00eda educativa y atenci\u00f3n a la diversidad<\/p>\n<p><strong>7. EL DESEMPLEO COMO AGENTE DE EXCLUSI\u00d3N SOCIAL: INSERCI\u00d3N LABORAL Y OCUPACIONAL<\/strong><\/p>\n<p>7.1 Inserci\u00f3n laboral\/ocupacional e integraci\u00f3n: funciones del trabajo.\u00a0 El desempleo como agente de exclusi\u00f3n social<br \/>\n7.2 Programas de inserci\u00f3n ocupacional: itinerarios personalizados<br \/>\n7.3 Programas de inserci\u00f3n ocupacional: colectivos<br \/>\n7.4 Programas de inserci\u00f3n ocupacional: acciones en el entorno laboral<\/p>\n<p><strong>8. COMUNICACI\u00d3N Y HABILIDADES SOCIALES PARA LA INTEGRACI\u00d3N SOCIAL<\/strong><\/p>\n<p>8.1 Habilidades de comunicaci\u00f3n. La comunicaci\u00f3n verbal y no verbal. Facilitadores y obst\u00e1culos en la comunicaci\u00f3n<br \/>\n8.2 Sistemas de comunicaci\u00f3n. Comunicaci\u00f3n aumentativa y alternativa. Comunicaci\u00f3n con ayuda y sin ayuda<br \/>\n8.3 Importancia de las habilidades sociales para la integraci\u00f3n social<br \/>\n8.4 T\u00e9cnicas y programas de entrenamiento en habilidades sociales<\/p>\n<p><strong>+ CUADERNO DE CASOS PR\u00c1CTICOS<\/strong><\/p>\n<\/div>\n<\/div>\n<\/div>\n<p>[\/vc_column_text][\/vc_column][\/vc_row][vc_row css=\u00bb.vc_custom_1427806970509{margin-top: 35px !important;margin-bottom: 35px !important;}\u00bb][vc_column][vc_column_text]<\/p>\n<p style=\"text-align: center;\"><a class=\"vc_btn vc_btn_orange vc_btn-orange vc_btn_lg vc_btn-lg vc_btn_rounded\" title=\"\" href=\"http:\/\/www.divulgaciondinamica.es\/secretaria\/alumnos\/form\/351\/\" target=\"_blank\">INSCRIPCI\u00d3N<\/a><\/p>\n<p>[\/vc_column_text][\/vc_column][\/vc_row]<\/p>\n","protected":false},"excerpt":{"rendered":"<p>[vc_row css=\u00bb.vc_custom_1427804811471{margin-top: 25px !important;margin-bottom: 25px !important;}\u00bb][vc_column width=\u00bb2\/3&#8243;][vc_single_image image=\u00bb1573&#8243; img_size=\u00bb661&#215;82&#8243;][\/vc_column][vc_column width=\u00bb1\/3&#8243;][vc_column_text] 620 64 19 76 soporte8@divulgaciondinamica.es [\/vc_column_text][\/vc_column][\/vc_row][vc_row css=\u00bb.vc_custom_1489484355483{margin-top: 25px !important;margin-bottom: 15px !important;}\u00bb][vc_column][vc_custom_heading text=\u00bbM\u00e1ster Online \u00bb font_container=\u00bbtag:p|font_size:32|text_align:center|color:%230a7aba|line_height:1.1&#8243; google_fonts=\u00bbfont_family:Lato%3A100%2C100italic%2C300%2C300italic%2Cregular%2Citalic%2C700%2C700italic%2C900%2C900italic|font_style:300%20light%20regular%3A300%3Anormal\u00bb css=\u00bb.vc_custom_1493036505039{margin-bottom: 15px !important;}\u00bb][vc_custom_heading text=\u00bbM\u00e1ster en Integraci\u00f3n Social e Igualdad de Oportunidades\u00bb font_container=\u00bbtag:h1|font_size:38|text_align:center|color:%230a7aba|line_height:1.1&#8243; google_fonts=\u00bbfont_family:Lato%3A100%2C100italic%2C300%2C300italic%2Cregular%2Citalic%2C700%2C700italic%2C900%2C900italic|font_style:900%20bold%20regular%3A900%3Anormal\u00bb css=\u00bb.vc_custom_1493036528325{margin-bottom:<\/p>\n","protected":false},"author":1,"featured_media":0,"parent":0,"menu_order":0,"comment_status":"closed","ping_status":"closed","template":"","meta":[],"yoast_head":"<!-- This site is optimized with the Yoast SEO plugin v15.7 - https:\/\/yoast.com\/wordpress\/plugins\/seo\/ -->\n<title>M\u00e1ster en Integraci\u00f3n Social e Igualdad de Oportunidades - Divulgaci\u00f3n Din\u00e1mica<\/title>\n<meta name=\"description\" content=\"M\u00e1ster en &quot;Integraci\u00f3n Social e Igualdad de Oportunidades&quot; Online. Formaci\u00f3n de calidad al alcance de todos. Paga solo las tasas. \u00a1Inf\u00f3rmate hoy mismo!.\" \/>\n<meta name=\"robots\" content=\"index, follow, max-snippet:-1, max-image-preview:large, max-video-preview:-1\" \/>\n<link rel=\"canonical\" href=\"http:\/\/divulgaciondinamica.info\/promos\/master-en-integracion-social-e-igualdad-de-oportunidades\/\" \/>\n<meta property=\"og:locale\" content=\"es_ES\" \/>\n<meta property=\"og:type\" content=\"article\" \/>\n<meta property=\"og:title\" content=\"M\u00e1ster en Integraci\u00f3n Social e Igualdad de Oportunidades - Divulgaci\u00f3n Din\u00e1mica\" \/>\n<meta property=\"og:description\" content=\"M\u00e1ster en &quot;Integraci\u00f3n Social e Igualdad de Oportunidades&quot; Online. Formaci\u00f3n de calidad al alcance de todos. Paga solo las tasas. \u00a1Inf\u00f3rmate hoy mismo!.\" \/>\n<meta property=\"og:url\" content=\"http:\/\/divulgaciondinamica.info\/promos\/master-en-integracion-social-e-igualdad-de-oportunidades\/\" \/>\n<meta property=\"og:site_name\" content=\"Divulgaci\u00f3n Din\u00e1mica\" \/>\n<meta property=\"article:publisher\" content=\"https:\/\/www.facebook.com\/divulgaciondinamicaformacion\/\" \/>\n<meta property=\"article:modified_time\" content=\"2017-04-24T12:23:46+00:00\" \/>\n<meta property=\"og:image\" content=\"http:\/\/divulgaciondinamica.info\/promos\/wp-content\/uploads\/2015\/05\/Imagen-Master-integracion-social-e-igualdad-de-oportunidades.jpg\" \/>\n<meta name=\"twitter:card\" content=\"summary_large_image\" \/>\n<meta name=\"twitter:site\" content=\"@divulgaciond\" \/>\n<meta name=\"twitter:label1\" content=\"Tiempo de lectura\">\n\t<meta name=\"twitter:data1\" content=\"4 minutos\">\n<script type=\"application\/ld+json\" class=\"yoast-schema-graph\">{\"@context\":\"https:\/\/schema.org\",\"@graph\":[{\"@type\":\"Organization\",\"@id\":\"https:\/\/divulgaciondinamica.info\/promos\/#organization\",\"name\":\"Divulgaci\\u00f3n Din\\u00e1mica S.L.\",\"url\":\"https:\/\/divulgaciondinamica.info\/promos\/\",\"sameAs\":[\"https:\/\/www.facebook.com\/divulgaciondinamicaformacion\/\",\"https:\/\/www.instagram.com\/divulgaciondinamica\",\"https:\/\/www.linkedin.com\/company-beta\/9490428\/\",\"https:\/\/www.youtube.com\/user\/ddinamica2010\",\"https:\/\/twitter.com\/divulgaciond\"],\"logo\":{\"@type\":\"ImageObject\",\"@id\":\"https:\/\/divulgaciondinamica.info\/promos\/#logo\",\"inLanguage\":\"es\",\"url\":\"https:\/\/divulgaciondinamica.info\/promos\/wp-content\/uploads\/2016\/02\/logo-divulgaciondinamica-ddf.png\",\"width\":400,\"height\":79,\"caption\":\"Divulgaci\\u00f3n Din\\u00e1mica S.L.\"},\"image\":{\"@id\":\"https:\/\/divulgaciondinamica.info\/promos\/#logo\"}},{\"@type\":\"WebSite\",\"@id\":\"https:\/\/divulgaciondinamica.info\/promos\/#website\",\"url\":\"https:\/\/divulgaciondinamica.info\/promos\/\",\"name\":\"Divulgaci\\u00f3n Din\\u00e1mica\",\"description\":\"Formaci\\u00f3n de calidad al alcance de todos\",\"publisher\":{\"@id\":\"https:\/\/divulgaciondinamica.info\/promos\/#organization\"},\"potentialAction\":[{\"@type\":\"SearchAction\",\"target\":\"https:\/\/divulgaciondinamica.info\/promos\/?s={search_term_string}\",\"query-input\":\"required name=search_term_string\"}],\"inLanguage\":\"es\"},{\"@type\":\"ImageObject\",\"@id\":\"http:\/\/divulgaciondinamica.info\/promos\/master-en-integracion-social-e-igualdad-de-oportunidades\/#primaryimage\",\"inLanguage\":\"es\",\"url\":\"http:\/\/divulgaciondinamica.info\/promos\/wp-content\/uploads\/2015\/05\/Imagen-Master-integracion-social-e-igualdad-de-oportunidades.jpg\"},{\"@type\":\"WebPage\",\"@id\":\"http:\/\/divulgaciondinamica.info\/promos\/master-en-integracion-social-e-igualdad-de-oportunidades\/#webpage\",\"url\":\"http:\/\/divulgaciondinamica.info\/promos\/master-en-integracion-social-e-igualdad-de-oportunidades\/\",\"name\":\"M\\u00e1ster en Integraci\\u00f3n Social e Igualdad de Oportunidades - Divulgaci\\u00f3n Din\\u00e1mica\",\"isPartOf\":{\"@id\":\"https:\/\/divulgaciondinamica.info\/promos\/#website\"},\"primaryImageOfPage\":{\"@id\":\"http:\/\/divulgaciondinamica.info\/promos\/master-en-integracion-social-e-igualdad-de-oportunidades\/#primaryimage\"},\"datePublished\":\"2016-01-29T08:42:58+00:00\",\"dateModified\":\"2017-04-24T12:23:46+00:00\",\"description\":\"M\\u00e1ster en \\\"Integraci\\u00f3n Social e Igualdad de Oportunidades\\\" Online. Formaci\\u00f3n de calidad al alcance de todos. Paga solo las tasas. \\u00a1Inf\\u00f3rmate hoy mismo!.\",\"inLanguage\":\"es\",\"potentialAction\":[{\"@type\":\"ReadAction\",\"target\":[\"http:\/\/divulgaciondinamica.info\/promos\/master-en-integracion-social-e-igualdad-de-oportunidades\/\"]}]}]}<\/script>\n<!-- \/ Yoast SEO plugin. -->","_links":{"self":[{"href":"https:\/\/divulgaciondinamica.info\/promos\/wp-json\/wp\/v2\/pages\/1789"}],"collection":[{"href":"https:\/\/divulgaciondinamica.info\/promos\/wp-json\/wp\/v2\/pages"}],"about":[{"href":"https:\/\/divulgaciondinamica.info\/promos\/wp-json\/wp\/v2\/types\/page"}],"author":[{"embeddable":true,"href":"https:\/\/divulgaciondinamica.info\/promos\/wp-json\/wp\/v2\/users\/1"}],"replies":[{"embeddable":true,"href":"https:\/\/divulgaciondinamica.info\/promos\/wp-json\/wp\/v2\/comments?post=1789"}],"version-history":[{"count":5,"href":"https:\/\/divulgaciondinamica.info\/promos\/wp-json\/wp\/v2\/pages\/1789\/revisions"}],"predecessor-version":[{"id":6676,"href":"https:\/\/divulgaciondinamica.info\/promos\/wp-json\/wp\/v2\/pages\/1789\/revisions\/6676"}],"wp:attachment":[{"href":"https:\/\/divulgaciondinamica.info\/promos\/wp-json\/wp\/v2\/media?parent=1789"}],"curies":[{"name":"wp","href":"https:\/\/api.w.org\/{rel}","templated":true}]}}