{"id":178,"date":"2015-04-16T12:59:26","date_gmt":"2015-04-16T12:59:26","guid":{"rendered":"http:\/\/divulgaciondinamica.info\/promos\/?page_id=178"},"modified":"2016-02-18T10:30:43","modified_gmt":"2016-02-18T10:30:43","slug":"master-en-mediacion-intercultural","status":"publish","type":"page","link":"https:\/\/divulgaciondinamica.info\/promos\/master-en-mediacion-intercultural\/","title":{"rendered":"M\u00e1ster en Mediaci\u00f3n Intercultural"},"content":{"rendered":"<p>[vc_row css=\u00bb.vc_custom_1427804811471{margin-top: 25px !important;margin-bottom: 25px !important;}\u00bb][vc_column width=\u00bb2\/3&#8243;][vc_single_image image=\u00bb1573&#8243; img_size=\u00bb661&#215;82&#8243;][\/vc_column][vc_column width=\u00bb1\/3&#8243;][vc_column_text]<\/p>\n<h6 style=\"text-align: right;\"><i class=\"fa fa-whatsapp\"><\/i> 618 88 94 42<\/h6>\n<p style=\"text-align: right;\"><strong>soporte4@divulgaciondinamica.es<\/strong><\/p>\n<p>[\/vc_column_text][\/vc_column][\/vc_row][vc_row][vc_column][vc_column_text]<img loading=\"lazy\" class=\"alignleft wp-image-2030 size-full\" src=\"http:\/\/divulgaciondinamica.info\/promos\/wp-content\/uploads\/2015\/04\/imagen-master-mediacion-intercultural-1.jpg\" alt=\"\" width=\"643\" height=\"434\" srcset=\"https:\/\/divulgaciondinamica.info\/promos\/wp-content\/uploads\/2015\/04\/imagen-master-mediacion-intercultural-1.jpg 643w, https:\/\/divulgaciondinamica.info\/promos\/wp-content\/uploads\/2015\/04\/imagen-master-mediacion-intercultural-1-300x202.jpg 300w\" sizes=\"(max-width: 643px) 100vw, 643px\" \/><a href=\"http:\/\/www.divulgaciondinamica.es\/secretaria\/alumnos\/form\/334\/\" target=\"_blank\"><img loading=\"lazy\" class=\"alignleft wp-image-2031 size-full\" src=\"http:\/\/divulgaciondinamica.info\/promos\/wp-content\/uploads\/2015\/04\/informacion-master-mediacion-intercultural-1.png\" alt=\"\" width=\"417\" height=\"434\" srcset=\"https:\/\/divulgaciondinamica.info\/promos\/wp-content\/uploads\/2015\/04\/informacion-master-mediacion-intercultural-1.png 417w, https:\/\/divulgaciondinamica.info\/promos\/wp-content\/uploads\/2015\/04\/informacion-master-mediacion-intercultural-1-288x300.png 288w\" sizes=\"(max-width: 417px) 100vw, 417px\" \/><\/a>[\/vc_column_text][\/vc_column][\/vc_row][vc_row css=\u00bb.vc_custom_1427804437681{margin-top: 35px !important;margin-bottom: 35px !important;}\u00bb][vc_column width=\u00bb1\/4&#8243;][vc_single_image image=\u00bb35&#8243; img_size=\u00bb250&#215;195&#8243; alignment=\u00bbcenter\u00bb][\/vc_column][vc_column width=\u00bb1\/4&#8243;][vc_single_image image=\u00bb36&#8243; img_size=\u00bb250&#215;195&#8243; alignment=\u00bbcenter\u00bb][\/vc_column][vc_column width=\u00bb1\/4&#8243;][vc_single_image image=\u00bb37&#8243; img_size=\u00bb250&#215;195&#8243; alignment=\u00bbcenter\u00bb][\/vc_column][vc_column width=\u00bb1\/4&#8243;][vc_single_image image=\u00bb2032&#8243; img_size=\u00bb250&#215;195&#8243; alignment=\u00bbcenter\u00bb][\/vc_column][\/vc_row][vc_row][vc_column][\/vc_column][\/vc_row][vc_row css=\u00bb.vc_custom_1427805189823{margin-top: 35px !important;margin-bottom: 35px !important;}\u00bb][vc_column width=\u00bb1\/2&#8243;][vc_column_text css=\u00bb.vc_custom_1429188121726{margin-bottom: 30px !important;}\u00bb]<\/p>\n<div id=\"stcpDiv\">\n<h3 style=\"text-align: left;\" align=\"justify\">Presentaci\u00f3n del M\u00e1ster:<\/h3>\n<p>&nbsp;<\/p>\n<p>La mediaci\u00f3n es una disciplina \u00edntimamente relacionada con el concepto de bienestar. En los \u00faltimos a\u00f1os, las sociedades democr\u00e1ticas han conseguido un conjunto de libertades que permiten a sus ciudadanos disfrutar de nuevos \u00e1mbitos de bienestar. Como contrapartida, sin embargo, los desajustes\/diferencias entre sujetos, generados por estos h\u00e1bitos sociales, han desencadenado multitud de nuevos conflictos; y es ah\u00ed, donde la mediaci\u00f3n juega un papel crucial.<\/p>\n<p>Esta tendencia social hace que, actualmente, los profesionales\/t\u00e9cnicos dedicados a la mediaci\u00f3n est\u00e9n muy solicitados, tanto en el \u00e1mbito puramente empresarial como en el personal, ya sea en la familia, escuela, zona, barrio o lugar de residencia. Para ello, Divulgaci\u00f3n Din\u00e1mica ha desarrollado un Campus de conocimientos espec\u00edficos en Mediaci\u00f3n Social. A partir de nuestra plataforma de teleformaci\u00f3n y gracias a las TIC (tecnolog\u00eda de la Informaci\u00f3n y Comunicaci\u00f3n) los alumnos podr\u00e1n adquirir las competencias necesarias para desempe\u00f1ar con \u00e9xito la profesi\u00f3n de mediador social.<br \/>\n<img loading=\"lazy\" class=\"alignleft size-full wp-image-53\" src=\"http:\/\/divulgaciondinamica.info\/promos\/wp-content\/uploads\/2015\/03\/diploma-digital1.png\" alt=\"diploma-digital\" width=\"479\" height=\"322\" srcset=\"https:\/\/divulgaciondinamica.info\/promos\/wp-content\/uploads\/2015\/03\/diploma-digital1.png 479w, https:\/\/divulgaciondinamica.info\/promos\/wp-content\/uploads\/2015\/03\/diploma-digital1-300x202.png 300w\" sizes=\"(max-width: 479px) 100vw, 479px\" \/><\/p>\n<p style=\"text-align: left;\" align=\"justify\">\n<\/div>\n<p>[\/vc_column_text][\/vc_column][vc_column width=\u00bb1\/2&#8243;][vc_column_text]<\/p>\n<div id=\"stcpDiv\">\n<h3 style=\"text-align: left;\" align=\"justify\">Temario del M\u00e1ster:<\/h3>\n<p>&nbsp;<\/p>\n<div id=\"stcpDiv\">\n<p><strong>1. LA INMIGRACI\u00d3N. ASPECTOS SOCIALES<\/strong><\/p>\n<p>1.1 La inmigraci\u00f3n. Aspectos b\u00e1sicos<br \/>\n1.2 Sociolog\u00eda de la inmigraci\u00f3n. \u00bfPor qu\u00e9 vienen?<br \/>\n1.3 Teor\u00edas de la migraci\u00f3n internacional<br \/>\n1.4 El fen\u00f3meno migratorio en Espa\u00f1a<br \/>\n1.5 Aspectos legales de la inmigraci\u00f3n. Evoluci\u00f3n de la ley de extranjer\u00eda espa\u00f1ola<br \/>\n1.6 Desaf\u00edos de la inmigraci\u00f3n: la integraci\u00f3n<\/p>\n<p><strong>2. PREVENCI\u00d3N DE CONFLICTOS<\/strong><\/p>\n<p>2.1 Concepto y tipolog\u00eda del conflicto<br \/>\n2.2 Estrategia de la prevenci\u00f3n de conflictos<\/p>\n<p><strong>3. RESOLUCI\u00d3N DE CONFLICTOS<\/strong><\/p>\n<p>3.1 Reuniendo los materiales para entender el conflicto<br \/>\n3.2 Analizando el conflicto.Visi\u00f3n hol\u00edstica y espec\u00edfica<br \/>\n3.3 Los m\u00e9todos alternativos de resoluci\u00f3n de disputas<br \/>\n3.4 La mediaci\u00f3n<\/p>\n<p><strong>4. MEDIACI\u00d3N INTERCULTURAL<\/strong><\/p>\n<p>4.1 Introducci\u00f3n. Mediaci\u00f3n intercultural<br \/>\n4.2 Perfil del mediador intercultural<br \/>\n4.3 \u00c1mbito de la mediaci\u00f3n intercultural<\/p>\n<p><strong>5. T\u00c9CNICAS Y HERRAMIENTAS DE LA MEDIACI\u00d3N INTERCULTURAL<\/strong><\/p>\n<p>5.1 La Mediaci\u00f3n intercultural<br \/>\n5.2 Pr\u00e1ctica de la mediaci\u00f3n intercultural<br \/>\n5.3 El mediador en el proceso de mediaci\u00f3n: fases y recomendaciones<br \/>\n5.4 Modelos de mediaci\u00f3n intercultural<br \/>\n5.5 Herramientas<\/p>\n<p><strong>6. GESTI\u00d3N DE LA MULTICULTURALIDAD EN LA EMPRESA<\/strong><\/p>\n<p>6.1 El fen\u00f3meno migratorio<br \/>\n6.2 Tratamiento de la diferencia en la organizaci\u00f3n<br \/>\n6.3 Cultura y relaciones interculturales. Claves para su gesti\u00f3n en la empresa<br \/>\n6.4 Las competencias interculturales como competencias profesionales<br \/>\n6.5 La formaci\u00f3n intercultural en la empresa<\/p>\n<p><strong>7. LA EVALUACI\u00d3N EN EL PROCESO DE MEDIACI\u00d3N<\/strong><\/p>\n<p>7.1 La evaluaci\u00f3n como estrategia para optimizar los procesos y programas de mediaci\u00f3n<br \/>\n7.2 Concepto, fines y funciones<br \/>\n7.3 Perspectivas y enfoques a la hora de evaluar<br \/>\n7.4 Planificaci\u00f3n y desarrollo de la evaluaci\u00f3n<br \/>\n7.5 El informe de evaluaci\u00f3n<br \/>\n7.6 Caracter\u00edsticas, audiencias y estructura<br \/>\n7.7 Evaluaci\u00f3n de la evaluaci\u00f3n. Mejora de los procesos evaluativos<\/p>\n<p><strong>+ CUADERNO DE CASOS PR\u00c1CTICOS<\/strong><\/p>\n<\/div>\n<\/div>\n<p>[\/vc_column_text][\/vc_column][\/vc_row][vc_row css=\u00bb.vc_custom_1427806970509{margin-top: 35px !important;margin-bottom: 35px !important;}\u00bb][vc_column][vc_column_text]<\/p>\n<p style=\"text-align: center;\"><a class=\"vc_btn vc_btn_orange vc_btn-orange vc_btn_lg vc_btn-lg vc_btn_rounded\" title=\"\" href=\"http:\/\/www.divulgaciondinamica.es\/secretaria\/alumnos\/form\/334\/\" target=\"_blank\">INSCRIPCI\u00d3N<\/a><\/p>\n<p>[\/vc_column_text][\/vc_column][\/vc_row]<\/p>\n","protected":false},"excerpt":{"rendered":"<p>[vc_row css=\u00bb.vc_custom_1427804811471{margin-top: 25px !important;margin-bottom: 25px !important;}\u00bb][vc_column width=\u00bb2\/3&#8243;][vc_single_image image=\u00bb1573&#8243; img_size=\u00bb661&#215;82&#8243;][\/vc_column][vc_column width=\u00bb1\/3&#8243;][vc_column_text] 618 88 94 42 soporte4@divulgaciondinamica.es [\/vc_column_text][\/vc_column][\/vc_row][vc_row][vc_column][vc_column_text][\/vc_column_text][\/vc_column][\/vc_row][vc_row css=\u00bb.vc_custom_1427804437681{margin-top: 35px !important;margin-bottom: 35px !important;}\u00bb][vc_column width=\u00bb1\/4&#8243;][vc_single_image image=\u00bb35&#8243; img_size=\u00bb250&#215;195&#8243; alignment=\u00bbcenter\u00bb][\/vc_column][vc_column width=\u00bb1\/4&#8243;][vc_single_image image=\u00bb36&#8243; img_size=\u00bb250&#215;195&#8243; alignment=\u00bbcenter\u00bb][\/vc_column][vc_column width=\u00bb1\/4&#8243;][vc_single_image image=\u00bb37&#8243; img_size=\u00bb250&#215;195&#8243; alignment=\u00bbcenter\u00bb][\/vc_column][vc_column width=\u00bb1\/4&#8243;][vc_single_image image=\u00bb2032&#8243; img_size=\u00bb250&#215;195&#8243; alignment=\u00bbcenter\u00bb][\/vc_column][\/vc_row][vc_row][vc_column][\/vc_column][\/vc_row][vc_row css=\u00bb.vc_custom_1427805189823{margin-top: 35px !important;margin-bottom:<\/p>\n","protected":false},"author":1,"featured_media":0,"parent":0,"menu_order":0,"comment_status":"closed","ping_status":"closed","template":"","meta":[],"yoast_head":"<!-- This site is optimized with the Yoast SEO plugin v15.7 - https:\/\/yoast.com\/wordpress\/plugins\/seo\/ -->\n<title>M\u00e1ster en Mediaci\u00f3n Intercultural - Divulgaci\u00f3n Din\u00e1mica<\/title>\n<meta name=\"robots\" content=\"index, follow, max-snippet:-1, max-image-preview:large, max-video-preview:-1\" \/>\n<link rel=\"canonical\" href=\"https:\/\/divulgaciondinamica.info\/promos\/master-en-mediacion-intercultural\/\" \/>\n<meta property=\"og:locale\" content=\"es_ES\" \/>\n<meta property=\"og:type\" content=\"article\" \/>\n<meta property=\"og:title\" content=\"M\u00e1ster en Mediaci\u00f3n Intercultural - Divulgaci\u00f3n Din\u00e1mica\" \/>\n<meta property=\"og:description\" content=\"[vc_row css=\u00bb.vc_custom_1427804811471{margin-top: 25px !important;margin-bottom: 25px !important;}\u00bb][vc_column width=\u00bb2\/3&#8243;][vc_single_image image=\u00bb1573&#8243; img_size=\u00bb661&#215;82&#8243;][\/vc_column][vc_column width=\u00bb1\/3&#8243;][vc_column_text] 618 88 94 42 soporte4@divulgaciondinamica.es [\/vc_column_text][\/vc_column][\/vc_row][vc_row][vc_column][vc_column_text][\/vc_column_text][\/vc_column][\/vc_row][vc_row css=\u00bb.vc_custom_1427804437681{margin-top: 35px !important;margin-bottom: 35px !important;}\u00bb][vc_column width=\u00bb1\/4&#8243;][vc_single_image image=\u00bb35&#8243; img_size=\u00bb250&#215;195&#8243; alignment=\u00bbcenter\u00bb][\/vc_column][vc_column width=\u00bb1\/4&#8243;][vc_single_image image=\u00bb36&#8243; img_size=\u00bb250&#215;195&#8243; alignment=\u00bbcenter\u00bb][\/vc_column][vc_column width=\u00bb1\/4&#8243;][vc_single_image image=\u00bb37&#8243; img_size=\u00bb250&#215;195&#8243; alignment=\u00bbcenter\u00bb][\/vc_column][vc_column width=\u00bb1\/4&#8243;][vc_single_image image=\u00bb2032&#8243; img_size=\u00bb250&#215;195&#8243; alignment=\u00bbcenter\u00bb][\/vc_column][\/vc_row][vc_row][vc_column][\/vc_column][\/vc_row][vc_row css=\u00bb.vc_custom_1427805189823{margin-top: 35px !important;margin-bottom:\" \/>\n<meta property=\"og:url\" content=\"https:\/\/divulgaciondinamica.info\/promos\/master-en-mediacion-intercultural\/\" \/>\n<meta property=\"og:site_name\" content=\"Divulgaci\u00f3n Din\u00e1mica\" \/>\n<meta property=\"article:publisher\" content=\"https:\/\/www.facebook.com\/divulgaciondinamicaformacion\/\" \/>\n<meta property=\"article:modified_time\" content=\"2016-02-18T10:30:43+00:00\" \/>\n<meta property=\"og:image\" content=\"http:\/\/divulgaciondinamica.info\/promos\/wp-content\/uploads\/2015\/04\/imagen-master-mediacion-intercultural-1.jpg\" \/>\n<meta name=\"twitter:card\" content=\"summary_large_image\" \/>\n<meta name=\"twitter:site\" content=\"@divulgaciond\" \/>\n<meta name=\"twitter:label1\" content=\"Tiempo de lectura\">\n\t<meta name=\"twitter:data1\" content=\"3 minutos\">\n<script type=\"application\/ld+json\" class=\"yoast-schema-graph\">{\"@context\":\"https:\/\/schema.org\",\"@graph\":[{\"@type\":\"Organization\",\"@id\":\"https:\/\/divulgaciondinamica.info\/promos\/#organization\",\"name\":\"Divulgaci\\u00f3n Din\\u00e1mica S.L.\",\"url\":\"https:\/\/divulgaciondinamica.info\/promos\/\",\"sameAs\":[\"https:\/\/www.facebook.com\/divulgaciondinamicaformacion\/\",\"https:\/\/www.instagram.com\/divulgaciondinamica\",\"https:\/\/www.linkedin.com\/company-beta\/9490428\/\",\"https:\/\/www.youtube.com\/user\/ddinamica2010\",\"https:\/\/twitter.com\/divulgaciond\"],\"logo\":{\"@type\":\"ImageObject\",\"@id\":\"https:\/\/divulgaciondinamica.info\/promos\/#logo\",\"inLanguage\":\"es\",\"url\":\"https:\/\/divulgaciondinamica.info\/promos\/wp-content\/uploads\/2016\/02\/logo-divulgaciondinamica-ddf.png\",\"width\":400,\"height\":79,\"caption\":\"Divulgaci\\u00f3n Din\\u00e1mica S.L.\"},\"image\":{\"@id\":\"https:\/\/divulgaciondinamica.info\/promos\/#logo\"}},{\"@type\":\"WebSite\",\"@id\":\"https:\/\/divulgaciondinamica.info\/promos\/#website\",\"url\":\"https:\/\/divulgaciondinamica.info\/promos\/\",\"name\":\"Divulgaci\\u00f3n Din\\u00e1mica\",\"description\":\"Formaci\\u00f3n de calidad al alcance de todos\",\"publisher\":{\"@id\":\"https:\/\/divulgaciondinamica.info\/promos\/#organization\"},\"potentialAction\":[{\"@type\":\"SearchAction\",\"target\":\"https:\/\/divulgaciondinamica.info\/promos\/?s={search_term_string}\",\"query-input\":\"required name=search_term_string\"}],\"inLanguage\":\"es\"},{\"@type\":\"ImageObject\",\"@id\":\"https:\/\/divulgaciondinamica.info\/promos\/master-en-mediacion-intercultural\/#primaryimage\",\"inLanguage\":\"es\",\"url\":\"http:\/\/divulgaciondinamica.info\/promos\/wp-content\/uploads\/2015\/04\/imagen-master-mediacion-intercultural-1.jpg\"},{\"@type\":\"WebPage\",\"@id\":\"https:\/\/divulgaciondinamica.info\/promos\/master-en-mediacion-intercultural\/#webpage\",\"url\":\"https:\/\/divulgaciondinamica.info\/promos\/master-en-mediacion-intercultural\/\",\"name\":\"M\\u00e1ster en Mediaci\\u00f3n Intercultural - Divulgaci\\u00f3n Din\\u00e1mica\",\"isPartOf\":{\"@id\":\"https:\/\/divulgaciondinamica.info\/promos\/#website\"},\"primaryImageOfPage\":{\"@id\":\"https:\/\/divulgaciondinamica.info\/promos\/master-en-mediacion-intercultural\/#primaryimage\"},\"datePublished\":\"2015-04-16T12:59:26+00:00\",\"dateModified\":\"2016-02-18T10:30:43+00:00\",\"inLanguage\":\"es\",\"potentialAction\":[{\"@type\":\"ReadAction\",\"target\":[\"https:\/\/divulgaciondinamica.info\/promos\/master-en-mediacion-intercultural\/\"]}]}]}<\/script>\n<!-- \/ Yoast SEO plugin. -->","_links":{"self":[{"href":"https:\/\/divulgaciondinamica.info\/promos\/wp-json\/wp\/v2\/pages\/178"}],"collection":[{"href":"https:\/\/divulgaciondinamica.info\/promos\/wp-json\/wp\/v2\/pages"}],"about":[{"href":"https:\/\/divulgaciondinamica.info\/promos\/wp-json\/wp\/v2\/types\/page"}],"author":[{"embeddable":true,"href":"https:\/\/divulgaciondinamica.info\/promos\/wp-json\/wp\/v2\/users\/1"}],"replies":[{"embeddable":true,"href":"https:\/\/divulgaciondinamica.info\/promos\/wp-json\/wp\/v2\/comments?post=178"}],"version-history":[{"count":5,"href":"https:\/\/divulgaciondinamica.info\/promos\/wp-json\/wp\/v2\/pages\/178\/revisions"}],"predecessor-version":[{"id":2033,"href":"https:\/\/divulgaciondinamica.info\/promos\/wp-json\/wp\/v2\/pages\/178\/revisions\/2033"}],"wp:attachment":[{"href":"https:\/\/divulgaciondinamica.info\/promos\/wp-json\/wp\/v2\/media?parent=178"}],"curies":[{"name":"wp","href":"https:\/\/api.w.org\/{rel}","templated":true}]}}