{"id":15409,"date":"2018-11-06T11:33:32","date_gmt":"2018-11-06T11:33:32","guid":{"rendered":"https:\/\/divulgaciondinamica.info\/promos\/?page_id=15409"},"modified":"2018-11-06T11:39:13","modified_gmt":"2018-11-06T11:39:13","slug":"corso-di-musicoterapia-d","status":"publish","type":"page","link":"https:\/\/divulgaciondinamica.info\/promos\/corso-di-musicoterapia-d\/","title":{"rendered":"Corso di Musicoterapia D"},"content":{"rendered":"<p>[vc_row css=\u00bb.vc_custom_1427804811471{margin-top: 25px !important;margin-bottom: 25px !important;}\u00bb][vc_column width=\u00bb2\/3&#8243;][vc_single_image image=\u00bb1257&#8243; img_size=\u00bb661&#215;82&#8243;][\/vc_column][vc_column width=\u00bb1\/3&#8243;][vc_column_text]<\/p>\n<h6 style=\"text-align: right;\">0034 628 069 839<\/h6>\n<p style=\"text-align: right;\"><strong>informazione5@divulgazionedinamica.it<\/strong><\/p>\n<p>[\/vc_column_text][\/vc_column][\/vc_row][vc_row css=\u00bb.vc_custom_1489484355483{margin-top: 25px !important;margin-bottom: 15px !important;}\u00bb][vc_column][vc_custom_heading text=\u00bbCorso Online\u00bb font_container=\u00bbtag:h2|font_size:32|text_align:center|color:%230a7aba|line_height:1.1&#8243; google_fonts=\u00bbfont_family:Lato%3A100%2C100italic%2C300%2C300italic%2Cregular%2Citalic%2C700%2C700italic%2C900%2C900italic|font_style:300%20light%20regular%3A300%3Anormal\u00bb css=\u00bb.vc_custom_1490354547297{margin-bottom: 5px !important;}\u00bb][vc_custom_heading text=\u00bbMusicoterapia\u00bb font_container=\u00bbtag:h2|font_size:44|text_align:center|color:%230a7aba|line_height:1.1&#8243; google_fonts=\u00bbfont_family:Lato%3A100%2C100italic%2C300%2C300italic%2Cregular%2Citalic%2C700%2C700italic%2C900%2C900italic|font_style:900%20bold%20regular%3A900%3Anormal\u00bb css=\u00bb.vc_custom_1526547966586{margin-bottom: 15px !important;}\u00bb][\/vc_column][\/vc_row][vc_row css=\u00bb.vc_custom_1489484502411{margin-top: 25px !important;margin-right: 0px !important;margin-bottom: 15px !important;}\u00bb][vc_column width=\u00bb1\/4&#8243;][vc_row_inner css=\u00bb.vc_custom_1489423995390{margin-top: 2px !important;margin-right: 2px !important;margin-bottom: 2px !important;margin-left: 2px !important;padding-top: 10px !important;padding-right: 5px !important;padding-bottom: 20px !important;padding-left: 5px !important;background-color: #efefef !important;}\u00bb][vc_column_inner][vc_icon icon_fontawesome=\u00bbfa fa-laptop\u00bb color=\u00bbsky\u00bb size=\u00bblg\u00bb align=\u00bbcenter\u00bb css_animation=\u00bbbottom-to-top\u00bb css=\u00bb.vc_custom_1489423953746{margin-bottom: 10px !important;}\u00bb][vc_custom_heading text=\u00bbModalit\u00e0:\u00bb font_container=\u00bbtag:h2|font_size:18|text_align:center|color:%230a7aba|line_height:1.2&#8243; google_fonts=\u00bbfont_family:Lato%3A100%2C100italic%2C300%2C300italic%2Cregular%2Citalic%2C700%2C700italic%2C900%2C900italic|font_style:900%20bold%20regular%3A900%3Anormal\u00bb css=\u00bb.vc_custom_1490353834073{margin-bottom: 5px !important;}\u00bb][vc_custom_heading text=\u00bb100% online\u00bb font_container=\u00bbtag:h2|font_size:16|text_align:center|color:%230a7aba|line_height:1.2&#8243; google_fonts=\u00bbfont_family:Lato%3A100%2C100italic%2C300%2C300italic%2Cregular%2Citalic%2C700%2C700italic%2C900%2C900italic|font_style:400%20regular%3A400%3Anormal\u00bb][\/vc_column_inner][\/vc_row_inner][\/vc_column][vc_column width=\u00bb1\/4&#8243;][vc_row_inner css=\u00bb.vc_custom_1489424000853{margin-top: 2px !important;margin-right: 2px !important;margin-bottom: 2px !important;margin-left: 2px !important;padding-top: 10px !important;padding-right: 5px !important;padding-bottom: 20px !important;padding-left: 5px !important;background-color: #efefef !important;}\u00bb][vc_column_inner][vc_icon icon_fontawesome=\u00bbfa fa-clock-o\u00bb color=\u00bbsky\u00bb size=\u00bblg\u00bb align=\u00bbcenter\u00bb css_animation=\u00bbbottom-to-top\u00bb css=\u00bb.vc_custom_1489424050530{margin-bottom: 10px !important;}\u00bb][vc_custom_heading text=\u00bbDurata:\u00bb font_container=\u00bbtag:h2|font_size:18|text_align:center|color:%230a7aba|line_height:1.2&#8243; google_fonts=\u00bbfont_family:Lato%3A100%2C100italic%2C300%2C300italic%2Cregular%2Citalic%2C700%2C700italic%2C900%2C900italic|font_style:900%20bold%20regular%3A900%3Anormal\u00bb css=\u00bb.vc_custom_1490353839666{margin-bottom: 5px !important;}\u00bb][vc_custom_heading text=\u00bb150 ore \/ 2 mesi\u00bb font_container=\u00bbtag:h2|font_size:16|text_align:center|color:%230a7aba|line_height:1.2&#8243; google_fonts=\u00bbfont_family:Lato%3A100%2C100italic%2C300%2C300italic%2Cregular%2Citalic%2C700%2C700italic%2C900%2C900italic|font_style:400%20regular%3A400%3Anormal\u00bb][\/vc_column_inner][\/vc_row_inner][\/vc_column][vc_column width=\u00bb1\/4&#8243;][vc_row_inner css=\u00bb.vc_custom_1489424005381{margin-top: 2px !important;margin-right: 2px !important;margin-bottom: 2px !important;margin-left: 2px !important;padding-top: 10px !important;padding-right: 5px !important;padding-bottom: 20px !important;padding-left: 5px !important;background-color: #efefef !important;}\u00bb][vc_column_inner][vc_icon icon_fontawesome=\u00bbfa fa-calendar\u00bb color=\u00bbsky\u00bb size=\u00bblg\u00bb align=\u00bbcenter\u00bb css_animation=\u00bbbottom-to-top\u00bb css=\u00bb.vc_custom_1489423962381{margin-bottom: 10px !important;}\u00bb][vc_custom_heading text=\u00bbData d&#8217;inizio:\u00bb font_container=\u00bbtag:h2|font_size:18|text_align:center|color:%230a7aba|line_height:1.2&#8243; google_fonts=\u00bbfont_family:Lato%3A100%2C100italic%2C300%2C300italic%2Cregular%2Citalic%2C700%2C700italic%2C900%2C900italic|font_style:900%20bold%20regular%3A900%3Anormal\u00bb css=\u00bb.vc_custom_1490353853059{margin-bottom: 5px !important;}\u00bb][vc_custom_heading text=\u00bbIscrizione libera\u00bb font_container=\u00bbtag:h2|font_size:16|text_align:center|color:%230a7aba|line_height:1.2&#8243; google_fonts=\u00bbfont_family:Lato%3A100%2C100italic%2C300%2C300italic%2Cregular%2Citalic%2C700%2C700italic%2C900%2C900italic|font_style:400%20regular%3A400%3Anormal\u00bb][\/vc_column_inner][\/vc_row_inner][\/vc_column][vc_column width=\u00bb1\/4&#8243;][vc_row_inner css=\u00bb.vc_custom_1489424009765{margin-top: 2px !important;margin-right: 2px !important;margin-bottom: 2px !important;margin-left: 2px !important;padding-top: 10px !important;padding-right: 5px !important;padding-bottom: 20px !important;padding-left: 5px !important;background-color: #efefef !important;}\u00bb][vc_column_inner][vc_icon icon_fontawesome=\u00bbfa fa-graduation-cap\u00bb color=\u00bbsky\u00bb size=\u00bblg\u00bb align=\u00bbcenter\u00bb css_animation=\u00bbbottom-to-top\u00bb css=\u00bb.vc_custom_1489423967355{margin-bottom: 10px !important;}\u00bb][vc_custom_heading text=\u00bbTasse Amministrative:\u00bb font_container=\u00bbtag:h2|font_size:18|text_align:center|color:%230a7aba|line_height:1.2&#8243; google_fonts=\u00bbfont_family:Lato%3A100%2C100italic%2C300%2C300italic%2Cregular%2Citalic%2C700%2C700italic%2C900%2C900italic|font_style:900%20bold%20regular%3A900%3Anormal\u00bb css=\u00bb.vc_custom_1490353866979{margin-bottom: 5px !important;}\u00bb][vc_custom_heading text=\u00bbPrima 79\u20ac | Ora 71\u20ac\u00bb font_container=\u00bbtag:h2|font_size:16|text_align:center|color:%230a7aba|line_height:1.2&#8243; google_fonts=\u00bbfont_family:Lato%3A100%2C100italic%2C300%2C300italic%2Cregular%2Citalic%2C700%2C700italic%2C900%2C900italic|font_style:400%20regular%3A400%3Anormal\u00bb][\/vc_column_inner][\/vc_row_inner][\/vc_column][\/vc_row][vc_row][vc_column][vc_column_text]<img loading=\"lazy\" class=\"alignleft wp-image-11829 size-full\" src=\"https:\/\/divulgaciondinamica.info\/promos\/wp-content\/uploads\/2018\/05\/curso-de-musicoterapia.jpg\" alt=\"\" width=\"643\" height=\"434\" srcset=\"https:\/\/divulgaciondinamica.info\/promos\/wp-content\/uploads\/2018\/05\/curso-de-musicoterapia.jpg 643w, https:\/\/divulgaciondinamica.info\/promos\/wp-content\/uploads\/2018\/05\/curso-de-musicoterapia-300x202.jpg 300w\" sizes=\"(max-width: 643px) 100vw, 643px\" \/><iframe style=\"border: 0px solid grey;\" src=\"https:\/\/segreteria.divulgazionedinamica.it\/alumnos\/iframe\/247\/\" width=\"417\" height=\"434\" scrolling=\"auto\"><\/iframe>[\/vc_column_text][\/vc_column][\/vc_row][vc_row css=\u00bb.vc_custom_1427804437681{margin-top: 35px !important;margin-bottom: 35px !important;}\u00bb][vc_column width=\u00bb1\/4&#8243;][vc_single_image image=\u00bb5967&#8243; img_size=\u00bb250&#215;195&#8243; alignment=\u00bbcenter\u00bb][\/vc_column][vc_column width=\u00bb1\/4&#8243;][vc_single_image image=\u00bb5966&#8243; img_size=\u00bb250&#215;195&#8243; alignment=\u00bbcenter\u00bb][\/vc_column][vc_column width=\u00bb1\/4&#8243;][vc_single_image image=\u00bb5965&#8243; img_size=\u00bb250&#215;195&#8243; alignment=\u00bbcenter\u00bb][\/vc_column][vc_column width=\u00bb1\/4&#8243;][vc_single_image image=\u00bb15412&#8243; img_size=\u00bb250&#215;195&#8243; alignment=\u00bbcenter\u00bb][\/vc_column][\/vc_row][vc_row][vc_column][\/vc_column][\/vc_row][vc_row css=\u00bb.vc_custom_1427805189823{margin-top: 35px !important;margin-bottom: 35px !important;}\u00bb][vc_column width=\u00bb1\/2&#8243;][vc_custom_heading text=\u00bbPresentazione del Corso:\u00bb font_container=\u00bbtag:h2|font_size:26|text_align:left|color:%230a7aba|line_height:1.2&#8243; google_fonts=\u00bbfont_family:Lato%3A100%2C100italic%2C300%2C300italic%2Cregular%2Citalic%2C700%2C700italic%2C900%2C900italic|font_style:900%20bold%20regular%3A900%3Anormal\u00bb css=\u00bb.vc_custom_1490353993961{margin-bottom: 45px !important;}\u00bb][vc_column_text css=\u00bb.vc_custom_1541503995238{margin-bottom: 30px !important;}\u00bb]<\/p>\n<div id=\"stcpDiv\">\n<div class=\"w-tabs-section-content\">\n<div class=\"w-tabs-section-content-h i-cf\">\n<div class=\"wpb_text_column \">\n<div class=\"wpb_wrapper\">\n<p>Attualmente, i benefici derivanti dalla musica sono sempre pi\u00f9 frequenti, dal momento che quest\u2019ultima viene utilizzata come strumento per l\u2019intrattenimento e lo sviluppo personale. Di conseguenza, assistiamo a un incremento degli spazi e degli enti in cui le attivit\u00e0 musicali vengono applicate all\u2019ozio e al tempo libero.<\/p>\n<p>Le attivit\u00e0 musicali hanno dimostrato la loro efficacia in differenti collettivi e in relazione a diverse aree personali: la connessione con le proprie emozioni, l\u2019interazione con gli altri, le capacit\u00e0 cognitive, ecc. in quanto la musica rappresenta uno strumento per trasmettere ed esprimere emozioni.<\/p>\n<p>Pertanto, in questo corso di Musicoterapia online, vengono somministrati elementi concettuali e metodologici che permettono di conoscere i principi e i benefici dei laboratori di musicoterapia, basandosi sulle possibilit\u00e0 e sui benefici che le varie attivit\u00e0 sono in grado di apportare allo sviluppo e al benessere personale.<\/p>\n<div class=\"wpb_wrapper\">\n<p><span style=\"color: #999999;\">&#8211;<\/span><br \/>\n<span style=\"color: #0a7aba;\"><i class=\"fa fa-calendar-check-o\"><\/i> <strong>DURATA:<\/strong><\/span><\/p>\n<p>2 mesi (150 ore).<br \/>\n<span style=\"color: #999999;\">&#8211;<\/span><strong><br \/>\n<span style=\"color: #0a7aba;\"><i class=\"fa fa-laptop\"><\/i> MODALIT\u00c0:<\/span><\/strong><\/p>\n<p>Piattaforma online a tua disposizione 24 ore su 24. Studia in base ai tuoi ritmi, senza una data specifica per gli esami, gestendo il corso in completa autonomia. Il requisito minimo \u00e8 portare a termine il corso e gli esami <strong>entro il 2 mesi dalla data di inizio<\/strong><strong>.<\/strong><br \/>\n<span style=\"color: #999999;\">&#8211;<\/span><br \/>\n<span style=\"color: #0a7aba;\"><i class=\"fa fa-mouse-pointer\"><\/i> <strong>METODOLOGIA:<\/strong><\/span><\/p>\n<p>Tutto ci\u00f2 di cui avrai bisogno relativo al corso sar\u00e0 disponibile nella nosta Piattaforma online. Il corso prevede <strong>3 moduli.<\/strong> Il materiale \u00e8 disponibile in formato PDF per scaricarlo, studiarlo e, se lo desideri, stamparlo. Il nostro materiale \u00e8 vario e dinamico e include contenuti audiovisivi, link con informazioni aggiuntive, ricorsi interessanti, esempi pratici e strumenti di ricerca. Avrai accesso a un forum online attraverso il quale potrai comunicare con un team di tutor a tua disposizione per qualsiasi domanda.<br \/>\n<span style=\"color: #999999;\">&#8211;<\/span><br \/>\n<span style=\"color: #0a7aba;\"><i class=\"fa fa-flag\"><\/i> <strong>ESAMI:<\/strong><\/span><\/p>\n<p>\u00c8 presente <strong>un esame per ciascun modulo<\/strong> (tra le 10 e le 20 domande per ciascun esame) ed avrai 3 tentativi a disposizione per ogni test. Dovrai infine sostenere un<strong> esame finale<\/strong> (tra le 30 e le 40 domande) che racchiude domande circa tutti i temi del corso e dovr\u00e0 essere superato al primo tentativo\u2013<br \/>\n<span style=\"color: #999999;\">&#8211;<\/span><br \/>\n<span style=\"color: #0a7aba;\"><i class=\"fa fa-graduation-cap\"><\/i> <strong>DIPLOMA:<\/strong><\/span><\/p>\n<p>Una volta superati tutti gli esami, <strong>il diploma verr\u00e0 inviato automaticamente, entro 10 giorni dalla data ultima di fine corso, all\u2019indirizzo di posta elettronica che ha comunicato al momento della registrazione.<\/strong><br \/>\n<span style=\"color: #999999;\">&#8211;<\/span><strong><br \/>\n<span style=\"color: #0a7aba;\"><i class=\"fa fa-check\"><\/i> VALIDIT\u00c0:<\/span><\/strong><\/p>\n<p>I nostri diplomi sono<strong> certificati dalla nostra azienda, Divulgazione Dinamica S.L. in possesso del REGISTRO DI QUALIT\u00c0 ISO 9001:2008 e revisati da EADL (European Association for Distance Learning)<\/strong>. Tutti i nostri diplomi conformano con la nuova legislazione e includono una <strong>Firma digitale, Firma elettronica e un Codice di Verifica<\/strong>, attaverso il quale qualsiasi persona o ente potr\u00e0 verificarne la validit\u00e0. Divulgazione Dimanica \u00e8 presente nel <strong>Registro di trasparenza dell\u2019Unione Europea<\/strong>.<br \/>\n<span style=\"color: #999999;\">&#8211;<\/span><br \/>\n<span style=\"color: #0a7aba;\"><i class=\"fa fa-tag\"><\/i> <strong>TASSE AMMINISTRATIVE:<\/strong><\/span><\/p>\n<p>\u00c8 previsto un <strong>costo unico di 71\u20ac<\/strong> relativo ai costi di gestione ed emissione del diploma, manutenzione della Piattaforma di Formazione e servizio di Tutorato Personale.<\/p>\n<\/div>\n<div class=\"wpb_wrapper\"><img loading=\"lazy\" class=\"alignleft size-full wp-image-9396\" src=\"http:\/\/divulgaciondinamica.info\/promos\/wp-content\/uploads\/2017\/10\/Mensaje-Diploma-en-Italiano.png\" alt=\"Mensaje-Diploma-en-Italiano\" width=\"479\" height=\"322\" srcset=\"https:\/\/divulgaciondinamica.info\/promos\/wp-content\/uploads\/2017\/10\/Mensaje-Diploma-en-Italiano.png 479w, https:\/\/divulgaciondinamica.info\/promos\/wp-content\/uploads\/2017\/10\/Mensaje-Diploma-en-Italiano-300x202.png 300w\" sizes=\"(max-width: 479px) 100vw, 479px\" \/><\/div>\n<\/div>\n<\/div>\n<\/div>\n<\/div>\n<\/div>\n<p>[\/vc_column_text][\/vc_column][vc_column width=\u00bb1\/2&#8243;][vc_custom_heading text=\u00bbTemario del Corso:\u00bb font_container=\u00bbtag:h2|font_size:26|text_align:left|color:%230a7aba|line_height:1.2&#8243; google_fonts=\u00bbfont_family:Lato%3A100%2C100italic%2C300%2C300italic%2Cregular%2Citalic%2C700%2C700italic%2C900%2C900italic|font_style:900%20bold%20regular%3A900%3Anormal\u00bb css=\u00bb.vc_custom_1490354032946{margin-bottom: 45px !important;}\u00bb][vc_column_text]<\/p>\n<div id=\"stcpDiv\">\n<p><strong>1. LA MUSICOTERAPIA<\/strong><\/p>\n<p>1.1 Cosa intendiamo con Musicoterapia?<br \/>\n1.2 Storia della musicoterapia<br \/>\n1.3 Differenza tra musicoterapia e educazione musicale<br \/>\n1.4 Fondamenti della musicoterapia<br \/>\n1.5 Ambiti di applicazione della musicoterapia<\/p>\n<p><strong>2. FONDAMENTI TEORICI DELLA MUSICOTERAPIA<\/strong><\/p>\n<p>2.1 Basi musicali della musicoterapia<br \/>\n2.2 Modelli teorici della musicoterapia<\/p>\n<p><strong>3. PIANIFICAZIONE DEI LABORATORI DI MUSICOTERAPIA<\/strong><\/p>\n<p>3.1 Introduzione ai laboratori di musicoterapia per lo sviluppo personale<br \/>\n3.2 Pianificare i laboratori di musicoterapia<br \/>\n3.3 Aspetti pratici dei laboratori di musicoterapia<\/p>\n<\/div>\n<p>[\/vc_column_text][vc_custom_heading text=\u00bb+ Workshop Gratuito\u00bb font_container=\u00bbtag:h2|font_size:26|text_align:left|color:%230a7aba|line_height:1.2&#8243; google_fonts=\u00bbfont_family:Lato%3A100%2C100italic%2C300%2C300italic%2Cregular%2Citalic%2C700%2C700italic%2C900%2C900italic|font_style:900%20bold%20regular%3A900%3Anormal\u00bb css=\u00bb.vc_custom_1541410666638{margin-bottom: 45px !important;}\u00bb][vc_column_text]<\/p>\n<div id=\"stcpDiv\">\n<p><strong>1. ELEMENTI CHIAVE DELLA COMUNICAZIONE<\/strong><\/p>\n<p>1.1. La comunicazione<br \/>\n1.2. Elementi della comunicazione<br \/>\n1.3. Come processiamo l\u2019informazione?<br \/>\n1.4. Filtri mentali<br \/>\n1.5. Metaprogrammi<br \/>\n1.6. Metamodello del linguaggio<br \/>\n1.7. Metamodello inverso o Modello Milton<\/p>\n<\/div>\n<p>[\/vc_column_text][\/vc_column][\/vc_row][vc_row css=\u00bb.vc_custom_1489484531438{margin-bottom: 60px !important;padding-top: 15px !important;padding-bottom: 5px !important;background-color: #0a7aba !important;}\u00bb][vc_column][vc_row_inner][vc_column_inner width=\u00bb1\/4&#8243;][vc_column_text]\u00a0[\/vc_column_text][\/vc_column_inner][vc_column_inner width=\u00bb1\/2&#8243;][vc_column_text]<\/p>\n<div style=\"text-align: center;\"><iframe style=\"border: 0px solid grey;\" src=\"https:\/\/segreteria.divulgazionedinamica.it\/alumnos\/iframe\/247\/\" width=\"417\" height=\"424\" scrolling=\"auto\" align=\"center\"><\/iframe><\/div>\n<p>[\/vc_column_text][\/vc_column_inner][vc_column_inner width=\u00bb1\/4&#8243;][vc_column_text]\u00a0[\/vc_column_text][\/vc_column_inner][\/vc_row_inner][\/vc_column][\/vc_row]<\/p>\n","protected":false},"excerpt":{"rendered":"<p>[vc_row css=\u00bb.vc_custom_1427804811471{margin-top: 25px !important;margin-bottom: 25px !important;}\u00bb][vc_column width=\u00bb2\/3&#8243;][vc_single_image image=\u00bb1257&#8243; img_size=\u00bb661&#215;82&#8243;][\/vc_column][vc_column width=\u00bb1\/3&#8243;][vc_column_text] 0034 628 069 839 informazione5@divulgazionedinamica.it [\/vc_column_text][\/vc_column][\/vc_row][vc_row css=\u00bb.vc_custom_1489484355483{margin-top: 25px !important;margin-bottom: 15px !important;}\u00bb][vc_column][vc_custom_heading text=\u00bbCorso Online\u00bb font_container=\u00bbtag:h2|font_size:32|text_align:center|color:%230a7aba|line_height:1.1&#8243; google_fonts=\u00bbfont_family:Lato%3A100%2C100italic%2C300%2C300italic%2Cregular%2Citalic%2C700%2C700italic%2C900%2C900italic|font_style:300%20light%20regular%3A300%3Anormal\u00bb css=\u00bb.vc_custom_1490354547297{margin-bottom: 5px !important;}\u00bb][vc_custom_heading text=\u00bbMusicoterapia\u00bb font_container=\u00bbtag:h2|font_size:44|text_align:center|color:%230a7aba|line_height:1.1&#8243; google_fonts=\u00bbfont_family:Lato%3A100%2C100italic%2C300%2C300italic%2Cregular%2Citalic%2C700%2C700italic%2C900%2C900italic|font_style:900%20bold%20regular%3A900%3Anormal\u00bb css=\u00bb.vc_custom_1526547966586{margin-bottom: 15px !important;}\u00bb][\/vc_column][\/vc_row][vc_row css=\u00bb.vc_custom_1489484502411{margin-top: 25px !important;margin-right: 0px !important;margin-bottom: 15px<\/p>\n","protected":false},"author":1,"featured_media":0,"parent":0,"menu_order":0,"comment_status":"closed","ping_status":"closed","template":"","meta":[],"yoast_head":"<!-- This site is optimized with the Yoast SEO plugin v15.7 - https:\/\/yoast.com\/wordpress\/plugins\/seo\/ -->\n<title>Corso di Musicoterapia D - Divulgaci\u00f3n Din\u00e1mica<\/title>\n<meta name=\"robots\" content=\"index, follow, max-snippet:-1, max-image-preview:large, max-video-preview:-1\" \/>\n<link rel=\"canonical\" href=\"https:\/\/divulgaciondinamica.info\/promos\/corso-di-musicoterapia-d\/\" \/>\n<meta property=\"og:locale\" content=\"es_ES\" \/>\n<meta property=\"og:type\" content=\"article\" \/>\n<meta property=\"og:title\" content=\"Corso di Musicoterapia D - Divulgaci\u00f3n Din\u00e1mica\" \/>\n<meta property=\"og:description\" content=\"[vc_row css=\u00bb.vc_custom_1427804811471{margin-top: 25px !important;margin-bottom: 25px !important;}\u00bb][vc_column width=\u00bb2\/3&#8243;][vc_single_image image=\u00bb1257&#8243; img_size=\u00bb661&#215;82&#8243;][\/vc_column][vc_column width=\u00bb1\/3&#8243;][vc_column_text] 0034 628 069 839 informazione5@divulgazionedinamica.it [\/vc_column_text][\/vc_column][\/vc_row][vc_row css=\u00bb.vc_custom_1489484355483{margin-top: 25px !important;margin-bottom: 15px !important;}\u00bb][vc_column][vc_custom_heading text=\u00bbCorso Online\u00bb font_container=\u00bbtag:h2|font_size:32|text_align:center|color:%230a7aba|line_height:1.1&#8243; google_fonts=\u00bbfont_family:Lato%3A100%2C100italic%2C300%2C300italic%2Cregular%2Citalic%2C700%2C700italic%2C900%2C900italic|font_style:300%20light%20regular%3A300%3Anormal\u00bb css=\u00bb.vc_custom_1490354547297{margin-bottom: 5px !important;}\u00bb][vc_custom_heading text=\u00bbMusicoterapia\u00bb font_container=\u00bbtag:h2|font_size:44|text_align:center|color:%230a7aba|line_height:1.1&#8243; google_fonts=\u00bbfont_family:Lato%3A100%2C100italic%2C300%2C300italic%2Cregular%2Citalic%2C700%2C700italic%2C900%2C900italic|font_style:900%20bold%20regular%3A900%3Anormal\u00bb css=\u00bb.vc_custom_1526547966586{margin-bottom: 15px !important;}\u00bb][\/vc_column][\/vc_row][vc_row css=\u00bb.vc_custom_1489484502411{margin-top: 25px !important;margin-right: 0px !important;margin-bottom: 15px\" \/>\n<meta property=\"og:url\" content=\"https:\/\/divulgaciondinamica.info\/promos\/corso-di-musicoterapia-d\/\" \/>\n<meta property=\"og:site_name\" content=\"Divulgaci\u00f3n Din\u00e1mica\" \/>\n<meta property=\"article:publisher\" content=\"https:\/\/www.facebook.com\/divulgaciondinamicaformacion\/\" \/>\n<meta property=\"article:modified_time\" content=\"2018-11-06T11:39:13+00:00\" \/>\n<meta property=\"og:image\" content=\"https:\/\/divulgaciondinamica.info\/promos\/wp-content\/uploads\/2018\/05\/curso-de-musicoterapia.jpg\" \/>\n<meta name=\"twitter:card\" content=\"summary_large_image\" \/>\n<meta name=\"twitter:site\" content=\"@divulgaciond\" \/>\n<meta name=\"twitter:label1\" content=\"Tiempo de lectura\">\n\t<meta name=\"twitter:data1\" content=\"9 minutos\">\n<script type=\"application\/ld+json\" class=\"yoast-schema-graph\">{\"@context\":\"https:\/\/schema.org\",\"@graph\":[{\"@type\":\"Organization\",\"@id\":\"https:\/\/divulgaciondinamica.info\/promos\/#organization\",\"name\":\"Divulgaci\\u00f3n Din\\u00e1mica S.L.\",\"url\":\"https:\/\/divulgaciondinamica.info\/promos\/\",\"sameAs\":[\"https:\/\/www.facebook.com\/divulgaciondinamicaformacion\/\",\"https:\/\/www.instagram.com\/divulgaciondinamica\",\"https:\/\/www.linkedin.com\/company-beta\/9490428\/\",\"https:\/\/www.youtube.com\/user\/ddinamica2010\",\"https:\/\/twitter.com\/divulgaciond\"],\"logo\":{\"@type\":\"ImageObject\",\"@id\":\"https:\/\/divulgaciondinamica.info\/promos\/#logo\",\"inLanguage\":\"es\",\"url\":\"https:\/\/divulgaciondinamica.info\/promos\/wp-content\/uploads\/2016\/02\/logo-divulgaciondinamica-ddf.png\",\"width\":400,\"height\":79,\"caption\":\"Divulgaci\\u00f3n Din\\u00e1mica S.L.\"},\"image\":{\"@id\":\"https:\/\/divulgaciondinamica.info\/promos\/#logo\"}},{\"@type\":\"WebSite\",\"@id\":\"https:\/\/divulgaciondinamica.info\/promos\/#website\",\"url\":\"https:\/\/divulgaciondinamica.info\/promos\/\",\"name\":\"Divulgaci\\u00f3n Din\\u00e1mica\",\"description\":\"Formaci\\u00f3n de calidad al alcance de todos\",\"publisher\":{\"@id\":\"https:\/\/divulgaciondinamica.info\/promos\/#organization\"},\"potentialAction\":[{\"@type\":\"SearchAction\",\"target\":\"https:\/\/divulgaciondinamica.info\/promos\/?s={search_term_string}\",\"query-input\":\"required name=search_term_string\"}],\"inLanguage\":\"es\"},{\"@type\":\"ImageObject\",\"@id\":\"https:\/\/divulgaciondinamica.info\/promos\/corso-di-musicoterapia-d\/#primaryimage\",\"inLanguage\":\"es\",\"url\":\"https:\/\/divulgaciondinamica.info\/promos\/wp-content\/uploads\/2018\/05\/curso-de-musicoterapia.jpg\",\"width\":643,\"height\":434},{\"@type\":\"WebPage\",\"@id\":\"https:\/\/divulgaciondinamica.info\/promos\/corso-di-musicoterapia-d\/#webpage\",\"url\":\"https:\/\/divulgaciondinamica.info\/promos\/corso-di-musicoterapia-d\/\",\"name\":\"Corso di Musicoterapia D - Divulgaci\\u00f3n Din\\u00e1mica\",\"isPartOf\":{\"@id\":\"https:\/\/divulgaciondinamica.info\/promos\/#website\"},\"primaryImageOfPage\":{\"@id\":\"https:\/\/divulgaciondinamica.info\/promos\/corso-di-musicoterapia-d\/#primaryimage\"},\"datePublished\":\"2018-11-06T11:33:32+00:00\",\"dateModified\":\"2018-11-06T11:39:13+00:00\",\"inLanguage\":\"es\",\"potentialAction\":[{\"@type\":\"ReadAction\",\"target\":[\"https:\/\/divulgaciondinamica.info\/promos\/corso-di-musicoterapia-d\/\"]}]}]}<\/script>\n<!-- \/ Yoast SEO plugin. -->","_links":{"self":[{"href":"https:\/\/divulgaciondinamica.info\/promos\/wp-json\/wp\/v2\/pages\/15409"}],"collection":[{"href":"https:\/\/divulgaciondinamica.info\/promos\/wp-json\/wp\/v2\/pages"}],"about":[{"href":"https:\/\/divulgaciondinamica.info\/promos\/wp-json\/wp\/v2\/types\/page"}],"author":[{"embeddable":true,"href":"https:\/\/divulgaciondinamica.info\/promos\/wp-json\/wp\/v2\/users\/1"}],"replies":[{"embeddable":true,"href":"https:\/\/divulgaciondinamica.info\/promos\/wp-json\/wp\/v2\/comments?post=15409"}],"version-history":[{"count":4,"href":"https:\/\/divulgaciondinamica.info\/promos\/wp-json\/wp\/v2\/pages\/15409\/revisions"}],"predecessor-version":[{"id":15415,"href":"https:\/\/divulgaciondinamica.info\/promos\/wp-json\/wp\/v2\/pages\/15409\/revisions\/15415"}],"wp:attachment":[{"href":"https:\/\/divulgaciondinamica.info\/promos\/wp-json\/wp\/v2\/media?parent=15409"}],"curies":[{"name":"wp","href":"https:\/\/api.w.org\/{rel}","templated":true}]}}