{"id":1527,"date":"2015-11-30T08:00:58","date_gmt":"2015-11-30T08:00:58","guid":{"rendered":"http:\/\/divulgaciondinamica.info\/promos\/?page_id=1527"},"modified":"2017-02-07T11:36:26","modified_gmt":"2017-02-07T11:36:26","slug":"master-gestion-proyectos-dinamizacion-cultural","status":"publish","type":"page","link":"https:\/\/divulgaciondinamica.info\/promos\/master-gestion-proyectos-dinamizacion-cultural\/","title":{"rendered":"M\u00e1ster en Gesti\u00f3n de Proyectos de Dinamizaci\u00f3n Cultural"},"content":{"rendered":"<p>[vc_row css=\u00bb.vc_custom_1427804811471{margin-top: 25px !important;margin-bottom: 25px !important;}\u00bb][vc_column width=\u00bb2\/3&#8243;][vc_single_image image=\u00bb1573&#8243; img_size=\u00bb661&#215;82&#8243;][\/vc_column][vc_column width=\u00bb1\/3&#8243;][vc_column_text]<\/p>\n<h6 style=\"text-align: right;\"><i class=\"fa fa-whatsapp\"><\/i> 648 25 89 67<\/h6>\n<p style=\"text-align: right;\"><strong>promotora3@divulgaciondinamica.es<\/strong><\/p>\n<p>[\/vc_column_text][\/vc_column][\/vc_row][vc_row][vc_column][vc_column_text]<iframe src=\"https:\/\/www.youtube.com\/embed\/9ZjiJYAZRkk?rel=0&amp;showinfo=0\" width=\"643\" height=\"434\" frameborder=\"0\" align=\"center\" allowfullscreen=\"allowfullscreen\"><\/iframe><a href=\"https:\/\/docs.google.com\/forms\/d\/e\/1FAIpQLSfrCIKoBZZVtqyCGeZj68Tj37uD3p_gqAyv3QnQJzmKXHpUTg\/viewform\" target=\"_blank\"><img loading=\"lazy\" class=\"alignleft wp-image-5295 size-full\" src=\"http:\/\/divulgaciondinamica.info\/promos\/wp-content\/uploads\/2015\/11\/informacion-master-gesti\u00f3n-de-proyectos-de-dinamizaci\u00f3n-cultural.png\" alt=\"\" width=\"417\" height=\"434\" align=\"middle\" srcset=\"https:\/\/divulgaciondinamica.info\/promos\/wp-content\/uploads\/2015\/11\/informacion-master-gesti\u00f3n-de-proyectos-de-dinamizaci\u00f3n-cultural.png 417w, https:\/\/divulgaciondinamica.info\/promos\/wp-content\/uploads\/2015\/11\/informacion-master-gesti\u00f3n-de-proyectos-de-dinamizaci\u00f3n-cultural-288x300.png 288w\" sizes=\"(max-width: 417px) 100vw, 417px\" \/><\/a>[\/vc_column_text][\/vc_column][\/vc_row][vc_row css=\u00bb.vc_custom_1427804437681{margin-top: 35px !important;margin-bottom: 35px !important;}\u00bb][vc_column width=\u00bb1\/4&#8243;][vc_single_image image=\u00bb5063&#8243; img_size=\u00bb250&#215;195&#8243; alignment=\u00bbcenter\u00bb][\/vc_column][vc_column width=\u00bb1\/4&#8243;][vc_single_image image=\u00bb5064&#8243; img_size=\u00bb250&#215;195&#8243; alignment=\u00bbcenter\u00bb][\/vc_column][vc_column width=\u00bb1\/4&#8243;][vc_single_image image=\u00bb5065&#8243; img_size=\u00bb250&#215;195&#8243; alignment=\u00bbcenter\u00bb][\/vc_column][vc_column width=\u00bb1\/4&#8243;][vc_single_image image=\u00bb5223&#8243; img_size=\u00bb250&#215;195&#8243; alignment=\u00bbcenter\u00bb][\/vc_column][\/vc_row][vc_row][vc_column][\/vc_column][\/vc_row][vc_row css=\u00bb.vc_custom_1427805189823{margin-top: 35px !important;margin-bottom: 35px !important;}\u00bb][vc_column width=\u00bb1\/2&#8243;][vc_column_text css=\u00bb.vc_custom_1448872407434{margin-bottom: 30px !important;}\u00bb]<\/p>\n<div id=\"stcpDiv\">\n<h3 style=\"text-align: left;\" align=\"justify\">Presentaci\u00f3n del M\u00e1ster:<\/h3>\n<p>&nbsp;<\/p>\n<p>Las sociedades actuales est\u00e1n protagonizando profundas trasformaciones econ\u00f3micas y sociales las cuales est\u00e1n generando cambios significativos en la cantidad y pauta del tiempo libre disponible.\u00a0 Estas tendencias tienen implicaciones directas sobre las actividades de ocio, las cuales, a su vez, influyen en la demanda y la oferta de bienes y servicios de ocio.<\/p>\n<p>Estas mismas transformaciones econ\u00f3micas y sociales provocan un incremento de la insatisfacci\u00f3n, el estr\u00e9s, el aburrimiento, la falta de actividad f\u00edsica, la falta de creatividad y la alienaci\u00f3n en el d\u00eda a d\u00eda de las personas.\u00a0 Todas estas caracter\u00edsticas pueden ser aliviadas mediante conductas de ocio.<\/p>\n<p>As\u00ed, la din\u00e1mica introducida por las renovadas demandas de ocio por parte de la sociedad hace que las industrias tur\u00edsticas, de ocio y culturales se revelen como uno de los campos donde surgen m\u00e1s iniciativas que ayudan a dinamizar la actividad econ\u00f3mica local.<br \/>\n<img loading=\"lazy\" class=\"alignleft size-full wp-image-53\" src=\"http:\/\/divulgaciondinamica.info\/promos\/wp-content\/uploads\/2015\/03\/diploma-digital1.png\" alt=\"diploma-digital\" width=\"479\" height=\"322\" srcset=\"https:\/\/divulgaciondinamica.info\/promos\/wp-content\/uploads\/2015\/03\/diploma-digital1.png 479w, https:\/\/divulgaciondinamica.info\/promos\/wp-content\/uploads\/2015\/03\/diploma-digital1-300x202.png 300w\" sizes=\"(max-width: 479px) 100vw, 479px\" \/><\/p>\n<p style=\"text-align: left;\" align=\"justify\">\n<\/div>\n<p>[\/vc_column_text][\/vc_column][vc_column width=\u00bb1\/2&#8243;][vc_column_text]<\/p>\n<div id=\"stcpDiv\">\n<h3 style=\"text-align: left;\" align=\"justify\">Temario del M\u00e1ster:<\/h3>\n<p>&nbsp;<\/p>\n<div id=\"stcpDiv\">\n<p><strong>1. EL OCIO COMO NUEVO YACIMIENTO DE EMPLEO<\/strong><\/p>\n<p>1.1. Ocio cultural<br \/>\n1.1.1.\u00a0 Concepto de cultura<br \/>\n1.1.2. El Ocio<br \/>\n1.1.3. El arte y la cultura\u00a0 como \u00e1mbito del ocio<br \/>\n1.2. Perspectivas actuales en relaci\u00f3n al ocio<br \/>\n1.3. Ocio cultural: nuevo yacimiento de empleo<\/p>\n<p><strong>2. EMPRENDIZAJE DE SERVICIOS DE OCIO. NUEVOS MODELOS DE NEGOCIO<\/strong><\/p>\n<p>2.1. Emprendizaje e innovaci\u00f3n en servicios de ocio<br \/>\n2.1.1. Nuevos modelos de negocio<br \/>\n2.2. Las empresas de ocio<br \/>\n2.3. Idea de negocio-Oportunidad de negocio<br \/>\n2.4. El plan de empresa<br \/>\n2.5. Creatividad y nuevos modelos de negocio<br \/>\n2.5.1. La Estrategia del Oc\u00e9ano Azul<br \/>\n2.5.2. T\u00e9cnicas de creatividad<\/p>\n<p><strong>3. MARKETING Y COMUNICACI\u00d3N DE SERVICIOS DE OCIO EN LA RED<\/strong><\/p>\n<p>3.1. Marketing y comunicaci\u00f3n de servicios de ocio<br \/>\n3.1.2. Marketing de servicios como estrategia empresarial<br \/>\n3.1.3. Variables en el marketing de servicios de ocio<br \/>\n3.2. Marketing digital<br \/>\n3.2.1. Marketing en medios sociales<br \/>\n3.2.2. Mobile Marketing<br \/>\n3.2.3. Marketing de buscadores<br \/>\n3.2.4. Compras grupales<br \/>\n3.3. Plan Social Media<br \/>\n3.3.1. Gesti\u00f3n de crisis<\/p>\n<p><strong>4. EVALUACI\u00d3N Y CALIDAD EN LOS SERVICIOS DE OCIO<\/strong><\/p>\n<p>4.1. Conceptualizaci\u00f3n de evaluaci\u00f3n<br \/>\n4.1.1. Planificaci\u00f3n y desarrollo de la evaluaci\u00f3n<br \/>\n4.1.2. Descripci\u00f3n de algunas t\u00e9cnicas b\u00e1sicas para recoger informaci\u00f3n<br \/>\n4.2. Conceptualizaci\u00f3n de calidad<br \/>\n4.2.1. La calidad en las empresas de servicio<\/p>\n<p><strong>5. DISE\u00d1O, PLANIFICACI\u00d3N Y GESTI\u00d3N DE EVENTOS DE OCIO<\/strong><\/p>\n<p>5.1. \u00bfQu\u00e9 es un evento de ocio?<br \/>\n5.2. El proceso de la organizaci\u00f3n de eventos<br \/>\n5.3. La creatividad en los eventos<br \/>\n5.4. Herramientas esenciales para un productor de eventos<br \/>\n5.5. Organizaci\u00f3n de eventos y propiedad intelectual<br \/>\n5.6. Accesibilidad de los eventos de ocio<br \/>\n5.7. Sostenibilidad de los eventos<br \/>\n5.8. Prevenci\u00f3n de riesgos laborales en el entorno de los eventos<\/p>\n<p><strong>6. INTERPRETACI\u00d3N Y RECURSOS INTERPRETATIVOS<\/strong><\/p>\n<p>6.1. Interpretaci\u00f3n y comunicaci\u00f3n con el p\u00fablico: finalidad y objetivos<br \/>\n6.2.1. Principios de Freeman Tilden<br \/>\n6.2.2. Principios de interpretaci\u00f3n para el siglo XXI<br \/>\n6.2. La planificaci\u00f3n interpretativa<br \/>\n6.2.1. An\u00e1lisis Inicial<br \/>\n6.2.2. Formulaci\u00f3n de objetivos de planificaci\u00f3n<br \/>\n6.2.3. Identificaci\u00f3n de recursos<br \/>\n6.2.4. An\u00e1lisis<br \/>\n6.2.5. S\u00edntesis-Plan<br \/>\n6.2.6. Ejecuci\u00f3n del plan<br \/>\n6.2.7. Evaluaci\u00f3n y seguimiento<br \/>\n6.3. Comunicaci\u00f3n entre int\u00e9rprete y audiencia<br \/>\n6.4. Dise\u00f1o de itinerarios interpretativos<\/p>\n<p><strong>7. GESTI\u00d3N DE GRUPOS EN ACTIVIDADES DE OCIO<\/strong><\/p>\n<p>7.1. Concepto de grupo<br \/>\n7.2. Los grupos como unidad de funcionamiento de las actividades de ocio<br \/>\n7.3. Comunicaci\u00f3n grupal en actividades de ocio<br \/>\n7.4. T\u00e9cnicas de dinamizaci\u00f3n grupal<br \/>\n7.5. Los grupos como sectores de mercado de las actividades de ocio<\/p>\n<p><strong>8. OCIO Y DINAMIZACI\u00d3N CULTURAL: TALLERES CULTURALES<\/strong><\/p>\n<p>8.1. Los talleres de ocio cultural<br \/>\n8.1.1. Fundamentos y bases te\u00f3ricas de los talleres culturales<br \/>\n8.2. Planificaci\u00f3n de talleres de ocio cultural<br \/>\n8.2.1. Principios metodol\u00f3gicos de los talleres de ocio<br \/>\n8.2.2. Algunas consideraciones para la planificaci\u00f3n y ejecuci\u00f3n de talleres<br \/>\n8.3 Un caso pr\u00e1ctico: Inclusi\u00f3n social a trav\u00e9s de la dinamizaci\u00f3n art\u00edstica<\/p>\n<\/div>\n<\/div>\n<p>[\/vc_column_text][\/vc_column][\/vc_row][vc_row css=\u00bb.vc_custom_1427806970509{margin-top: 35px !important;margin-bottom: 35px !important;}\u00bb][vc_column][vc_column_text]<\/p>\n<p style=\"text-align: center;\"><a class=\"vc_btn vc_btn_orange vc_btn-orange vc_btn_lg vc_btn-lg vc_btn_rounded\" title=\"\" href=\"https:\/\/docs.google.com\/forms\/d\/e\/1FAIpQLSfrCIKoBZZVtqyCGeZj68Tj37uD3p_gqAyv3QnQJzmKXHpUTg\/viewform\" target=\"_blank\">M\u00c1S INFORMACI\u00d3N<\/a><\/p>\n<p>[\/vc_column_text][\/vc_column][\/vc_row]<\/p>\n","protected":false},"excerpt":{"rendered":"<p>[vc_row css=\u00bb.vc_custom_1427804811471{margin-top: 25px !important;margin-bottom: 25px !important;}\u00bb][vc_column width=\u00bb2\/3&#8243;][vc_single_image image=\u00bb1573&#8243; img_size=\u00bb661&#215;82&#8243;][\/vc_column][vc_column width=\u00bb1\/3&#8243;][vc_column_text] 648 25 89 67 promotora3@divulgaciondinamica.es [\/vc_column_text][\/vc_column][\/vc_row][vc_row][vc_column][vc_column_text][\/vc_column_text][\/vc_column][\/vc_row][vc_row css=\u00bb.vc_custom_1427804437681{margin-top: 35px !important;margin-bottom: 35px !important;}\u00bb][vc_column width=\u00bb1\/4&#8243;][vc_single_image image=\u00bb5063&#8243; img_size=\u00bb250&#215;195&#8243; alignment=\u00bbcenter\u00bb][\/vc_column][vc_column width=\u00bb1\/4&#8243;][vc_single_image image=\u00bb5064&#8243; img_size=\u00bb250&#215;195&#8243; alignment=\u00bbcenter\u00bb][\/vc_column][vc_column width=\u00bb1\/4&#8243;][vc_single_image image=\u00bb5065&#8243; img_size=\u00bb250&#215;195&#8243; alignment=\u00bbcenter\u00bb][\/vc_column][vc_column width=\u00bb1\/4&#8243;][vc_single_image image=\u00bb5223&#8243; img_size=\u00bb250&#215;195&#8243; alignment=\u00bbcenter\u00bb][\/vc_column][\/vc_row][vc_row][vc_column][\/vc_column][\/vc_row][vc_row css=\u00bb.vc_custom_1427805189823{margin-top: 35px !important;margin-bottom:<\/p>\n","protected":false},"author":1,"featured_media":0,"parent":0,"menu_order":0,"comment_status":"closed","ping_status":"closed","template":"","meta":[],"yoast_head":"<!-- This site is optimized with the Yoast SEO plugin v15.7 - https:\/\/yoast.com\/wordpress\/plugins\/seo\/ -->\n<title>M\u00e1ster en Gesti\u00f3n de Proyectos de Dinamizaci\u00f3n Cultural - Divulgaci\u00f3n Din\u00e1mica<\/title>\n<meta name=\"robots\" content=\"index, follow, max-snippet:-1, max-image-preview:large, max-video-preview:-1\" \/>\n<link rel=\"canonical\" href=\"https:\/\/divulgaciondinamica.info\/promos\/master-gestion-proyectos-dinamizacion-cultural\/\" \/>\n<meta property=\"og:locale\" content=\"es_ES\" \/>\n<meta property=\"og:type\" content=\"article\" \/>\n<meta property=\"og:title\" content=\"M\u00e1ster en Gesti\u00f3n de Proyectos de Dinamizaci\u00f3n Cultural - Divulgaci\u00f3n Din\u00e1mica\" \/>\n<meta property=\"og:description\" content=\"[vc_row css=\u00bb.vc_custom_1427804811471{margin-top: 25px !important;margin-bottom: 25px !important;}\u00bb][vc_column width=\u00bb2\/3&#8243;][vc_single_image image=\u00bb1573&#8243; img_size=\u00bb661&#215;82&#8243;][\/vc_column][vc_column width=\u00bb1\/3&#8243;][vc_column_text] 648 25 89 67 promotora3@divulgaciondinamica.es [\/vc_column_text][\/vc_column][\/vc_row][vc_row][vc_column][vc_column_text][\/vc_column_text][\/vc_column][\/vc_row][vc_row css=\u00bb.vc_custom_1427804437681{margin-top: 35px !important;margin-bottom: 35px !important;}\u00bb][vc_column width=\u00bb1\/4&#8243;][vc_single_image image=\u00bb5063&#8243; img_size=\u00bb250&#215;195&#8243; alignment=\u00bbcenter\u00bb][\/vc_column][vc_column width=\u00bb1\/4&#8243;][vc_single_image image=\u00bb5064&#8243; img_size=\u00bb250&#215;195&#8243; alignment=\u00bbcenter\u00bb][\/vc_column][vc_column width=\u00bb1\/4&#8243;][vc_single_image image=\u00bb5065&#8243; img_size=\u00bb250&#215;195&#8243; alignment=\u00bbcenter\u00bb][\/vc_column][vc_column width=\u00bb1\/4&#8243;][vc_single_image image=\u00bb5223&#8243; img_size=\u00bb250&#215;195&#8243; alignment=\u00bbcenter\u00bb][\/vc_column][\/vc_row][vc_row][vc_column][\/vc_column][\/vc_row][vc_row css=\u00bb.vc_custom_1427805189823{margin-top: 35px !important;margin-bottom:\" \/>\n<meta property=\"og:url\" content=\"https:\/\/divulgaciondinamica.info\/promos\/master-gestion-proyectos-dinamizacion-cultural\/\" \/>\n<meta property=\"og:site_name\" content=\"Divulgaci\u00f3n Din\u00e1mica\" \/>\n<meta property=\"article:publisher\" content=\"https:\/\/www.facebook.com\/divulgaciondinamicaformacion\/\" \/>\n<meta property=\"article:modified_time\" content=\"2017-02-07T11:36:26+00:00\" \/>\n<meta property=\"og:image\" content=\"http:\/\/divulgaciondinamica.info\/promos\/wp-content\/uploads\/2015\/11\/informacion-master-gesti\u00f3n-de-proyectos-de-dinamizaci\u00f3n-cultural.png\" \/>\n<meta name=\"twitter:card\" content=\"summary_large_image\" \/>\n<meta name=\"twitter:site\" content=\"@divulgaciond\" \/>\n<meta name=\"twitter:label1\" content=\"Tiempo de lectura\">\n\t<meta name=\"twitter:data1\" content=\"4 minutos\">\n<script type=\"application\/ld+json\" class=\"yoast-schema-graph\">{\"@context\":\"https:\/\/schema.org\",\"@graph\":[{\"@type\":\"Organization\",\"@id\":\"https:\/\/divulgaciondinamica.info\/promos\/#organization\",\"name\":\"Divulgaci\\u00f3n Din\\u00e1mica S.L.\",\"url\":\"https:\/\/divulgaciondinamica.info\/promos\/\",\"sameAs\":[\"https:\/\/www.facebook.com\/divulgaciondinamicaformacion\/\",\"https:\/\/www.instagram.com\/divulgaciondinamica\",\"https:\/\/www.linkedin.com\/company-beta\/9490428\/\",\"https:\/\/www.youtube.com\/user\/ddinamica2010\",\"https:\/\/twitter.com\/divulgaciond\"],\"logo\":{\"@type\":\"ImageObject\",\"@id\":\"https:\/\/divulgaciondinamica.info\/promos\/#logo\",\"inLanguage\":\"es\",\"url\":\"https:\/\/divulgaciondinamica.info\/promos\/wp-content\/uploads\/2016\/02\/logo-divulgaciondinamica-ddf.png\",\"width\":400,\"height\":79,\"caption\":\"Divulgaci\\u00f3n Din\\u00e1mica S.L.\"},\"image\":{\"@id\":\"https:\/\/divulgaciondinamica.info\/promos\/#logo\"}},{\"@type\":\"WebSite\",\"@id\":\"https:\/\/divulgaciondinamica.info\/promos\/#website\",\"url\":\"https:\/\/divulgaciondinamica.info\/promos\/\",\"name\":\"Divulgaci\\u00f3n Din\\u00e1mica\",\"description\":\"Formaci\\u00f3n de calidad al alcance de todos\",\"publisher\":{\"@id\":\"https:\/\/divulgaciondinamica.info\/promos\/#organization\"},\"potentialAction\":[{\"@type\":\"SearchAction\",\"target\":\"https:\/\/divulgaciondinamica.info\/promos\/?s={search_term_string}\",\"query-input\":\"required name=search_term_string\"}],\"inLanguage\":\"es\"},{\"@type\":\"ImageObject\",\"@id\":\"https:\/\/divulgaciondinamica.info\/promos\/master-gestion-proyectos-dinamizacion-cultural\/#primaryimage\",\"inLanguage\":\"es\",\"url\":\"http:\/\/divulgaciondinamica.info\/promos\/wp-content\/uploads\/2015\/11\/informacion-master-gesti\\u00f3n-de-proyectos-de-dinamizaci\\u00f3n-cultural.png\"},{\"@type\":\"WebPage\",\"@id\":\"https:\/\/divulgaciondinamica.info\/promos\/master-gestion-proyectos-dinamizacion-cultural\/#webpage\",\"url\":\"https:\/\/divulgaciondinamica.info\/promos\/master-gestion-proyectos-dinamizacion-cultural\/\",\"name\":\"M\\u00e1ster en Gesti\\u00f3n de Proyectos de Dinamizaci\\u00f3n Cultural - Divulgaci\\u00f3n Din\\u00e1mica\",\"isPartOf\":{\"@id\":\"https:\/\/divulgaciondinamica.info\/promos\/#website\"},\"primaryImageOfPage\":{\"@id\":\"https:\/\/divulgaciondinamica.info\/promos\/master-gestion-proyectos-dinamizacion-cultural\/#primaryimage\"},\"datePublished\":\"2015-11-30T08:00:58+00:00\",\"dateModified\":\"2017-02-07T11:36:26+00:00\",\"inLanguage\":\"es\",\"potentialAction\":[{\"@type\":\"ReadAction\",\"target\":[\"https:\/\/divulgaciondinamica.info\/promos\/master-gestion-proyectos-dinamizacion-cultural\/\"]}]}]}<\/script>\n<!-- \/ Yoast SEO plugin. -->","_links":{"self":[{"href":"https:\/\/divulgaciondinamica.info\/promos\/wp-json\/wp\/v2\/pages\/1527"}],"collection":[{"href":"https:\/\/divulgaciondinamica.info\/promos\/wp-json\/wp\/v2\/pages"}],"about":[{"href":"https:\/\/divulgaciondinamica.info\/promos\/wp-json\/wp\/v2\/types\/page"}],"author":[{"embeddable":true,"href":"https:\/\/divulgaciondinamica.info\/promos\/wp-json\/wp\/v2\/users\/1"}],"replies":[{"embeddable":true,"href":"https:\/\/divulgaciondinamica.info\/promos\/wp-json\/wp\/v2\/comments?post=1527"}],"version-history":[{"count":5,"href":"https:\/\/divulgaciondinamica.info\/promos\/wp-json\/wp\/v2\/pages\/1527\/revisions"}],"predecessor-version":[{"id":5296,"href":"https:\/\/divulgaciondinamica.info\/promos\/wp-json\/wp\/v2\/pages\/1527\/revisions\/5296"}],"wp:attachment":[{"href":"https:\/\/divulgaciondinamica.info\/promos\/wp-json\/wp\/v2\/media?parent=1527"}],"curies":[{"name":"wp","href":"https:\/\/api.w.org\/{rel}","templated":true}]}}