{"id":1518,"date":"2015-11-23T10:15:36","date_gmt":"2015-11-23T10:15:36","guid":{"rendered":"http:\/\/divulgaciondinamica.info\/promos\/?page_id=1518"},"modified":"2017-04-20T11:01:45","modified_gmt":"2017-04-20T11:01:45","slug":"master-dinamizacion-y-atencion-sociosanitaria-en-instituciones-geriatricas","status":"publish","type":"page","link":"https:\/\/divulgaciondinamica.info\/promos\/master-dinamizacion-y-atencion-sociosanitaria-en-instituciones-geriatricas\/","title":{"rendered":"M\u00e1ster Dinamizaci\u00f3n y Atenci\u00f3n Sociosanitaria en Instituciones Geri\u00e1tricas"},"content":{"rendered":"<p>[vc_row css=\u00bb.vc_custom_1427804811471{margin-top: 25px !important;margin-bottom: 25px !important;}\u00bb][vc_column width=\u00bb2\/3&#8243;][vc_single_image image=\u00bb1573&#8243; img_size=\u00bb661&#215;82&#8243;][\/vc_column][vc_column width=\u00bb1\/3&#8243;][vc_column_text]<\/p>\n<h6 style=\"text-align: right;\"><i class=\"fa fa-whatsapp\"><\/i> 628 069 839<\/h6>\n<p style=\"text-align: right;\"><strong>soporte1@divulgaciondinamica.es<\/strong><\/p>\n<p>[\/vc_column_text][\/vc_column][\/vc_row][vc_row css=\u00bb.vc_custom_1489484355483{margin-top: 25px !important;margin-bottom: 15px !important;}\u00bb][vc_column][vc_custom_heading text=\u00bbM\u00e1ster Online<br \/>\n\u00bb font_container=\u00bbtag:p|font_size:32|text_align:center|color:%230a7aba|line_height:1.1&#8243; google_fonts=\u00bbfont_family:Lato%3A100%2C100italic%2C300%2C300italic%2Cregular%2Citalic%2C700%2C700italic%2C900%2C900italic|font_style:300%20light%20regular%3A300%3Anormal\u00bb css=\u00bb.vc_custom_1492685948436{margin-bottom: 15px !important;}\u00bb][vc_custom_heading text=\u00bbDinamizaci\u00f3n y Atenci\u00f3n Sociosanitaria en Instituciones Geri\u00e1tricas\u00bb font_container=\u00bbtag:h1|font_size:38|text_align:center|color:%230a7aba|line_height:1.1&#8243; google_fonts=\u00bbfont_family:Lato%3A100%2C100italic%2C300%2C300italic%2Cregular%2Citalic%2C700%2C700italic%2C900%2C900italic|font_style:900%20bold%20regular%3A900%3Anormal\u00bb css=\u00bb.vc_custom_1492685939678{margin-bottom: 15px !important;}\u00bb][\/vc_column][\/vc_row][vc_row][vc_column][vc_column_text]<img loading=\"lazy\" class=\"alignleft wp-image-351 size-full\" title=\"Dinamizaci\u00f3n y Atenci\u00f3n Sociosanitaria en Instituciones Geri\u00e1tricas\" src=\"http:\/\/divulgaciondinamica.info\/promos\/wp-content\/uploads\/2015\/05\/imagen-master-dinamizacion-instituciones-geriatricas.jpg\" alt=\"M\u00e1ster en Dinamizaci\u00f3n y Atenci\u00f3n Sociosanitaria en Instituciones Geri\u00e1tricas Online\" width=\"643\" height=\"434\" srcset=\"https:\/\/divulgaciondinamica.info\/promos\/wp-content\/uploads\/2015\/05\/imagen-master-dinamizacion-instituciones-geriatricas.jpg 643w, https:\/\/divulgaciondinamica.info\/promos\/wp-content\/uploads\/2015\/05\/imagen-master-dinamizacion-instituciones-geriatricas-300x202.jpg 300w\" sizes=\"(max-width: 643px) 100vw, 643px\" \/><a href=\"http:\/\/www.divulgaciondinamica.es\/secretaria\/alumnos\/form\/290\/\" target=\"_blank\"><img loading=\"lazy\" class=\"alignleft wp-image-1633 size-full\" title=\"Solicita informaci\u00f3n del m\u00e1ster en Dinamizaci\u00f3n y Atenci\u00f3n Sociosanitaria en Instituciones Geri\u00e1tricas\" src=\"http:\/\/divulgaciondinamica.info\/promos\/wp-content\/uploads\/2015\/05\/PROMO-Master-Intervenci\u00f3n-sociosanitaria-en-instituciones-geriatricas_022.png\" alt=\"Dinamizaci\u00f3n y Atenci\u00f3n Sociosanitaria en Instituciones Geri\u00e1tricas\" width=\"417\" height=\"434\" srcset=\"https:\/\/divulgaciondinamica.info\/promos\/wp-content\/uploads\/2015\/05\/PROMO-Master-Intervenci\u00f3n-sociosanitaria-en-instituciones-geriatricas_022.png 417w, https:\/\/divulgaciondinamica.info\/promos\/wp-content\/uploads\/2015\/05\/PROMO-Master-Intervenci\u00f3n-sociosanitaria-en-instituciones-geriatricas_022-288x300.png 288w\" sizes=\"(max-width: 417px) 100vw, 417px\" \/><\/a>[\/vc_column_text][\/vc_column][\/vc_row][vc_row css=\u00bb.vc_custom_1427804437681{margin-top: 35px !important;margin-bottom: 35px !important;}\u00bb][vc_column width=\u00bb1\/4&#8243;][vc_single_image image=\u00bb35&#8243; img_size=\u00bb250&#215;195&#8243; alignment=\u00bbcenter\u00bb][\/vc_column][vc_column width=\u00bb1\/4&#8243;][vc_single_image image=\u00bb36&#8243; img_size=\u00bb250&#215;195&#8243; alignment=\u00bbcenter\u00bb][\/vc_column][vc_column width=\u00bb1\/4&#8243;][vc_single_image image=\u00bb37&#8243; img_size=\u00bb250&#215;195&#8243; alignment=\u00bbcenter\u00bb][\/vc_column][vc_column width=\u00bb1\/4&#8243;][vc_single_image image=\u00bb353&#8243; img_size=\u00bb250&#215;195&#8243; alignment=\u00bbcenter\u00bb][\/vc_column][\/vc_row][vc_row][vc_column][\/vc_column][\/vc_row][vc_row css=\u00bb.vc_custom_1427805189823{margin-top: 35px !important;margin-bottom: 35px !important;}\u00bb][vc_column width=\u00bb1\/2&#8243;][vc_column_text css=\u00bb.vc_custom_1492686006563{margin-bottom: 30px !important;}\u00bb]<\/p>\n<div id=\"stcpDiv\">\n<h3 style=\"text-align: left;\" align=\"justify\">Presentaci\u00f3n del M\u00e1ster:<\/h3>\n<p>&nbsp;<\/p>\n<p>El n\u00famero de personas de edad ha crecido r\u00e1pidamente en casi todos los pa\u00edses del mundo y as\u00ed actualmente, la tendencia hacia la profesionalizaci\u00f3n del cuidado junto con la realidad sociodemogr\u00e1fica de un mayor \u00edndice de esperanza de vida pone en evidencia la necesidad de formar nuevos profesionales que puedan proporcionar una atenci\u00f3n de calidad a las personas de edad tanto desde una perspectiva de la dependencia como m\u00e1s all\u00e1 de las atenciones asistenciales. Se viven m\u00e1s a\u00f1os, pero estos deben tener unas condiciones que den a las personas mayores la posibilidad de vivir esta etapa tambi\u00e9n con plenitud. No podemos asociar la vejez con exclusi\u00f3n social o con la p\u00e9rdida de derechos.<\/p>\n<p>El m\u00e1ster en \u00abDinamizaci\u00f3n y Atenci\u00f3n Sociosanitaria en Instituciones Geri\u00e1tricas\u00bb que presentamos, tiene como objetivo general ofrecer y\/o complementar la formaci\u00f3n espec\u00edfica de profesionales de centros geri\u00e1tricos y atenciones domiciliares de personas dependientes tanto para el cuidado y atenci\u00f3n sociosanitaria como psicol\u00f3gica y social (atenci\u00f3n integral) que permitan a los profesionales o personas interesadas en la atenci\u00f3n geri\u00e1trica dar respuesta a los retos que se presentan desde las pol\u00edticas actuales de envejecimiento activo.<br \/>\n<img loading=\"lazy\" class=\"alignleft size-full wp-image-53\" src=\"http:\/\/divulgaciondinamica.info\/promos\/wp-content\/uploads\/2015\/03\/diploma-digital1.png\" alt=\"diploma-digital\" width=\"479\" height=\"322\" srcset=\"https:\/\/divulgaciondinamica.info\/promos\/wp-content\/uploads\/2015\/03\/diploma-digital1.png 479w, https:\/\/divulgaciondinamica.info\/promos\/wp-content\/uploads\/2015\/03\/diploma-digital1-300x202.png 300w\" sizes=\"(max-width: 479px) 100vw, 479px\" \/><\/p>\n<p style=\"text-align: left;\" align=\"justify\">\n<\/div>\n<p>[\/vc_column_text][\/vc_column][vc_column width=\u00bb1\/2&#8243;][vc_column_text]<\/p>\n<div id=\"stcpDiv\">\n<h3 style=\"text-align: left;\" align=\"justify\">Temario del M\u00e1ster:<\/h3>\n<p>&nbsp;<\/p>\n<div id=\"stcpDiv\">\n<p><strong>1. CARACTER\u00cdSTICAS Y NECESIDADES DE LAS PERSONAS DEPENDIENTES<\/strong><\/p>\n<p>1.1 El proceso de envejecimiento<br \/>\n1.2 La enfermedad y la convalecencia<br \/>\n1.3 Las discapacidades<br \/>\n1.4 Seguridad en el hogar<\/p>\n<p><strong>2. LA ATENCI\u00d3N SOCIOSANITARIA DOMICILIARIA<\/strong><\/p>\n<p>2.1 Unidades convivenciales con personas dependientes<br \/>\n2.2 Servicios, programas y profesionales de atenci\u00f3n directa domiciliaria a personas dependientes: caracter\u00edsticas. Estructura funcional<br \/>\n2.3 Loas\/las cuidadores\/as principales y el servicio de ayuda a domicilio<br \/>\n2.4 La intervenci\u00f3n en las situaciones de duelo<br \/>\n2.5 La observaci\u00f3n. Registro de la evoluci\u00f3n funcional<br \/>\n2.6 Las ayudas t\u00e9cnicas y tecnol\u00f3gicas para la vida cotidiana<\/p>\n<p><strong>3. HIGIENE Y ASEO DE LA PERSONA DEPENDIENTE<\/strong><\/p>\n<p>3.1 Principios anatomofisiol\u00f3gicos del \u00f3rgano cut\u00e1neo<br \/>\n3.2 Higiene en el hogar<br \/>\n3.3 Higiene preventiva. Promoci\u00f3n de la salud<br \/>\n3.4 \u00dalceras por presi\u00f3n. Prevenci\u00f3n y tratamiento<br \/>\n3.5 Tipos de camas, accesorios y lencer\u00eda. T\u00e9cnicas de realizaci\u00f3n de camas<br \/>\n3.6 Recogida de excretas en pacientes encamados y\/o incontinentes<br \/>\n3.7 Prevenci\u00f3n y control de infecciones<br \/>\n3.8 Cuidados postmortem. Finalidad y preparaci\u00f3n del cad\u00e1ver<\/p>\n<p><strong>4. MOVILIZACI\u00d3N, TRASLADO Y DEAMBULACI\u00d3N<\/strong><\/p>\n<p>4.1 Principios anatomofisiol\u00f3gicos de sost\u00e9n y movimiento del cuerpo humano<br \/>\n4.2 Biomec\u00e1nica de las articulaciones<br \/>\n4.3 T\u00e9cnicas de movilizaci\u00f3n, traslado y deambulaci\u00f3n<\/p>\n<p><strong>5. PRINCIPIOS DE ALIMENTACI\u00d3N Y NUTRICI\u00d3N<\/strong><\/p>\n<p>5.1 Principios anatomofisiol\u00f3gicos de los sistemas digestivos y endocrino<br \/>\n5.2 Conceptos de alimentaci\u00f3n y nutrici\u00f3n<br \/>\n5.3 La dieta<\/p>\n<p><strong>6. ADMINISTRACI\u00d3N DE MEDICACI\u00d3N Y ALIMENTOS<\/strong><\/p>\n<p>6.1 Evoluci\u00f3n del metabolismo en el ciclo vital<br \/>\n6.2 Principios de farmacolog\u00eda general<br \/>\n6.3 Principios anatomofisiol\u00f3gicos de los sistemas cardiovasculares, respiratorio y excretor<br \/>\n6.4 T\u00e9cnicas de preparaci\u00f3n y administraci\u00f3n de mediaci\u00f3n por v\u00eda oral, t\u00f3pica y rectal, de aerosoles y ox\u00edgeno<br \/>\n6.5 T\u00e9cnicas de aplicaci\u00f3n de fr\u00edo y calor<br \/>\n6.6 Alimentaci\u00f3n por v\u00eda oral, enteral<br \/>\n6.7 Orientaci\u00f3n a la persona dependiente y sus cuidadores principales<br \/>\n6.8 T\u00e9cnicas de recogida de eliminaciones<br \/>\n6.9 Constantes vitales. T\u00e9cnicas y procedimientos<\/p>\n<p><strong>7. PRIMEROS AUXILIOS<\/strong><\/p>\n<p>7.1 Intoxicaciones<br \/>\n7.2 Traumatismos<br \/>\n7.3 Vendajes e inmovilizaciones<br \/>\n7.4 Mantenimiento de botiquines<br \/>\n7.5 T\u00e9cnicas de reanimaci\u00f3n cardiopulmonar<\/p>\n<p><strong>8. COMUNICACI\u00d3N Y HABILIDADES SOCIALES PARA LA ATENCI\u00d3N SOCIOSANITARIA<\/strong><\/p>\n<p>8.1 Estilos de comunicaci\u00f3n e interacciones sociales<br \/>\n8.2 Comunicaci\u00f3n y relaci\u00f3n de ayuda<br \/>\n8.3 Barreras de comunicaci\u00f3n<br \/>\n8.4 Habilidades de comunicaci\u00f3n e interacci\u00f3n social efectiva<br \/>\n8.5 Sistemas alternativos y aumentativos de comunicaci\u00f3n (SAACS)<\/p>\n<p><strong>9. FUNDAMENTOS DE LA ANIMACI\u00d3N GERI\u00c1TRICA<\/strong><\/p>\n<p>9.1 La Animaci\u00f3n geri\u00e1trica. El animador geri\u00e1trico<br \/>\n9.2 Vejez: aproximaci\u00f3n te\u00f3rica<br \/>\n9.3 Caracter\u00edsticas del proceso de envejecimiento<br \/>\n9.4 Tercera edad, jubilaci\u00f3n y tiempo libre<br \/>\n9.5 Perspectiva de g\u00e9nero en tercera edad<br \/>\n9.6 Planificaci\u00f3n y programaci\u00f3n de actividades de animaci\u00f3n para tercera edad<\/p>\n<p><strong>10. ACTIVIDADES PARA LA PROMOCI\u00d3N F\u00cdSICA DEL MAYOR<\/strong><\/p>\n<p>10.1 Promoci\u00f3n de un envejecimiento activo y saludable: nutrici\u00f3n y ejercicio f\u00edsico<br \/>\n10.2 El animador geri\u00e1trico como promotor de la salud f\u00edsica<br \/>\n10.3 Las actividades de animaci\u00f3n y promoci\u00f3n f\u00edsica: consideraciones, tipolog\u00edas, ejemplos y elementos de apoyo<br \/>\n10.4 Prevenci\u00f3n de riesgos en actividades f\u00edsicas<br \/>\n10.5 Valoraci\u00f3n de las condiciones previo a las actividades de animaci\u00f3n<\/p>\n<p><strong>11. ACTIVIDADES PARA LA PROMOCI\u00d3N PSICOSOCIAL DEL MAYOR<\/strong><\/p>\n<p>11.1 Promoci\u00f3n de un envejecimiento activo y saludable: actividad mental y participaci\u00f3n social<br \/>\n11.2 El papel de la familia en el envejecimiento activo<br \/>\n11.3 Estereotipos y auto estereotipos negativos sobre el envejecimiento<br \/>\n11.4 Recomendaciones generales en el trato a la persona mayor<br \/>\n11.5 Las tics en el desarrollo cognitivo y social de los mayores<br \/>\n11.6 Actividades para el desarrollo cognitivo y social de los mayores<\/p>\n<p><strong>+ CUADERNO DE CASOS PR\u00c1CTICOS<\/strong><\/p>\n<\/div>\n<\/div>\n<p>[\/vc_column_text][\/vc_column][\/vc_row][vc_row css=\u00bb.vc_custom_1427806970509{margin-top: 35px !important;margin-bottom: 35px !important;}\u00bb][vc_column][vc_column_text]<\/p>\n<p style=\"text-align: center;\"><a class=\"vc_btn vc_btn_orange vc_btn-orange vc_btn_lg vc_btn-lg vc_btn_rounded\" title=\"\" href=\"http:\/\/www.divulgaciondinamica.es\/secretaria\/alumnos\/form\/290\/\" target=\"_blank\">INSCRIPCI\u00d3N<\/a><\/p>\n<p>[\/vc_column_text][\/vc_column][\/vc_row]<\/p>\n","protected":false},"excerpt":{"rendered":"<p>[vc_row css=\u00bb.vc_custom_1427804811471{margin-top: 25px !important;margin-bottom: 25px !important;}\u00bb][vc_column width=\u00bb2\/3&#8243;][vc_single_image image=\u00bb1573&#8243; img_size=\u00bb661&#215;82&#8243;][\/vc_column][vc_column width=\u00bb1\/3&#8243;][vc_column_text] 628 069 839 soporte1@divulgaciondinamica.es [\/vc_column_text][\/vc_column][\/vc_row][vc_row css=\u00bb.vc_custom_1489484355483{margin-top: 25px !important;margin-bottom: 15px !important;}\u00bb][vc_column][vc_custom_heading text=\u00bbM\u00e1ster Online \u00bb font_container=\u00bbtag:p|font_size:32|text_align:center|color:%230a7aba|line_height:1.1&#8243; google_fonts=\u00bbfont_family:Lato%3A100%2C100italic%2C300%2C300italic%2Cregular%2Citalic%2C700%2C700italic%2C900%2C900italic|font_style:300%20light%20regular%3A300%3Anormal\u00bb css=\u00bb.vc_custom_1492685948436{margin-bottom: 15px !important;}\u00bb][vc_custom_heading text=\u00bbDinamizaci\u00f3n y Atenci\u00f3n Sociosanitaria en Instituciones Geri\u00e1tricas\u00bb font_container=\u00bbtag:h1|font_size:38|text_align:center|color:%230a7aba|line_height:1.1&#8243; google_fonts=\u00bbfont_family:Lato%3A100%2C100italic%2C300%2C300italic%2Cregular%2Citalic%2C700%2C700italic%2C900%2C900italic|font_style:900%20bold%20regular%3A900%3Anormal\u00bb css=\u00bb.vc_custom_1492685939678{margin-bottom: 15px !important;}\u00bb][\/vc_column][\/vc_row][vc_row][vc_column][vc_column_text][\/vc_column_text][\/vc_column][\/vc_row][vc_row<\/p>\n","protected":false},"author":1,"featured_media":0,"parent":0,"menu_order":0,"comment_status":"closed","ping_status":"closed","template":"","meta":[],"yoast_head":"<!-- This site is optimized with the Yoast SEO plugin v15.7 - https:\/\/yoast.com\/wordpress\/plugins\/seo\/ -->\n<title>M\u00e1ster Dinamizaci\u00f3n y Atenci\u00f3n Sociosanitaria en Instituciones Geri\u00e1tricas - Divulgaci\u00f3n Din\u00e1mica<\/title>\n<meta name=\"description\" content=\"M\u00e1ster en &quot;Dinamizaci\u00f3n y Atenci\u00f3n Sociosanitaria en Instituciones Geri\u00e1tricas&quot; Online. Formaci\u00f3n de calidad al alcance de todos. \u00a1Inf\u00f3rmate hoy mismo!\" \/>\n<meta name=\"robots\" content=\"index, follow, max-snippet:-1, max-image-preview:large, max-video-preview:-1\" \/>\n<link rel=\"canonical\" href=\"https:\/\/divulgaciondinamica.info\/promos\/master-dinamizacion-y-atencion-sociosanitaria-en-instituciones-geriatricas\/\" \/>\n<meta property=\"og:locale\" content=\"es_ES\" \/>\n<meta property=\"og:type\" content=\"article\" \/>\n<meta property=\"og:title\" content=\"M\u00e1ster Dinamizaci\u00f3n y Atenci\u00f3n Sociosanitaria en Instituciones Geri\u00e1tricas - Divulgaci\u00f3n Din\u00e1mica\" \/>\n<meta property=\"og:description\" content=\"M\u00e1ster en &quot;Dinamizaci\u00f3n y Atenci\u00f3n Sociosanitaria en Instituciones Geri\u00e1tricas&quot; Online. Formaci\u00f3n de calidad al alcance de todos. \u00a1Inf\u00f3rmate hoy mismo!\" \/>\n<meta property=\"og:url\" content=\"https:\/\/divulgaciondinamica.info\/promos\/master-dinamizacion-y-atencion-sociosanitaria-en-instituciones-geriatricas\/\" \/>\n<meta property=\"og:site_name\" content=\"Divulgaci\u00f3n Din\u00e1mica\" \/>\n<meta property=\"article:publisher\" content=\"https:\/\/www.facebook.com\/divulgaciondinamicaformacion\/\" \/>\n<meta property=\"article:modified_time\" content=\"2017-04-20T11:01:45+00:00\" \/>\n<meta property=\"og:image\" content=\"http:\/\/divulgaciondinamica.info\/promos\/wp-content\/uploads\/2015\/05\/imagen-master-dinamizacion-instituciones-geriatricas.jpg\" \/>\n<meta name=\"twitter:card\" content=\"summary_large_image\" \/>\n<meta name=\"twitter:site\" content=\"@divulgaciond\" \/>\n<meta name=\"twitter:label1\" content=\"Tiempo de lectura\">\n\t<meta name=\"twitter:data1\" content=\"6 minutos\">\n<script type=\"application\/ld+json\" class=\"yoast-schema-graph\">{\"@context\":\"https:\/\/schema.org\",\"@graph\":[{\"@type\":\"Organization\",\"@id\":\"https:\/\/divulgaciondinamica.info\/promos\/#organization\",\"name\":\"Divulgaci\\u00f3n Din\\u00e1mica S.L.\",\"url\":\"https:\/\/divulgaciondinamica.info\/promos\/\",\"sameAs\":[\"https:\/\/www.facebook.com\/divulgaciondinamicaformacion\/\",\"https:\/\/www.instagram.com\/divulgaciondinamica\",\"https:\/\/www.linkedin.com\/company-beta\/9490428\/\",\"https:\/\/www.youtube.com\/user\/ddinamica2010\",\"https:\/\/twitter.com\/divulgaciond\"],\"logo\":{\"@type\":\"ImageObject\",\"@id\":\"https:\/\/divulgaciondinamica.info\/promos\/#logo\",\"inLanguage\":\"es\",\"url\":\"https:\/\/divulgaciondinamica.info\/promos\/wp-content\/uploads\/2016\/02\/logo-divulgaciondinamica-ddf.png\",\"width\":400,\"height\":79,\"caption\":\"Divulgaci\\u00f3n Din\\u00e1mica S.L.\"},\"image\":{\"@id\":\"https:\/\/divulgaciondinamica.info\/promos\/#logo\"}},{\"@type\":\"WebSite\",\"@id\":\"https:\/\/divulgaciondinamica.info\/promos\/#website\",\"url\":\"https:\/\/divulgaciondinamica.info\/promos\/\",\"name\":\"Divulgaci\\u00f3n Din\\u00e1mica\",\"description\":\"Formaci\\u00f3n de calidad al alcance de todos\",\"publisher\":{\"@id\":\"https:\/\/divulgaciondinamica.info\/promos\/#organization\"},\"potentialAction\":[{\"@type\":\"SearchAction\",\"target\":\"https:\/\/divulgaciondinamica.info\/promos\/?s={search_term_string}\",\"query-input\":\"required name=search_term_string\"}],\"inLanguage\":\"es\"},{\"@type\":\"ImageObject\",\"@id\":\"https:\/\/divulgaciondinamica.info\/promos\/master-dinamizacion-y-atencion-sociosanitaria-en-instituciones-geriatricas\/#primaryimage\",\"inLanguage\":\"es\",\"url\":\"http:\/\/divulgaciondinamica.info\/promos\/wp-content\/uploads\/2015\/05\/imagen-master-dinamizacion-instituciones-geriatricas.jpg\"},{\"@type\":\"WebPage\",\"@id\":\"https:\/\/divulgaciondinamica.info\/promos\/master-dinamizacion-y-atencion-sociosanitaria-en-instituciones-geriatricas\/#webpage\",\"url\":\"https:\/\/divulgaciondinamica.info\/promos\/master-dinamizacion-y-atencion-sociosanitaria-en-instituciones-geriatricas\/\",\"name\":\"M\\u00e1ster Dinamizaci\\u00f3n y Atenci\\u00f3n Sociosanitaria en Instituciones Geri\\u00e1tricas - Divulgaci\\u00f3n Din\\u00e1mica\",\"isPartOf\":{\"@id\":\"https:\/\/divulgaciondinamica.info\/promos\/#website\"},\"primaryImageOfPage\":{\"@id\":\"https:\/\/divulgaciondinamica.info\/promos\/master-dinamizacion-y-atencion-sociosanitaria-en-instituciones-geriatricas\/#primaryimage\"},\"datePublished\":\"2015-11-23T10:15:36+00:00\",\"dateModified\":\"2017-04-20T11:01:45+00:00\",\"description\":\"M\\u00e1ster en \\\"Dinamizaci\\u00f3n y Atenci\\u00f3n Sociosanitaria en Instituciones Geri\\u00e1tricas\\\" Online. Formaci\\u00f3n de calidad al alcance de todos. \\u00a1Inf\\u00f3rmate hoy mismo!\",\"inLanguage\":\"es\",\"potentialAction\":[{\"@type\":\"ReadAction\",\"target\":[\"https:\/\/divulgaciondinamica.info\/promos\/master-dinamizacion-y-atencion-sociosanitaria-en-instituciones-geriatricas\/\"]}]}]}<\/script>\n<!-- \/ Yoast SEO plugin. -->","_links":{"self":[{"href":"https:\/\/divulgaciondinamica.info\/promos\/wp-json\/wp\/v2\/pages\/1518"}],"collection":[{"href":"https:\/\/divulgaciondinamica.info\/promos\/wp-json\/wp\/v2\/pages"}],"about":[{"href":"https:\/\/divulgaciondinamica.info\/promos\/wp-json\/wp\/v2\/types\/page"}],"author":[{"embeddable":true,"href":"https:\/\/divulgaciondinamica.info\/promos\/wp-json\/wp\/v2\/users\/1"}],"replies":[{"embeddable":true,"href":"https:\/\/divulgaciondinamica.info\/promos\/wp-json\/wp\/v2\/comments?post=1518"}],"version-history":[{"count":5,"href":"https:\/\/divulgaciondinamica.info\/promos\/wp-json\/wp\/v2\/pages\/1518\/revisions"}],"predecessor-version":[{"id":6601,"href":"https:\/\/divulgaciondinamica.info\/promos\/wp-json\/wp\/v2\/pages\/1518\/revisions\/6601"}],"wp:attachment":[{"href":"https:\/\/divulgaciondinamica.info\/promos\/wp-json\/wp\/v2\/media?parent=1518"}],"curies":[{"name":"wp","href":"https:\/\/api.w.org\/{rel}","templated":true}]}}