{"id":14467,"date":"2018-10-04T11:57:42","date_gmt":"2018-10-04T11:57:42","guid":{"rendered":"https:\/\/divulgaciondinamica.info\/promos\/?page_id=14467"},"modified":"2018-10-04T12:09:22","modified_gmt":"2018-10-04T12:09:22","slug":"corso-di-animatore-per-ludoteca-d","status":"publish","type":"page","link":"https:\/\/divulgaciondinamica.info\/promos\/corso-di-animatore-per-ludoteca-d\/","title":{"rendered":"Corso di Animatore per Ludoteca D"},"content":{"rendered":"<p>[vc_row css=\u00bb.vc_custom_1427804811471{margin-top: 25px !important;margin-bottom: 25px !important;}\u00bb][vc_column width=\u00bb2\/3&#8243;][vc_single_image image=\u00bb1257&#8243; img_size=\u00bb661&#215;82&#8243;][\/vc_column][vc_column width=\u00bb1\/3&#8243;][vc_column_text]<\/p>\n<h6 style=\"text-align: right;\">0034 606 21 20 26<\/h6>\n<p style=\"text-align: right;\"><strong>informazione1@divulgazionedinamica.it<\/strong><\/p>\n<p>[\/vc_column_text][\/vc_column][\/vc_row][vc_row css=\u00bb.vc_custom_1489484355483{margin-top: 25px !important;margin-bottom: 15px !important;}\u00bb][vc_column][vc_custom_heading text=\u00bbCorso Online\u00bb font_container=\u00bbtag:h2|font_size:32|text_align:center|color:%230a7aba|line_height:1.1&#8243; google_fonts=\u00bbfont_family:Lato%3A100%2C100italic%2C300%2C300italic%2Cregular%2Citalic%2C700%2C700italic%2C900%2C900italic|font_style:300%20light%20regular%3A300%3Anormal\u00bb css=\u00bb.vc_custom_1490354547297{margin-bottom: 5px !important;}\u00bb][vc_custom_heading text=\u00bbAnimatore per Ludoteca\u00bb font_container=\u00bbtag:h2|font_size:44|text_align:center|color:%230a7aba|line_height:1.1&#8243; google_fonts=\u00bbfont_family:Lato%3A100%2C100italic%2C300%2C300italic%2Cregular%2Citalic%2C700%2C700italic%2C900%2C900italic|font_style:900%20bold%20regular%3A900%3Anormal\u00bb css=\u00bb.vc_custom_1520508012727{margin-bottom: 15px !important;}\u00bb][\/vc_column][\/vc_row][vc_row css=\u00bb.vc_custom_1489484502411{margin-top: 25px !important;margin-right: 0px !important;margin-bottom: 15px !important;}\u00bb][vc_column width=\u00bb1\/4&#8243;][vc_row_inner css=\u00bb.vc_custom_1489423995390{margin-top: 2px !important;margin-right: 2px !important;margin-bottom: 2px !important;margin-left: 2px !important;padding-top: 10px !important;padding-right: 5px !important;padding-bottom: 20px !important;padding-left: 5px !important;background-color: #efefef !important;}\u00bb][vc_column_inner][vc_icon icon_fontawesome=\u00bbfa fa-laptop\u00bb color=\u00bbsky\u00bb size=\u00bblg\u00bb align=\u00bbcenter\u00bb css_animation=\u00bbbottom-to-top\u00bb css=\u00bb.vc_custom_1489423953746{margin-bottom: 10px !important;}\u00bb][vc_custom_heading text=\u00bbModalit\u00e0:\u00bb font_container=\u00bbtag:h2|font_size:18|text_align:center|color:%230a7aba|line_height:1.2&#8243; google_fonts=\u00bbfont_family:Lato%3A100%2C100italic%2C300%2C300italic%2Cregular%2Citalic%2C700%2C700italic%2C900%2C900italic|font_style:900%20bold%20regular%3A900%3Anormal\u00bb css=\u00bb.vc_custom_1490353834073{margin-bottom: 5px !important;}\u00bb][vc_custom_heading text=\u00bb100% online\u00bb font_container=\u00bbtag:h2|font_size:16|text_align:center|color:%230a7aba|line_height:1.2&#8243; google_fonts=\u00bbfont_family:Lato%3A100%2C100italic%2C300%2C300italic%2Cregular%2Citalic%2C700%2C700italic%2C900%2C900italic|font_style:400%20regular%3A400%3Anormal\u00bb][\/vc_column_inner][\/vc_row_inner][\/vc_column][vc_column width=\u00bb1\/4&#8243;][vc_row_inner css=\u00bb.vc_custom_1489424000853{margin-top: 2px !important;margin-right: 2px !important;margin-bottom: 2px !important;margin-left: 2px !important;padding-top: 10px !important;padding-right: 5px !important;padding-bottom: 20px !important;padding-left: 5px !important;background-color: #efefef !important;}\u00bb][vc_column_inner][vc_icon icon_fontawesome=\u00bbfa fa-clock-o\u00bb color=\u00bbsky\u00bb size=\u00bblg\u00bb align=\u00bbcenter\u00bb css_animation=\u00bbbottom-to-top\u00bb css=\u00bb.vc_custom_1489424050530{margin-bottom: 10px !important;}\u00bb][vc_custom_heading text=\u00bbDurata:\u00bb font_container=\u00bbtag:h2|font_size:18|text_align:center|color:%230a7aba|line_height:1.2&#8243; google_fonts=\u00bbfont_family:Lato%3A100%2C100italic%2C300%2C300italic%2Cregular%2Citalic%2C700%2C700italic%2C900%2C900italic|font_style:900%20bold%20regular%3A900%3Anormal\u00bb css=\u00bb.vc_custom_1490353839666{margin-bottom: 5px !important;}\u00bb][vc_custom_heading text=\u00bb100 ore \/ 1 mese\u00bb font_container=\u00bbtag:h2|font_size:16|text_align:center|color:%230a7aba|line_height:1.2&#8243; google_fonts=\u00bbfont_family:Lato%3A100%2C100italic%2C300%2C300italic%2Cregular%2Citalic%2C700%2C700italic%2C900%2C900italic|font_style:400%20regular%3A400%3Anormal\u00bb][\/vc_column_inner][\/vc_row_inner][\/vc_column][vc_column width=\u00bb1\/4&#8243;][vc_row_inner css=\u00bb.vc_custom_1489424005381{margin-top: 2px !important;margin-right: 2px !important;margin-bottom: 2px !important;margin-left: 2px !important;padding-top: 10px !important;padding-right: 5px !important;padding-bottom: 20px !important;padding-left: 5px !important;background-color: #efefef !important;}\u00bb][vc_column_inner][vc_icon icon_fontawesome=\u00bbfa fa-calendar\u00bb color=\u00bbsky\u00bb size=\u00bblg\u00bb align=\u00bbcenter\u00bb css_animation=\u00bbbottom-to-top\u00bb css=\u00bb.vc_custom_1489423962381{margin-bottom: 10px !important;}\u00bb][vc_custom_heading text=\u00bbData d&#8217;inizio:\u00bb font_container=\u00bbtag:h2|font_size:18|text_align:center|color:%230a7aba|line_height:1.2&#8243; google_fonts=\u00bbfont_family:Lato%3A100%2C100italic%2C300%2C300italic%2Cregular%2Citalic%2C700%2C700italic%2C900%2C900italic|font_style:900%20bold%20regular%3A900%3Anormal\u00bb css=\u00bb.vc_custom_1490353853059{margin-bottom: 5px !important;}\u00bb][vc_custom_heading text=\u00bbIscrizione libera\u00bb font_container=\u00bbtag:h2|font_size:16|text_align:center|color:%230a7aba|line_height:1.2&#8243; google_fonts=\u00bbfont_family:Lato%3A100%2C100italic%2C300%2C300italic%2Cregular%2Citalic%2C700%2C700italic%2C900%2C900italic|font_style:400%20regular%3A400%3Anormal\u00bb][\/vc_column_inner][\/vc_row_inner][\/vc_column][vc_column width=\u00bb1\/4&#8243;][vc_row_inner css=\u00bb.vc_custom_1489424009765{margin-top: 2px !important;margin-right: 2px !important;margin-bottom: 2px !important;margin-left: 2px !important;padding-top: 10px !important;padding-right: 5px !important;padding-bottom: 20px !important;padding-left: 5px !important;background-color: #efefef !important;}\u00bb][vc_column_inner][vc_icon icon_fontawesome=\u00bbfa fa-graduation-cap\u00bb color=\u00bbsky\u00bb size=\u00bblg\u00bb align=\u00bbcenter\u00bb css_animation=\u00bbbottom-to-top\u00bb css=\u00bb.vc_custom_1489423967355{margin-bottom: 10px !important;}\u00bb][vc_custom_heading text=\u00bbTasse Amministrative:\u00bb font_container=\u00bbtag:h2|font_size:18|text_align:center|color:%230a7aba|line_height:1.2&#8243; google_fonts=\u00bbfont_family:Lato%3A100%2C100italic%2C300%2C300italic%2Cregular%2Citalic%2C700%2C700italic%2C900%2C900italic|font_style:900%20bold%20regular%3A900%3Anormal\u00bb css=\u00bb.vc_custom_1490353866979{margin-bottom: 5px !important;}\u00bb][vc_custom_heading text=\u00bbPrima 76\u20ac | Ora 68\u20ac\u00bb font_container=\u00bbtag:h2|font_size:16|text_align:center|color:%230a7aba|line_height:1.2&#8243; google_fonts=\u00bbfont_family:Lato%3A100%2C100italic%2C300%2C300italic%2Cregular%2Citalic%2C700%2C700italic%2C900%2C900italic|font_style:400%20regular%3A400%3Anormal\u00bb][\/vc_column_inner][\/vc_row_inner][\/vc_column][\/vc_row][vc_row][vc_column][vc_column_text]<img loading=\"lazy\" class=\"wp-image-13689 size-full alignnone\" src=\"https:\/\/divulgaciondinamica.info\/promos\/wp-content\/uploads\/2018\/09\/Aux-infantil.jpg\" alt=\"\" width=\"643\" height=\"434\" srcset=\"https:\/\/divulgaciondinamica.info\/promos\/wp-content\/uploads\/2018\/09\/Aux-infantil.jpg 643w, https:\/\/divulgaciondinamica.info\/promos\/wp-content\/uploads\/2018\/09\/Aux-infantil-300x202.jpg 300w\" sizes=\"(max-width: 643px) 100vw, 643px\" \/><iframe style=\"border: 0px solid grey;\" src=\"https:\/\/segreteria.divulgazionedinamica.it\/alumnos\/iframe\/223\/\" width=\"417\" height=\"434\" scrolling=\"auto\"><\/iframe>[\/vc_column_text][\/vc_column][\/vc_row][vc_row css=\u00bb.vc_custom_1427804437681{margin-top: 35px !important;margin-bottom: 35px !important;}\u00bb][vc_column width=\u00bb1\/4&#8243;][vc_single_image image=\u00bb5967&#8243; img_size=\u00bb250&#215;195&#8243; alignment=\u00bbcenter\u00bb][\/vc_column][vc_column width=\u00bb1\/4&#8243;][vc_single_image image=\u00bb11063&#8243; img_size=\u00bb250&#215;195&#8243; alignment=\u00bbcenter\u00bb][\/vc_column][vc_column width=\u00bb1\/4&#8243;][vc_single_image image=\u00bb5965&#8243; img_size=\u00bb250&#215;195&#8243; alignment=\u00bbcenter\u00bb][\/vc_column][vc_column width=\u00bb1\/4&#8243;][vc_single_image image=\u00bb11011&#8243; img_size=\u00bb250&#215;195&#8243; alignment=\u00bbcenter\u00bb][\/vc_column][\/vc_row][vc_row][vc_column][\/vc_column][\/vc_row][vc_row css=\u00bb.vc_custom_1427805189823{margin-top: 35px !important;margin-bottom: 35px !important;}\u00bb][vc_column width=\u00bb1\/2&#8243;][vc_custom_heading text=\u00bbPresentazione del Corso:\u00bb font_container=\u00bbtag:h2|font_size:26|text_align:left|color:%230a7aba|line_height:1.2&#8243; google_fonts=\u00bbfont_family:Lato%3A100%2C100italic%2C300%2C300italic%2Cregular%2Citalic%2C700%2C700italic%2C900%2C900italic|font_style:900%20bold%20regular%3A900%3Anormal\u00bb css=\u00bb.vc_custom_1490353993961{margin-bottom: 45px !important;}\u00bb][vc_column_text css=\u00bb.vc_custom_1538654547458{margin-bottom: 30px !important;}\u00bb]<\/p>\n<div id=\"stcpDiv\">\n<div class=\"w-tabs-section-content\">\n<div class=\"w-tabs-section-content-h i-cf\">\n<div class=\"wpb_text_column \">\n<div class=\"wpb_wrapper\">\n<p>Negli utlimi decenni, la domanda di attivit\u00e0, tanto di tipo educativo quanto ludico, sportivo e culturale per i bambini dagli 0 ai 6 anni (et\u00e0 in cui inizia la scuola dell\u2019obbligo), cos\u00ec come la comparsa di centri specializzati in cui si offrono questi servizi ai pi\u00f9 piccoli, hanno acquisito sempre pi\u00f9 importanza. Attualmente non si tratta pi\u00f9 di tenere questi bambini sotto la tutela o la custodia, ma di associare questi centri alla stimolazione del linguaggio e delle abilit\u00e0 cognitive e socioemotive dei minori, confermando l\u2019importante funzione sociale della scolarizzazione infantile.<\/p>\n<p>Da questa prospettiva, l\u2019educazione infantile \u00e8 una tappa fondamentale per lo sviluppo dei bambini e delle bambine, poich\u00e9 permette loro di costruire la propria personalit\u00e0, ampliare le proprie esperienze e favorire la socializzazione, esercitando allo stesso tempo una funzione compensatrice delle disuguaglianze sociali.<\/p>\n<p>Il corso di Animatore per Ludoteche che presentiamo offre una serie di elementi concettuali, metodologici e pratici, che permettono ai professionisti di agire in modo coordinato con lo staff didattico e con la famiglia per offrire un\u2019assistenza socioeducativa di qualit\u00e0.<\/p>\n<\/div>\n<p><span style=\"color: #999999;\">&#8211;<\/span><br \/>\n<span style=\"color: #0a7aba;\"><i class=\"fa fa-calendar-check-o\"><\/i> <strong>DURATA:<\/strong><\/span><\/p>\n<p>1 mese (100 ore).<br \/>\n<span style=\"color: #999999;\">&#8211;<\/span><strong><br \/>\n<span style=\"color: #0a7aba;\"><i class=\"fa fa-laptop\"><\/i> MODALIT\u00c0:<\/span><\/strong><\/p>\n<p>Piattaforma online a tua disposizione 24 ore su 24. Studia in base ai tuoi ritmi, senza una data specifica per gli esami, gestendo il corso in completa autonomia. Il requisito minimo \u00e8 portare a termine il corso e gli esami <strong>entro 1 mese dalla data di inizio.<\/strong><br \/>\n<span style=\"color: #999999;\">&#8211;<\/span><br \/>\n<span style=\"color: #0a7aba;\"><i class=\"fa fa-mouse-pointer\"><\/i> <strong>METODOLOGIA:<\/strong><\/span><\/p>\n<p>Tutto ci\u00f2 di cui avrai bisogno relativo al corso sar\u00e0 disponibile nella nosta Piattaforma online. Il corso prevede <strong>4 moduli.<\/strong> Il materiale \u00e8 disponibile in formato PDF per scaricarlo, studiarlo e, se lo desideri, stamparlo. Il nostro materiale \u00e8 vario e dinamico e include contenuti audiovisivi, link con informazioni aggiuntive, ricorsi interessanti, esempi pratici e strumenti di ricerca. Avrai accesso a un forum online attraverso il quale potrai comunicare con un team di tutor a tua disposizione per qualsiasi domanda.<br \/>\n<span style=\"color: #999999;\">&#8211;<\/span><br \/>\n<span style=\"color: #0a7aba;\"><i class=\"fa fa-flag\"><\/i> <strong>ESAMI:<\/strong><\/span><\/p>\n<p>\u00c8 presente <strong>un esame per ciascun modulo<\/strong> (tra le 10 e le 20 domande per ciascun esame) ed avrai 3 tentativi a disposizione per ogni test. Dovrai infine sostenere un<strong> esame finale<\/strong> (tra le 30 e le 40 domande) che racchiude domande circa tutti i temi del corso e dovr\u00e0 essere superato al primo tentativo\u2013<br \/>\n<span style=\"color: #999999;\">&#8211;<\/span><br \/>\n<span style=\"color: #0a7aba;\"><i class=\"fa fa-graduation-cap\"><\/i> <strong>DIPLOMA:<\/strong><\/span><\/p>\n<p>Una volta superati tutti gli esami, <strong>il diploma verr\u00e0 inviato automaticamente, entro 10 giorni dalla data ultima di fine corso, all\u2019indirizzo di posta elettronica che ha comunicato al momento della registrazione.<\/strong><br \/>\n<span style=\"color: #999999;\">&#8211;<\/span><strong><br \/>\n<span style=\"color: #0a7aba;\"><i class=\"fa fa-check\"><\/i> VALIDIT\u00c0:<\/span><\/strong><\/p>\n<p>I nostri diplomi sono<strong> certificati dalla nostra azienda, Divulgazione Dinamica S.L. in possesso del REGISTRO DI QUALIT\u00c0 ISO 9001:2008 e revisati da EADL (European Association for Distance Learning)<\/strong>. Tutti i nostri diplomi conformano con la nuova legislazione e includono una <strong>Firma digitale, Firma elettronica e un Codice di Verifica<\/strong>, attaverso il quale qualsiasi persona o ente potr\u00e0 verificarne la validit\u00e0. Divulgazione Dimanica \u00e8 presente nel <strong>Registro di trasparenza dell\u2019Unione Europea<\/strong>.<br \/>\n<span style=\"color: #999999;\">&#8211;<\/span><br \/>\n<span style=\"color: #0a7aba;\"><i class=\"fa fa-tag\"><\/i> <strong>TASSE AMMINISTRATIVE:<\/strong><\/span><\/p>\n<p>\u00c8 previsto un <strong>costo unico di 68\u20ac<\/strong> relativo ai costi di gestione ed emissione del diploma, manutenzione della Piattaforma di Formazione e servizio di Tutorato Personale.<\/p>\n<\/div>\n<\/div>\n<\/div>\n<p><a href=\"http:\/\/divulgaciondinamica.info\/promos\/wp-content\/uploads\/2015\/10\/Mensaje-Diploma-en-Italiano.png\"><img loading=\"lazy\" class=\"aligncenter wp-image-978 size-full\" src=\"http:\/\/divulgaciondinamica.info\/promos\/wp-content\/uploads\/2015\/10\/Mensaje-Diploma-en-Italiano.png\" alt=\"\" width=\"479\" height=\"322\" srcset=\"https:\/\/divulgaciondinamica.info\/promos\/wp-content\/uploads\/2015\/10\/Mensaje-Diploma-en-Italiano.png 479w, https:\/\/divulgaciondinamica.info\/promos\/wp-content\/uploads\/2015\/10\/Mensaje-Diploma-en-Italiano-300x202.png 300w\" sizes=\"(max-width: 479px) 100vw, 479px\" \/><\/a><\/p>\n<p style=\"text-align: left;\" align=\"justify\">\n<\/div>\n<p>[\/vc_column_text][\/vc_column][vc_column width=\u00bb1\/2&#8243;][vc_custom_heading text=\u00bbProgramma del Corso:\u00bb font_container=\u00bbtag:h2|font_size:26|text_align:left|color:%230a7aba|line_height:1.2&#8243; google_fonts=\u00bbfont_family:Lato%3A100%2C100italic%2C300%2C300italic%2Cregular%2Citalic%2C700%2C700italic%2C900%2C900italic|font_style:900%20bold%20regular%3A900%3Anormal\u00bb css=\u00bb.vc_custom_1538655034199{margin-bottom: 45px !important;}\u00bb][vc_column_text]<\/p>\n<div id=\"stcpDiv\">\n<p><strong>1. PEDAGOGIA DELL\u2019OZIO E DEL TEMPO LIBERO<\/strong><\/p>\n<p>1.1 Concetto di ozio e concetto di tempo libero<br \/>\n1.2 Ozio ed educazione<br \/>\n1.3 Implicazioni attuali della pedagogia dell\u2019ozio e del tempo libero<br \/>\n1.4 Contenuti della pedagogia dell\u2019ozio. La pianificazione.<br \/>\n1.5 Animatore di ozio e tempo libero<br \/>\n1.6 Possibilit\u00e0 educative del gruppo<\/p>\n<p><strong>2. GESTIONE DEI GRUPPI<\/strong><\/p>\n<p>2.1 Sviluppo psicosociale infantile e giovanile nelle proposte delle attivit\u00e0 d\u2019animazione<br \/>\n2.2 Tecniche d\u2019intervento educativo in base alla diversit\u00e0 individuale e di gruppo<br \/>\n2.3 Tecniche di gruppo nello svolgimento di attivit\u00e0 di tempo libero infantile e giovanile<\/p>\n<p><strong>3. PROGRAMMA DI ATTIVIT\u00c0 PER L\u2019INFANZIA: LABORATORI E TECNICHE<\/strong><\/p>\n<p>3.1 Organizzazione delle attivit\u00e0: caratteristiche dei programmi d\u2019animazione per l\u2019infanzia<br \/>\n3.2 Tecniche di animazione con microfono sul palcoscenico<br \/>\n3.3 Laboratorio dei giochi<br \/>\n3.4 Laboratori d\u2019animazione<\/p>\n<p><strong>4. TECNICHE E RISORSE PER L\u2019ANIMAZIONE NELLE ATTIVIT\u00c0 DI TEMPO LIBERO<\/strong><\/p>\n<p>4.1 I centri d\u2019interesse o nuclei dell\u2019animazione per le tecniche e le risorse di ozio e tempo libero<br \/>\n4.2 Tecniche di animazione, espressione e creativit\u00e0<br \/>\n4.3 Tecniche pedagogiche del gioco<br \/>\n4.4 Tecniche di educazione ambientale<br \/>\n4.5 Prevenzione dei rischi nelle attivit\u00e0 di ozio e tempo libero, sicurezza e salute<\/p>\n<\/div>\n<p>[\/vc_column_text][vc_custom_heading text=\u00bb+ Workshop gratuito\u00bb font_container=\u00bbtag:h2|font_size:26|text_align:left|color:%230a7aba|line_height:1.2&#8243; google_fonts=\u00bbfont_family:Lato%3A100%2C100italic%2C300%2C300italic%2Cregular%2Citalic%2C700%2C700italic%2C900%2C900italic|font_style:900%20bold%20regular%3A900%3Anormal\u00bb css=\u00bb.vc_custom_1538552286781{margin-bottom: 45px !important;}\u00bb][vc_column_text]<\/p>\n<div id=\"stcpDiv\">\n<p><strong>1. TECNICHE DI INTERVENTO NEI PROBLEMI DI COMPORTAMENTO INFANTILE<\/strong><\/p>\n<p>1.1 Intervento nei problemi di comportamento infantile<\/p>\n<\/div>\n<p>[\/vc_column_text][\/vc_column][\/vc_row][vc_row css=\u00bb.vc_custom_1489484531438{margin-bottom: 60px !important;padding-top: 15px !important;padding-bottom: 5px !important;background-color: #0a7aba !important;}\u00bb][vc_column][vc_row_inner][vc_column_inner width=\u00bb1\/4&#8243;][vc_column_text]\u00a0[\/vc_column_text][\/vc_column_inner][vc_column_inner width=\u00bb1\/2&#8243;][vc_column_text]<\/p>\n<div style=\"text-align: center;\"><iframe style=\"border: 0px solid grey;\" src=\"https:\/\/segreteria.divulgazionedinamica.it\/alumnos\/iframe\/223\/\" width=\"417\" height=\"425\" scrolling=\"auto\" align=\"center\"><\/iframe><\/div>\n<p>[\/vc_column_text][\/vc_column_inner][vc_column_inner width=\u00bb1\/4&#8243;][vc_column_text]\u00a0[\/vc_column_text][\/vc_column_inner][\/vc_row_inner][\/vc_column][\/vc_row]<\/p>\n","protected":false},"excerpt":{"rendered":"<p>[vc_row css=\u00bb.vc_custom_1427804811471{margin-top: 25px !important;margin-bottom: 25px !important;}\u00bb][vc_column width=\u00bb2\/3&#8243;][vc_single_image image=\u00bb1257&#8243; img_size=\u00bb661&#215;82&#8243;][\/vc_column][vc_column width=\u00bb1\/3&#8243;][vc_column_text] 0034 606 21 20 26 informazione1@divulgazionedinamica.it [\/vc_column_text][\/vc_column][\/vc_row][vc_row css=\u00bb.vc_custom_1489484355483{margin-top: 25px !important;margin-bottom: 15px !important;}\u00bb][vc_column][vc_custom_heading text=\u00bbCorso Online\u00bb font_container=\u00bbtag:h2|font_size:32|text_align:center|color:%230a7aba|line_height:1.1&#8243; google_fonts=\u00bbfont_family:Lato%3A100%2C100italic%2C300%2C300italic%2Cregular%2Citalic%2C700%2C700italic%2C900%2C900italic|font_style:300%20light%20regular%3A300%3Anormal\u00bb css=\u00bb.vc_custom_1490354547297{margin-bottom: 5px !important;}\u00bb][vc_custom_heading text=\u00bbAnimatore per Ludoteca\u00bb font_container=\u00bbtag:h2|font_size:44|text_align:center|color:%230a7aba|line_height:1.1&#8243; google_fonts=\u00bbfont_family:Lato%3A100%2C100italic%2C300%2C300italic%2Cregular%2Citalic%2C700%2C700italic%2C900%2C900italic|font_style:900%20bold%20regular%3A900%3Anormal\u00bb css=\u00bb.vc_custom_1520508012727{margin-bottom: 15px !important;}\u00bb][\/vc_column][\/vc_row][vc_row css=\u00bb.vc_custom_1489484502411{margin-top: 25px !important;margin-right:<\/p>\n","protected":false},"author":1,"featured_media":0,"parent":0,"menu_order":0,"comment_status":"closed","ping_status":"closed","template":"","meta":[],"yoast_head":"<!-- This site is optimized with the Yoast SEO plugin v15.7 - https:\/\/yoast.com\/wordpress\/plugins\/seo\/ -->\n<title>Corso di Animatore per Ludoteca D - Divulgaci\u00f3n Din\u00e1mica<\/title>\n<meta name=\"robots\" content=\"index, follow, max-snippet:-1, max-image-preview:large, max-video-preview:-1\" \/>\n<link rel=\"canonical\" href=\"https:\/\/divulgaciondinamica.info\/promos\/corso-di-animatore-per-ludoteca-d\/\" \/>\n<meta property=\"og:locale\" content=\"es_ES\" \/>\n<meta property=\"og:type\" content=\"article\" \/>\n<meta property=\"og:title\" content=\"Corso di Animatore per Ludoteca D - Divulgaci\u00f3n Din\u00e1mica\" \/>\n<meta property=\"og:description\" content=\"[vc_row css=\u00bb.vc_custom_1427804811471{margin-top: 25px !important;margin-bottom: 25px !important;}\u00bb][vc_column width=\u00bb2\/3&#8243;][vc_single_image image=\u00bb1257&#8243; img_size=\u00bb661&#215;82&#8243;][\/vc_column][vc_column width=\u00bb1\/3&#8243;][vc_column_text] 0034 606 21 20 26 informazione1@divulgazionedinamica.it [\/vc_column_text][\/vc_column][\/vc_row][vc_row css=\u00bb.vc_custom_1489484355483{margin-top: 25px !important;margin-bottom: 15px !important;}\u00bb][vc_column][vc_custom_heading text=\u00bbCorso Online\u00bb font_container=\u00bbtag:h2|font_size:32|text_align:center|color:%230a7aba|line_height:1.1&#8243; google_fonts=\u00bbfont_family:Lato%3A100%2C100italic%2C300%2C300italic%2Cregular%2Citalic%2C700%2C700italic%2C900%2C900italic|font_style:300%20light%20regular%3A300%3Anormal\u00bb css=\u00bb.vc_custom_1490354547297{margin-bottom: 5px !important;}\u00bb][vc_custom_heading text=\u00bbAnimatore per Ludoteca\u00bb font_container=\u00bbtag:h2|font_size:44|text_align:center|color:%230a7aba|line_height:1.1&#8243; google_fonts=\u00bbfont_family:Lato%3A100%2C100italic%2C300%2C300italic%2Cregular%2Citalic%2C700%2C700italic%2C900%2C900italic|font_style:900%20bold%20regular%3A900%3Anormal\u00bb css=\u00bb.vc_custom_1520508012727{margin-bottom: 15px !important;}\u00bb][\/vc_column][\/vc_row][vc_row css=\u00bb.vc_custom_1489484502411{margin-top: 25px !important;margin-right:\" \/>\n<meta property=\"og:url\" content=\"https:\/\/divulgaciondinamica.info\/promos\/corso-di-animatore-per-ludoteca-d\/\" \/>\n<meta property=\"og:site_name\" content=\"Divulgaci\u00f3n Din\u00e1mica\" \/>\n<meta property=\"article:publisher\" content=\"https:\/\/www.facebook.com\/divulgaciondinamicaformacion\/\" \/>\n<meta property=\"article:modified_time\" content=\"2018-10-04T12:09:22+00:00\" \/>\n<meta property=\"og:image\" content=\"https:\/\/divulgaciondinamica.info\/promos\/wp-content\/uploads\/2018\/09\/Aux-infantil.jpg\" \/>\n<meta name=\"twitter:card\" content=\"summary_large_image\" \/>\n<meta name=\"twitter:site\" content=\"@divulgaciond\" \/>\n<meta name=\"twitter:label1\" content=\"Tiempo de lectura\">\n\t<meta name=\"twitter:data1\" content=\"9 minutos\">\n<script type=\"application\/ld+json\" class=\"yoast-schema-graph\">{\"@context\":\"https:\/\/schema.org\",\"@graph\":[{\"@type\":\"Organization\",\"@id\":\"https:\/\/divulgaciondinamica.info\/promos\/#organization\",\"name\":\"Divulgaci\\u00f3n Din\\u00e1mica S.L.\",\"url\":\"https:\/\/divulgaciondinamica.info\/promos\/\",\"sameAs\":[\"https:\/\/www.facebook.com\/divulgaciondinamicaformacion\/\",\"https:\/\/www.instagram.com\/divulgaciondinamica\",\"https:\/\/www.linkedin.com\/company-beta\/9490428\/\",\"https:\/\/www.youtube.com\/user\/ddinamica2010\",\"https:\/\/twitter.com\/divulgaciond\"],\"logo\":{\"@type\":\"ImageObject\",\"@id\":\"https:\/\/divulgaciondinamica.info\/promos\/#logo\",\"inLanguage\":\"es\",\"url\":\"https:\/\/divulgaciondinamica.info\/promos\/wp-content\/uploads\/2016\/02\/logo-divulgaciondinamica-ddf.png\",\"width\":400,\"height\":79,\"caption\":\"Divulgaci\\u00f3n Din\\u00e1mica S.L.\"},\"image\":{\"@id\":\"https:\/\/divulgaciondinamica.info\/promos\/#logo\"}},{\"@type\":\"WebSite\",\"@id\":\"https:\/\/divulgaciondinamica.info\/promos\/#website\",\"url\":\"https:\/\/divulgaciondinamica.info\/promos\/\",\"name\":\"Divulgaci\\u00f3n Din\\u00e1mica\",\"description\":\"Formaci\\u00f3n de calidad al alcance de todos\",\"publisher\":{\"@id\":\"https:\/\/divulgaciondinamica.info\/promos\/#organization\"},\"potentialAction\":[{\"@type\":\"SearchAction\",\"target\":\"https:\/\/divulgaciondinamica.info\/promos\/?s={search_term_string}\",\"query-input\":\"required name=search_term_string\"}],\"inLanguage\":\"es\"},{\"@type\":\"ImageObject\",\"@id\":\"https:\/\/divulgaciondinamica.info\/promos\/corso-di-animatore-per-ludoteca-d\/#primaryimage\",\"inLanguage\":\"es\",\"url\":\"https:\/\/divulgaciondinamica.info\/promos\/wp-content\/uploads\/2018\/09\/Aux-infantil.jpg\",\"width\":643,\"height\":434},{\"@type\":\"WebPage\",\"@id\":\"https:\/\/divulgaciondinamica.info\/promos\/corso-di-animatore-per-ludoteca-d\/#webpage\",\"url\":\"https:\/\/divulgaciondinamica.info\/promos\/corso-di-animatore-per-ludoteca-d\/\",\"name\":\"Corso di Animatore per Ludoteca D - Divulgaci\\u00f3n Din\\u00e1mica\",\"isPartOf\":{\"@id\":\"https:\/\/divulgaciondinamica.info\/promos\/#website\"},\"primaryImageOfPage\":{\"@id\":\"https:\/\/divulgaciondinamica.info\/promos\/corso-di-animatore-per-ludoteca-d\/#primaryimage\"},\"datePublished\":\"2018-10-04T11:57:42+00:00\",\"dateModified\":\"2018-10-04T12:09:22+00:00\",\"inLanguage\":\"es\",\"potentialAction\":[{\"@type\":\"ReadAction\",\"target\":[\"https:\/\/divulgaciondinamica.info\/promos\/corso-di-animatore-per-ludoteca-d\/\"]}]}]}<\/script>\n<!-- \/ Yoast SEO plugin. -->","_links":{"self":[{"href":"https:\/\/divulgaciondinamica.info\/promos\/wp-json\/wp\/v2\/pages\/14467"}],"collection":[{"href":"https:\/\/divulgaciondinamica.info\/promos\/wp-json\/wp\/v2\/pages"}],"about":[{"href":"https:\/\/divulgaciondinamica.info\/promos\/wp-json\/wp\/v2\/types\/page"}],"author":[{"embeddable":true,"href":"https:\/\/divulgaciondinamica.info\/promos\/wp-json\/wp\/v2\/users\/1"}],"replies":[{"embeddable":true,"href":"https:\/\/divulgaciondinamica.info\/promos\/wp-json\/wp\/v2\/comments?post=14467"}],"version-history":[{"count":4,"href":"https:\/\/divulgaciondinamica.info\/promos\/wp-json\/wp\/v2\/pages\/14467\/revisions"}],"predecessor-version":[{"id":14473,"href":"https:\/\/divulgaciondinamica.info\/promos\/wp-json\/wp\/v2\/pages\/14467\/revisions\/14473"}],"wp:attachment":[{"href":"https:\/\/divulgaciondinamica.info\/promos\/wp-json\/wp\/v2\/media?parent=14467"}],"curies":[{"name":"wp","href":"https:\/\/api.w.org\/{rel}","templated":true}]}}