{"id":1425,"date":"2015-11-09T11:22:54","date_gmt":"2015-11-09T11:22:54","guid":{"rendered":"http:\/\/divulgaciondinamica.info\/promos\/?page_id=1425"},"modified":"2015-11-09T13:14:36","modified_gmt":"2015-11-09T13:14:36","slug":"curso-gestion-de-conflictos-y-procesos-de-mediacion","status":"publish","type":"page","link":"https:\/\/divulgaciondinamica.info\/promos\/curso-gestion-de-conflictos-y-procesos-de-mediacion\/","title":{"rendered":"Curso Gesti\u00f3n de Conflictos y Procesos de Mediaci\u00f3n"},"content":{"rendered":"<p>[vc_row css=\u00bb.vc_custom_1427804811471{margin-top: 25px !important;margin-bottom: 25px !important;}\u00bb][vc_column width=\u00bb1\/2&#8243;][vc_single_image image=\u00bb678&#8243; img_size=\u00bb606\u00d782&#8243;][\/vc_column][vc_column width=\u00bb1\/2&#8243;][\/vc_column][\/vc_row][vc_row][vc_column][vc_column_text]<img loading=\"lazy\" class=\"alignleft wp-image-1432 size-full\" src=\"http:\/\/divulgaciondinamica.info\/promos\/wp-content\/uploads\/2015\/11\/PROMO-Formacion-Continua_01.jpg\" alt=\"\" width=\"594\" height=\"434\" srcset=\"https:\/\/divulgaciondinamica.info\/promos\/wp-content\/uploads\/2015\/11\/PROMO-Formacion-Continua_01.jpg 594w, https:\/\/divulgaciondinamica.info\/promos\/wp-content\/uploads\/2015\/11\/PROMO-Formacion-Continua_01-300x219.jpg 300w\" sizes=\"(max-width: 594px) 100vw, 594px\" \/><a href=\"https:\/\/docs.google.com\/forms\/d\/1Vh7oCKNFj6T78ZKB3OG1sbZ2opFtB1A7ttRVdzHmRbk\/viewform\" target=\"_blank\"><img loading=\"lazy\" class=\"alignleft wp-image-1426 size-full\" src=\"http:\/\/divulgaciondinamica.info\/promos\/wp-content\/uploads\/2015\/11\/curso-gestion-conflictos-procesos-mediacion.png\" alt=\"\" width=\"466\" height=\"434\" srcset=\"https:\/\/divulgaciondinamica.info\/promos\/wp-content\/uploads\/2015\/11\/curso-gestion-conflictos-procesos-mediacion.png 466w, https:\/\/divulgaciondinamica.info\/promos\/wp-content\/uploads\/2015\/11\/curso-gestion-conflictos-procesos-mediacion-300x279.png 300w\" sizes=\"(max-width: 466px) 100vw, 466px\" \/><\/a>[\/vc_column_text][\/vc_column][\/vc_row][vc_row css=\u00bb.vc_custom_1427804437681{margin-top: 35px !important;margin-bottom: 35px !important;}\u00bb][vc_column width=\u00bb1\/4&#8243;][vc_single_image image=\u00bb651&#8243; img_size=\u00bb250&#215;195&#8243; alignment=\u00bbcenter\u00bb][\/vc_column][vc_column width=\u00bb1\/4&#8243;][vc_single_image image=\u00bb652&#8243; img_size=\u00bb250&#215;195&#8243; alignment=\u00bbcenter\u00bb][\/vc_column][vc_column width=\u00bb1\/4&#8243;][vc_single_image image=\u00bb653&#8243; img_size=\u00bb250&#215;195&#8243; alignment=\u00bbcenter\u00bb][\/vc_column][vc_column width=\u00bb1\/4&#8243;][vc_single_image image=\u00bb654&#8243; img_size=\u00bb250&#215;195&#8243; alignment=\u00bbcenter\u00bb][\/vc_column][\/vc_row][vc_row][vc_column][\/vc_column][\/vc_row][vc_row css=\u00bb.vc_custom_1427805189823{margin-top: 35px !important;margin-bottom: 35px !important;}\u00bb][vc_column width=\u00bb1\/2&#8243;][vc_column_text css=\u00bb.vc_custom_1447067926115{margin-bottom: 30px !important;}\u00bb]<\/p>\n<div id=\"stcpDiv\">\n<h3 style=\"text-align: left;\" align=\"justify\"><span style=\"color: #f78b35;\">Presentaci\u00f3n del Curso:<\/span><\/h3>\n<p>&nbsp;<\/p>\n<p>El Curso de Gesti\u00f3n de Conflictos y Procesos de Mediaci\u00f3n incluye contenidos para el Certificado de Profesionalidad SSC324_3 de Mediaci\u00f3n Comunitaria.<\/p>\n<p>La competencia general de este Curso hace referencia a Gestionar alternativas para la resoluci\u00f3n de conflictos entre personas en el \u00e1mbito comunitario, aplicando estrategias y procedimientos de mediaci\u00f3n, facilitando y generando actuaciones que faciliten la prevenci\u00f3n de \u00e9stos.<\/p>\n<p>\u00c1mbito profesional:\u00a0 Desarrolla su actividad en la programaci\u00f3n y organizaci\u00f3n, e implementaci\u00f3n de actividades de prevenci\u00f3n y de atenci\u00f3n a colectivos, grupos e individuos para la gesti\u00f3n alternativa de conflictos, previniendo su aparici\u00f3n, as\u00ed como, una vez que estos .existen, consensuando acuerdos satisfactorios para las partes implicadas a trav\u00e9s de un proceso de mediaci\u00f3n.\u00a0 Se ubica en el sector de servicios de atenci\u00f3n al ciudadano, en instituciones de \u00e1mbito p\u00fablico y privado, con o sin \u00e1nimo de lucro, principalmente de car\u00e1cter local o auton\u00f3mico.<br \/>\n<img loading=\"lazy\" class=\"alignleft size-full wp-image-53\" src=\"http:\/\/divulgaciondinamica.info\/promos\/wp-content\/uploads\/2015\/03\/diploma-digital1.png\" alt=\"diploma-digital\" width=\"479\" height=\"322\" srcset=\"https:\/\/divulgaciondinamica.info\/promos\/wp-content\/uploads\/2015\/03\/diploma-digital1.png 479w, https:\/\/divulgaciondinamica.info\/promos\/wp-content\/uploads\/2015\/03\/diploma-digital1-300x202.png 300w\" sizes=\"(max-width: 479px) 100vw, 479px\" \/><\/p>\n<p style=\"text-align: left;\" align=\"justify\">\n<\/div>\n<p>[\/vc_column_text][\/vc_column][vc_column width=\u00bb1\/2&#8243;][vc_column_text]<\/p>\n<div id=\"stcpDiv\">\n<h3 style=\"text-align: left;\" align=\"justify\"><span style=\"color: #f78b35;\">Temario del Curso:<\/span><\/h3>\n<p>&nbsp;<\/p>\n<p><strong>1. REUNIENDO LOS MATERIALES PARA ENTENDER EL CONFLICTO<\/strong><\/p>\n<p>1.1 Agresividad. El sujeto como parte de un sistema social. Ganar \/ perder: la versi\u00f3n economicista. El poder. El clima: comportamientos y percepciones. La identificaci\u00f3n grupal. La personalidad del individuo.<\/p>\n<p><strong>2. ANALIZANDO EL CONFLICTO. VISI\u00d3N HOL\u00cdSTICA Y ESPEC\u00cdFICA<\/strong><\/p>\n<p>2.1 Qu\u00e9 entendemos por conflicto. La satisfacci\u00f3n de necesidades como trasfondo. La estructura del conflicto. Din\u00e1mica, desarrollo<\/p>\n<p><strong>3. LOS M\u00c9TODOS ALTERNATIVOS DE RESOLUCI\u00d3N DE DISPUTAS<\/strong><\/p>\n<p>3.1 Contexto social. Diferenciaci\u00f3n de t\u00e9rminos<\/p>\n<p><strong>4. LA MEDIACI\u00d3N<\/strong><\/p>\n<p>4.1 Definici\u00f3n y principios b\u00e1sicos. El proceso de la mediaci\u00f3n y el papel del mediador. Limitaciones y problemas de la mediaci\u00f3n. \u00c1mbitos de aplicaci\u00f3n<\/p>\n<\/div>\n<p>[\/vc_column_text][\/vc_column][\/vc_row][vc_row css=\u00bb.vc_custom_1435925817153{margin-bottom: 20px !important;padding-bottom: 35px !important;}\u00bb][vc_column][vc_column_text]<a title=\"Realiza tu inscripci\u00f3n AQU\u00cd\" href=\"https:\/\/docs.google.com\/forms\/d\/1Vh7oCKNFj6T78ZKB3OG1sbZ2opFtB1A7ttRVdzHmRbk\/viewform\" target=\"_blank\"><img loading=\"lazy\" class=\"aligncenter size-full wp-image-676\" src=\"http:\/\/divulgaciondinamica.info\/promos\/wp-content\/uploads\/2015\/07\/btn-inscripcion.png\" alt=\"btn-inscripcion\" width=\"321\" height=\"69\" srcset=\"https:\/\/divulgaciondinamica.info\/promos\/wp-content\/uploads\/2015\/07\/btn-inscripcion.png 321w, https:\/\/divulgaciondinamica.info\/promos\/wp-content\/uploads\/2015\/07\/btn-inscripcion-300x64.png 300w\" sizes=\"(max-width: 321px) 100vw, 321px\" \/><\/a>[\/vc_column_text][\/vc_column][\/vc_row]<\/p>\n","protected":false},"excerpt":{"rendered":"<p>[vc_row css=\u00bb.vc_custom_1427804811471{margin-top: 25px !important;margin-bottom: 25px !important;}\u00bb][vc_column width=\u00bb1\/2&#8243;][vc_single_image image=\u00bb678&#8243; img_size=\u00bb606\u00d782&#8243;][\/vc_column][vc_column width=\u00bb1\/2&#8243;][\/vc_column][\/vc_row][vc_row][vc_column][vc_column_text][\/vc_column_text][\/vc_column][\/vc_row][vc_row css=\u00bb.vc_custom_1427804437681{margin-top: 35px !important;margin-bottom: 35px !important;}\u00bb][vc_column width=\u00bb1\/4&#8243;][vc_single_image image=\u00bb651&#8243; img_size=\u00bb250&#215;195&#8243; alignment=\u00bbcenter\u00bb][\/vc_column][vc_column width=\u00bb1\/4&#8243;][vc_single_image image=\u00bb652&#8243; img_size=\u00bb250&#215;195&#8243; alignment=\u00bbcenter\u00bb][\/vc_column][vc_column width=\u00bb1\/4&#8243;][vc_single_image image=\u00bb653&#8243; img_size=\u00bb250&#215;195&#8243; alignment=\u00bbcenter\u00bb][\/vc_column][vc_column width=\u00bb1\/4&#8243;][vc_single_image image=\u00bb654&#8243; img_size=\u00bb250&#215;195&#8243; alignment=\u00bbcenter\u00bb][\/vc_column][\/vc_row][vc_row][vc_column][\/vc_column][\/vc_row][vc_row css=\u00bb.vc_custom_1427805189823{margin-top: 35px !important;margin-bottom: 35px !important;}\u00bb][vc_column width=\u00bb1\/2&#8243;][vc_column_text css=\u00bb.vc_custom_1447067926115{margin-bottom: 30px !important;}\u00bb]<\/p>\n","protected":false},"author":1,"featured_media":0,"parent":0,"menu_order":0,"comment_status":"closed","ping_status":"closed","template":"","meta":[],"yoast_head":"<!-- This site is optimized with the Yoast SEO plugin v15.7 - https:\/\/yoast.com\/wordpress\/plugins\/seo\/ -->\n<title>Curso Gesti\u00f3n de Conflictos y Procesos de Mediaci\u00f3n - Divulgaci\u00f3n Din\u00e1mica<\/title>\n<meta name=\"robots\" content=\"index, follow, max-snippet:-1, max-image-preview:large, max-video-preview:-1\" \/>\n<link rel=\"canonical\" href=\"https:\/\/divulgaciondinamica.info\/promos\/curso-gestion-de-conflictos-y-procesos-de-mediacion\/\" \/>\n<meta property=\"og:locale\" content=\"es_ES\" \/>\n<meta property=\"og:type\" content=\"article\" \/>\n<meta property=\"og:title\" content=\"Curso Gesti\u00f3n de Conflictos y Procesos de Mediaci\u00f3n - Divulgaci\u00f3n Din\u00e1mica\" \/>\n<meta property=\"og:description\" content=\"[vc_row css=\u00bb.vc_custom_1427804811471{margin-top: 25px !important;margin-bottom: 25px !important;}\u00bb][vc_column width=\u00bb1\/2&#8243;][vc_single_image image=\u00bb678&#8243; img_size=\u00bb606\u00d782&#8243;][\/vc_column][vc_column width=\u00bb1\/2&#8243;][\/vc_column][\/vc_row][vc_row][vc_column][vc_column_text][\/vc_column_text][\/vc_column][\/vc_row][vc_row css=\u00bb.vc_custom_1427804437681{margin-top: 35px !important;margin-bottom: 35px !important;}\u00bb][vc_column width=\u00bb1\/4&#8243;][vc_single_image image=\u00bb651&#8243; img_size=\u00bb250&#215;195&#8243; alignment=\u00bbcenter\u00bb][\/vc_column][vc_column width=\u00bb1\/4&#8243;][vc_single_image image=\u00bb652&#8243; img_size=\u00bb250&#215;195&#8243; alignment=\u00bbcenter\u00bb][\/vc_column][vc_column width=\u00bb1\/4&#8243;][vc_single_image image=\u00bb653&#8243; img_size=\u00bb250&#215;195&#8243; alignment=\u00bbcenter\u00bb][\/vc_column][vc_column width=\u00bb1\/4&#8243;][vc_single_image image=\u00bb654&#8243; img_size=\u00bb250&#215;195&#8243; alignment=\u00bbcenter\u00bb][\/vc_column][\/vc_row][vc_row][vc_column][\/vc_column][\/vc_row][vc_row css=\u00bb.vc_custom_1427805189823{margin-top: 35px !important;margin-bottom: 35px !important;}\u00bb][vc_column width=\u00bb1\/2&#8243;][vc_column_text css=\u00bb.vc_custom_1447067926115{margin-bottom: 30px !important;}\u00bb]\" \/>\n<meta property=\"og:url\" content=\"https:\/\/divulgaciondinamica.info\/promos\/curso-gestion-de-conflictos-y-procesos-de-mediacion\/\" \/>\n<meta property=\"og:site_name\" content=\"Divulgaci\u00f3n Din\u00e1mica\" \/>\n<meta property=\"article:publisher\" content=\"https:\/\/www.facebook.com\/divulgaciondinamicaformacion\/\" \/>\n<meta property=\"article:modified_time\" content=\"2015-11-09T13:14:36+00:00\" \/>\n<meta property=\"og:image\" content=\"http:\/\/divulgaciondinamica.info\/promos\/wp-content\/uploads\/2015\/11\/PROMO-Formacion-Continua_01.jpg\" \/>\n<meta name=\"twitter:card\" content=\"summary_large_image\" \/>\n<meta name=\"twitter:site\" content=\"@divulgaciond\" \/>\n<meta name=\"twitter:label1\" content=\"Tiempo de lectura\">\n\t<meta name=\"twitter:data1\" content=\"2 minutos\">\n<script type=\"application\/ld+json\" class=\"yoast-schema-graph\">{\"@context\":\"https:\/\/schema.org\",\"@graph\":[{\"@type\":\"Organization\",\"@id\":\"https:\/\/divulgaciondinamica.info\/promos\/#organization\",\"name\":\"Divulgaci\\u00f3n Din\\u00e1mica S.L.\",\"url\":\"https:\/\/divulgaciondinamica.info\/promos\/\",\"sameAs\":[\"https:\/\/www.facebook.com\/divulgaciondinamicaformacion\/\",\"https:\/\/www.instagram.com\/divulgaciondinamica\",\"https:\/\/www.linkedin.com\/company-beta\/9490428\/\",\"https:\/\/www.youtube.com\/user\/ddinamica2010\",\"https:\/\/twitter.com\/divulgaciond\"],\"logo\":{\"@type\":\"ImageObject\",\"@id\":\"https:\/\/divulgaciondinamica.info\/promos\/#logo\",\"inLanguage\":\"es\",\"url\":\"https:\/\/divulgaciondinamica.info\/promos\/wp-content\/uploads\/2016\/02\/logo-divulgaciondinamica-ddf.png\",\"width\":400,\"height\":79,\"caption\":\"Divulgaci\\u00f3n Din\\u00e1mica S.L.\"},\"image\":{\"@id\":\"https:\/\/divulgaciondinamica.info\/promos\/#logo\"}},{\"@type\":\"WebSite\",\"@id\":\"https:\/\/divulgaciondinamica.info\/promos\/#website\",\"url\":\"https:\/\/divulgaciondinamica.info\/promos\/\",\"name\":\"Divulgaci\\u00f3n Din\\u00e1mica\",\"description\":\"Formaci\\u00f3n de calidad al alcance de todos\",\"publisher\":{\"@id\":\"https:\/\/divulgaciondinamica.info\/promos\/#organization\"},\"potentialAction\":[{\"@type\":\"SearchAction\",\"target\":\"https:\/\/divulgaciondinamica.info\/promos\/?s={search_term_string}\",\"query-input\":\"required name=search_term_string\"}],\"inLanguage\":\"es\"},{\"@type\":\"ImageObject\",\"@id\":\"https:\/\/divulgaciondinamica.info\/promos\/curso-gestion-de-conflictos-y-procesos-de-mediacion\/#primaryimage\",\"inLanguage\":\"es\",\"url\":\"http:\/\/divulgaciondinamica.info\/promos\/wp-content\/uploads\/2015\/11\/PROMO-Formacion-Continua_01.jpg\"},{\"@type\":\"WebPage\",\"@id\":\"https:\/\/divulgaciondinamica.info\/promos\/curso-gestion-de-conflictos-y-procesos-de-mediacion\/#webpage\",\"url\":\"https:\/\/divulgaciondinamica.info\/promos\/curso-gestion-de-conflictos-y-procesos-de-mediacion\/\",\"name\":\"Curso Gesti\\u00f3n de Conflictos y Procesos de Mediaci\\u00f3n - Divulgaci\\u00f3n Din\\u00e1mica\",\"isPartOf\":{\"@id\":\"https:\/\/divulgaciondinamica.info\/promos\/#website\"},\"primaryImageOfPage\":{\"@id\":\"https:\/\/divulgaciondinamica.info\/promos\/curso-gestion-de-conflictos-y-procesos-de-mediacion\/#primaryimage\"},\"datePublished\":\"2015-11-09T11:22:54+00:00\",\"dateModified\":\"2015-11-09T13:14:36+00:00\",\"inLanguage\":\"es\",\"potentialAction\":[{\"@type\":\"ReadAction\",\"target\":[\"https:\/\/divulgaciondinamica.info\/promos\/curso-gestion-de-conflictos-y-procesos-de-mediacion\/\"]}]}]}<\/script>\n<!-- \/ Yoast SEO plugin. -->","_links":{"self":[{"href":"https:\/\/divulgaciondinamica.info\/promos\/wp-json\/wp\/v2\/pages\/1425"}],"collection":[{"href":"https:\/\/divulgaciondinamica.info\/promos\/wp-json\/wp\/v2\/pages"}],"about":[{"href":"https:\/\/divulgaciondinamica.info\/promos\/wp-json\/wp\/v2\/types\/page"}],"author":[{"embeddable":true,"href":"https:\/\/divulgaciondinamica.info\/promos\/wp-json\/wp\/v2\/users\/1"}],"replies":[{"embeddable":true,"href":"https:\/\/divulgaciondinamica.info\/promos\/wp-json\/wp\/v2\/comments?post=1425"}],"version-history":[{"count":5,"href":"https:\/\/divulgaciondinamica.info\/promos\/wp-json\/wp\/v2\/pages\/1425\/revisions"}],"predecessor-version":[{"id":1433,"href":"https:\/\/divulgaciondinamica.info\/promos\/wp-json\/wp\/v2\/pages\/1425\/revisions\/1433"}],"wp:attachment":[{"href":"https:\/\/divulgaciondinamica.info\/promos\/wp-json\/wp\/v2\/media?parent=1425"}],"curies":[{"name":"wp","href":"https:\/\/api.w.org\/{rel}","templated":true}]}}