{"id":1346,"date":"2015-11-04T13:14:44","date_gmt":"2015-11-04T13:14:44","guid":{"rendered":"http:\/\/divulgaciondinamica.info\/promos\/?page_id=1346"},"modified":"2015-11-04T13:48:05","modified_gmt":"2015-11-04T13:48:05","slug":"el-buen-fin-curso-de-estrategias-de-intervencion-en-educacion-infantil","status":"publish","type":"page","link":"https:\/\/divulgaciondinamica.info\/promos\/el-buen-fin-curso-de-estrategias-de-intervencion-en-educacion-infantil\/","title":{"rendered":"EL BUEN FIN &#8211; Curso de Estrategias de Intervenci\u00f3n en Educaci\u00f3n Infantil"},"content":{"rendered":"<p>[vc_row css=\u00bb.vc_custom_1427804811471{margin-top: 25px !important;margin-bottom: 25px !important;}\u00bb][vc_column width=\u00bb1\/2&#8243;][vc_single_image image=\u00bb1356&#8243; img_size=\u00bb424\u00d782&#8243;][\/vc_column][vc_column width=\u00bb1\/2&#8243;][vc_column_text]<\/p>\n<h6 style=\"text-align: right;\"><i class=\"fa fa-whatsapp\"><\/i> <span style=\"color: #e71c23;\">+34 629 27 39 96<\/span><\/h6>\n<p style=\"text-align: right;\"><strong>soporte8@divulgaciondinamica.es<\/strong><\/p>\n<p>[\/vc_column_text][\/vc_column][\/vc_row][vc_row][vc_column][vc_column_text]<img loading=\"lazy\" class=\"alignleft wp-image-649 size-full\" src=\"http:\/\/divulgaciondinamica.info\/promos\/wp-content\/uploads\/2015\/07\/imagen-formacion-bonificada_01.jpg\" alt=\"\" width=\"594\" height=\"434\" srcset=\"https:\/\/divulgaciondinamica.info\/promos\/wp-content\/uploads\/2015\/07\/imagen-formacion-bonificada_01.jpg 594w, https:\/\/divulgaciondinamica.info\/promos\/wp-content\/uploads\/2015\/07\/imagen-formacion-bonificada_01-300x219.jpg 300w\" sizes=\"(max-width: 594px) 100vw, 594px\" \/><a href=\"https:\/\/docs.google.com\/forms\/d\/1LlZ7Mz29INrP46y8lXO7sqAchSP91rnumYiPUeew5H0\/viewform\" target=\"_blank\"><img loading=\"lazy\" class=\"alignleft wp-image-1347 size-full\" src=\"http:\/\/divulgaciondinamica.info\/promos\/wp-content\/uploads\/2015\/11\/informacion-curso-estrategias-intervencion-educacion-infantil.png\" alt=\"\" width=\"466\" height=\"434\" srcset=\"https:\/\/divulgaciondinamica.info\/promos\/wp-content\/uploads\/2015\/11\/informacion-curso-estrategias-intervencion-educacion-infantil.png 466w, https:\/\/divulgaciondinamica.info\/promos\/wp-content\/uploads\/2015\/11\/informacion-curso-estrategias-intervencion-educacion-infantil-300x279.png 300w\" sizes=\"(max-width: 466px) 100vw, 466px\" \/><\/a>[\/vc_column_text][\/vc_column][\/vc_row][vc_row css=\u00bb.vc_custom_1427804437681{margin-top: 35px !important;margin-bottom: 35px !important;}\u00bb][vc_column width=\u00bb1\/4&#8243;][vc_single_image image=\u00bb1353&#8243; img_size=\u00bb250&#215;195&#8243; alignment=\u00bbcenter\u00bb][\/vc_column][vc_column width=\u00bb1\/4&#8243;][vc_single_image image=\u00bb1352&#8243; img_size=\u00bb250&#215;195&#8243; alignment=\u00bbcenter\u00bb][\/vc_column][vc_column width=\u00bb1\/4&#8243;][vc_single_image image=\u00bb1351&#8243; img_size=\u00bb250&#215;195&#8243; alignment=\u00bbcenter\u00bb][\/vc_column][vc_column width=\u00bb1\/4&#8243;][vc_single_image image=\u00bb1358&#8243; img_size=\u00bb250&#215;195&#8243; alignment=\u00bbcenter\u00bb][\/vc_column][\/vc_row][vc_row][vc_column][\/vc_column][\/vc_row][vc_row css=\u00bb.vc_custom_1427805189823{margin-top: 35px !important;margin-bottom: 35px !important;}\u00bb][vc_column width=\u00bb1\/2&#8243;][vc_column_text css=\u00bb.vc_custom_1446644387981{margin-bottom: 30px !important;}\u00bb]<\/p>\n<div id=\"stcpDiv\">\n<h3 style=\"text-align: left;\" align=\"justify\"><span style=\"color: #e71c23;\">Presentaci\u00f3n del Curso:<\/span><\/h3>\n<p>&nbsp;<\/p>\n<p>La competencia general de este Curso se acoge a elaborar, implementar y evaluar proyectos y programas educativos de atenci\u00f3n a la infancia en la etapa de 0-3 a\u00f1os en el \u00e1mbito formal bajo la responsabilidad de un maestro de educaci\u00f3n infantil y pudiendo abarcar hasta los 6 a\u00f1os en el \u00e1mbito no formal, generando entornos seguros y en colaboraci\u00f3n con otros profesionales y con las familias.<\/p>\n<p>El \u00e1mbito profesional se enfoca al desarrollo de su actividad en empresas o instituciones tales como: escuelas infantiles, centros educativos, centro de ocio infantil, granjas escuela, centros de menores protegidos, aulas\u00a0 hospitalarias, ludotecas, bibliotecas. Se ubica su actividad en \u00e1reas de dise\u00f1o, programaci\u00f3n, desarrollo y evaluaci\u00f3n de actividades\u00a0 de ense\u00f1anza-aprendizaje y actividades de educaci\u00f3n formal y no formal. Se ubica, fundamentalmente en las funciones de programaci\u00f3n, organizaci\u00f3n, desarrollo y evaluaci\u00f3n de las diferentes propuestas de intervenci\u00f3n. Su actividad se encuentra regulada por la administraci\u00f3n educativa.<\/p>\n<p><img loading=\"lazy\" class=\"alignleft wp-image-1359 size-full\" src=\"http:\/\/divulgaciondinamica.info\/promos\/wp-content\/uploads\/2015\/11\/modelo-diploma-divulgaciondinamica.png\" alt=\"\" width=\"479\" height=\"322\" srcset=\"https:\/\/divulgaciondinamica.info\/promos\/wp-content\/uploads\/2015\/11\/modelo-diploma-divulgaciondinamica.png 479w, https:\/\/divulgaciondinamica.info\/promos\/wp-content\/uploads\/2015\/11\/modelo-diploma-divulgaciondinamica-300x202.png 300w\" sizes=\"(max-width: 479px) 100vw, 479px\" \/><\/p>\n<p style=\"text-align: left;\" align=\"justify\">\n<\/div>\n<p>[\/vc_column_text][\/vc_column][vc_column width=\u00bb1\/2&#8243;][vc_column_text]<\/p>\n<div id=\"stcpDiv\">\n<h3 style=\"text-align: left;\" align=\"justify\"><span style=\"color: #e71c23;\">Temario del Curso:<\/span><\/h3>\n<p>&nbsp;<\/p>\n<p>1. La expresi\u00f3n y la comunicaci\u00f3n en el ni\u00f1o preescolar<br \/>\n2. Comunicaci\u00f3n ling\u00fc\u00edstica<br \/>\n3. Desarrollo l\u00f3gico y representaci\u00f3n matem\u00e1tica<br \/>\n4. Expresi\u00f3n pl\u00e1stica<br \/>\n5. Expresi\u00f3n musical<br \/>\n6. Expresi\u00f3n corporal y dramatizaci\u00f3n<br \/>\n7. El juego infantil<\/p>\n<\/div>\n<p>[\/vc_column_text][\/vc_column][\/vc_row][vc_row css=\u00bb.vc_custom_1435925817153{margin-bottom: 20px !important;padding-bottom: 35px !important;}\u00bb][vc_column][vc_column_text]<a href=\"https:\/\/docs.google.com\/forms\/d\/1LlZ7Mz29INrP46y8lXO7sqAchSP91rnumYiPUeew5H0\/viewform\" target=\"_blank\"><img loading=\"lazy\" class=\"aligncenter wp-image-1354 size-full\" src=\"http:\/\/divulgaciondinamica.info\/promos\/wp-content\/uploads\/2015\/11\/mas-informacion-btn.png\" alt=\"\" width=\"266\" height=\"60\" \/><\/a>[\/vc_column_text][\/vc_column][\/vc_row]<\/p>\n","protected":false},"excerpt":{"rendered":"<p>[vc_row css=\u00bb.vc_custom_1427804811471{margin-top: 25px !important;margin-bottom: 25px !important;}\u00bb][vc_column width=\u00bb1\/2&#8243;][vc_single_image image=\u00bb1356&#8243; img_size=\u00bb424\u00d782&#8243;][\/vc_column][vc_column width=\u00bb1\/2&#8243;][vc_column_text] +34 629 27 39 96 soporte8@divulgaciondinamica.es [\/vc_column_text][\/vc_column][\/vc_row][vc_row][vc_column][vc_column_text][\/vc_column_text][\/vc_column][\/vc_row][vc_row css=\u00bb.vc_custom_1427804437681{margin-top: 35px !important;margin-bottom: 35px !important;}\u00bb][vc_column width=\u00bb1\/4&#8243;][vc_single_image image=\u00bb1353&#8243; img_size=\u00bb250&#215;195&#8243; alignment=\u00bbcenter\u00bb][\/vc_column][vc_column width=\u00bb1\/4&#8243;][vc_single_image image=\u00bb1352&#8243; img_size=\u00bb250&#215;195&#8243; alignment=\u00bbcenter\u00bb][\/vc_column][vc_column width=\u00bb1\/4&#8243;][vc_single_image image=\u00bb1351&#8243; img_size=\u00bb250&#215;195&#8243; alignment=\u00bbcenter\u00bb][\/vc_column][vc_column width=\u00bb1\/4&#8243;][vc_single_image image=\u00bb1358&#8243; img_size=\u00bb250&#215;195&#8243; alignment=\u00bbcenter\u00bb][\/vc_column][\/vc_row][vc_row][vc_column][\/vc_column][\/vc_row][vc_row css=\u00bb.vc_custom_1427805189823{margin-top: 35px<\/p>\n","protected":false},"author":1,"featured_media":0,"parent":0,"menu_order":0,"comment_status":"closed","ping_status":"closed","template":"","meta":[],"yoast_head":"<!-- This site is optimized with the Yoast SEO plugin v15.7 - https:\/\/yoast.com\/wordpress\/plugins\/seo\/ -->\n<title>EL BUEN FIN - Curso de Estrategias de Intervenci\u00f3n en Educaci\u00f3n Infantil - Divulgaci\u00f3n Din\u00e1mica<\/title>\n<meta name=\"robots\" content=\"index, follow, max-snippet:-1, max-image-preview:large, max-video-preview:-1\" \/>\n<link rel=\"canonical\" href=\"https:\/\/divulgaciondinamica.info\/promos\/el-buen-fin-curso-de-estrategias-de-intervencion-en-educacion-infantil\/\" \/>\n<meta property=\"og:locale\" content=\"es_ES\" \/>\n<meta property=\"og:type\" content=\"article\" \/>\n<meta property=\"og:title\" content=\"EL BUEN FIN - Curso de Estrategias de Intervenci\u00f3n en Educaci\u00f3n Infantil - Divulgaci\u00f3n Din\u00e1mica\" \/>\n<meta property=\"og:description\" content=\"[vc_row css=\u00bb.vc_custom_1427804811471{margin-top: 25px !important;margin-bottom: 25px !important;}\u00bb][vc_column width=\u00bb1\/2&#8243;][vc_single_image image=\u00bb1356&#8243; img_size=\u00bb424\u00d782&#8243;][\/vc_column][vc_column width=\u00bb1\/2&#8243;][vc_column_text] +34 629 27 39 96 soporte8@divulgaciondinamica.es [\/vc_column_text][\/vc_column][\/vc_row][vc_row][vc_column][vc_column_text][\/vc_column_text][\/vc_column][\/vc_row][vc_row css=\u00bb.vc_custom_1427804437681{margin-top: 35px !important;margin-bottom: 35px !important;}\u00bb][vc_column width=\u00bb1\/4&#8243;][vc_single_image image=\u00bb1353&#8243; img_size=\u00bb250&#215;195&#8243; alignment=\u00bbcenter\u00bb][\/vc_column][vc_column width=\u00bb1\/4&#8243;][vc_single_image image=\u00bb1352&#8243; img_size=\u00bb250&#215;195&#8243; alignment=\u00bbcenter\u00bb][\/vc_column][vc_column width=\u00bb1\/4&#8243;][vc_single_image image=\u00bb1351&#8243; img_size=\u00bb250&#215;195&#8243; alignment=\u00bbcenter\u00bb][\/vc_column][vc_column width=\u00bb1\/4&#8243;][vc_single_image image=\u00bb1358&#8243; img_size=\u00bb250&#215;195&#8243; alignment=\u00bbcenter\u00bb][\/vc_column][\/vc_row][vc_row][vc_column][\/vc_column][\/vc_row][vc_row css=\u00bb.vc_custom_1427805189823{margin-top: 35px\" \/>\n<meta property=\"og:url\" content=\"https:\/\/divulgaciondinamica.info\/promos\/el-buen-fin-curso-de-estrategias-de-intervencion-en-educacion-infantil\/\" \/>\n<meta property=\"og:site_name\" content=\"Divulgaci\u00f3n Din\u00e1mica\" \/>\n<meta property=\"article:publisher\" content=\"https:\/\/www.facebook.com\/divulgaciondinamicaformacion\/\" \/>\n<meta property=\"article:modified_time\" content=\"2015-11-04T13:48:05+00:00\" \/>\n<meta property=\"og:image\" content=\"http:\/\/divulgaciondinamica.info\/promos\/wp-content\/uploads\/2015\/07\/imagen-formacion-bonificada_01.jpg\" \/>\n<meta name=\"twitter:card\" content=\"summary_large_image\" \/>\n<meta name=\"twitter:site\" content=\"@divulgaciond\" \/>\n<meta name=\"twitter:label1\" content=\"Tiempo de lectura\">\n\t<meta name=\"twitter:data1\" content=\"2 minutos\">\n<script type=\"application\/ld+json\" class=\"yoast-schema-graph\">{\"@context\":\"https:\/\/schema.org\",\"@graph\":[{\"@type\":\"Organization\",\"@id\":\"https:\/\/divulgaciondinamica.info\/promos\/#organization\",\"name\":\"Divulgaci\\u00f3n Din\\u00e1mica S.L.\",\"url\":\"https:\/\/divulgaciondinamica.info\/promos\/\",\"sameAs\":[\"https:\/\/www.facebook.com\/divulgaciondinamicaformacion\/\",\"https:\/\/www.instagram.com\/divulgaciondinamica\",\"https:\/\/www.linkedin.com\/company-beta\/9490428\/\",\"https:\/\/www.youtube.com\/user\/ddinamica2010\",\"https:\/\/twitter.com\/divulgaciond\"],\"logo\":{\"@type\":\"ImageObject\",\"@id\":\"https:\/\/divulgaciondinamica.info\/promos\/#logo\",\"inLanguage\":\"es\",\"url\":\"https:\/\/divulgaciondinamica.info\/promos\/wp-content\/uploads\/2016\/02\/logo-divulgaciondinamica-ddf.png\",\"width\":400,\"height\":79,\"caption\":\"Divulgaci\\u00f3n Din\\u00e1mica S.L.\"},\"image\":{\"@id\":\"https:\/\/divulgaciondinamica.info\/promos\/#logo\"}},{\"@type\":\"WebSite\",\"@id\":\"https:\/\/divulgaciondinamica.info\/promos\/#website\",\"url\":\"https:\/\/divulgaciondinamica.info\/promos\/\",\"name\":\"Divulgaci\\u00f3n Din\\u00e1mica\",\"description\":\"Formaci\\u00f3n de calidad al alcance de todos\",\"publisher\":{\"@id\":\"https:\/\/divulgaciondinamica.info\/promos\/#organization\"},\"potentialAction\":[{\"@type\":\"SearchAction\",\"target\":\"https:\/\/divulgaciondinamica.info\/promos\/?s={search_term_string}\",\"query-input\":\"required name=search_term_string\"}],\"inLanguage\":\"es\"},{\"@type\":\"ImageObject\",\"@id\":\"https:\/\/divulgaciondinamica.info\/promos\/el-buen-fin-curso-de-estrategias-de-intervencion-en-educacion-infantil\/#primaryimage\",\"inLanguage\":\"es\",\"url\":\"http:\/\/divulgaciondinamica.info\/promos\/wp-content\/uploads\/2015\/07\/imagen-formacion-bonificada_01.jpg\"},{\"@type\":\"WebPage\",\"@id\":\"https:\/\/divulgaciondinamica.info\/promos\/el-buen-fin-curso-de-estrategias-de-intervencion-en-educacion-infantil\/#webpage\",\"url\":\"https:\/\/divulgaciondinamica.info\/promos\/el-buen-fin-curso-de-estrategias-de-intervencion-en-educacion-infantil\/\",\"name\":\"EL BUEN FIN - Curso de Estrategias de Intervenci\\u00f3n en Educaci\\u00f3n Infantil - Divulgaci\\u00f3n Din\\u00e1mica\",\"isPartOf\":{\"@id\":\"https:\/\/divulgaciondinamica.info\/promos\/#website\"},\"primaryImageOfPage\":{\"@id\":\"https:\/\/divulgaciondinamica.info\/promos\/el-buen-fin-curso-de-estrategias-de-intervencion-en-educacion-infantil\/#primaryimage\"},\"datePublished\":\"2015-11-04T13:14:44+00:00\",\"dateModified\":\"2015-11-04T13:48:05+00:00\",\"inLanguage\":\"es\",\"potentialAction\":[{\"@type\":\"ReadAction\",\"target\":[\"https:\/\/divulgaciondinamica.info\/promos\/el-buen-fin-curso-de-estrategias-de-intervencion-en-educacion-infantil\/\"]}]}]}<\/script>\n<!-- \/ Yoast SEO plugin. -->","_links":{"self":[{"href":"https:\/\/divulgaciondinamica.info\/promos\/wp-json\/wp\/v2\/pages\/1346"}],"collection":[{"href":"https:\/\/divulgaciondinamica.info\/promos\/wp-json\/wp\/v2\/pages"}],"about":[{"href":"https:\/\/divulgaciondinamica.info\/promos\/wp-json\/wp\/v2\/types\/page"}],"author":[{"embeddable":true,"href":"https:\/\/divulgaciondinamica.info\/promos\/wp-json\/wp\/v2\/users\/1"}],"replies":[{"embeddable":true,"href":"https:\/\/divulgaciondinamica.info\/promos\/wp-json\/wp\/v2\/comments?post=1346"}],"version-history":[{"count":5,"href":"https:\/\/divulgaciondinamica.info\/promos\/wp-json\/wp\/v2\/pages\/1346\/revisions"}],"predecessor-version":[{"id":1364,"href":"https:\/\/divulgaciondinamica.info\/promos\/wp-json\/wp\/v2\/pages\/1346\/revisions\/1364"}],"wp:attachment":[{"href":"https:\/\/divulgaciondinamica.info\/promos\/wp-json\/wp\/v2\/media?parent=1346"}],"curies":[{"name":"wp","href":"https:\/\/api.w.org\/{rel}","templated":true}]}}