{"id":1322,"date":"2015-11-04T10:27:14","date_gmt":"2015-11-04T10:27:14","guid":{"rendered":"http:\/\/divulgaciondinamica.info\/promos\/?page_id=1322"},"modified":"2015-11-04T11:56:08","modified_gmt":"2015-11-04T11:56:08","slug":"master-turismo-como-herramienta-de-integracion-social","status":"publish","type":"page","link":"https:\/\/divulgaciondinamica.info\/promos\/master-turismo-como-herramienta-de-integracion-social\/","title":{"rendered":"M\u00e1ster en Turismo como Herramienta de Integraci\u00f3n Social"},"content":{"rendered":"<p>[vc_row css=\u00bb.vc_custom_1427804811471{margin-top: 25px !important;margin-bottom: 25px !important;}\u00bb][vc_column width=\u00bb1\/2&#8243;][vc_single_image image=\u00bb24&#8243; img_size=\u00bb266&#215;82&#8243; alignment=\u00bb\u00bb][\/vc_column][vc_column width=\u00bb1\/2&#8243;][vc_column_text]<\/p>\n<h6 style=\"text-align: right;\"><i class=\"fa fa-whatsapp\"><\/i> 618 12 69 97<\/h6>\n<p style=\"text-align: right;\"><strong>soporte2@divulgaciondinamica.es<\/strong><\/p>\n<p>[\/vc_column_text][\/vc_column][\/vc_row][vc_row][vc_column][vc_column_text]<img loading=\"lazy\" class=\"alignleft wp-image-1324 size-full\" src=\"http:\/\/divulgaciondinamica.info\/promos\/wp-content\/uploads\/2015\/11\/Master-Turismo-como-Herramienta-de-Integraci\u00f3n-Social.jpg\" alt=\"\" width=\"643\" height=\"434\" srcset=\"https:\/\/divulgaciondinamica.info\/promos\/wp-content\/uploads\/2015\/11\/Master-Turismo-como-Herramienta-de-Integraci\u00f3n-Social.jpg 643w, https:\/\/divulgaciondinamica.info\/promos\/wp-content\/uploads\/2015\/11\/Master-Turismo-como-Herramienta-de-Integraci\u00f3n-Social-300x202.jpg 300w\" sizes=\"(max-width: 643px) 100vw, 643px\" \/><a href=\"http:\/\/divulgaciondinamica.es\/secretaria\/alumnos\/form\/249\/\" target=\"_blank\"><img loading=\"lazy\" class=\"alignleft wp-image-1325 size-full\" src=\"http:\/\/divulgaciondinamica.info\/promos\/wp-content\/uploads\/2015\/11\/informacion-master-turismo-herramienta-integracion-social.png\" alt=\"\" width=\"417\" height=\"434\" srcset=\"https:\/\/divulgaciondinamica.info\/promos\/wp-content\/uploads\/2015\/11\/informacion-master-turismo-herramienta-integracion-social.png 417w, https:\/\/divulgaciondinamica.info\/promos\/wp-content\/uploads\/2015\/11\/informacion-master-turismo-herramienta-integracion-social-288x300.png 288w\" sizes=\"(max-width: 417px) 100vw, 417px\" \/><\/a>[\/vc_column_text][\/vc_column][\/vc_row][vc_row css=\u00bb.vc_custom_1427804437681{margin-top: 35px !important;margin-bottom: 35px !important;}\u00bb][vc_column width=\u00bb1\/4&#8243;][vc_single_image image=\u00bb35&#8243; img_size=\u00bb250&#215;195&#8243; alignment=\u00bbcenter\u00bb][\/vc_column][vc_column width=\u00bb1\/4&#8243;][vc_single_image image=\u00bb36&#8243; img_size=\u00bb250&#215;195&#8243; alignment=\u00bbcenter\u00bb][\/vc_column][vc_column width=\u00bb1\/4&#8243;][vc_single_image image=\u00bb37&#8243; img_size=\u00bb250&#215;195&#8243; alignment=\u00bbcenter\u00bb][\/vc_column][vc_column width=\u00bb1\/4&#8243;][vc_single_image image=\u00bb1326&#8243; img_size=\u00bb250&#215;195&#8243; alignment=\u00bbcenter\u00bb][\/vc_column][\/vc_row][vc_row][vc_column][vc_column_text]<br \/>\n[\/vc_column_text][\/vc_column][\/vc_row][vc_row css=\u00bb.vc_custom_1446637755262{margin-top: 35px !important;margin-bottom: 35px !important;}\u00bb][vc_column width=\u00bb1\/2&#8243;][vc_column_text css=\u00bb.vc_custom_1446636801180{margin-bottom: 30px !important;}\u00bb]<\/p>\n<div id=\"stcpDiv\">\n<h3 style=\"text-align: left;\" align=\"justify\">Presentaci\u00f3n del M\u00e1ster:<\/h3>\n<p>&nbsp;<\/p>\n<p>La integraci\u00f3n social es uno de los objetivos m\u00e1s representativos dentro de las sociedades y comunidades progresistas. A lo largo de estos a\u00f1os se han ido ensayando distintas pol\u00edticas y herramientas de\u00a0 integraci\u00f3n social, encontr\u00e1ndose los programas tur\u00edsticos como uno de los medios m\u00e1s eficaces para conseguir los objetivos sociales\u00a0 deseados por t\u00e9cnicos y ciudadanos.<\/p>\n<p>Este m\u00e1ster que presentamos trata de recoger la experiencia de estos a\u00f1os en materia de integraci\u00f3n y turismo social en aras a formar a profesionales que tengan que conocer, dominar y planificar acciones de integraci\u00f3n que tengan al turismo como herramienta.<\/p>\n<\/div>\n<div>\n<p><img loading=\"lazy\" class=\"alignleft size-full wp-image-53\" src=\"http:\/\/divulgaciondinamica.info\/promos\/wp-content\/uploads\/2015\/03\/diploma-digital1.png\" alt=\"diploma-digital\" width=\"479\" height=\"322\" srcset=\"https:\/\/divulgaciondinamica.info\/promos\/wp-content\/uploads\/2015\/03\/diploma-digital1.png 479w, https:\/\/divulgaciondinamica.info\/promos\/wp-content\/uploads\/2015\/03\/diploma-digital1-300x202.png 300w\" sizes=\"(max-width: 479px) 100vw, 479px\" \/><\/p>\n<p style=\"text-align: left;\" align=\"justify\">\n<\/div>\n<p>[\/vc_column_text][\/vc_column][vc_column width=\u00bb1\/2&#8243;][vc_column_text]<\/p>\n<div id=\"stcpDiv\">\n<h3 style=\"text-align: left;\" align=\"justify\">Temario del M\u00e1ster:<\/h3>\n<p>&nbsp;<\/p>\n<div id=\"stcpDiv\">\n<p><strong>1. PSICOSOCIOLOG\u00cdA APLICABLE A LA INTEGRACI\u00d3N SOCIAL<\/strong><\/p>\n<p>1.1 El concepto de exclusi\u00f3n e integraci\u00f3n social<br \/>\n1.2 Integraci\u00f3n social: \u00e1mbitos y principios de intervenci\u00f3n<br \/>\n1.3 El enfoque psicosocial de la integraci\u00f3n<\/p>\n<p><strong>2. PLANIFICACI\u00d3N EN LA INTEGRACI\u00d3N SOCIAL<\/strong><\/p>\n<p>2.1 Planificaci\u00f3n en integraci\u00f3n social<br \/>\n2.2 Propuesta de esquema para el dise\u00f1o de proyectos sociales<br \/>\n2.3 Perspectiva de g\u00e9nero en la planificaci\u00f3n<\/p>\n<p><strong>3. PERSONAS CON DISCAPACIDAD: COLECTIVO DE INTEGRACI\u00d3N SOCIAL<\/strong><\/p>\n<p>3.1 Marco conceptual de la discapacidad<br \/>\n3.2 Discapacidad auditiva. Discapacidad visual<br \/>\n3.3 Discapacidad motriz. Discapacidad intelectual<br \/>\n3.4 Trastornos generales del desarrollo<br \/>\n3.5 Problemas de salud mental<br \/>\n3.6 Integraci\u00f3n social y discapacitados<\/p>\n<p><strong>4. COMUNICACI\u00d3N Y HABILIDADES SOCIALES PARA LA INTEGRACI\u00d3N SOCIAL<\/strong><\/p>\n<p>4.1 Habilidades de comunicaci\u00f3n. La comunicaci\u00f3n verbal y no verbal. Facilitadores y obst\u00e1culos en la comunicaci\u00f3n<br \/>\n4.2 Sistemas de comunicaci\u00f3n. Comunicaci\u00f3n aumentativa y alternativa. Comunicaci\u00f3n con ayuda y sin ayuda<br \/>\n4.3 Importancia de las habilidades sociales para la integraci\u00f3n social<br \/>\n4.4 T\u00e9cnicas y programas de entrenamiento en habilidades sociales<\/p>\n<p><strong>5. INTRODUCCI\u00d3N TUR\u00cdSTICA Y ORDENACI\u00d3N TERRITORIAL<\/strong><\/p>\n<p>5.1 Antecedentes del turismo<br \/>\n5.2 Definiciones y tipolog\u00edas del turismo<br \/>\n5.3 Transformaci\u00f3n de municipios y zonas regionales<\/p>\n<p><strong>6. GESTI\u00d3N SOSTENIBLE DEL DESARROLLO TUR\u00cdSTICO<\/strong><\/p>\n<p>6.1 Introducci\u00f3n al turismo sostenible<br \/>\n6.2 Viabilidad econ\u00f3mica<br \/>\n6.3 Gesti\u00f3n sostenible de los elementos socioculturales<\/p>\n<p><strong>7. TURISMO ACCESIBLE<\/strong><\/p>\n<p>7.1 Principios del Turismo Accesible y Ventajas<br \/>\n7.2 Legislaci\u00f3n b\u00e1sica de Accesibilidad y Turismo Accesible de obligado cumplimiento<br \/>\n7.3 Pautas de atenci\u00f3n al cliente con necesidades especiales<br \/>\n7.4 Auto diagn\u00f3stico de accesibilidad<\/p>\n<p><strong>8. CAMBIOS SOCIALES EN LA ACTIVIDAD TUR\u00cdSTICA<\/strong><\/p>\n<p>8.1 La diversificaci\u00f3n tur\u00edstica: tendencias de las demandas tur\u00edsticas<br \/>\n8.2 Turismo e innovaci\u00f3n<br \/>\n8.3 Nuevos modelos tur\u00edsticos: definiciones y contenidos<br \/>\n8.4 Creaci\u00f3n, desarrollo, promoci\u00f3n y comercializaci\u00f3n de nuevos segmentos\/productos tur\u00edsticos<\/p>\n<p><strong>9. DISE\u00d1O DE UN PLAN DE GESTI\u00d3N DE DESTINO TUR\u00cdSTICO<\/strong><\/p>\n<p>9.1 Plan de gesti\u00f3n de destinos tur\u00edsticos<br \/>\n9.2 Gesti\u00f3n de destinos tur\u00edsticos naturales<br \/>\n9.3 Gesti\u00f3n de destinos tur\u00edsticos culturales y patrimoniales<\/p>\n<\/div>\n<p>&nbsp;<\/p>\n<div><strong>+ TRABAJO DE FIN DE M\u00c1STER<\/strong><\/div>\n<\/div>\n<p>[\/vc_column_text][\/vc_column][\/vc_row][vc_row css=\u00bb.vc_custom_1446637717961{margin-top: 65px !important;margin-bottom: 35px !important;}\u00bb][vc_column][vc_column_text]<\/p>\n<p style=\"text-align: center;\"><a class=\"vc_btn vc_btn_orange vc_btn-orange vc_btn_lg vc_btn-lg vc_btn_rounded\" title=\"\" href=\"http:\/\/divulgaciondinamica.es\/secretaria\/alumnos\/form\/249\/\" target=\"_self\">INSCRIPCI\u00d3N<\/a><\/p>\n<p>[\/vc_column_text][\/vc_column][\/vc_row][vc_row][vc_column][vc_column_text]<\/p>\n<p>[\/vc_column_text][\/vc_column][\/vc_row]<\/p>\n","protected":false},"excerpt":{"rendered":"<p>[vc_row css=\u00bb.vc_custom_1427804811471{margin-top: 25px !important;margin-bottom: 25px !important;}\u00bb][vc_column width=\u00bb1\/2&#8243;][vc_single_image image=\u00bb24&#8243; img_size=\u00bb266&#215;82&#8243; alignment=\u00bb\u00bb][\/vc_column][vc_column width=\u00bb1\/2&#8243;][vc_column_text] 618 12 69 97 soporte2@divulgaciondinamica.es [\/vc_column_text][\/vc_column][\/vc_row][vc_row][vc_column][vc_column_text][\/vc_column_text][\/vc_column][\/vc_row][vc_row css=\u00bb.vc_custom_1427804437681{margin-top: 35px !important;margin-bottom: 35px !important;}\u00bb][vc_column width=\u00bb1\/4&#8243;][vc_single_image image=\u00bb35&#8243; img_size=\u00bb250&#215;195&#8243; alignment=\u00bbcenter\u00bb][\/vc_column][vc_column width=\u00bb1\/4&#8243;][vc_single_image image=\u00bb36&#8243; img_size=\u00bb250&#215;195&#8243; alignment=\u00bbcenter\u00bb][\/vc_column][vc_column width=\u00bb1\/4&#8243;][vc_single_image image=\u00bb37&#8243; img_size=\u00bb250&#215;195&#8243; alignment=\u00bbcenter\u00bb][\/vc_column][vc_column width=\u00bb1\/4&#8243;][vc_single_image image=\u00bb1326&#8243; img_size=\u00bb250&#215;195&#8243; alignment=\u00bbcenter\u00bb][\/vc_column][\/vc_row][vc_row][vc_column][vc_column_text] [\/vc_column_text][\/vc_column][\/vc_row][vc_row css=\u00bb.vc_custom_1446637755262{margin-top:<\/p>\n","protected":false},"author":1,"featured_media":0,"parent":0,"menu_order":0,"comment_status":"closed","ping_status":"closed","template":"","meta":[],"yoast_head":"<!-- This site is optimized with the Yoast SEO plugin v15.7 - https:\/\/yoast.com\/wordpress\/plugins\/seo\/ -->\n<title>M\u00e1ster en Turismo como Herramienta de Integraci\u00f3n Social - Divulgaci\u00f3n Din\u00e1mica<\/title>\n<meta name=\"robots\" content=\"index, follow, max-snippet:-1, max-image-preview:large, max-video-preview:-1\" \/>\n<link rel=\"canonical\" href=\"https:\/\/divulgaciondinamica.info\/promos\/master-turismo-como-herramienta-de-integracion-social\/\" \/>\n<meta property=\"og:locale\" content=\"es_ES\" \/>\n<meta property=\"og:type\" content=\"article\" \/>\n<meta property=\"og:title\" content=\"M\u00e1ster en Turismo como Herramienta de Integraci\u00f3n Social - Divulgaci\u00f3n Din\u00e1mica\" \/>\n<meta property=\"og:description\" content=\"[vc_row css=\u00bb.vc_custom_1427804811471{margin-top: 25px !important;margin-bottom: 25px !important;}\u00bb][vc_column width=\u00bb1\/2&#8243;][vc_single_image image=\u00bb24&#8243; img_size=\u00bb266&#215;82&#8243; alignment=\u00bb\u00bb][\/vc_column][vc_column width=\u00bb1\/2&#8243;][vc_column_text] 618 12 69 97 soporte2@divulgaciondinamica.es [\/vc_column_text][\/vc_column][\/vc_row][vc_row][vc_column][vc_column_text][\/vc_column_text][\/vc_column][\/vc_row][vc_row css=\u00bb.vc_custom_1427804437681{margin-top: 35px !important;margin-bottom: 35px !important;}\u00bb][vc_column width=\u00bb1\/4&#8243;][vc_single_image image=\u00bb35&#8243; img_size=\u00bb250&#215;195&#8243; alignment=\u00bbcenter\u00bb][\/vc_column][vc_column width=\u00bb1\/4&#8243;][vc_single_image image=\u00bb36&#8243; img_size=\u00bb250&#215;195&#8243; alignment=\u00bbcenter\u00bb][\/vc_column][vc_column width=\u00bb1\/4&#8243;][vc_single_image image=\u00bb37&#8243; img_size=\u00bb250&#215;195&#8243; alignment=\u00bbcenter\u00bb][\/vc_column][vc_column width=\u00bb1\/4&#8243;][vc_single_image image=\u00bb1326&#8243; img_size=\u00bb250&#215;195&#8243; alignment=\u00bbcenter\u00bb][\/vc_column][\/vc_row][vc_row][vc_column][vc_column_text] [\/vc_column_text][\/vc_column][\/vc_row][vc_row css=\u00bb.vc_custom_1446637755262{margin-top:\" \/>\n<meta property=\"og:url\" content=\"https:\/\/divulgaciondinamica.info\/promos\/master-turismo-como-herramienta-de-integracion-social\/\" \/>\n<meta property=\"og:site_name\" content=\"Divulgaci\u00f3n Din\u00e1mica\" \/>\n<meta property=\"article:publisher\" content=\"https:\/\/www.facebook.com\/divulgaciondinamicaformacion\/\" \/>\n<meta property=\"article:modified_time\" content=\"2015-11-04T11:56:08+00:00\" \/>\n<meta property=\"og:image\" content=\"http:\/\/divulgaciondinamica.info\/promos\/wp-content\/uploads\/2015\/11\/Master-Turismo-como-Herramienta-de-Integraci\u00f3n-Social.jpg\" \/>\n<meta name=\"twitter:card\" content=\"summary_large_image\" \/>\n<meta name=\"twitter:site\" content=\"@divulgaciond\" \/>\n<meta name=\"twitter:label1\" content=\"Tiempo de lectura\">\n\t<meta name=\"twitter:data1\" content=\"3 minutos\">\n<script type=\"application\/ld+json\" class=\"yoast-schema-graph\">{\"@context\":\"https:\/\/schema.org\",\"@graph\":[{\"@type\":\"Organization\",\"@id\":\"https:\/\/divulgaciondinamica.info\/promos\/#organization\",\"name\":\"Divulgaci\\u00f3n Din\\u00e1mica S.L.\",\"url\":\"https:\/\/divulgaciondinamica.info\/promos\/\",\"sameAs\":[\"https:\/\/www.facebook.com\/divulgaciondinamicaformacion\/\",\"https:\/\/www.instagram.com\/divulgaciondinamica\",\"https:\/\/www.linkedin.com\/company-beta\/9490428\/\",\"https:\/\/www.youtube.com\/user\/ddinamica2010\",\"https:\/\/twitter.com\/divulgaciond\"],\"logo\":{\"@type\":\"ImageObject\",\"@id\":\"https:\/\/divulgaciondinamica.info\/promos\/#logo\",\"inLanguage\":\"es\",\"url\":\"https:\/\/divulgaciondinamica.info\/promos\/wp-content\/uploads\/2016\/02\/logo-divulgaciondinamica-ddf.png\",\"width\":400,\"height\":79,\"caption\":\"Divulgaci\\u00f3n Din\\u00e1mica S.L.\"},\"image\":{\"@id\":\"https:\/\/divulgaciondinamica.info\/promos\/#logo\"}},{\"@type\":\"WebSite\",\"@id\":\"https:\/\/divulgaciondinamica.info\/promos\/#website\",\"url\":\"https:\/\/divulgaciondinamica.info\/promos\/\",\"name\":\"Divulgaci\\u00f3n Din\\u00e1mica\",\"description\":\"Formaci\\u00f3n de calidad al alcance de todos\",\"publisher\":{\"@id\":\"https:\/\/divulgaciondinamica.info\/promos\/#organization\"},\"potentialAction\":[{\"@type\":\"SearchAction\",\"target\":\"https:\/\/divulgaciondinamica.info\/promos\/?s={search_term_string}\",\"query-input\":\"required name=search_term_string\"}],\"inLanguage\":\"es\"},{\"@type\":\"ImageObject\",\"@id\":\"https:\/\/divulgaciondinamica.info\/promos\/master-turismo-como-herramienta-de-integracion-social\/#primaryimage\",\"inLanguage\":\"es\",\"url\":\"http:\/\/divulgaciondinamica.info\/promos\/wp-content\/uploads\/2015\/11\/Master-Turismo-como-Herramienta-de-Integraci\\u00f3n-Social.jpg\"},{\"@type\":\"WebPage\",\"@id\":\"https:\/\/divulgaciondinamica.info\/promos\/master-turismo-como-herramienta-de-integracion-social\/#webpage\",\"url\":\"https:\/\/divulgaciondinamica.info\/promos\/master-turismo-como-herramienta-de-integracion-social\/\",\"name\":\"M\\u00e1ster en Turismo como Herramienta de Integraci\\u00f3n Social - Divulgaci\\u00f3n Din\\u00e1mica\",\"isPartOf\":{\"@id\":\"https:\/\/divulgaciondinamica.info\/promos\/#website\"},\"primaryImageOfPage\":{\"@id\":\"https:\/\/divulgaciondinamica.info\/promos\/master-turismo-como-herramienta-de-integracion-social\/#primaryimage\"},\"datePublished\":\"2015-11-04T10:27:14+00:00\",\"dateModified\":\"2015-11-04T11:56:08+00:00\",\"inLanguage\":\"es\",\"potentialAction\":[{\"@type\":\"ReadAction\",\"target\":[\"https:\/\/divulgaciondinamica.info\/promos\/master-turismo-como-herramienta-de-integracion-social\/\"]}]}]}<\/script>\n<!-- \/ Yoast SEO plugin. -->","_links":{"self":[{"href":"https:\/\/divulgaciondinamica.info\/promos\/wp-json\/wp\/v2\/pages\/1322"}],"collection":[{"href":"https:\/\/divulgaciondinamica.info\/promos\/wp-json\/wp\/v2\/pages"}],"about":[{"href":"https:\/\/divulgaciondinamica.info\/promos\/wp-json\/wp\/v2\/types\/page"}],"author":[{"embeddable":true,"href":"https:\/\/divulgaciondinamica.info\/promos\/wp-json\/wp\/v2\/users\/1"}],"replies":[{"embeddable":true,"href":"https:\/\/divulgaciondinamica.info\/promos\/wp-json\/wp\/v2\/comments?post=1322"}],"version-history":[{"count":5,"href":"https:\/\/divulgaciondinamica.info\/promos\/wp-json\/wp\/v2\/pages\/1322\/revisions"}],"predecessor-version":[{"id":1330,"href":"https:\/\/divulgaciondinamica.info\/promos\/wp-json\/wp\/v2\/pages\/1322\/revisions\/1330"}],"wp:attachment":[{"href":"https:\/\/divulgaciondinamica.info\/promos\/wp-json\/wp\/v2\/media?parent=1322"}],"curies":[{"name":"wp","href":"https:\/\/api.w.org\/{rel}","templated":true}]}}