{"id":1312,"date":"2015-11-04T08:41:57","date_gmt":"2015-11-04T08:41:57","guid":{"rendered":"http:\/\/divulgaciondinamica.info\/promos\/?page_id=1312"},"modified":"2017-09-19T10:24:59","modified_gmt":"2017-09-19T10:24:59","slug":"corso-di-animatore-per-linfanzia","status":"publish","type":"page","link":"https:\/\/divulgaciondinamica.info\/promos\/corso-di-animatore-per-linfanzia\/","title":{"rendered":"Corso di Animatore per l&#8217;infanzia"},"content":{"rendered":"<p>[vc_row css=\u00bb.vc_custom_1427804811471{margin-top: 25px !important;margin-bottom: 25px !important;}\u00bb][vc_column width=\u00bb2\/3&#8243;][vc_single_image image=\u00bb1257&#8243; img_size=\u00bb661&#215;82&#8243;][\/vc_column][vc_column width=\u00bb1\/3&#8243;][vc_column_text]<\/p>\n<h6 style=\"text-align: right;\"><i class=\"fa fa-whatsapp\"><\/i> 0034 606 21 20 26<\/h6>\n<p style=\"text-align: right;\"><strong>informazione1@divulgazionedinamica.it<\/strong><\/p>\n<p>[\/vc_column_text][\/vc_column][\/vc_row][vc_row][vc_column][vc_column_text]<img loading=\"lazy\" class=\"alignleft wp-image-1313 size-full\" src=\"http:\/\/divulgaciondinamica.info\/promos\/wp-content\/uploads\/2015\/11\/PROMO-Animatore-Infantile_01.jpg\" alt=\"\" width=\"643\" height=\"434\" srcset=\"https:\/\/divulgaciondinamica.info\/promos\/wp-content\/uploads\/2015\/11\/PROMO-Animatore-Infantile_01.jpg 643w, https:\/\/divulgaciondinamica.info\/promos\/wp-content\/uploads\/2015\/11\/PROMO-Animatore-Infantile_01-300x202.jpg 300w\" sizes=\"(max-width: 643px) 100vw, 643px\" \/><a href=\"http:\/\/divulgazionedinamica.it\/segreteria\/alumnos\/form\/85\/\" target=\"_blank\"><img loading=\"lazy\" class=\"alignleft wp-image-8589 size-full\" src=\"http:\/\/divulgaciondinamica.info\/promos\/wp-content\/uploads\/2015\/11\/PROMO-Animatore-per-linfanzia_02-7.png\" alt=\"\" width=\"417\" height=\"434\" srcset=\"https:\/\/divulgaciondinamica.info\/promos\/wp-content\/uploads\/2015\/11\/PROMO-Animatore-per-linfanzia_02-7.png 417w, https:\/\/divulgaciondinamica.info\/promos\/wp-content\/uploads\/2015\/11\/PROMO-Animatore-per-linfanzia_02-7-288x300.png 288w\" sizes=\"(max-width: 417px) 100vw, 417px\" \/><\/a>[\/vc_column_text][\/vc_column][\/vc_row][vc_row css=\u00bb.vc_custom_1427804437681{margin-top: 35px !important;margin-bottom: 35px !important;}\u00bb][vc_column width=\u00bb1\/4&#8243;][vc_single_image image=\u00bb1008&#8243; img_size=\u00bb250&#215;195&#8243; alignment=\u00bbcenter\u00bb][\/vc_column][vc_column width=\u00bb1\/4&#8243;][vc_single_image image=\u00bb1009&#8243; img_size=\u00bb250&#215;195&#8243; alignment=\u00bbcenter\u00bb][\/vc_column][vc_column width=\u00bb1\/4&#8243;][vc_single_image image=\u00bb1010&#8243; img_size=\u00bb250&#215;195&#8243; alignment=\u00bbcenter\u00bb][\/vc_column][vc_column width=\u00bb1\/4&#8243;][vc_single_image image=\u00bb3502&#8243; img_size=\u00bb250&#215;195&#8243; alignment=\u00bbcenter\u00bb][\/vc_column][\/vc_row][vc_row][vc_column][vc_column_text]<br \/>\n[\/vc_column_text][\/vc_column][\/vc_row][vc_row css=\u00bb.vc_custom_1427805189823{margin-top: 35px !important;margin-bottom: 35px !important;}\u00bb][vc_column width=\u00bb1\/2&#8243;][vc_column_text css=\u00bb.vc_custom_1446632607024{margin-bottom: 30px !important;}\u00bb]<\/p>\n<div id=\"stcpDiv\">\n<h3 style=\"text-align: left;\" align=\"justify\">Presentazione del Corso:<\/h3>\n<p>&nbsp;<\/p>\n<p>L\u2019organizzazione di attivit\u00e0 di ozio e tempo libero per i minori rappresenta un elemento molto importante per il mercato del tempo libero e, di conseguenza, esistono sempre pi\u00fa spazi ed istituzioni in cui i professionisti dell\u2019animazione per l\u2019infanzia hanno la possibilit\u00e0 di crescere professionalmente.<\/p>\n<p>Questo corso \u00e8 volto a fornire strategie e mezzi per l\u2019animazione di eventi e feste per bambini, offrendo elementi concettuali, metodologici, e pratici a tutte quelle persone interessate al lavoro di organizzazione di attivit\u00e0 per bambini, permettendogli cos\u00ed di progettare e mettere in atto interessanti attivit\u00e0 di animazione per l\u2019infanzia con lo scopo di fornire a bambini e giovani un momento di divertimento ed allegria.<\/p>\n<p><a href=\"http:\/\/divulgaciondinamica.info\/promos\/wp-content\/uploads\/2015\/10\/Mensaje-Diploma-en-Italiano.png\"><img loading=\"lazy\" class=\"aligncenter wp-image-978 size-full\" src=\"http:\/\/divulgaciondinamica.info\/promos\/wp-content\/uploads\/2015\/10\/Mensaje-Diploma-en-Italiano.png\" alt=\"\" width=\"479\" height=\"322\" srcset=\"https:\/\/divulgaciondinamica.info\/promos\/wp-content\/uploads\/2015\/10\/Mensaje-Diploma-en-Italiano.png 479w, https:\/\/divulgaciondinamica.info\/promos\/wp-content\/uploads\/2015\/10\/Mensaje-Diploma-en-Italiano-300x202.png 300w\" sizes=\"(max-width: 479px) 100vw, 479px\" \/><\/a><\/p>\n<p style=\"text-align: left;\" align=\"justify\">\n<\/div>\n<p>[\/vc_column_text][\/vc_column][vc_column width=\u00bb1\/2&#8243;][vc_column_text]<\/p>\n<div id=\"stcpDiv\">\n<h3 style=\"text-align: left;\" align=\"justify\">Temario del Corso:<\/h3>\n<p>&nbsp;<\/p>\n<div id=\"stcpDiv\">\n<p><strong>1. ATTIVIT\u00c0 DI EDUCAZIONE NEL TEMPO LIBERO INFANTILE E GIOVANILE<\/strong><\/p>\n<p>1.1 Fondamenti dell\u2019educazione nel tempo libero infantile e giovanile<br \/>\n1.2 Processi educativi e socializzatori nell\u2019infanzia e nella giovent\u00f9<br \/>\n1.3 Elaborazioni di progetti nelle attivit\u00e0 di intervento nel tempo libero infantile e giovanile<br \/>\n1.4 Profilo, funzioni e ambiti di azione dell\u2019assistente all\u2019infanzia del tempo libero<br \/>\n1.5 Proposta di attivit\u00e0 di tempo libero infantile e giovanile<br \/>\n1.6 Valutazione delle attivit\u00e0 di tempo libero<br \/>\n1.7 Strategie e metodi educativi per la salute<\/p>\n<p><strong>2. TECNICHE E RISORSE PER L\u2019ANIMAZIONE NELLE ATTIVIT\u00c0 DI TEMPO LIBERO<\/strong><\/p>\n<p>2.1 I centri d\u2019interesse o nuclei dell\u2019animazione per le tecniche e le risorse di ozio e tempo libero<br \/>\n2.2 Tecniche di animazione, espressione e creativit\u00e0<br \/>\n2.3 Tecniche pedagogiche del gioco<br \/>\n2.4 Tecniche di educazione ambientale<br \/>\n2.5 Prevenzione dei rischi nelle attivit\u00e0 di ozio e tempo libero, sicurezza e salute<\/p>\n<p><strong>3. PROGRAMMA DI ATTIVIT\u00c0 PER L\u2019INFANZIA<\/strong><\/p>\n<p>3.1 Organizzazione delle attivit\u00e0: caratteristiche dei programmi d\u2019animazione per l\u2019infanzia<br \/>\n3.2 Tecniche di animazione con microfono sul palcoscenico<br \/>\n3.3 Laboratorio dei giochi<br \/>\n3.4 Laboratori d\u2019animazione<\/p>\n<p><strong>+ QUADERNO DEI CASI PRATICI<\/strong><\/p>\n<\/div>\n<\/div>\n<p>[\/vc_column_text][\/vc_column][\/vc_row][vc_row css=\u00bb.vc_custom_1427806970509{margin-top: 35px !important;margin-bottom: 35px !important;}\u00bb][vc_column][vc_column_text]<\/p>\n<p style=\"text-align: center;\"><a class=\"vc_btn vc_btn_orange vc_btn-orange vc_btn_lg vc_btn-lg vc_btn_rounded\" title=\"\" href=\"http:\/\/divulgazionedinamica.it\/segreteria\/alumnos\/form\/85\/\" target=\"_blank\">RICHIEDI PI\u00d9 INFORMAZIONI<\/a><\/p>\n<p>[\/vc_column_text][\/vc_column][\/vc_row]<\/p>\n","protected":false},"excerpt":{"rendered":"<p>[vc_row css=\u00bb.vc_custom_1427804811471{margin-top: 25px !important;margin-bottom: 25px !important;}\u00bb][vc_column width=\u00bb2\/3&#8243;][vc_single_image image=\u00bb1257&#8243; img_size=\u00bb661&#215;82&#8243;][\/vc_column][vc_column width=\u00bb1\/3&#8243;][vc_column_text] 0034 606 21 20 26 informazione1@divulgazionedinamica.it [\/vc_column_text][\/vc_column][\/vc_row][vc_row][vc_column][vc_column_text][\/vc_column_text][\/vc_column][\/vc_row][vc_row css=\u00bb.vc_custom_1427804437681{margin-top: 35px !important;margin-bottom: 35px !important;}\u00bb][vc_column width=\u00bb1\/4&#8243;][vc_single_image image=\u00bb1008&#8243; img_size=\u00bb250&#215;195&#8243; alignment=\u00bbcenter\u00bb][\/vc_column][vc_column width=\u00bb1\/4&#8243;][vc_single_image image=\u00bb1009&#8243; img_size=\u00bb250&#215;195&#8243; alignment=\u00bbcenter\u00bb][\/vc_column][vc_column width=\u00bb1\/4&#8243;][vc_single_image image=\u00bb1010&#8243; img_size=\u00bb250&#215;195&#8243; alignment=\u00bbcenter\u00bb][\/vc_column][vc_column width=\u00bb1\/4&#8243;][vc_single_image image=\u00bb3502&#8243; img_size=\u00bb250&#215;195&#8243; alignment=\u00bbcenter\u00bb][\/vc_column][\/vc_row][vc_row][vc_column][vc_column_text] [\/vc_column_text][\/vc_column][\/vc_row][vc_row css=\u00bb.vc_custom_1427805189823{margin-top:<\/p>\n","protected":false},"author":1,"featured_media":0,"parent":0,"menu_order":0,"comment_status":"closed","ping_status":"closed","template":"","meta":[],"yoast_head":"<!-- This site is optimized with the Yoast SEO plugin v15.7 - https:\/\/yoast.com\/wordpress\/plugins\/seo\/ -->\n<title>Corso di Animatore per l&#039;infazia<\/title>\n<meta name=\"description\" content=\"Modalit\u00e0 100% online. Durata 150 ore \/ 2 mesi. Diploma Certificato e Accreditato. Contenuto online e scaricabile in PDF. Iscriviti ORA e paga SOLO le Tasse Amministrative (62\u20ac)\" \/>\n<meta name=\"robots\" content=\"index, follow, max-snippet:-1, max-image-preview:large, max-video-preview:-1\" \/>\n<link rel=\"canonical\" href=\"https:\/\/divulgaciondinamica.info\/promos\/corso-di-animatore-per-linfanzia\/\" \/>\n<meta property=\"og:locale\" content=\"es_ES\" \/>\n<meta property=\"og:type\" content=\"article\" \/>\n<meta property=\"og:title\" content=\"Corso di Animatore per l&#039;infanzia\" \/>\n<meta property=\"og:description\" content=\"Modalit\u00e0 100% online. Durata 150 ore \/ 2 mesi. Diploma Certificato e Accreditato. Contenuto online e scaricabile in PDF. Iscriviti ORA e paga SOLO le Tasse Amministrative (62\u20ac)\" \/>\n<meta property=\"og:url\" content=\"https:\/\/divulgaciondinamica.info\/promos\/corso-di-animatore-per-linfanzia\/\" \/>\n<meta property=\"og:site_name\" content=\"Divulgaci\u00f3n Din\u00e1mica\" \/>\n<meta property=\"article:publisher\" content=\"https:\/\/www.facebook.com\/divulgaciondinamicaformacion\/\" \/>\n<meta property=\"article:modified_time\" content=\"2017-09-19T10:24:59+00:00\" \/>\n<meta property=\"og:image\" content=\"https:\/\/divulgaciondinamica.info\/promos\/wp-content\/uploads\/2015\/11\/Facebook-Clicable-Animatore-per-lInfanzia.png\" \/>\n\t<meta property=\"og:image:width\" content=\"720\" \/>\n\t<meta property=\"og:image:height\" content=\"378\" \/>\n<meta name=\"twitter:card\" content=\"summary_large_image\" \/>\n<meta name=\"twitter:site\" content=\"@divulgaciond\" \/>\n<meta name=\"twitter:label1\" content=\"Tiempo de lectura\">\n\t<meta name=\"twitter:data1\" content=\"2 minutos\">\n<script type=\"application\/ld+json\" class=\"yoast-schema-graph\">{\"@context\":\"https:\/\/schema.org\",\"@graph\":[{\"@type\":\"Organization\",\"@id\":\"https:\/\/divulgaciondinamica.info\/promos\/#organization\",\"name\":\"Divulgaci\\u00f3n Din\\u00e1mica S.L.\",\"url\":\"https:\/\/divulgaciondinamica.info\/promos\/\",\"sameAs\":[\"https:\/\/www.facebook.com\/divulgaciondinamicaformacion\/\",\"https:\/\/www.instagram.com\/divulgaciondinamica\",\"https:\/\/www.linkedin.com\/company-beta\/9490428\/\",\"https:\/\/www.youtube.com\/user\/ddinamica2010\",\"https:\/\/twitter.com\/divulgaciond\"],\"logo\":{\"@type\":\"ImageObject\",\"@id\":\"https:\/\/divulgaciondinamica.info\/promos\/#logo\",\"inLanguage\":\"es\",\"url\":\"https:\/\/divulgaciondinamica.info\/promos\/wp-content\/uploads\/2016\/02\/logo-divulgaciondinamica-ddf.png\",\"width\":400,\"height\":79,\"caption\":\"Divulgaci\\u00f3n Din\\u00e1mica S.L.\"},\"image\":{\"@id\":\"https:\/\/divulgaciondinamica.info\/promos\/#logo\"}},{\"@type\":\"WebSite\",\"@id\":\"https:\/\/divulgaciondinamica.info\/promos\/#website\",\"url\":\"https:\/\/divulgaciondinamica.info\/promos\/\",\"name\":\"Divulgaci\\u00f3n Din\\u00e1mica\",\"description\":\"Formaci\\u00f3n de calidad al alcance de todos\",\"publisher\":{\"@id\":\"https:\/\/divulgaciondinamica.info\/promos\/#organization\"},\"potentialAction\":[{\"@type\":\"SearchAction\",\"target\":\"https:\/\/divulgaciondinamica.info\/promos\/?s={search_term_string}\",\"query-input\":\"required name=search_term_string\"}],\"inLanguage\":\"es\"},{\"@type\":\"ImageObject\",\"@id\":\"https:\/\/divulgaciondinamica.info\/promos\/corso-di-animatore-per-linfanzia\/#primaryimage\",\"inLanguage\":\"es\",\"url\":\"http:\/\/divulgaciondinamica.info\/promos\/wp-content\/uploads\/2015\/11\/PROMO-Animatore-Infantile_01.jpg\"},{\"@type\":\"WebPage\",\"@id\":\"https:\/\/divulgaciondinamica.info\/promos\/corso-di-animatore-per-linfanzia\/#webpage\",\"url\":\"https:\/\/divulgaciondinamica.info\/promos\/corso-di-animatore-per-linfanzia\/\",\"name\":\"Corso di Animatore per l'infazia\",\"isPartOf\":{\"@id\":\"https:\/\/divulgaciondinamica.info\/promos\/#website\"},\"primaryImageOfPage\":{\"@id\":\"https:\/\/divulgaciondinamica.info\/promos\/corso-di-animatore-per-linfanzia\/#primaryimage\"},\"datePublished\":\"2015-11-04T08:41:57+00:00\",\"dateModified\":\"2017-09-19T10:24:59+00:00\",\"description\":\"Modalit\\u00e0 100% online. Durata 150 ore \/ 2 mesi. Diploma Certificato e Accreditato. Contenuto online e scaricabile in PDF. Iscriviti ORA e paga SOLO le Tasse Amministrative (62\\u20ac)\",\"inLanguage\":\"es\",\"potentialAction\":[{\"@type\":\"ReadAction\",\"target\":[\"https:\/\/divulgaciondinamica.info\/promos\/corso-di-animatore-per-linfanzia\/\"]}]}]}<\/script>\n<!-- \/ Yoast SEO plugin. -->","_links":{"self":[{"href":"https:\/\/divulgaciondinamica.info\/promos\/wp-json\/wp\/v2\/pages\/1312"}],"collection":[{"href":"https:\/\/divulgaciondinamica.info\/promos\/wp-json\/wp\/v2\/pages"}],"about":[{"href":"https:\/\/divulgaciondinamica.info\/promos\/wp-json\/wp\/v2\/types\/page"}],"author":[{"embeddable":true,"href":"https:\/\/divulgaciondinamica.info\/promos\/wp-json\/wp\/v2\/users\/1"}],"replies":[{"embeddable":true,"href":"https:\/\/divulgaciondinamica.info\/promos\/wp-json\/wp\/v2\/comments?post=1312"}],"version-history":[{"count":5,"href":"https:\/\/divulgaciondinamica.info\/promos\/wp-json\/wp\/v2\/pages\/1312\/revisions"}],"predecessor-version":[{"id":8590,"href":"https:\/\/divulgaciondinamica.info\/promos\/wp-json\/wp\/v2\/pages\/1312\/revisions\/8590"}],"wp:attachment":[{"href":"https:\/\/divulgaciondinamica.info\/promos\/wp-json\/wp\/v2\/media?parent=1312"}],"curies":[{"name":"wp","href":"https:\/\/api.w.org\/{rel}","templated":true}]}}