{"id":1293,"date":"2015-10-30T08:39:59","date_gmt":"2015-10-30T08:39:59","guid":{"rendered":"http:\/\/divulgaciondinamica.info\/promos\/?page_id=1293"},"modified":"2015-10-30T08:39:59","modified_gmt":"2015-10-30T08:39:59","slug":"curso-de-actividades-de-educacion-en-el-tiempo-libre-infantil-y-juvenil","status":"publish","type":"page","link":"https:\/\/divulgaciondinamica.info\/promos\/curso-de-actividades-de-educacion-en-el-tiempo-libre-infantil-y-juvenil\/","title":{"rendered":"Curso de Actividades de Educaci\u00f3n en el Tiempo Libre Infantil y Juvenil"},"content":{"rendered":"<p>[vc_row css=\u00bb.vc_custom_1427804811471{margin-top: 25px !important;margin-bottom: 25px !important;}\u00bb][vc_column width=\u00bb1\/2&#8243;][vc_single_image image=\u00bb678&#8243; img_size=\u00bb606\u00d782&#8243;][\/vc_column][vc_column width=\u00bb1\/2&#8243;][vc_column_text]<\/p>\n<h5 style=\"text-align: right;\"><strong>618 88 94 42<br \/>\n<\/strong><\/h5>\n<p style=\"text-align: right;\"><strong>soporte4@divulgaciondinamica.es<\/strong><\/p>\n<p>[\/vc_column_text][\/vc_column][\/vc_row][vc_row][vc_column][vc_column_text]<img loading=\"lazy\" class=\"alignleft wp-image-1294 size-full\" src=\"http:\/\/divulgaciondinamica.info\/promos\/wp-content\/uploads\/2015\/10\/imagen-curso-actividades-educacion-infantil-tiempo-libre_01.jpg\" alt=\"\" width=\"594\" height=\"434\" srcset=\"https:\/\/divulgaciondinamica.info\/promos\/wp-content\/uploads\/2015\/10\/imagen-curso-actividades-educacion-infantil-tiempo-libre_01.jpg 594w, https:\/\/divulgaciondinamica.info\/promos\/wp-content\/uploads\/2015\/10\/imagen-curso-actividades-educacion-infantil-tiempo-libre_01-300x219.jpg 300w\" sizes=\"(max-width: 594px) 100vw, 594px\" \/><a href=\"https:\/\/docs.google.com\/forms\/d\/1DSCsM7aTnUDqywCwMTbPuA-shnX0n2xvo3z9OOqwvvU\/viewform\" target=\"_blank\"><img loading=\"lazy\" class=\"alignleft wp-image-1295 size-full\" src=\"http:\/\/divulgaciondinamica.info\/promos\/wp-content\/uploads\/2015\/10\/info-curso-actividades-educacion-infantil-tiempo-libre_02.png\" alt=\"\" width=\"466\" height=\"434\" srcset=\"https:\/\/divulgaciondinamica.info\/promos\/wp-content\/uploads\/2015\/10\/info-curso-actividades-educacion-infantil-tiempo-libre_02.png 466w, https:\/\/divulgaciondinamica.info\/promos\/wp-content\/uploads\/2015\/10\/info-curso-actividades-educacion-infantil-tiempo-libre_02-300x279.png 300w\" sizes=\"(max-width: 466px) 100vw, 466px\" \/><\/a>[\/vc_column_text][\/vc_column][\/vc_row][vc_row css=\u00bb.vc_custom_1427804437681{margin-top: 35px !important;margin-bottom: 35px !important;}\u00bb][vc_column width=\u00bb1\/4&#8243;][vc_single_image image=\u00bb651&#8243; img_size=\u00bb250&#215;195&#8243; alignment=\u00bbcenter\u00bb][\/vc_column][vc_column width=\u00bb1\/4&#8243;][vc_single_image image=\u00bb652&#8243; img_size=\u00bb250&#215;195&#8243; alignment=\u00bbcenter\u00bb][\/vc_column][vc_column width=\u00bb1\/4&#8243;][vc_single_image image=\u00bb653&#8243; img_size=\u00bb250&#215;195&#8243; alignment=\u00bbcenter\u00bb][\/vc_column][vc_column width=\u00bb1\/4&#8243;][vc_single_image image=\u00bb654&#8243; img_size=\u00bb250&#215;195&#8243; alignment=\u00bbcenter\u00bb][\/vc_column][\/vc_row][vc_row][vc_column][\/vc_column][\/vc_row][vc_row css=\u00bb.vc_custom_1427805189823{margin-top: 35px !important;margin-bottom: 35px !important;}\u00bb][vc_column width=\u00bb1\/2&#8243;][vc_column_text css=\u00bb.vc_custom_1446194312098{margin-bottom: 30px !important;}\u00bb]<\/p>\n<div id=\"stcpDiv\">\n<h3 style=\"text-align: left;\" align=\"justify\"><span style=\"color: #f78b35;\">Presentaci\u00f3n del Curso:<\/span><\/h3>\n<p>&nbsp;<\/p>\n<p>El Curso de ACTIVIDADES DE EDUCACI\u00d3N EN EL TIEMPO LIBRE INFANTIL Y JUVENIL incluye contenidos para el Certificado de Profesionalidad SSC564_2,\u00a0 Dinamizaci\u00f3n de actividades de Tiempo Libre Educativo Infantil y Juvenil, dentro de la familia profesional de Servicios Socioculturales y a la Comunidad, correspondi\u00e9ndose con el M\u00f3dulo Formativo: MF1866_2<\/p>\n<p>La competencia general de este Curso hace referencia a Organizar, dinamizar y evaluar actividades de tiempo libre educativo dirigidas a la infancia y la juventud, en el marco de la programaci\u00f3n general de una organizaci\u00f3n, aplicando las t\u00e9cnicas espec\u00edficas de animaci\u00f3n grupal, incidiendo expl\u00edcitamente en la educaci\u00f3n en valores y atendiendo a las medidas b\u00e1sicas de seguridad y prevenci\u00f3n de riesgos.<\/p>\n<p>El \u00e1mbito profesional se ubica en el \u00e1mbito p\u00fablico o privado, en las \u00e1reas de organizaci\u00f3n, animaci\u00f3n y dinamizaci\u00f3n de las actividades de tiempo libre educativo infantil y juvenil. Las \u00e1reas de actividades son: actividades socioeducativas de tiempo libre, actividades de tiempo libre en servicios educativos dentro y fuera del marco escolar.<br \/>\n<img loading=\"lazy\" class=\"alignleft size-full wp-image-53\" src=\"http:\/\/divulgaciondinamica.info\/promos\/wp-content\/uploads\/2015\/03\/diploma-digital1.png\" alt=\"diploma-digital\" width=\"479\" height=\"322\" srcset=\"https:\/\/divulgaciondinamica.info\/promos\/wp-content\/uploads\/2015\/03\/diploma-digital1.png 479w, https:\/\/divulgaciondinamica.info\/promos\/wp-content\/uploads\/2015\/03\/diploma-digital1-300x202.png 300w\" sizes=\"(max-width: 479px) 100vw, 479px\" \/><\/p>\n<p style=\"text-align: left;\" align=\"justify\">\n<\/div>\n<p>[\/vc_column_text][\/vc_column][vc_column width=\u00bb1\/2&#8243;][vc_column_text]<\/p>\n<div id=\"stcpDiv\">\n<h3 style=\"text-align: left;\" align=\"justify\"><span style=\"color: #f78b35;\">Temario del Curso:<\/span><\/h3>\n<p>&nbsp;<\/p>\n<p><strong>1. FUNDAMENTOS DE LA EDUCACI\u00d3N EN EL TIEMPO LIBRE INFANTIL Y JUVENIL<\/strong><\/p>\n<p>1.1 ocio y tiempo libre. Usos y funciones<br \/>\n1.2 El ocio y el tiempo libre en la sociedad actual<br \/>\n1.3 El ocio en la familia y en la escuela<br \/>\n1.4 Marco legislativo correspondiente a las actividades de tiempo libre infantil y juvenil<\/p>\n<p><strong>2. PROCESOS EDUCATIVOS Y SOCIALIZADORES EN LA INFANCIA Y LA JUVENTUD<\/strong><\/p>\n<p>2.1 Revisi\u00f3n del concepto integral de educaci\u00f3n<br \/>\n2.2 Pedagog\u00eda del ocio y el tiempo libre<br \/>\n2.3 Socializaci\u00f3n y educaci\u00f3n<br \/>\n2.4 Modos de intervenci\u00f3n educativa a trav\u00e9s del ocio. Educaci\u00f3n en valores<\/p>\n<p><strong>3. ELABORACI\u00d3N DE PROYECTOS EN LAS ACTIVIDADES DE INTERVENCI\u00d3N EN EL TIEMPO LIBRE INFANTIL Y JUVENIL<\/strong><\/p>\n<p>3.1 Marcos de referencia de los proyectos educativos en el tiempo libre<br \/>\n3.2 Fases de la planificaci\u00f3n<br \/>\n3.3 Los proyectos de ocio y tiempo libre<\/p>\n<p><strong>4. PERFIL, FUNCIONES Y \u00c1MBITOS DE ACTUACI\u00d3N DEL MONITOR\/A DE TIEMPO LIBRE<\/strong><\/p>\n<p>4.1 M\u00e9todo b\u00e1sico de trabajo en equipo: equipo de monitores<\/p>\n<p><strong>5. PROPUESTA DE ACTIVIDADES DE TIEMPO LIBRE INFANTIL Y JUVENIL<\/strong><\/p>\n<p><strong>6. LA EVALUACI\u00d3N DE ACTIVIDADES DE TIEMPO LIBRE<\/strong><\/p>\n<p>6.1 Informe de evaluaci\u00f3n<\/p>\n<p><strong>7. ESTRATEGIA Y M\u00c9TODOS DE EDUCACI\u00d3N PARA LA SALUD<\/strong><\/p>\n<p>7.1 La prevenci\u00f3n de conductas de riego y el ocio y tiempo libre<\/p>\n<\/div>\n<p>[\/vc_column_text][\/vc_column][\/vc_row][vc_row css=\u00bb.vc_custom_1435925817153{margin-bottom: 20px !important;padding-bottom: 35px !important;}\u00bb][vc_column][vc_column_text]<a href=\"https:\/\/docs.google.com\/forms\/d\/1DSCsM7aTnUDqywCwMTbPuA-shnX0n2xvo3z9OOqwvvU\/viewform\" target=\"_blank\"><img loading=\"lazy\" class=\"aligncenter size-full wp-image-676\" src=\"http:\/\/divulgaciondinamica.info\/promos\/wp-content\/uploads\/2015\/07\/btn-inscripcion.png\" alt=\"btn-inscripcion\" width=\"321\" height=\"69\" srcset=\"https:\/\/divulgaciondinamica.info\/promos\/wp-content\/uploads\/2015\/07\/btn-inscripcion.png 321w, https:\/\/divulgaciondinamica.info\/promos\/wp-content\/uploads\/2015\/07\/btn-inscripcion-300x64.png 300w\" sizes=\"(max-width: 321px) 100vw, 321px\" \/><\/a>[\/vc_column_text][\/vc_column][\/vc_row]<\/p>\n","protected":false},"excerpt":{"rendered":"<p>[vc_row css=\u00bb.vc_custom_1427804811471{margin-top: 25px !important;margin-bottom: 25px !important;}\u00bb][vc_column width=\u00bb1\/2&#8243;][vc_single_image image=\u00bb678&#8243; img_size=\u00bb606\u00d782&#8243;][\/vc_column][vc_column width=\u00bb1\/2&#8243;][vc_column_text] 618 88 94 42 soporte4@divulgaciondinamica.es [\/vc_column_text][\/vc_column][\/vc_row][vc_row][vc_column][vc_column_text][\/vc_column_text][\/vc_column][\/vc_row][vc_row css=\u00bb.vc_custom_1427804437681{margin-top: 35px !important;margin-bottom: 35px !important;}\u00bb][vc_column width=\u00bb1\/4&#8243;][vc_single_image image=\u00bb651&#8243; img_size=\u00bb250&#215;195&#8243; alignment=\u00bbcenter\u00bb][\/vc_column][vc_column width=\u00bb1\/4&#8243;][vc_single_image image=\u00bb652&#8243; img_size=\u00bb250&#215;195&#8243; alignment=\u00bbcenter\u00bb][\/vc_column][vc_column width=\u00bb1\/4&#8243;][vc_single_image image=\u00bb653&#8243; img_size=\u00bb250&#215;195&#8243; alignment=\u00bbcenter\u00bb][\/vc_column][vc_column width=\u00bb1\/4&#8243;][vc_single_image image=\u00bb654&#8243; img_size=\u00bb250&#215;195&#8243; alignment=\u00bbcenter\u00bb][\/vc_column][\/vc_row][vc_row][vc_column][\/vc_column][\/vc_row][vc_row css=\u00bb.vc_custom_1427805189823{margin-top: 35px !important;margin-bottom:<\/p>\n","protected":false},"author":1,"featured_media":0,"parent":0,"menu_order":0,"comment_status":"closed","ping_status":"closed","template":"","meta":[],"yoast_head":"<!-- This site is optimized with the Yoast SEO plugin v15.7 - https:\/\/yoast.com\/wordpress\/plugins\/seo\/ -->\n<title>Curso de Actividades de Educaci\u00f3n en el Tiempo Libre Infantil y Juvenil - Divulgaci\u00f3n Din\u00e1mica<\/title>\n<meta name=\"robots\" content=\"index, follow, max-snippet:-1, max-image-preview:large, max-video-preview:-1\" \/>\n<link rel=\"canonical\" href=\"https:\/\/divulgaciondinamica.info\/promos\/curso-de-actividades-de-educacion-en-el-tiempo-libre-infantil-y-juvenil\/\" \/>\n<meta property=\"og:locale\" content=\"es_ES\" \/>\n<meta property=\"og:type\" content=\"article\" \/>\n<meta property=\"og:title\" content=\"Curso de Actividades de Educaci\u00f3n en el Tiempo Libre Infantil y Juvenil - Divulgaci\u00f3n Din\u00e1mica\" \/>\n<meta property=\"og:description\" content=\"[vc_row css=\u00bb.vc_custom_1427804811471{margin-top: 25px !important;margin-bottom: 25px !important;}\u00bb][vc_column width=\u00bb1\/2&#8243;][vc_single_image image=\u00bb678&#8243; img_size=\u00bb606\u00d782&#8243;][\/vc_column][vc_column width=\u00bb1\/2&#8243;][vc_column_text] 618 88 94 42 soporte4@divulgaciondinamica.es [\/vc_column_text][\/vc_column][\/vc_row][vc_row][vc_column][vc_column_text][\/vc_column_text][\/vc_column][\/vc_row][vc_row css=\u00bb.vc_custom_1427804437681{margin-top: 35px !important;margin-bottom: 35px !important;}\u00bb][vc_column width=\u00bb1\/4&#8243;][vc_single_image image=\u00bb651&#8243; img_size=\u00bb250&#215;195&#8243; alignment=\u00bbcenter\u00bb][\/vc_column][vc_column width=\u00bb1\/4&#8243;][vc_single_image image=\u00bb652&#8243; img_size=\u00bb250&#215;195&#8243; alignment=\u00bbcenter\u00bb][\/vc_column][vc_column width=\u00bb1\/4&#8243;][vc_single_image image=\u00bb653&#8243; img_size=\u00bb250&#215;195&#8243; alignment=\u00bbcenter\u00bb][\/vc_column][vc_column width=\u00bb1\/4&#8243;][vc_single_image image=\u00bb654&#8243; img_size=\u00bb250&#215;195&#8243; alignment=\u00bbcenter\u00bb][\/vc_column][\/vc_row][vc_row][vc_column][\/vc_column][\/vc_row][vc_row css=\u00bb.vc_custom_1427805189823{margin-top: 35px !important;margin-bottom:\" \/>\n<meta property=\"og:url\" content=\"https:\/\/divulgaciondinamica.info\/promos\/curso-de-actividades-de-educacion-en-el-tiempo-libre-infantil-y-juvenil\/\" \/>\n<meta property=\"og:site_name\" content=\"Divulgaci\u00f3n Din\u00e1mica\" \/>\n<meta property=\"article:publisher\" content=\"https:\/\/www.facebook.com\/divulgaciondinamicaformacion\/\" \/>\n<meta property=\"og:image\" content=\"http:\/\/divulgaciondinamica.info\/promos\/wp-content\/uploads\/2015\/10\/imagen-curso-actividades-educacion-infantil-tiempo-libre_01.jpg\" \/>\n<meta name=\"twitter:card\" content=\"summary_large_image\" \/>\n<meta name=\"twitter:site\" content=\"@divulgaciond\" \/>\n<meta name=\"twitter:label1\" content=\"Tiempo de lectura\">\n\t<meta name=\"twitter:data1\" content=\"3 minutos\">\n<script type=\"application\/ld+json\" class=\"yoast-schema-graph\">{\"@context\":\"https:\/\/schema.org\",\"@graph\":[{\"@type\":\"Organization\",\"@id\":\"https:\/\/divulgaciondinamica.info\/promos\/#organization\",\"name\":\"Divulgaci\\u00f3n Din\\u00e1mica S.L.\",\"url\":\"https:\/\/divulgaciondinamica.info\/promos\/\",\"sameAs\":[\"https:\/\/www.facebook.com\/divulgaciondinamicaformacion\/\",\"https:\/\/www.instagram.com\/divulgaciondinamica\",\"https:\/\/www.linkedin.com\/company-beta\/9490428\/\",\"https:\/\/www.youtube.com\/user\/ddinamica2010\",\"https:\/\/twitter.com\/divulgaciond\"],\"logo\":{\"@type\":\"ImageObject\",\"@id\":\"https:\/\/divulgaciondinamica.info\/promos\/#logo\",\"inLanguage\":\"es\",\"url\":\"https:\/\/divulgaciondinamica.info\/promos\/wp-content\/uploads\/2016\/02\/logo-divulgaciondinamica-ddf.png\",\"width\":400,\"height\":79,\"caption\":\"Divulgaci\\u00f3n Din\\u00e1mica S.L.\"},\"image\":{\"@id\":\"https:\/\/divulgaciondinamica.info\/promos\/#logo\"}},{\"@type\":\"WebSite\",\"@id\":\"https:\/\/divulgaciondinamica.info\/promos\/#website\",\"url\":\"https:\/\/divulgaciondinamica.info\/promos\/\",\"name\":\"Divulgaci\\u00f3n Din\\u00e1mica\",\"description\":\"Formaci\\u00f3n de calidad al alcance de todos\",\"publisher\":{\"@id\":\"https:\/\/divulgaciondinamica.info\/promos\/#organization\"},\"potentialAction\":[{\"@type\":\"SearchAction\",\"target\":\"https:\/\/divulgaciondinamica.info\/promos\/?s={search_term_string}\",\"query-input\":\"required name=search_term_string\"}],\"inLanguage\":\"es\"},{\"@type\":\"ImageObject\",\"@id\":\"https:\/\/divulgaciondinamica.info\/promos\/curso-de-actividades-de-educacion-en-el-tiempo-libre-infantil-y-juvenil\/#primaryimage\",\"inLanguage\":\"es\",\"url\":\"http:\/\/divulgaciondinamica.info\/promos\/wp-content\/uploads\/2015\/10\/imagen-curso-actividades-educacion-infantil-tiempo-libre_01.jpg\"},{\"@type\":\"WebPage\",\"@id\":\"https:\/\/divulgaciondinamica.info\/promos\/curso-de-actividades-de-educacion-en-el-tiempo-libre-infantil-y-juvenil\/#webpage\",\"url\":\"https:\/\/divulgaciondinamica.info\/promos\/curso-de-actividades-de-educacion-en-el-tiempo-libre-infantil-y-juvenil\/\",\"name\":\"Curso de Actividades de Educaci\\u00f3n en el Tiempo Libre Infantil y Juvenil - Divulgaci\\u00f3n Din\\u00e1mica\",\"isPartOf\":{\"@id\":\"https:\/\/divulgaciondinamica.info\/promos\/#website\"},\"primaryImageOfPage\":{\"@id\":\"https:\/\/divulgaciondinamica.info\/promos\/curso-de-actividades-de-educacion-en-el-tiempo-libre-infantil-y-juvenil\/#primaryimage\"},\"datePublished\":\"2015-10-30T08:39:59+00:00\",\"dateModified\":\"2015-10-30T08:39:59+00:00\",\"inLanguage\":\"es\",\"potentialAction\":[{\"@type\":\"ReadAction\",\"target\":[\"https:\/\/divulgaciondinamica.info\/promos\/curso-de-actividades-de-educacion-en-el-tiempo-libre-infantil-y-juvenil\/\"]}]}]}<\/script>\n<!-- \/ Yoast SEO plugin. -->","_links":{"self":[{"href":"https:\/\/divulgaciondinamica.info\/promos\/wp-json\/wp\/v2\/pages\/1293"}],"collection":[{"href":"https:\/\/divulgaciondinamica.info\/promos\/wp-json\/wp\/v2\/pages"}],"about":[{"href":"https:\/\/divulgaciondinamica.info\/promos\/wp-json\/wp\/v2\/types\/page"}],"author":[{"embeddable":true,"href":"https:\/\/divulgaciondinamica.info\/promos\/wp-json\/wp\/v2\/users\/1"}],"replies":[{"embeddable":true,"href":"https:\/\/divulgaciondinamica.info\/promos\/wp-json\/wp\/v2\/comments?post=1293"}],"version-history":[{"count":2,"href":"https:\/\/divulgaciondinamica.info\/promos\/wp-json\/wp\/v2\/pages\/1293\/revisions"}],"predecessor-version":[{"id":1297,"href":"https:\/\/divulgaciondinamica.info\/promos\/wp-json\/wp\/v2\/pages\/1293\/revisions\/1297"}],"wp:attachment":[{"href":"https:\/\/divulgaciondinamica.info\/promos\/wp-json\/wp\/v2\/media?parent=1293"}],"curies":[{"name":"wp","href":"https:\/\/api.w.org\/{rel}","templated":true}]}}