{"id":12813,"date":"2018-07-10T11:02:38","date_gmt":"2018-07-10T11:02:38","guid":{"rendered":"https:\/\/divulgaciondinamica.info\/promos\/?page_id=12813"},"modified":"2018-08-21T10:02:53","modified_gmt":"2018-08-21T10:02:53","slug":"taller-de-atencion-de-los-menores-en-los-procesos-de-adopcion","status":"publish","type":"page","link":"https:\/\/divulgaciondinamica.info\/promos\/taller-de-atencion-de-los-menores-en-los-procesos-de-adopcion\/","title":{"rendered":"Taller de Atenci\u00f3n de los menores en los procesos de adopci\u00f3n"},"content":{"rendered":"<p>[vc_row css=\u00bb.vc_custom_1427804811471{margin-top: 25px !important;margin-bottom: 25px !important;}\u00bb][vc_column width=\u00bb2\/3&#8243;][vc_single_image image=\u00bb4551&#8243; img_size=\u00bb496&#215;62&#8243;][\/vc_column][vc_column width=\u00bb1\/3&#8243;][\/vc_column][\/vc_row][vc_row][vc_column][vc_column_text]<img loading=\"lazy\" class=\"wp-image-12820 size-full alignleft\" src=\"https:\/\/divulgaciondinamica.info\/promos\/wp-content\/uploads\/2018\/07\/taller-menores-procesos-de-adopci\u00f3n.jpg\" alt=\"\" width=\"643\" height=\"434\" srcset=\"https:\/\/divulgaciondinamica.info\/promos\/wp-content\/uploads\/2018\/07\/taller-menores-procesos-de-adopci\u00f3n.jpg 643w, https:\/\/divulgaciondinamica.info\/promos\/wp-content\/uploads\/2018\/07\/taller-menores-procesos-de-adopci\u00f3n-300x202.jpg 300w\" sizes=\"(max-width: 643px) 100vw, 643px\" \/><a href=\"https:\/\/secretariasocios.divulgaciondinamica.es\/alumnos\/form\/151\/\"><img loading=\"lazy\" class=\"wp-image-13056 size-full alignleft\" src=\"https:\/\/divulgaciondinamica.info\/promos\/wp-content\/uploads\/2018\/08\/Taller-Gratuito-junio-2018-4_02.png\" alt=\"\" width=\"417\" height=\"434\" srcset=\"https:\/\/divulgaciondinamica.info\/promos\/wp-content\/uploads\/2018\/08\/Taller-Gratuito-junio-2018-4_02.png 417w, https:\/\/divulgaciondinamica.info\/promos\/wp-content\/uploads\/2018\/08\/Taller-Gratuito-junio-2018-4_02-288x300.png 288w\" sizes=\"(max-width: 417px) 100vw, 417px\" \/><\/a>[\/vc_column_text][\/vc_column][\/vc_row][vc_row css=\u00bb.vc_custom_1427804437681{margin-top: 35px !important;margin-bottom: 35px !important;}\u00bb][vc_column width=\u00bb1\/4&#8243;][vc_single_image image=\u00bb4980&#8243; img_size=\u00bb250&#215;195&#8243; alignment=\u00bbcenter\u00bb][\/vc_column][vc_column width=\u00bb1\/4&#8243;][vc_single_image image=\u00bb4981&#8243; img_size=\u00bb250&#215;195&#8243; alignment=\u00bbcenter\u00bb][\/vc_column][vc_column width=\u00bb1\/4&#8243;][vc_single_image image=\u00bb4982&#8243; img_size=\u00bb250&#215;195&#8243; alignment=\u00bbcenter\u00bb][\/vc_column][vc_column width=\u00bb1\/4&#8243;][vc_single_image image=\u00bb4983&#8243; img_size=\u00bb250&#215;195&#8243; alignment=\u00bbcenter\u00bb][\/vc_column][\/vc_row][vc_row][vc_column][vc_column_text]<br \/>\n[\/vc_column_text][\/vc_column][\/vc_row][vc_row css=\u00bb.vc_custom_1427805189823{margin-top: 35px !important;margin-bottom: 35px !important;}\u00bb][vc_column width=\u00bb1\/2&#8243;][vc_column_text css=\u00bb.vc_custom_1531221192927{margin-bottom: 30px !important;}\u00bb]<\/p>\n<div id=\"stcpDiv\" style=\"text-align: justify;\">\n<h3 style=\"text-align: left;\" align=\"justify\"><span style=\"color: #c81056;\">Presentaci\u00f3n del Taller:<\/span><\/h3>\n<p>&nbsp;<\/p>\n<p>La adopci\u00f3n se trata de un proceso y medida de protecci\u00f3n para aquel o aquella menor que, dadas sus caracter\u00edsticas familiares y adversidades en la misma, requiere de la necesaria separaci\u00f3n de su n\u00facleo familiar de origen y su integraci\u00f3n en una nueva familia que promocione un desarrollo \u00f3ptimo. Es imprescindible que todas aquellas personas que intervengan, traten o atienda a los ni\u00f1os\/as adoptados, adquieran las habilidades necesarias para cubrir sus necesidades psicosociales en funci\u00f3n de sus caracter\u00edsticas, de los factores de riesgo y protecci\u00f3n que les rodean, as\u00ed como de su propia historia de vida.<\/p>\n<p>Desde Divulgaci\u00f3n Din\u00e1mica os presentamos el taller La atenci\u00f3n de los menores en los procesos de adopci\u00f3n, cuyo objetivo es la compresi\u00f3n integral del o la menor que se encuentra en esta medida de protecci\u00f3n.<\/p>\n<p><img loading=\"lazy\" class=\"alignleft size-full wp-image-53\" src=\"http:\/\/divulgaciondinamica.info\/promos\/wp-content\/uploads\/2015\/03\/diploma-digital1.png\" alt=\"diploma-digital\" width=\"479\" height=\"322\" srcset=\"https:\/\/divulgaciondinamica.info\/promos\/wp-content\/uploads\/2015\/03\/diploma-digital1.png 479w, https:\/\/divulgaciondinamica.info\/promos\/wp-content\/uploads\/2015\/03\/diploma-digital1-300x202.png 300w\" sizes=\"(max-width: 479px) 100vw, 479px\" \/><\/p>\n<p style=\"text-align: left;\" align=\"justify\">\n<\/div>\n<p>[\/vc_column_text][\/vc_column][vc_column width=\u00bb1\/2&#8243;][vc_column_text]<\/p>\n<div id=\"stcpDiv\">\n<h3 style=\"text-align: left;\" align=\"justify\"><span style=\"color: #c81056;\">Temario:<\/span><\/h3>\n<p>&nbsp;<\/p>\n<div id=\"stcpDiv\">\n<div id=\"stcpDiv\">\n<p><strong>1. CARACTER\u00cdSTICAS DE LOS MENORES EN EL PROCESO DE ADOPCI\u00d3N<\/strong><\/p>\n<p>1.1 Desarrollo psicoevolutivo: f\u00edsico y cognitivo<br \/>\n1.2 Desarrollo afectivo: apego y emociones<br \/>\n1.3 Desarrollo conductual: alteraciones y problem\u00e1ticas comportamentales<br \/>\n1.4 Desarrollo Social: socializaci\u00f3n en la escuela y en el grupo de iguales<\/p>\n<p><strong>2. LA ATENCI\u00d3N PSICOSOCIAL EN LA ADOPCI\u00d3N<\/strong><\/p>\n<p>2.1 Introducci\u00f3n<br \/>\n2.2 \u00bfC\u00f3mo apoyar a la familia en el proceso de adopci\u00f3n?<br \/>\n2.3 \u00bfC\u00f3mo podemos hablar con el menor sobre la adopci\u00f3n?<br \/>\n2.4 \u00bfC\u00f3mo apoyar al adolescente adoptado en la b\u00fasqueda de sus or\u00edgenes?<br \/>\n2.5 \u00bfQu\u00e9 hay que tener en cuenta en las adopciones especiales?<br \/>\n2.6 \u00bfC\u00f3mo fomentar la integraci\u00f3n escolar del menor adoptado?<\/p>\n<\/div>\n<\/div>\n<\/div>\n<p>[\/vc_column_text][\/vc_column][\/vc_row][vc_row css=\u00bb.vc_custom_1427806970509{margin-top: 35px !important;margin-bottom: 35px !important;}\u00bb][vc_column][vc_btn title=\u00bb\u00a1INSCR\u00cdBETE GRATIS!\u00bb style=\u00bbflat\u00bb color=\u00bbwarning\u00bb size=\u00bblg\u00bb align=\u00bbcenter\u00bb link=\u00bburl:https%3A%2F%2Fsecretariasocios.divulgaciondinamica.es%2Falumnos%2Fform%2F151%2F||target:%20_blank|\u00bb][\/vc_column][\/vc_row]<\/p>\n","protected":false},"excerpt":{"rendered":"<p>[vc_row css=\u00bb.vc_custom_1427804811471{margin-top: 25px !important;margin-bottom: 25px !important;}\u00bb][vc_column width=\u00bb2\/3&#8243;][vc_single_image image=\u00bb4551&#8243; img_size=\u00bb496&#215;62&#8243;][\/vc_column][vc_column width=\u00bb1\/3&#8243;][\/vc_column][\/vc_row][vc_row][vc_column][vc_column_text][\/vc_column_text][\/vc_column][\/vc_row][vc_row css=\u00bb.vc_custom_1427804437681{margin-top: 35px !important;margin-bottom: 35px !important;}\u00bb][vc_column width=\u00bb1\/4&#8243;][vc_single_image image=\u00bb4980&#8243; img_size=\u00bb250&#215;195&#8243; alignment=\u00bbcenter\u00bb][\/vc_column][vc_column width=\u00bb1\/4&#8243;][vc_single_image image=\u00bb4981&#8243; img_size=\u00bb250&#215;195&#8243; alignment=\u00bbcenter\u00bb][\/vc_column][vc_column width=\u00bb1\/4&#8243;][vc_single_image image=\u00bb4982&#8243; img_size=\u00bb250&#215;195&#8243; alignment=\u00bbcenter\u00bb][\/vc_column][vc_column width=\u00bb1\/4&#8243;][vc_single_image image=\u00bb4983&#8243; img_size=\u00bb250&#215;195&#8243; alignment=\u00bbcenter\u00bb][\/vc_column][\/vc_row][vc_row][vc_column][vc_column_text] [\/vc_column_text][\/vc_column][\/vc_row][vc_row css=\u00bb.vc_custom_1427805189823{margin-top: 35px !important;margin-bottom: 35px !important;}\u00bb][vc_column width=\u00bb1\/2&#8243;][vc_column_text css=\u00bb.vc_custom_1531221192927{margin-bottom: 30px<\/p>\n","protected":false},"author":1,"featured_media":0,"parent":0,"menu_order":0,"comment_status":"closed","ping_status":"closed","template":"","meta":[],"yoast_head":"<!-- This site is optimized with the Yoast SEO plugin v15.7 - https:\/\/yoast.com\/wordpress\/plugins\/seo\/ -->\n<title>Taller de Atenci\u00f3n de los menores en los procesos de adopci\u00f3n - Divulgaci\u00f3n Din\u00e1mica<\/title>\n<meta name=\"robots\" content=\"index, follow, max-snippet:-1, max-image-preview:large, max-video-preview:-1\" \/>\n<link rel=\"canonical\" href=\"https:\/\/divulgaciondinamica.info\/promos\/taller-de-atencion-de-los-menores-en-los-procesos-de-adopcion\/\" \/>\n<meta property=\"og:locale\" content=\"es_ES\" \/>\n<meta property=\"og:type\" content=\"article\" \/>\n<meta property=\"og:title\" content=\"Taller de Atenci\u00f3n de los menores en los procesos de adopci\u00f3n - Divulgaci\u00f3n Din\u00e1mica\" \/>\n<meta property=\"og:description\" content=\"[vc_row css=\u00bb.vc_custom_1427804811471{margin-top: 25px !important;margin-bottom: 25px !important;}\u00bb][vc_column width=\u00bb2\/3&#8243;][vc_single_image image=\u00bb4551&#8243; img_size=\u00bb496&#215;62&#8243;][\/vc_column][vc_column width=\u00bb1\/3&#8243;][\/vc_column][\/vc_row][vc_row][vc_column][vc_column_text][\/vc_column_text][\/vc_column][\/vc_row][vc_row css=\u00bb.vc_custom_1427804437681{margin-top: 35px !important;margin-bottom: 35px !important;}\u00bb][vc_column width=\u00bb1\/4&#8243;][vc_single_image image=\u00bb4980&#8243; img_size=\u00bb250&#215;195&#8243; alignment=\u00bbcenter\u00bb][\/vc_column][vc_column width=\u00bb1\/4&#8243;][vc_single_image image=\u00bb4981&#8243; img_size=\u00bb250&#215;195&#8243; alignment=\u00bbcenter\u00bb][\/vc_column][vc_column width=\u00bb1\/4&#8243;][vc_single_image image=\u00bb4982&#8243; img_size=\u00bb250&#215;195&#8243; alignment=\u00bbcenter\u00bb][\/vc_column][vc_column width=\u00bb1\/4&#8243;][vc_single_image image=\u00bb4983&#8243; img_size=\u00bb250&#215;195&#8243; alignment=\u00bbcenter\u00bb][\/vc_column][\/vc_row][vc_row][vc_column][vc_column_text] [\/vc_column_text][\/vc_column][\/vc_row][vc_row css=\u00bb.vc_custom_1427805189823{margin-top: 35px !important;margin-bottom: 35px !important;}\u00bb][vc_column width=\u00bb1\/2&#8243;][vc_column_text css=\u00bb.vc_custom_1531221192927{margin-bottom: 30px\" \/>\n<meta property=\"og:url\" content=\"https:\/\/divulgaciondinamica.info\/promos\/taller-de-atencion-de-los-menores-en-los-procesos-de-adopcion\/\" \/>\n<meta property=\"og:site_name\" content=\"Divulgaci\u00f3n Din\u00e1mica\" \/>\n<meta property=\"article:publisher\" content=\"https:\/\/www.facebook.com\/divulgaciondinamicaformacion\/\" \/>\n<meta property=\"article:modified_time\" content=\"2018-08-21T10:02:53+00:00\" \/>\n<meta property=\"og:image\" content=\"https:\/\/divulgaciondinamica.info\/promos\/wp-content\/uploads\/2018\/07\/taller-menores-procesos-de-adopci\u00f3n.jpg\" \/>\n<meta name=\"twitter:card\" content=\"summary_large_image\" \/>\n<meta name=\"twitter:site\" content=\"@divulgaciond\" \/>\n<meta name=\"twitter:label1\" content=\"Tiempo de lectura\">\n\t<meta name=\"twitter:data1\" content=\"2 minutos\">\n<script type=\"application\/ld+json\" class=\"yoast-schema-graph\">{\"@context\":\"https:\/\/schema.org\",\"@graph\":[{\"@type\":\"Organization\",\"@id\":\"https:\/\/divulgaciondinamica.info\/promos\/#organization\",\"name\":\"Divulgaci\\u00f3n Din\\u00e1mica S.L.\",\"url\":\"https:\/\/divulgaciondinamica.info\/promos\/\",\"sameAs\":[\"https:\/\/www.facebook.com\/divulgaciondinamicaformacion\/\",\"https:\/\/www.instagram.com\/divulgaciondinamica\",\"https:\/\/www.linkedin.com\/company-beta\/9490428\/\",\"https:\/\/www.youtube.com\/user\/ddinamica2010\",\"https:\/\/twitter.com\/divulgaciond\"],\"logo\":{\"@type\":\"ImageObject\",\"@id\":\"https:\/\/divulgaciondinamica.info\/promos\/#logo\",\"inLanguage\":\"es\",\"url\":\"https:\/\/divulgaciondinamica.info\/promos\/wp-content\/uploads\/2016\/02\/logo-divulgaciondinamica-ddf.png\",\"width\":400,\"height\":79,\"caption\":\"Divulgaci\\u00f3n Din\\u00e1mica S.L.\"},\"image\":{\"@id\":\"https:\/\/divulgaciondinamica.info\/promos\/#logo\"}},{\"@type\":\"WebSite\",\"@id\":\"https:\/\/divulgaciondinamica.info\/promos\/#website\",\"url\":\"https:\/\/divulgaciondinamica.info\/promos\/\",\"name\":\"Divulgaci\\u00f3n Din\\u00e1mica\",\"description\":\"Formaci\\u00f3n de calidad al alcance de todos\",\"publisher\":{\"@id\":\"https:\/\/divulgaciondinamica.info\/promos\/#organization\"},\"potentialAction\":[{\"@type\":\"SearchAction\",\"target\":\"https:\/\/divulgaciondinamica.info\/promos\/?s={search_term_string}\",\"query-input\":\"required name=search_term_string\"}],\"inLanguage\":\"es\"},{\"@type\":\"ImageObject\",\"@id\":\"https:\/\/divulgaciondinamica.info\/promos\/taller-de-atencion-de-los-menores-en-los-procesos-de-adopcion\/#primaryimage\",\"inLanguage\":\"es\",\"url\":\"https:\/\/divulgaciondinamica.info\/promos\/wp-content\/uploads\/2018\/07\/taller-menores-procesos-de-adopci\\u00f3n.jpg\",\"width\":643,\"height\":434},{\"@type\":\"WebPage\",\"@id\":\"https:\/\/divulgaciondinamica.info\/promos\/taller-de-atencion-de-los-menores-en-los-procesos-de-adopcion\/#webpage\",\"url\":\"https:\/\/divulgaciondinamica.info\/promos\/taller-de-atencion-de-los-menores-en-los-procesos-de-adopcion\/\",\"name\":\"Taller de Atenci\\u00f3n de los menores en los procesos de adopci\\u00f3n - Divulgaci\\u00f3n Din\\u00e1mica\",\"isPartOf\":{\"@id\":\"https:\/\/divulgaciondinamica.info\/promos\/#website\"},\"primaryImageOfPage\":{\"@id\":\"https:\/\/divulgaciondinamica.info\/promos\/taller-de-atencion-de-los-menores-en-los-procesos-de-adopcion\/#primaryimage\"},\"datePublished\":\"2018-07-10T11:02:38+00:00\",\"dateModified\":\"2018-08-21T10:02:53+00:00\",\"inLanguage\":\"es\",\"potentialAction\":[{\"@type\":\"ReadAction\",\"target\":[\"https:\/\/divulgaciondinamica.info\/promos\/taller-de-atencion-de-los-menores-en-los-procesos-de-adopcion\/\"]}]}]}<\/script>\n<!-- \/ Yoast SEO plugin. -->","_links":{"self":[{"href":"https:\/\/divulgaciondinamica.info\/promos\/wp-json\/wp\/v2\/pages\/12813"}],"collection":[{"href":"https:\/\/divulgaciondinamica.info\/promos\/wp-json\/wp\/v2\/pages"}],"about":[{"href":"https:\/\/divulgaciondinamica.info\/promos\/wp-json\/wp\/v2\/types\/page"}],"author":[{"embeddable":true,"href":"https:\/\/divulgaciondinamica.info\/promos\/wp-json\/wp\/v2\/users\/1"}],"replies":[{"embeddable":true,"href":"https:\/\/divulgaciondinamica.info\/promos\/wp-json\/wp\/v2\/comments?post=12813"}],"version-history":[{"count":5,"href":"https:\/\/divulgaciondinamica.info\/promos\/wp-json\/wp\/v2\/pages\/12813\/revisions"}],"predecessor-version":[{"id":13065,"href":"https:\/\/divulgaciondinamica.info\/promos\/wp-json\/wp\/v2\/pages\/12813\/revisions\/13065"}],"wp:attachment":[{"href":"https:\/\/divulgaciondinamica.info\/promos\/wp-json\/wp\/v2\/media?parent=12813"}],"curies":[{"name":"wp","href":"https:\/\/api.w.org\/{rel}","templated":true}]}}