{"id":12421,"date":"2018-06-18T09:01:29","date_gmt":"2018-06-18T09:01:29","guid":{"rendered":"https:\/\/divulgaciondinamica.info\/promos\/?page_id=12421"},"modified":"2018-06-18T09:21:49","modified_gmt":"2018-06-18T09:21:49","slug":"taller-gratuito-actividades-juegos-educacion-especial","status":"publish","type":"page","link":"https:\/\/divulgaciondinamica.info\/promos\/taller-gratuito-actividades-juegos-educacion-especial\/","title":{"rendered":"Taller Gratuito Actividades y Juegos en Educaci\u00f3n Especial"},"content":{"rendered":"<p>[vc_row css=\u00bb.vc_custom_1427804811471{margin-top: 25px !important;margin-bottom: 25px !important;}\u00bb][vc_column width=\u00bb2\/3&#8243;][vc_single_image image=\u00bb4551&#8243; img_size=\u00bb496&#215;62&#8243;][\/vc_column][vc_column width=\u00bb1\/3&#8243;][\/vc_column][\/vc_row][vc_row][vc_column][vc_column_text]<img loading=\"lazy\" class=\"wp-image-10905 size-full alignleft\" src=\"https:\/\/divulgaciondinamica.info\/promos\/wp-content\/uploads\/2018\/03\/talleres-educacion-especial.jpg\" alt=\"\" width=\"643\" height=\"434\" srcset=\"https:\/\/divulgaciondinamica.info\/promos\/wp-content\/uploads\/2018\/03\/talleres-educacion-especial.jpg 643w, https:\/\/divulgaciondinamica.info\/promos\/wp-content\/uploads\/2018\/03\/talleres-educacion-especial-300x202.jpg 300w\" sizes=\"(max-width: 643px) 100vw, 643px\" \/><a href=\"https:\/\/secretariasocios.divulgaciondinamica.es\/alumnos\/form\/134\/\"><img loading=\"lazy\" class=\"wp-image-12425 size-full alignleft\" src=\"https:\/\/divulgaciondinamica.info\/promos\/wp-content\/uploads\/2018\/06\/Taller-Gratuito-junio-2018-1_02.png\" alt=\"\" width=\"417\" height=\"434\" srcset=\"https:\/\/divulgaciondinamica.info\/promos\/wp-content\/uploads\/2018\/06\/Taller-Gratuito-junio-2018-1_02.png 417w, https:\/\/divulgaciondinamica.info\/promos\/wp-content\/uploads\/2018\/06\/Taller-Gratuito-junio-2018-1_02-288x300.png 288w\" sizes=\"(max-width: 417px) 100vw, 417px\" \/><\/a>[\/vc_column_text][\/vc_column][\/vc_row][vc_row css=\u00bb.vc_custom_1427804437681{margin-top: 35px !important;margin-bottom: 35px !important;}\u00bb][vc_column width=\u00bb1\/4&#8243;][vc_single_image image=\u00bb4980&#8243; img_size=\u00bb250&#215;195&#8243; alignment=\u00bbcenter\u00bb][\/vc_column][vc_column width=\u00bb1\/4&#8243;][vc_single_image image=\u00bb4981&#8243; img_size=\u00bb250&#215;195&#8243; alignment=\u00bbcenter\u00bb][\/vc_column][vc_column width=\u00bb1\/4&#8243;][vc_single_image image=\u00bb4982&#8243; img_size=\u00bb250&#215;195&#8243; alignment=\u00bbcenter\u00bb][\/vc_column][vc_column width=\u00bb1\/4&#8243;][vc_single_image image=\u00bb4983&#8243; img_size=\u00bb250&#215;195&#8243; alignment=\u00bbcenter\u00bb][\/vc_column][\/vc_row][vc_row][vc_column][vc_column_text]<br \/>\n[\/vc_column_text][\/vc_column][\/vc_row][vc_row css=\u00bb.vc_custom_1427805189823{margin-top: 35px !important;margin-bottom: 35px !important;}\u00bb][vc_column width=\u00bb1\/2&#8243;][vc_column_text css=\u00bb.vc_custom_1529312699785{margin-bottom: 30px !important;}\u00bb]<\/p>\n<div id=\"stcpDiv\" style=\"text-align: justify;\">\n<h3 style=\"text-align: left;\" align=\"justify\"><span style=\"color: #c81056;\">Presentaci\u00f3n del Taller:<\/span><\/h3>\n<p>&nbsp;<\/p>\n<p>Garantizar que la educaci\u00f3n y el desarrollo de competencias sean igual para todos los ni\u00f1os con necesidades educativas especiales, hace que sea necesaria la implicaci\u00f3n del entorno escolar, social y familiar del ni\u00f1o\/a para su correcta integraci\u00f3n escolar.<\/p>\n<p>Por ello, os presentamos el \u201cTaller de Actividades y Juegos en Educaci\u00f3n Especial\u201d en el cual se desarrollar\u00e1n, desde la perspectiva de las actividades de ocio, las t\u00e9cnicas y herramientas necesarias para la integraci\u00f3n a trav\u00e9s del uso de juegos sensibilizadores y de recursos l\u00fadicos adaptados a distintas necesidades y discapacidades que favorecer\u00e1n el sentimiento de pertenencia al grupo en ni\u00f1os con necesidades educativas especiales.<\/p>\n<p><img loading=\"lazy\" class=\"alignleft size-full wp-image-53\" src=\"http:\/\/divulgaciondinamica.info\/promos\/wp-content\/uploads\/2015\/03\/diploma-digital1.png\" alt=\"diploma-digital\" width=\"479\" height=\"322\" srcset=\"https:\/\/divulgaciondinamica.info\/promos\/wp-content\/uploads\/2015\/03\/diploma-digital1.png 479w, https:\/\/divulgaciondinamica.info\/promos\/wp-content\/uploads\/2015\/03\/diploma-digital1-300x202.png 300w\" sizes=\"(max-width: 479px) 100vw, 479px\" \/><\/p>\n<p style=\"text-align: left;\" align=\"justify\">\n<\/div>\n<p>[\/vc_column_text][\/vc_column][vc_column width=\u00bb1\/2&#8243;][vc_column_text]<\/p>\n<div id=\"stcpDiv\">\n<h3 style=\"text-align: left;\" align=\"justify\"><span style=\"color: #c81056;\">Temario:<\/span><\/h3>\n<p>&nbsp;<\/p>\n<div id=\"stcpDiv\">\n<div id=\"stcpDiv\">\n<p><strong>1. Actividades de Ocio Inclusivo<\/strong><\/p>\n<p>1.1 Organizaci\u00f3n temporal de las sesiones<br \/>\n1.2 Implicaci\u00f3n de los participantes<br \/>\n1.3 Caracter\u00edsticas del grupo<br \/>\n1.4 Concretar actividades<\/p>\n<p><strong>2. El juego<\/strong><\/p>\n<p>2.1 Valores del juego<br \/>\n2.2 Gui\u00f3n de juegos de dinamizaci\u00f3n<br \/>\n2.3 La creaci\u00f3n de un fichero de juegos<\/p>\n<p><strong>3. Clasificaci\u00f3n de juegos para ocio inclusivo<\/strong><\/p>\n<p>3.1 Juegos adaptados<br \/>\n3.2 Juegos sensibilizadores<\/p>\n<p><strong>4. Tipolog\u00eda de actividades y juegos seg\u00fan formas de expresi\u00f3n<\/strong><\/p>\n<p>4.1 Actividades y juegos de expresi\u00f3n pl\u00e1stica<br \/>\n4.2 Actividades y juegos de expresi\u00f3n musical<br \/>\n4.3 Actividades y juegos de expresi\u00f3n corporal<br \/>\n4.3.1 Los cuentos y las actividades de animaci\u00f3n a la lectura como recurso expresivo<\/p>\n<p><strong>5. Tipolog\u00eda de juegos y actividades seg\u00fan contenidos<\/strong><\/p>\n<p>5.1 Actividades y juegos de educaci\u00f3n ambiental<br \/>\n5.2 Actividades y juegos destinados a fomentar la autonom\u00eda<br \/>\n5.3 Actividades y juegos deportivos<br \/>\n5.4 Actividades y juegos de inteligencia emocional y habilidades sociales<br \/>\n5.5 Actividades y juegos para la educaci\u00f3n en valores<\/p>\n<\/div>\n<\/div>\n<\/div>\n<p>[\/vc_column_text][\/vc_column][\/vc_row][vc_row css=\u00bb.vc_custom_1427806970509{margin-top: 35px !important;margin-bottom: 35px !important;}\u00bb][vc_column][vc_btn title=\u00bb\u00a1INSCR\u00cdBETE GRATIS!\u00bb style=\u00bbflat\u00bb color=\u00bbwarning\u00bb size=\u00bblg\u00bb align=\u00bbcenter\u00bb link=\u00bburl:https%3A%2F%2Fsecretariasocios.divulgaciondinamica.es%2Falumnos%2Fform%2F134%2F||target:%20_blank|\u00bb][\/vc_column][\/vc_row]<\/p>\n","protected":false},"excerpt":{"rendered":"<p>[vc_row css=\u00bb.vc_custom_1427804811471{margin-top: 25px !important;margin-bottom: 25px !important;}\u00bb][vc_column width=\u00bb2\/3&#8243;][vc_single_image image=\u00bb4551&#8243; img_size=\u00bb496&#215;62&#8243;][\/vc_column][vc_column width=\u00bb1\/3&#8243;][\/vc_column][\/vc_row][vc_row][vc_column][vc_column_text][\/vc_column_text][\/vc_column][\/vc_row][vc_row css=\u00bb.vc_custom_1427804437681{margin-top: 35px !important;margin-bottom: 35px !important;}\u00bb][vc_column width=\u00bb1\/4&#8243;][vc_single_image image=\u00bb4980&#8243; img_size=\u00bb250&#215;195&#8243; alignment=\u00bbcenter\u00bb][\/vc_column][vc_column width=\u00bb1\/4&#8243;][vc_single_image image=\u00bb4981&#8243; img_size=\u00bb250&#215;195&#8243; alignment=\u00bbcenter\u00bb][\/vc_column][vc_column width=\u00bb1\/4&#8243;][vc_single_image image=\u00bb4982&#8243; img_size=\u00bb250&#215;195&#8243; alignment=\u00bbcenter\u00bb][\/vc_column][vc_column width=\u00bb1\/4&#8243;][vc_single_image image=\u00bb4983&#8243; img_size=\u00bb250&#215;195&#8243; alignment=\u00bbcenter\u00bb][\/vc_column][\/vc_row][vc_row][vc_column][vc_column_text] [\/vc_column_text][\/vc_column][\/vc_row][vc_row css=\u00bb.vc_custom_1427805189823{margin-top: 35px !important;margin-bottom: 35px !important;}\u00bb][vc_column width=\u00bb1\/2&#8243;][vc_column_text css=\u00bb.vc_custom_1529312699785{margin-bottom: 30px<\/p>\n","protected":false},"author":1,"featured_media":0,"parent":0,"menu_order":0,"comment_status":"closed","ping_status":"closed","template":"","meta":[],"yoast_head":"<!-- This site is optimized with the Yoast SEO plugin v15.7 - https:\/\/yoast.com\/wordpress\/plugins\/seo\/ -->\n<title>Taller Gratuito Actividades y Juegos en Educaci\u00f3n Especial - Divulgaci\u00f3n Din\u00e1mica<\/title>\n<meta name=\"robots\" content=\"index, follow, max-snippet:-1, max-image-preview:large, max-video-preview:-1\" \/>\n<link rel=\"canonical\" href=\"https:\/\/divulgaciondinamica.info\/promos\/taller-gratuito-actividades-juegos-educacion-especial\/\" \/>\n<meta property=\"og:locale\" content=\"es_ES\" \/>\n<meta property=\"og:type\" content=\"article\" \/>\n<meta property=\"og:title\" content=\"Taller Gratuito Actividades y Juegos en Educaci\u00f3n Especial - Divulgaci\u00f3n Din\u00e1mica\" \/>\n<meta property=\"og:description\" content=\"[vc_row css=\u00bb.vc_custom_1427804811471{margin-top: 25px !important;margin-bottom: 25px !important;}\u00bb][vc_column width=\u00bb2\/3&#8243;][vc_single_image image=\u00bb4551&#8243; img_size=\u00bb496&#215;62&#8243;][\/vc_column][vc_column width=\u00bb1\/3&#8243;][\/vc_column][\/vc_row][vc_row][vc_column][vc_column_text][\/vc_column_text][\/vc_column][\/vc_row][vc_row css=\u00bb.vc_custom_1427804437681{margin-top: 35px !important;margin-bottom: 35px !important;}\u00bb][vc_column width=\u00bb1\/4&#8243;][vc_single_image image=\u00bb4980&#8243; img_size=\u00bb250&#215;195&#8243; alignment=\u00bbcenter\u00bb][\/vc_column][vc_column width=\u00bb1\/4&#8243;][vc_single_image image=\u00bb4981&#8243; img_size=\u00bb250&#215;195&#8243; alignment=\u00bbcenter\u00bb][\/vc_column][vc_column width=\u00bb1\/4&#8243;][vc_single_image image=\u00bb4982&#8243; img_size=\u00bb250&#215;195&#8243; alignment=\u00bbcenter\u00bb][\/vc_column][vc_column width=\u00bb1\/4&#8243;][vc_single_image image=\u00bb4983&#8243; img_size=\u00bb250&#215;195&#8243; alignment=\u00bbcenter\u00bb][\/vc_column][\/vc_row][vc_row][vc_column][vc_column_text] [\/vc_column_text][\/vc_column][\/vc_row][vc_row css=\u00bb.vc_custom_1427805189823{margin-top: 35px !important;margin-bottom: 35px !important;}\u00bb][vc_column width=\u00bb1\/2&#8243;][vc_column_text css=\u00bb.vc_custom_1529312699785{margin-bottom: 30px\" \/>\n<meta property=\"og:url\" content=\"https:\/\/divulgaciondinamica.info\/promos\/taller-gratuito-actividades-juegos-educacion-especial\/\" \/>\n<meta property=\"og:site_name\" content=\"Divulgaci\u00f3n Din\u00e1mica\" \/>\n<meta property=\"article:publisher\" content=\"https:\/\/www.facebook.com\/divulgaciondinamicaformacion\/\" \/>\n<meta property=\"article:modified_time\" content=\"2018-06-18T09:21:49+00:00\" \/>\n<meta property=\"og:image\" content=\"https:\/\/divulgaciondinamica.info\/promos\/wp-content\/uploads\/2018\/03\/talleres-educacion-especial.jpg\" \/>\n<meta name=\"twitter:card\" content=\"summary_large_image\" \/>\n<meta name=\"twitter:site\" content=\"@divulgaciond\" \/>\n<meta name=\"twitter:label1\" content=\"Tiempo de lectura\">\n\t<meta name=\"twitter:data1\" content=\"2 minutos\">\n<script type=\"application\/ld+json\" class=\"yoast-schema-graph\">{\"@context\":\"https:\/\/schema.org\",\"@graph\":[{\"@type\":\"Organization\",\"@id\":\"https:\/\/divulgaciondinamica.info\/promos\/#organization\",\"name\":\"Divulgaci\\u00f3n Din\\u00e1mica S.L.\",\"url\":\"https:\/\/divulgaciondinamica.info\/promos\/\",\"sameAs\":[\"https:\/\/www.facebook.com\/divulgaciondinamicaformacion\/\",\"https:\/\/www.instagram.com\/divulgaciondinamica\",\"https:\/\/www.linkedin.com\/company-beta\/9490428\/\",\"https:\/\/www.youtube.com\/user\/ddinamica2010\",\"https:\/\/twitter.com\/divulgaciond\"],\"logo\":{\"@type\":\"ImageObject\",\"@id\":\"https:\/\/divulgaciondinamica.info\/promos\/#logo\",\"inLanguage\":\"es\",\"url\":\"https:\/\/divulgaciondinamica.info\/promos\/wp-content\/uploads\/2016\/02\/logo-divulgaciondinamica-ddf.png\",\"width\":400,\"height\":79,\"caption\":\"Divulgaci\\u00f3n Din\\u00e1mica S.L.\"},\"image\":{\"@id\":\"https:\/\/divulgaciondinamica.info\/promos\/#logo\"}},{\"@type\":\"WebSite\",\"@id\":\"https:\/\/divulgaciondinamica.info\/promos\/#website\",\"url\":\"https:\/\/divulgaciondinamica.info\/promos\/\",\"name\":\"Divulgaci\\u00f3n Din\\u00e1mica\",\"description\":\"Formaci\\u00f3n de calidad al alcance de todos\",\"publisher\":{\"@id\":\"https:\/\/divulgaciondinamica.info\/promos\/#organization\"},\"potentialAction\":[{\"@type\":\"SearchAction\",\"target\":\"https:\/\/divulgaciondinamica.info\/promos\/?s={search_term_string}\",\"query-input\":\"required name=search_term_string\"}],\"inLanguage\":\"es\"},{\"@type\":\"ImageObject\",\"@id\":\"https:\/\/divulgaciondinamica.info\/promos\/taller-gratuito-actividades-juegos-educacion-especial\/#primaryimage\",\"inLanguage\":\"es\",\"url\":\"https:\/\/divulgaciondinamica.info\/promos\/wp-content\/uploads\/2018\/03\/talleres-educacion-especial.jpg\",\"width\":643,\"height\":434},{\"@type\":\"WebPage\",\"@id\":\"https:\/\/divulgaciondinamica.info\/promos\/taller-gratuito-actividades-juegos-educacion-especial\/#webpage\",\"url\":\"https:\/\/divulgaciondinamica.info\/promos\/taller-gratuito-actividades-juegos-educacion-especial\/\",\"name\":\"Taller Gratuito Actividades y Juegos en Educaci\\u00f3n Especial - Divulgaci\\u00f3n Din\\u00e1mica\",\"isPartOf\":{\"@id\":\"https:\/\/divulgaciondinamica.info\/promos\/#website\"},\"primaryImageOfPage\":{\"@id\":\"https:\/\/divulgaciondinamica.info\/promos\/taller-gratuito-actividades-juegos-educacion-especial\/#primaryimage\"},\"datePublished\":\"2018-06-18T09:01:29+00:00\",\"dateModified\":\"2018-06-18T09:21:49+00:00\",\"inLanguage\":\"es\",\"potentialAction\":[{\"@type\":\"ReadAction\",\"target\":[\"https:\/\/divulgaciondinamica.info\/promos\/taller-gratuito-actividades-juegos-educacion-especial\/\"]}]}]}<\/script>\n<!-- \/ Yoast SEO plugin. -->","_links":{"self":[{"href":"https:\/\/divulgaciondinamica.info\/promos\/wp-json\/wp\/v2\/pages\/12421"}],"collection":[{"href":"https:\/\/divulgaciondinamica.info\/promos\/wp-json\/wp\/v2\/pages"}],"about":[{"href":"https:\/\/divulgaciondinamica.info\/promos\/wp-json\/wp\/v2\/types\/page"}],"author":[{"embeddable":true,"href":"https:\/\/divulgaciondinamica.info\/promos\/wp-json\/wp\/v2\/users\/1"}],"replies":[{"embeddable":true,"href":"https:\/\/divulgaciondinamica.info\/promos\/wp-json\/wp\/v2\/comments?post=12421"}],"version-history":[{"count":4,"href":"https:\/\/divulgaciondinamica.info\/promos\/wp-json\/wp\/v2\/pages\/12421\/revisions"}],"predecessor-version":[{"id":12431,"href":"https:\/\/divulgaciondinamica.info\/promos\/wp-json\/wp\/v2\/pages\/12421\/revisions\/12431"}],"wp:attachment":[{"href":"https:\/\/divulgaciondinamica.info\/promos\/wp-json\/wp\/v2\/media?parent=12421"}],"curies":[{"name":"wp","href":"https:\/\/api.w.org\/{rel}","templated":true}]}}