{"id":1120,"date":"2015-10-16T07:06:00","date_gmt":"2015-10-16T07:06:00","guid":{"rendered":"http:\/\/divulgaciondinamica.info\/promos\/?page_id=1120"},"modified":"2015-10-19T09:45:17","modified_gmt":"2015-10-19T09:45:17","slug":"secretaria-virtual-ria","status":"publish","type":"page","link":"https:\/\/divulgaciondinamica.info\/promos\/secretaria-virtual-ria\/","title":{"rendered":"Secretar\u00eda Virtual RIA"},"content":{"rendered":"<p>[vc_row css=\u00bb.vc_custom_1444907298779{margin-top: 5px !important;margin-bottom: 25px !important;}\u00bb][vc_column width=\u00bb1\/2&#8243;][vc_single_image image=\u00bb1096&#8243; img_size=\u00bb472&#215;115&#8243; alignment=\u00bb\u00bb][\/vc_column][vc_column width=\u00bb1\/2&#8243;][vc_column_text]<\/p>\n<h6 style=\"text-align: right;\"><strong><span style=\"color: #1c4968;\"><br \/>\nTel\u00e9fono internacional: <i class=\"fa fa-whatsapp\"><\/i> +34 620 77 31 43<\/span><br \/>\n<\/strong><\/h6>\n<h6 style=\"text-align: right;\"><span style=\"color: #b8b8b8;\"><strong>info@planformativoria.info<\/strong><\/span><\/h6>\n<p>[\/vc_column_text][\/vc_column][\/vc_row][vc_row css=\u00bb.vc_custom_1444989419096{margin-top: 55px !important;margin-bottom: 45px !important;}\u00bb][vc_column width=\u00bb1\/2&#8243;][vc_column_text]<\/p>\n<h1><span style=\"color: #214984;\">Secretar\u00eda Virtual:<\/span><\/h1>\n<p>&nbsp;<\/p>\n<p>Para formalizar su inscripci\u00f3n, por favor elija el Curso en el que est\u00e1 interesado\/a y a continuaci\u00f3n haga clic en \u00abComprar\u00bb.[\/vc_column_text][\/vc_column][vc_column width=\u00bb1\/2&#8243;][vc_column_text]<br \/>\n[\/vc_column_text][\/vc_column][\/vc_row][vc_row][vc_column width=\u00bb1\/2&#8243; css=\u00bb.vc_custom_1444989641756{border-top-width: 3px !important;border-right-width: 3px !important;border-bottom-width: 3px !important;border-left-width: 3px !important;padding-top: 15px !important;padding-right: 15px !important;padding-bottom: 15px !important;padding-left: 15px !important;background-color: #f2f4f8 !important;}\u00bb][vc_column_text]CURSO:<\/p>\n<h5><span style=\"color: #214984;\">LA ANIMACI\u00d3N SOCIOCULTURAL, UNA INTRODUCCI\u00d3N PEDAG\u00d3GICA (100 h.)<\/span><\/h5>\n<p><em> <span class=\"Estilo99\"><strong>FECHA: <\/strong>9 noviembre 2015 &#8211; 22 enero 2016<\/span><\/em><br \/>\n<span class=\"Estilo99\"><br \/>\n<strong>TEMARIO:<\/strong><\/span><\/p>\n<p>1. Animaci\u00f3n Sociocultural<br \/>\n2. Pedagog\u00eda del Ocio y del Tiempo Libre[\/vc_column_text][vc_separator css=\u00bb.vc_custom_1444991780456{margin-top: 15px !important;margin-bottom: 15px !important;}\u00bb][vc_row_inner][vc_column_inner width=\u00bb1\/2&#8243;][vc_column_text]<\/p>\n<h4 style=\"text-align: center;\"><span style=\"color: #f29400;\"><strong><span style=\"color: #999999;\">Coste del Curso:<\/span><em> $ 99 USD<\/em><\/strong><\/span><\/h4>\n<p>[\/vc_column_text][\/vc_column_inner][vc_column_inner width=\u00bb1\/2&#8243;][vc_raw_html]<\/p>\n<p>JTNDZm9ybSUyMGFjdGlvbiUzRCUyMmh0dHBzJTNBJTJGJTJGd3d3LnBheXBhbC5jb20lMkZjZ2ktYmluJTJGd2Vic2NyJTIyJTIwbWV0aG9kJTNEJTIycG9zdCUyMiUyMHRhcmdldCUzRCUyMl90b3AlMjIlM0UlMEElM0NpbnB1dCUyMHR5cGUlM0QlMjJoaWRkZW4lMjIlMjBuYW1lJTNEJTIyY21kJTIyJTIwdmFsdWUlM0QlMjJfeGNsaWNrJTIyJTNFJTBBJTNDaW5wdXQlMjB0eXBlJTNEJTIyaGlkZGVuJTIyJTIwbmFtZSUzRCUyMmJ1c2luZXNzJTIyJTIwdmFsdWUlM0QlMjJyaWFwcm95ZWN0b3MlNDBnbWFpbC5jb20lMjIlM0UlMEElM0NpbnB1dCUyMHR5cGUlM0QlMjJoaWRkZW4lMjIlMjBuYW1lJTNEJTIybGMlMjIlMjB2YWx1ZSUzRCUyMkVTJTIyJTNFJTBBJTNDaW5wdXQlMjB0eXBlJTNEJTIyaGlkZGVuJTIyJTIwbmFtZSUzRCUyMml0ZW1fbmFtZSUyMiUyMHZhbHVlJTNEJTIyQ3Vyc28lMjBMYSUyMEFuaW1hY2lvbiUyMFNvY2lvY3VsdHVyYWwlMjIlM0UlMEElM0NpbnB1dCUyMHR5cGUlM0QlMjJoaWRkZW4lMjIlMjBuYW1lJTNEJTIyYW1vdW50JTIyJTIwdmFsdWUlM0QlMjI5OS4wMCUyMiUzRSUwQSUzQ2lucHV0JTIwdHlwZSUzRCUyMmhpZGRlbiUyMiUyMG5hbWUlM0QlMjJjdXJyZW5jeV9jb2RlJTIyJTIwdmFsdWUlM0QlMjJVU0QlMjIlM0UlMEElM0NpbnB1dCUyMHR5cGUlM0QlMjJoaWRkZW4lMjIlMjBuYW1lJTNEJTIyYnV0dG9uX3N1YnR5cGUlMjIlMjB2YWx1ZSUzRCUyMnNlcnZpY2VzJTIyJTNFJTBBJTNDaW5wdXQlMjB0eXBlJTNEJTIyaGlkZGVuJTIyJTIwbmFtZSUzRCUyMm5vX25vdGUlMjIlMjB2YWx1ZSUzRCUyMjAlMjIlM0UlMEElM0NpbnB1dCUyMHR5cGUlM0QlMjJoaWRkZW4lMjIlMjBuYW1lJTNEJTIyYm4lMjIlMjB2YWx1ZSUzRCUyMlBQLUJ1eU5vd0JGJTNBYnRuX2J1eW5vd0NDX0xHLmdpZiUzQU5vbkhvc3RlZEd1ZXN0JTIyJTNFJTBBJTNDaW5wdXQlMjB0eXBlJTNEJTIyaW1hZ2UlMjIlMjBzcmMlM0QlMjJodHRwJTNBJTJGJTJGZGl2dWxnYWNpb25kaW5hbWljYS5pbmZvJTJGcHJvbW9zJTJGd3AtY29udGVudCUyRnVwbG9hZHMlMkYyMDE1JTJGMTAlMkZjb21wcmFyLmdpZiUyMiUyMGJvcmRlciUzRCUyMjAlMjIlMjBuYW1lJTNEJTIyc3VibWl0JTIyJTIwYWx0JTNEJTIyUGF5UGFsLiUyMExhJTIwZm9ybWElMjByJUMzJUExcGlkYSUyMHklMjBzZWd1cmElMjBkZSUyMHBhZ2FyJTIwZW4lMjBJbnRlcm5ldC4lMjIlM0UlMEElM0NpbWclMjBhbHQlM0QlMjIlMjIlMjBib3JkZXIlM0QlMjIwJTIyJTIwc3JjJTNEJTIyaHR0cHMlM0ElMkYlMkZ3d3cucGF5cGFsb2JqZWN0cy5jb20lMkZlc19FUyUyRmklMkZzY3IlMkZwaXhlbC5naWYlMjIlMjB3aWR0aCUzRCUyMjElMjIlMjBoZWlnaHQlM0QlMjIxJTIyJTNFJTBBJTNDJTJGZm9ybSUzRQ==<\/p>\n<p>[\/vc_raw_html][\/vc_column_inner][\/vc_row_inner][\/vc_column][vc_column width=\u00bb1\/2&#8243; css=\u00bb.vc_custom_1444992045848{padding-top: 15px !important;padding-right: 15px !important;padding-bottom: 15px !important;padding-left: 15px !important;background-color: #ebeff4 !important;}\u00bb][vc_column_text]CURSO:<\/p>\n<h5><span style=\"color: #214984;\">C\u00d3MO ALCANZAR LA PARTICIPACI\u00d3N A TRAV\u00c9S DE LA ANIMACI\u00d3N SOCIOCULTURAL (100 h.)<\/span><\/h5>\n<p><em> <span class=\"Estilo99\"><strong>FECHA: <\/strong>5 febrero &#8211; 4 abril 2016<\/span><\/em><br \/>\n<span class=\"Estilo99\"><br \/>\n<strong>TEMARIO:<\/strong><\/span><\/p>\n<p>1. Participaci\u00f3n Ciudadana<br \/>\n2. Nuevas Tecnolog\u00edas Aplicadas a la Animaci\u00f3n Sociocultural[\/vc_column_text][vc_separator css=\u00bb.vc_custom_1444991780456{margin-top: 15px !important;margin-bottom: 15px !important;}\u00bb][vc_row_inner][vc_column_inner width=\u00bb1\/2&#8243;][vc_column_text]<\/p>\n<h4 style=\"text-align: center;\"><span style=\"color: #f29400;\"><strong><span style=\"color: #999999;\">Coste del Curso:<\/span><em> $ 99 USD<\/em><\/strong><\/span><\/h4>\n<p>[\/vc_column_text][\/vc_column_inner][vc_column_inner width=\u00bb1\/2&#8243;][vc_raw_html]JTNDZm9ybSUyMGFjdGlvbiUzRCUyMmh0dHBzJTNBJTJGJTJGd3d3LnBheXBhbC5jb20lMkZjZ2ktYmluJTJGd2Vic2NyJTIyJTIwbWV0aG9kJTNEJTIycG9zdCUyMiUyMHRhcmdldCUzRCUyMl90b3AlMjIlM0UlMEElM0NpbnB1dCUyMHR5cGUlM0QlMjJoaWRkZW4lMjIlMjBuYW1lJTNEJTIyY21kJTIyJTIwdmFsdWUlM0QlMjJfeGNsaWNrJTIyJTNFJTBBJTNDaW5wdXQlMjB0eXBlJTNEJTIyaGlkZGVuJTIyJTIwbmFtZSUzRCUyMmJ1c2luZXNzJTIyJTIwdmFsdWUlM0QlMjJyaWFwcm95ZWN0b3MlNDBnbWFpbC5jb20lMjIlM0UlMEElM0NpbnB1dCUyMHR5cGUlM0QlMjJoaWRkZW4lMjIlMjBuYW1lJTNEJTIybGMlMjIlMjB2YWx1ZSUzRCUyMkVTJTIyJTNFJTBBJTNDaW5wdXQlMjB0eXBlJTNEJTIyaGlkZGVuJTIyJTIwbmFtZSUzRCUyMml0ZW1fbmFtZSUyMiUyMHZhbHVlJTNEJTIyQ3Vyc28lMjBDb21vJTIwYWxjYW56YXIlMjBsYSUyMFBhcnRpY2lwYWNpb24lMjBhJTIwdHJhdmVzJTIwZGUlMjBsYSUyMEFuaW1hY2lvbiUyMFNvY2lvY3VsdHVyYWwlMjIlM0UlMEElM0NpbnB1dCUyMHR5cGUlM0QlMjJoaWRkZW4lMjIlMjBuYW1lJTNEJTIyYW1vdW50JTIyJTIwdmFsdWUlM0QlMjI5OS4wMCUyMiUzRSUwQSUzQ2lucHV0JTIwdHlwZSUzRCUyMmhpZGRlbiUyMiUyMG5hbWUlM0QlMjJjdXJyZW5jeV9jb2RlJTIyJTIwdmFsdWUlM0QlMjJVU0QlMjIlM0UlMEElM0NpbnB1dCUyMHR5cGUlM0QlMjJoaWRkZW4lMjIlMjBuYW1lJTNEJTIyYnV0dG9uX3N1YnR5cGUlMjIlMjB2YWx1ZSUzRCUyMnNlcnZpY2VzJTIyJTNFJTBBJTNDaW5wdXQlMjB0eXBlJTNEJTIyaGlkZGVuJTIyJTIwbmFtZSUzRCUyMm5vX25vdGUlMjIlMjB2YWx1ZSUzRCUyMjAlMjIlM0UlMEElM0NpbnB1dCUyMHR5cGUlM0QlMjJoaWRkZW4lMjIlMjBuYW1lJTNEJTIyYm4lMjIlMjB2YWx1ZSUzRCUyMlBQLUJ1eU5vd0JGJTNBYnRuX2J1eW5vd0NDX0xHLmdpZiUzQU5vbkhvc3RlZEd1ZXN0JTIyJTNFJTBBJTNDaW5wdXQlMjB0eXBlJTNEJTIyaW1hZ2UlMjIlMjBzcmMlM0QlMjJodHRwJTNBJTJGJTJGZGl2dWxnYWNpb25kaW5hbWljYS5pbmZvJTJGcHJvbW9zJTJGd3AtY29udGVudCUyRnVwbG9hZHMlMkYyMDE1JTJGMTAlMkZjb21wcmFyLmdpZiUyMiUyMGJvcmRlciUzRCUyMjAlMjIlMjBuYW1lJTNEJTIyc3VibWl0JTIyJTIwYWx0JTNEJTIyUGF5UGFsLiUyMExhJTIwZm9ybWElMjByJUMzJUExcGlkYSUyMHklMjBzZWd1cmElMjBkZSUyMHBhZ2FyJTIwZW4lMjBJbnRlcm5ldC4lMjIlM0UlMEElM0NpbWclMjBhbHQlM0QlMjIlMjIlMjBib3JkZXIlM0QlMjIwJTIyJTIwc3JjJTNEJTIyaHR0cHMlM0ElMkYlMkZ3d3cucGF5cGFsb2JqZWN0cy5jb20lMkZlc19FUyUyRmklMkZzY3IlMkZwaXhlbC5naWYlMjIlMjB3aWR0aCUzRCUyMjElMjIlMjBoZWlnaHQlM0QlMjIxJTIyJTNFJTBBJTNDJTJGZm9ybSUzRQ==[\/vc_raw_html][\/vc_column_inner][\/vc_row_inner][\/vc_column][\/vc_row][vc_row css=\u00bb.vc_custom_1444989224892{margin-top: 45px !important;}\u00bb][vc_column width=\u00bb1\/2&#8243; css=\u00bb.vc_custom_1444992053847{padding-top: 15px !important;padding-right: 15px !important;padding-bottom: 15px !important;padding-left: 15px !important;background-color: #ebeff4 !important;}\u00bb][vc_column_text]CURSO:<\/p>\n<h5><span style=\"color: #214984;\">LAS TRANSFORMACIONES QUE VA ADQUIRIENDO LA ANIMACI\u00d3N SOCIOCULTURAL (100 h.)<\/span><\/h5>\n<p><em> <span class=\"Estilo99\"><strong>FECHA: <\/strong>15 abril &#8211; 15 junio 2016<\/span><\/em><br \/>\n<span class=\"Estilo99\"><br \/>\n<strong>TEMARIO:<\/strong><\/span><\/p>\n<p>1. Nuevos Perfiles Profesionales Aplicados en la Animaci\u00f3n Sociocultural<br \/>\n2. Nuevos Enfoques de Intervenci\u00f3n[\/vc_column_text][vc_separator css=\u00bb.vc_custom_1444991780456{margin-top: 15px !important;margin-bottom: 15px !important;}\u00bb][vc_row_inner][vc_column_inner width=\u00bb1\/2&#8243;][vc_column_text]<\/p>\n<h4 style=\"text-align: center;\"><span style=\"color: #f29400;\"><strong><span style=\"color: #999999;\">Coste del Curso:<\/span><em> $ 99 USD<\/em><\/strong><\/span><\/h4>\n<p>[\/vc_column_text][\/vc_column_inner][vc_column_inner width=\u00bb1\/2&#8243;][vc_raw_html]JTNDZm9ybSUyMGFjdGlvbiUzRCUyMmh0dHBzJTNBJTJGJTJGd3d3LnBheXBhbC5jb20lMkZjZ2ktYmluJTJGd2Vic2NyJTIyJTIwbWV0aG9kJTNEJTIycG9zdCUyMiUyMHRhcmdldCUzRCUyMl90b3AlMjIlM0UlMEElM0NpbnB1dCUyMHR5cGUlM0QlMjJoaWRkZW4lMjIlMjBuYW1lJTNEJTIyY21kJTIyJTIwdmFsdWUlM0QlMjJfeGNsaWNrJTIyJTNFJTBBJTNDaW5wdXQlMjB0eXBlJTNEJTIyaGlkZGVuJTIyJTIwbmFtZSUzRCUyMmJ1c2luZXNzJTIyJTIwdmFsdWUlM0QlMjJyaWFwcm95ZWN0b3MlNDBnbWFpbC5jb20lMjIlM0UlMEElM0NpbnB1dCUyMHR5cGUlM0QlMjJoaWRkZW4lMjIlMjBuYW1lJTNEJTIybGMlMjIlMjB2YWx1ZSUzRCUyMkVTJTIyJTNFJTBBJTNDaW5wdXQlMjB0eXBlJTNEJTIyaGlkZGVuJTIyJTIwbmFtZSUzRCUyMml0ZW1fbmFtZSUyMiUyMHZhbHVlJTNEJTIyQ3Vyc28lMjBMYXMlMjBUcmFuc2Zvcm1hY2lvbmVzJTIwcXVlJTIwdmElMjBhZHF1aXJpZW5kbyUyMGxhJTIwQW5pbWFjaW9uJTIwU29jaW9jdWx0dXJhbCUyMiUzRSUwQSUzQ2lucHV0JTIwdHlwZSUzRCUyMmhpZGRlbiUyMiUyMG5hbWUlM0QlMjJhbW91bnQlMjIlMjB2YWx1ZSUzRCUyMjk5LjAwJTIyJTNFJTBBJTNDaW5wdXQlMjB0eXBlJTNEJTIyaGlkZGVuJTIyJTIwbmFtZSUzRCUyMmN1cnJlbmN5X2NvZGUlMjIlMjB2YWx1ZSUzRCUyMlVTRCUyMiUzRSUwQSUzQ2lucHV0JTIwdHlwZSUzRCUyMmhpZGRlbiUyMiUyMG5hbWUlM0QlMjJidXR0b25fc3VidHlwZSUyMiUyMHZhbHVlJTNEJTIyc2VydmljZXMlMjIlM0UlMEElM0NpbnB1dCUyMHR5cGUlM0QlMjJoaWRkZW4lMjIlMjBuYW1lJTNEJTIybm9fbm90ZSUyMiUyMHZhbHVlJTNEJTIyMCUyMiUzRSUwQSUzQ2lucHV0JTIwdHlwZSUzRCUyMmhpZGRlbiUyMiUyMG5hbWUlM0QlMjJibiUyMiUyMHZhbHVlJTNEJTIyUFAtQnV5Tm93QkYlM0FidG5fYnV5bm93Q0NfTEcuZ2lmJTNBTm9uSG9zdGVkR3Vlc3QlMjIlM0UlMEElM0NpbnB1dCUyMHR5cGUlM0QlMjJpbWFnZSUyMiUyMHNyYyUzRCUyMmh0dHAlM0ElMkYlMkZkaXZ1bGdhY2lvbmRpbmFtaWNhLmluZm8lMkZwcm9tb3MlMkZ3cC1jb250ZW50JTJGdXBsb2FkcyUyRjIwMTUlMkYxMCUyRmNvbXByYXIuZ2lmJTIyJTIwYm9yZGVyJTNEJTIyMCUyMiUyMG5hbWUlM0QlMjJzdWJtaXQlMjIlMjBhbHQlM0QlMjJQYXlQYWwuJTIwTGElMjBmb3JtYSUyMHIlQzMlQTFwaWRhJTIweSUyMHNlZ3VyYSUyMGRlJTIwcGFnYXIlMjBlbiUyMEludGVybmV0LiUyMiUzRSUwQSUzQ2ltZyUyMGFsdCUzRCUyMiUyMiUyMGJvcmRlciUzRCUyMjAlMjIlMjBzcmMlM0QlMjJodHRwcyUzQSUyRiUyRnd3dy5wYXlwYWxvYmplY3RzLmNvbSUyRmVzX0VTJTJGaSUyRnNjciUyRnBpeGVsLmdpZiUyMiUyMHdpZHRoJTNEJTIyMSUyMiUyMGhlaWdodCUzRCUyMjElMjIlM0UlMEElM0MlMkZmb3JtJTNF[\/vc_raw_html][\/vc_column_inner][\/vc_row_inner][\/vc_column][vc_column width=\u00bb1\/2&#8243; css=\u00bb.vc_custom_1444988893440{padding-top: 15px !important;padding-right: 15px !important;padding-bottom: 15px !important;padding-left: 15px !important;background-color: #f2f4f8 !important;}\u00bb][vc_column_text]CURSO-SEMINARIO:<\/p>\n<h5><span style=\"color: #214984;\">LA ANIMACI\u00d3N SOCIOCULTURAL EN LA PEN\u00cdNSULA IB\u00c9RICA (100 h.)<\/span><\/h5>\n<p><em> <span class=\"Estilo99\"><strong>FECHA: <\/strong>24 junio &#8211; 7 septiembre 2016<\/span><\/em><br \/>\n<span class=\"Estilo99\"><br \/>\n<strong>TEMARIO:<\/strong><\/span><\/p>\n<p>1. La Animaci\u00f3n en Espa\u00f1a: Concepto y Experiencias de Intervenci\u00f3n<br \/>\n2. La Animaci\u00f3n en Portugal: Concepto y Experiencias de Intervenci\u00f3n[\/vc_column_text][vc_separator css=\u00bb.vc_custom_1444991780456{margin-top: 15px !important;margin-bottom: 15px !important;}\u00bb][vc_row_inner][vc_column_inner width=\u00bb1\/2&#8243;][vc_column_text]<\/p>\n<h4 style=\"text-align: center;\"><span style=\"color: #f29400;\"><strong><span style=\"color: #999999;\">Coste del Curso:<\/span><em> $ 99 USD<\/em><\/strong><\/span><\/h4>\n<p>[\/vc_column_text][\/vc_column_inner][vc_column_inner width=\u00bb1\/2&#8243;][vc_raw_html]JTNDZm9ybSUyMGFjdGlvbiUzRCUyMmh0dHBzJTNBJTJGJTJGd3d3LnBheXBhbC5jb20lMkZjZ2ktYmluJTJGd2Vic2NyJTIyJTIwbWV0aG9kJTNEJTIycG9zdCUyMiUyMHRhcmdldCUzRCUyMl90b3AlMjIlM0UlMEElM0NpbnB1dCUyMHR5cGUlM0QlMjJoaWRkZW4lMjIlMjBuYW1lJTNEJTIyY21kJTIyJTIwdmFsdWUlM0QlMjJfeGNsaWNrJTIyJTNFJTBBJTNDaW5wdXQlMjB0eXBlJTNEJTIyaGlkZGVuJTIyJTIwbmFtZSUzRCUyMmJ1c2luZXNzJTIyJTIwdmFsdWUlM0QlMjJyaWFwcm95ZWN0b3MlNDBnbWFpbC5jb20lMjIlM0UlMEElM0NpbnB1dCUyMHR5cGUlM0QlMjJoaWRkZW4lMjIlMjBuYW1lJTNEJTIybGMlMjIlMjB2YWx1ZSUzRCUyMkVTJTIyJTNFJTBBJTNDaW5wdXQlMjB0eXBlJTNEJTIyaGlkZGVuJTIyJTIwbmFtZSUzRCUyMml0ZW1fbmFtZSUyMiUyMHZhbHVlJTNEJTIyQ3Vyc28lMjBMYSUyMEFuaW1hY2lvbiUyMFNvY2lvY3VsdHVyYWwlMjBlbiUyMGxhJTIwUGVuaW5zdWxhJTIwSWJlcmljYSUyMiUzRSUwQSUzQ2lucHV0JTIwdHlwZSUzRCUyMmhpZGRlbiUyMiUyMG5hbWUlM0QlMjJhbW91bnQlMjIlMjB2YWx1ZSUzRCUyMjk5LjAwJTIyJTNFJTBBJTNDaW5wdXQlMjB0eXBlJTNEJTIyaGlkZGVuJTIyJTIwbmFtZSUzRCUyMmN1cnJlbmN5X2NvZGUlMjIlMjB2YWx1ZSUzRCUyMlVTRCUyMiUzRSUwQSUzQ2lucHV0JTIwdHlwZSUzRCUyMmhpZGRlbiUyMiUyMG5hbWUlM0QlMjJidXR0b25fc3VidHlwZSUyMiUyMHZhbHVlJTNEJTIyc2VydmljZXMlMjIlM0UlMEElM0NpbnB1dCUyMHR5cGUlM0QlMjJoaWRkZW4lMjIlMjBuYW1lJTNEJTIybm9fbm90ZSUyMiUyMHZhbHVlJTNEJTIyMCUyMiUzRSUwQSUzQ2lucHV0JTIwdHlwZSUzRCUyMmhpZGRlbiUyMiUyMG5hbWUlM0QlMjJibiUyMiUyMHZhbHVlJTNEJTIyUFAtQnV5Tm93QkYlM0FidG5fYnV5bm93Q0NfTEcuZ2lmJTNBTm9uSG9zdGVkR3Vlc3QlMjIlM0UlMEElM0NpbnB1dCUyMHR5cGUlM0QlMjJpbWFnZSUyMiUyMHNyYyUzRCUyMmh0dHAlM0ElMkYlMkZkaXZ1bGdhY2lvbmRpbmFtaWNhLmluZm8lMkZwcm9tb3MlMkZ3cC1jb250ZW50JTJGdXBsb2FkcyUyRjIwMTUlMkYxMCUyRmNvbXByYXIuZ2lmJTIyJTIwYm9yZGVyJTNEJTIyMCUyMiUyMG5hbWUlM0QlMjJzdWJtaXQlMjIlMjBhbHQlM0QlMjJQYXlQYWwuJTIwTGElMjBmb3JtYSUyMHIlQzMlQTFwaWRhJTIweSUyMHNlZ3VyYSUyMGRlJTIwcGFnYXIlMjBlbiUyMEludGVybmV0LiUyMiUzRSUwQSUzQ2ltZyUyMGFsdCUzRCUyMiUyMiUyMGJvcmRlciUzRCUyMjAlMjIlMjBzcmMlM0QlMjJodHRwcyUzQSUyRiUyRnd3dy5wYXlwYWxvYmplY3RzLmNvbSUyRmVzX0VTJTJGaSUyRnNjciUyRnBpeGVsLmdpZiUyMiUyMHdpZHRoJTNEJTIyMSUyMiUyMGhlaWdodCUzRCUyMjElMjIlM0UlMEElM0MlMkZmb3JtJTNF[\/vc_raw_html][\/vc_column_inner][\/vc_row_inner][\/vc_column][\/vc_row][vc_row css=\u00bb.vc_custom_1444989232077{margin-top: 45px !important;}\u00bb][vc_column width=\u00bb1\/2&#8243; css=\u00bb.vc_custom_1444988856883{padding-top: 15px !important;padding-right: 15px !important;padding-bottom: 15px !important;padding-left: 15px !important;background-color: #f2f4f8 !important;}\u00bb][vc_column_text]CURSO-SEMINARIO:<\/p>\n<h5><span style=\"color: #214984;\">LA ANIMACI\u00d3N SOCIOCULTURAL EN LATINOAM\u00c9RICA (100 h.)<\/span><\/h5>\n<p><em> <span class=\"Estilo99\"><strong>FECHA: <\/strong>16 septiembre &#8211; 16 noviembre 2016<\/span><\/em><br \/>\n<span class=\"Estilo99\"><br \/>\n<strong>TEMARIO:<\/strong><\/span><\/p>\n<p>1. La Animaci\u00f3n en Per\u00fa: Concepto y Experiencias de Intervenci\u00f3n<br \/>\n2. La Animaci\u00f3n en Uruguay: Concepto y Experiencias de Intervenci\u00f3n[\/vc_column_text][vc_separator css=\u00bb.vc_custom_1444991780456{margin-top: 15px !important;margin-bottom: 15px !important;}\u00bb][vc_row_inner][vc_column_inner width=\u00bb1\/2&#8243;][vc_column_text]<\/p>\n<h4 style=\"text-align: center;\"><span style=\"color: #f29400;\"><strong><span style=\"color: #999999;\">Coste del Curso:<\/span><em> $ 99 USD<\/em><\/strong><\/span><\/h4>\n<p>[\/vc_column_text][\/vc_column_inner][vc_column_inner width=\u00bb1\/2&#8243;][vc_raw_html]JTNDZm9ybSUyMGFjdGlvbiUzRCUyMmh0dHBzJTNBJTJGJTJGd3d3LnBheXBhbC5jb20lMkZjZ2ktYmluJTJGd2Vic2NyJTIyJTIwbWV0aG9kJTNEJTIycG9zdCUyMiUyMHRhcmdldCUzRCUyMl90b3AlMjIlM0UlMEElM0NpbnB1dCUyMHR5cGUlM0QlMjJoaWRkZW4lMjIlMjBuYW1lJTNEJTIyY21kJTIyJTIwdmFsdWUlM0QlMjJfeGNsaWNrJTIyJTNFJTBBJTNDaW5wdXQlMjB0eXBlJTNEJTIyaGlkZGVuJTIyJTIwbmFtZSUzRCUyMmJ1c2luZXNzJTIyJTIwdmFsdWUlM0QlMjJyaWFwcm95ZWN0b3MlNDBnbWFpbC5jb20lMjIlM0UlMEElM0NpbnB1dCUyMHR5cGUlM0QlMjJoaWRkZW4lMjIlMjBuYW1lJTNEJTIybGMlMjIlMjB2YWx1ZSUzRCUyMkVTJTIyJTNFJTBBJTNDaW5wdXQlMjB0eXBlJTNEJTIyaGlkZGVuJTIyJTIwbmFtZSUzRCUyMml0ZW1fbmFtZSUyMiUyMHZhbHVlJTNEJTIyQ3Vyc28lMjBMYSUyMEFuaW1hY2lvbiUyMFNvY2lvY3VsdHVyYWwlMjBlbiUyMExhdGlub2FtZXJpY2ElMjBJJTIyJTNFJTBBJTNDaW5wdXQlMjB0eXBlJTNEJTIyaGlkZGVuJTIyJTIwbmFtZSUzRCUyMmFtb3VudCUyMiUyMHZhbHVlJTNEJTIyOTkuMDAlMjIlM0UlMEElM0NpbnB1dCUyMHR5cGUlM0QlMjJoaWRkZW4lMjIlMjBuYW1lJTNEJTIyY3VycmVuY3lfY29kZSUyMiUyMHZhbHVlJTNEJTIyVVNEJTIyJTNFJTBBJTNDaW5wdXQlMjB0eXBlJTNEJTIyaGlkZGVuJTIyJTIwbmFtZSUzRCUyMmJ1dHRvbl9zdWJ0eXBlJTIyJTIwdmFsdWUlM0QlMjJzZXJ2aWNlcyUyMiUzRSUwQSUzQ2lucHV0JTIwdHlwZSUzRCUyMmhpZGRlbiUyMiUyMG5hbWUlM0QlMjJub19ub3RlJTIyJTIwdmFsdWUlM0QlMjIwJTIyJTNFJTBBJTNDaW5wdXQlMjB0eXBlJTNEJTIyaGlkZGVuJTIyJTIwbmFtZSUzRCUyMmJuJTIyJTIwdmFsdWUlM0QlMjJQUC1CdXlOb3dCRiUzQWJ0bl9idXlub3dDQ19MRy5naWYlM0FOb25Ib3N0ZWRHdWVzdCUyMiUzRSUwQSUzQ2lucHV0JTIwdHlwZSUzRCUyMmltYWdlJTIyJTIwc3JjJTNEJTIyaHR0cCUzQSUyRiUyRmRpdnVsZ2FjaW9uZGluYW1pY2EuaW5mbyUyRnByb21vcyUyRndwLWNvbnRlbnQlMkZ1cGxvYWRzJTJGMjAxNSUyRjEwJTJGY29tcHJhci5naWYlMjIlMjBib3JkZXIlM0QlMjIwJTIyJTIwbmFtZSUzRCUyMnN1Ym1pdCUyMiUyMGFsdCUzRCUyMlBheVBhbC4lMjBMYSUyMGZvcm1hJTIwciVDMyVBMXBpZGElMjB5JTIwc2VndXJhJTIwZGUlMjBwYWdhciUyMGVuJTIwSW50ZXJuZXQuJTIyJTNFJTBBJTNDaW1nJTIwYWx0JTNEJTIyJTIyJTIwYm9yZGVyJTNEJTIyMCUyMiUyMHNyYyUzRCUyMmh0dHBzJTNBJTJGJTJGd3d3LnBheXBhbG9iamVjdHMuY29tJTJGZXNfRVMlMkZpJTJGc2NyJTJGcGl4ZWwuZ2lmJTIyJTIwd2lkdGglM0QlMjIxJTIyJTIwaGVpZ2h0JTNEJTIyMSUyMiUzRSUwQSUzQyUyRmZvcm0lM0U=[\/vc_raw_html][\/vc_column_inner][\/vc_row_inner][\/vc_column][vc_column width=\u00bb1\/2&#8243; css=\u00bb.vc_custom_1444992074579{padding-top: 15px !important;padding-right: 15px !important;padding-bottom: 15px !important;padding-left: 15px !important;background-color: #ebeff4 !important;}\u00bb][vc_column_text]CURSO-SEMINARIO:<\/p>\n<h5><span style=\"color: #214984;\">LA ANIMACI\u00d3N SOCIOCULTURAL EN LATINOAM\u00c9RICA II (100 h.)<\/span><\/h5>\n<p><em> <span class=\"Estilo99\"><strong>FECHA: <\/strong>27 noviembre 2016 &#8211; 10 febrero 2017<\/span><\/em><br \/>\n<span class=\"Estilo99\"><br \/>\n<strong>TEMARIO:<\/strong><\/span><br \/>\n1. La Animaci\u00f3n en Brasil: Concepto y Experiencias de Intervenci\u00f3n<br \/>\n2. La Animaci\u00f3n en Colombia: Concepto y Experiencias de Intervenci\u00f3n<br \/>\n3. La Animaci\u00f3n en Argentina: Concepto y Experiencias de Intervenci\u00f3n[\/vc_column_text][vc_separator css=\u00bb.vc_custom_1444991780456{margin-top: 15px !important;margin-bottom: 15px !important;}\u00bb][vc_row_inner][vc_column_inner width=\u00bb1\/2&#8243;][vc_column_text]<\/p>\n<h4 style=\"text-align: center;\"><span style=\"color: #f29400;\"><strong><span style=\"color: #999999;\">Coste del Curso:<\/span><em> $ 99 USD<\/em><\/strong><\/span><\/h4>\n<p>[\/vc_column_text][\/vc_column_inner][vc_column_inner width=\u00bb1\/2&#8243;][vc_raw_html]JTNDZm9ybSUyMGFjdGlvbiUzRCUyMmh0dHBzJTNBJTJGJTJGd3d3LnBheXBhbC5jb20lMkZjZ2ktYmluJTJGd2Vic2NyJTIyJTIwbWV0aG9kJTNEJTIycG9zdCUyMiUyMHRhcmdldCUzRCUyMl90b3AlMjIlM0UlMEElM0NpbnB1dCUyMHR5cGUlM0QlMjJoaWRkZW4lMjIlMjBuYW1lJTNEJTIyY21kJTIyJTIwdmFsdWUlM0QlMjJfeGNsaWNrJTIyJTNFJTBBJTNDaW5wdXQlMjB0eXBlJTNEJTIyaGlkZGVuJTIyJTIwbmFtZSUzRCUyMmJ1c2luZXNzJTIyJTIwdmFsdWUlM0QlMjJyaWFwcm95ZWN0b3MlNDBnbWFpbC5jb20lMjIlM0UlMEElM0NpbnB1dCUyMHR5cGUlM0QlMjJoaWRkZW4lMjIlMjBuYW1lJTNEJTIybGMlMjIlMjB2YWx1ZSUzRCUyMkVTJTIyJTNFJTBBJTNDaW5wdXQlMjB0eXBlJTNEJTIyaGlkZGVuJTIyJTIwbmFtZSUzRCUyMml0ZW1fbmFtZSUyMiUyMHZhbHVlJTNEJTIyQ3Vyc28lMjBMYSUyMEFuaW1hY2lvbiUyMFNvY2lvY3VsdHVyYWwlMjBlbiUyMExhdGlub2FtZXJpY2ElMjBJSSUyMiUzRSUwQSUzQ2lucHV0JTIwdHlwZSUzRCUyMmhpZGRlbiUyMiUyMG5hbWUlM0QlMjJhbW91bnQlMjIlMjB2YWx1ZSUzRCUyMjk5LjAwJTIyJTNFJTBBJTNDaW5wdXQlMjB0eXBlJTNEJTIyaGlkZGVuJTIyJTIwbmFtZSUzRCUyMmN1cnJlbmN5X2NvZGUlMjIlMjB2YWx1ZSUzRCUyMlVTRCUyMiUzRSUwQSUzQ2lucHV0JTIwdHlwZSUzRCUyMmhpZGRlbiUyMiUyMG5hbWUlM0QlMjJidXR0b25fc3VidHlwZSUyMiUyMHZhbHVlJTNEJTIyc2VydmljZXMlMjIlM0UlMEElM0NpbnB1dCUyMHR5cGUlM0QlMjJoaWRkZW4lMjIlMjBuYW1lJTNEJTIybm9fbm90ZSUyMiUyMHZhbHVlJTNEJTIyMCUyMiUzRSUwQSUzQ2lucHV0JTIwdHlwZSUzRCUyMmhpZGRlbiUyMiUyMG5hbWUlM0QlMjJibiUyMiUyMHZhbHVlJTNEJTIyUFAtQnV5Tm93QkYlM0FidG5fYnV5bm93Q0NfTEcuZ2lmJTNBTm9uSG9zdGVkR3Vlc3QlMjIlM0UlMEElM0NpbnB1dCUyMHR5cGUlM0QlMjJpbWFnZSUyMiUyMHNyYyUzRCUyMmh0dHAlM0ElMkYlMkZkaXZ1bGdhY2lvbmRpbmFtaWNhLmluZm8lMkZwcm9tb3MlMkZ3cC1jb250ZW50JTJGdXBsb2FkcyUyRjIwMTUlMkYxMCUyRmNvbXByYXIuZ2lmJTIyJTIwYm9yZGVyJTNEJTIyMCUyMiUyMG5hbWUlM0QlMjJzdWJtaXQlMjIlMjBhbHQlM0QlMjJQYXlQYWwuJTIwTGElMjBmb3JtYSUyMHIlQzMlQTFwaWRhJTIweSUyMHNlZ3VyYSUyMGRlJTIwcGFnYXIlMjBlbiUyMEludGVybmV0LiUyMiUzRSUwQSUzQ2ltZyUyMGFsdCUzRCUyMiUyMiUyMGJvcmRlciUzRCUyMjAlMjIlMjBzcmMlM0QlMjJodHRwcyUzQSUyRiUyRnd3dy5wYXlwYWxvYmplY3RzLmNvbSUyRmVzX0VTJTJGaSUyRnNjciUyRnBpeGVsLmdpZiUyMiUyMHdpZHRoJTNEJTIyMSUyMiUyMGhlaWdodCUzRCUyMjElMjIlM0UlMEElM0MlMkZmb3JtJTNF[\/vc_raw_html][\/vc_column_inner][\/vc_row_inner][\/vc_column][\/vc_row][vc_row css=\u00bb.vc_custom_1444989771019{margin-top: 35px !important;margin-bottom: 35px !important;}\u00bb][vc_column][vc_separator][\/vc_column][\/vc_row][vc_row css=\u00bb.vc_custom_1444989443736{margin-top: 55px !important;margin-bottom: 55px !important;}\u00bb][vc_column][\/vc_column][\/vc_row]<\/p>\n","protected":false},"excerpt":{"rendered":"<p>[vc_row css=\u00bb.vc_custom_1444907298779{margin-top: 5px !important;margin-bottom: 25px !important;}\u00bb][vc_column width=\u00bb1\/2&#8243;][vc_single_image image=\u00bb1096&#8243; img_size=\u00bb472&#215;115&#8243; alignment=\u00bb\u00bb][\/vc_column][vc_column width=\u00bb1\/2&#8243;][vc_column_text] Tel\u00e9fono internacional: +34 620 77 31 43 info@planformativoria.info [\/vc_column_text][\/vc_column][\/vc_row][vc_row css=\u00bb.vc_custom_1444989419096{margin-top: 55px !important;margin-bottom: 45px !important;}\u00bb][vc_column width=\u00bb1\/2&#8243;][vc_column_text] Secretar\u00eda Virtual: &nbsp; Para formalizar su inscripci\u00f3n, por favor elija el Curso en el<\/p>\n","protected":false},"author":1,"featured_media":0,"parent":0,"menu_order":0,"comment_status":"closed","ping_status":"closed","template":"","meta":[],"yoast_head":"<!-- This site is optimized with the Yoast SEO plugin v15.7 - https:\/\/yoast.com\/wordpress\/plugins\/seo\/ -->\n<title>Secretar\u00eda Virtual RIA - Divulgaci\u00f3n Din\u00e1mica<\/title>\n<meta name=\"robots\" content=\"index, follow, max-snippet:-1, max-image-preview:large, max-video-preview:-1\" \/>\n<link rel=\"canonical\" href=\"https:\/\/divulgaciondinamica.info\/promos\/secretaria-virtual-ria\/\" \/>\n<meta property=\"og:locale\" content=\"es_ES\" \/>\n<meta property=\"og:type\" content=\"article\" \/>\n<meta property=\"og:title\" content=\"Secretar\u00eda Virtual RIA - Divulgaci\u00f3n Din\u00e1mica\" \/>\n<meta property=\"og:description\" content=\"[vc_row css=\u00bb.vc_custom_1444907298779{margin-top: 5px !important;margin-bottom: 25px !important;}\u00bb][vc_column width=\u00bb1\/2&#8243;][vc_single_image image=\u00bb1096&#8243; img_size=\u00bb472&#215;115&#8243; alignment=\u00bb\u00bb][\/vc_column][vc_column width=\u00bb1\/2&#8243;][vc_column_text] Tel\u00e9fono internacional: +34 620 77 31 43 info@planformativoria.info [\/vc_column_text][\/vc_column][\/vc_row][vc_row css=\u00bb.vc_custom_1444989419096{margin-top: 55px !important;margin-bottom: 45px !important;}\u00bb][vc_column width=\u00bb1\/2&#8243;][vc_column_text] Secretar\u00eda Virtual: &nbsp; Para formalizar su inscripci\u00f3n, por favor elija el Curso en el\" \/>\n<meta property=\"og:url\" content=\"https:\/\/divulgaciondinamica.info\/promos\/secretaria-virtual-ria\/\" \/>\n<meta property=\"og:site_name\" content=\"Divulgaci\u00f3n Din\u00e1mica\" \/>\n<meta property=\"article:publisher\" content=\"https:\/\/www.facebook.com\/divulgaciondinamicaformacion\/\" \/>\n<meta property=\"article:modified_time\" content=\"2015-10-19T09:45:17+00:00\" \/>\n<meta name=\"twitter:card\" content=\"summary_large_image\" \/>\n<meta name=\"twitter:site\" content=\"@divulgaciond\" \/>\n<meta name=\"twitter:label1\" content=\"Tiempo de lectura\">\n\t<meta name=\"twitter:data1\" content=\"9 minutos\">\n<script type=\"application\/ld+json\" class=\"yoast-schema-graph\">{\"@context\":\"https:\/\/schema.org\",\"@graph\":[{\"@type\":\"Organization\",\"@id\":\"https:\/\/divulgaciondinamica.info\/promos\/#organization\",\"name\":\"Divulgaci\\u00f3n Din\\u00e1mica S.L.\",\"url\":\"https:\/\/divulgaciondinamica.info\/promos\/\",\"sameAs\":[\"https:\/\/www.facebook.com\/divulgaciondinamicaformacion\/\",\"https:\/\/www.instagram.com\/divulgaciondinamica\",\"https:\/\/www.linkedin.com\/company-beta\/9490428\/\",\"https:\/\/www.youtube.com\/user\/ddinamica2010\",\"https:\/\/twitter.com\/divulgaciond\"],\"logo\":{\"@type\":\"ImageObject\",\"@id\":\"https:\/\/divulgaciondinamica.info\/promos\/#logo\",\"inLanguage\":\"es\",\"url\":\"https:\/\/divulgaciondinamica.info\/promos\/wp-content\/uploads\/2016\/02\/logo-divulgaciondinamica-ddf.png\",\"width\":400,\"height\":79,\"caption\":\"Divulgaci\\u00f3n Din\\u00e1mica S.L.\"},\"image\":{\"@id\":\"https:\/\/divulgaciondinamica.info\/promos\/#logo\"}},{\"@type\":\"WebSite\",\"@id\":\"https:\/\/divulgaciondinamica.info\/promos\/#website\",\"url\":\"https:\/\/divulgaciondinamica.info\/promos\/\",\"name\":\"Divulgaci\\u00f3n Din\\u00e1mica\",\"description\":\"Formaci\\u00f3n de calidad al alcance de todos\",\"publisher\":{\"@id\":\"https:\/\/divulgaciondinamica.info\/promos\/#organization\"},\"potentialAction\":[{\"@type\":\"SearchAction\",\"target\":\"https:\/\/divulgaciondinamica.info\/promos\/?s={search_term_string}\",\"query-input\":\"required name=search_term_string\"}],\"inLanguage\":\"es\"},{\"@type\":\"WebPage\",\"@id\":\"https:\/\/divulgaciondinamica.info\/promos\/secretaria-virtual-ria\/#webpage\",\"url\":\"https:\/\/divulgaciondinamica.info\/promos\/secretaria-virtual-ria\/\",\"name\":\"Secretar\\u00eda Virtual RIA - Divulgaci\\u00f3n Din\\u00e1mica\",\"isPartOf\":{\"@id\":\"https:\/\/divulgaciondinamica.info\/promos\/#website\"},\"datePublished\":\"2015-10-16T07:06:00+00:00\",\"dateModified\":\"2015-10-19T09:45:17+00:00\",\"inLanguage\":\"es\",\"potentialAction\":[{\"@type\":\"ReadAction\",\"target\":[\"https:\/\/divulgaciondinamica.info\/promos\/secretaria-virtual-ria\/\"]}]}]}<\/script>\n<!-- \/ Yoast SEO plugin. -->","_links":{"self":[{"href":"https:\/\/divulgaciondinamica.info\/promos\/wp-json\/wp\/v2\/pages\/1120"}],"collection":[{"href":"https:\/\/divulgaciondinamica.info\/promos\/wp-json\/wp\/v2\/pages"}],"about":[{"href":"https:\/\/divulgaciondinamica.info\/promos\/wp-json\/wp\/v2\/types\/page"}],"author":[{"embeddable":true,"href":"https:\/\/divulgaciondinamica.info\/promos\/wp-json\/wp\/v2\/users\/1"}],"replies":[{"embeddable":true,"href":"https:\/\/divulgaciondinamica.info\/promos\/wp-json\/wp\/v2\/comments?post=1120"}],"version-history":[{"count":5,"href":"https:\/\/divulgaciondinamica.info\/promos\/wp-json\/wp\/v2\/pages\/1120\/revisions"}],"predecessor-version":[{"id":1186,"href":"https:\/\/divulgaciondinamica.info\/promos\/wp-json\/wp\/v2\/pages\/1120\/revisions\/1186"}],"wp:attachment":[{"href":"https:\/\/divulgaciondinamica.info\/promos\/wp-json\/wp\/v2\/media?parent=1120"}],"curies":[{"name":"wp","href":"https:\/\/api.w.org\/{rel}","templated":true}]}}