{"id":11017,"date":"2018-03-08T11:45:31","date_gmt":"2018-03-08T11:45:31","guid":{"rendered":"https:\/\/divulgaciondinamica.info\/promos\/?page_id=11017"},"modified":"2019-02-18T10:35:59","modified_gmt":"2019-02-18T10:35:59","slug":"corso-animatore-sociale-per-strutture-geriatriche","status":"publish","type":"page","link":"https:\/\/divulgaciondinamica.info\/promos\/corso-animatore-sociale-per-strutture-geriatriche\/","title":{"rendered":"Corso di Animatore Sociale per Strutture Geriatriche"},"content":{"rendered":"<p>[vc_row css=\u00bb.vc_custom_1427804811471{margin-top: 25px !important;margin-bottom: 25px !important;}\u00bb][vc_column width=\u00bb2\/3&#8243;][vc_single_image image=\u00bb1257&#8243; img_size=\u00bb661&#215;82&#8243;][\/vc_column][vc_column width=\u00bb1\/3&#8243;][vc_column_text]<\/p>\n<h6 style=\"text-align: right;\">0034 606 21 20 26<\/h6>\n<p style=\"text-align: right;\"><strong>informazione1@divulgazionedinamica.it<\/strong><\/p>\n<p>[\/vc_column_text][\/vc_column][\/vc_row][vc_row css=\u00bb.vc_custom_1489484355483{margin-top: 25px !important;margin-bottom: 15px !important;}\u00bb][vc_column][vc_custom_heading text=\u00bbCorso Online\u00bb font_container=\u00bbtag:h2|font_size:32|text_align:center|color:%230a7aba|line_height:1.1&#8243; google_fonts=\u00bbfont_family:Lato%3A100%2C100italic%2C300%2C300italic%2Cregular%2Citalic%2C700%2C700italic%2C900%2C900italic|font_style:300%20light%20regular%3A300%3Anormal\u00bb css=\u00bb.vc_custom_1490354547297{margin-bottom: 5px !important;}\u00bb][vc_custom_heading text=\u00bbAnimatore Sociale per Strutture Geriatriche\u00bb font_container=\u00bbtag:h2|font_size:44|text_align:center|color:%230a7aba|line_height:1.1&#8243; google_fonts=\u00bbfont_family:Lato%3A100%2C100italic%2C300%2C300italic%2Cregular%2Citalic%2C700%2C700italic%2C900%2C900italic|font_style:900%20bold%20regular%3A900%3Anormal\u00bb css=\u00bb.vc_custom_1520509243519{margin-bottom: 15px !important;}\u00bb][\/vc_column][\/vc_row][vc_row css=\u00bb.vc_custom_1489484502411{margin-top: 25px !important;margin-right: 0px !important;margin-bottom: 15px !important;}\u00bb][vc_column width=\u00bb1\/4&#8243;][vc_row_inner css=\u00bb.vc_custom_1489423995390{margin-top: 2px !important;margin-right: 2px !important;margin-bottom: 2px !important;margin-left: 2px !important;padding-top: 10px !important;padding-right: 5px !important;padding-bottom: 20px !important;padding-left: 5px !important;background-color: #efefef !important;}\u00bb][vc_column_inner][vc_icon icon_fontawesome=\u00bbfa fa-laptop\u00bb color=\u00bbsky\u00bb size=\u00bblg\u00bb align=\u00bbcenter\u00bb css_animation=\u00bbbottom-to-top\u00bb css=\u00bb.vc_custom_1489423953746{margin-bottom: 10px !important;}\u00bb][vc_custom_heading text=\u00bbModalit\u00e0:\u00bb font_container=\u00bbtag:h2|font_size:18|text_align:center|color:%230a7aba|line_height:1.2&#8243; google_fonts=\u00bbfont_family:Lato%3A100%2C100italic%2C300%2C300italic%2Cregular%2Citalic%2C700%2C700italic%2C900%2C900italic|font_style:900%20bold%20regular%3A900%3Anormal\u00bb css=\u00bb.vc_custom_1490353834073{margin-bottom: 5px !important;}\u00bb][vc_custom_heading text=\u00bb100% online\u00bb font_container=\u00bbtag:h2|font_size:16|text_align:center|color:%230a7aba|line_height:1.2&#8243; google_fonts=\u00bbfont_family:Lato%3A100%2C100italic%2C300%2C300italic%2Cregular%2Citalic%2C700%2C700italic%2C900%2C900italic|font_style:400%20regular%3A400%3Anormal\u00bb][\/vc_column_inner][\/vc_row_inner][\/vc_column][vc_column width=\u00bb1\/4&#8243;][vc_row_inner css=\u00bb.vc_custom_1489424000853{margin-top: 2px !important;margin-right: 2px !important;margin-bottom: 2px !important;margin-left: 2px !important;padding-top: 10px !important;padding-right: 5px !important;padding-bottom: 20px !important;padding-left: 5px !important;background-color: #efefef !important;}\u00bb][vc_column_inner][vc_icon icon_fontawesome=\u00bbfa fa-clock-o\u00bb color=\u00bbsky\u00bb size=\u00bblg\u00bb align=\u00bbcenter\u00bb css_animation=\u00bbbottom-to-top\u00bb css=\u00bb.vc_custom_1489424050530{margin-bottom: 10px !important;}\u00bb][vc_custom_heading text=\u00bbDurata:\u00bb font_container=\u00bbtag:h2|font_size:18|text_align:center|color:%230a7aba|line_height:1.2&#8243; google_fonts=\u00bbfont_family:Lato%3A100%2C100italic%2C300%2C300italic%2Cregular%2Citalic%2C700%2C700italic%2C900%2C900italic|font_style:900%20bold%20regular%3A900%3Anormal\u00bb css=\u00bb.vc_custom_1490353839666{margin-bottom: 5px !important;}\u00bb][vc_custom_heading text=\u00bb100 ore \/ 1 mese\u00bb font_container=\u00bbtag:h2|font_size:16|text_align:center|color:%230a7aba|line_height:1.2&#8243; google_fonts=\u00bbfont_family:Lato%3A100%2C100italic%2C300%2C300italic%2Cregular%2Citalic%2C700%2C700italic%2C900%2C900italic|font_style:400%20regular%3A400%3Anormal\u00bb][\/vc_column_inner][\/vc_row_inner][\/vc_column][vc_column width=\u00bb1\/4&#8243;][vc_row_inner css=\u00bb.vc_custom_1489424005381{margin-top: 2px !important;margin-right: 2px !important;margin-bottom: 2px !important;margin-left: 2px !important;padding-top: 10px !important;padding-right: 5px !important;padding-bottom: 20px !important;padding-left: 5px !important;background-color: #efefef !important;}\u00bb][vc_column_inner][vc_icon icon_fontawesome=\u00bbfa fa-calendar\u00bb color=\u00bbsky\u00bb size=\u00bblg\u00bb align=\u00bbcenter\u00bb css_animation=\u00bbbottom-to-top\u00bb css=\u00bb.vc_custom_1489423962381{margin-bottom: 10px !important;}\u00bb][vc_custom_heading text=\u00bbData d&#8217;inizio:\u00bb font_container=\u00bbtag:h2|font_size:18|text_align:center|color:%230a7aba|line_height:1.2&#8243; google_fonts=\u00bbfont_family:Lato%3A100%2C100italic%2C300%2C300italic%2Cregular%2Citalic%2C700%2C700italic%2C900%2C900italic|font_style:900%20bold%20regular%3A900%3Anormal\u00bb css=\u00bb.vc_custom_1490353853059{margin-bottom: 5px !important;}\u00bb][vc_custom_heading text=\u00bb4 \/ marzo \/ 2018&#8243; font_container=\u00bbtag:h2|font_size:16|text_align:center|color:%230a7aba|line_height:1.2&#8243; google_fonts=\u00bbfont_family:Lato%3A100%2C100italic%2C300%2C300italic%2Cregular%2Citalic%2C700%2C700italic%2C900%2C900italic|font_style:400%20regular%3A400%3Anormal\u00bb][\/vc_column_inner][\/vc_row_inner][\/vc_column][vc_column width=\u00bb1\/4&#8243;][vc_row_inner css=\u00bb.vc_custom_1489424009765{margin-top: 2px !important;margin-right: 2px !important;margin-bottom: 2px !important;margin-left: 2px !important;padding-top: 10px !important;padding-right: 5px !important;padding-bottom: 20px !important;padding-left: 5px !important;background-color: #efefef !important;}\u00bb][vc_column_inner][vc_icon icon_fontawesome=\u00bbfa fa-graduation-cap\u00bb color=\u00bbsky\u00bb size=\u00bblg\u00bb align=\u00bbcenter\u00bb css_animation=\u00bbbottom-to-top\u00bb css=\u00bb.vc_custom_1489423967355{margin-bottom: 10px !important;}\u00bb][vc_custom_heading text=\u00bbPrezzo Promozionale: 60\u20ac\u00bb font_container=\u00bbtag:h2|font_size:18|text_align:center|color:%230a7aba|line_height:1.2&#8243; google_fonts=\u00bbfont_family:Lato%3A100%2C100italic%2C300%2C300italic%2Cregular%2Citalic%2C700%2C700italic%2C900%2C900italic|font_style:900%20bold%20regular%3A900%3Anormal\u00bb css=\u00bb.vc_custom_1550229144740{margin-bottom: 5px !important;}\u00bb][vc_custom_heading text=\u00bbPrezzo Originale: 76\u20ac\u00bb font_container=\u00bbtag:h2|font_size:16|text_align:center|color:%230a7aba|line_height:1.2&#8243; google_fonts=\u00bbfont_family:Lato%3A100%2C100italic%2C300%2C300italic%2Cregular%2Citalic%2C700%2C700italic%2C900%2C900italic|font_style:400%20regular%3A400%3Anormal\u00bb][\/vc_column_inner][\/vc_row_inner][\/vc_column][\/vc_row][vc_row][vc_column][vc_column_text]<img loading=\"lazy\" class=\"alignleft wp-image-9264 size-full\" src=\"https:\/\/divulgaciondinamica.info\/promos\/wp-content\/uploads\/2017\/11\/imagen-corso-animatore-sociale-per-strutture-geriatriche.jpg\" alt=\"\" width=\"643\" height=\"434\" srcset=\"https:\/\/divulgaciondinamica.info\/promos\/wp-content\/uploads\/2017\/11\/imagen-corso-animatore-sociale-per-strutture-geriatriche.jpg 643w, https:\/\/divulgaciondinamica.info\/promos\/wp-content\/uploads\/2017\/11\/imagen-corso-animatore-sociale-per-strutture-geriatriche-300x202.jpg 300w\" sizes=\"(max-width: 643px) 100vw, 643px\" \/><iframe style=\"border: 0px solid grey;\" src=\"https:\/\/segreteria.divulgazionedinamica.it\/alumnos\/iframe\/382\/\" width=\"417\" height=\"434\" scrolling=\"auto\"><\/iframe>[\/vc_column_text][\/vc_column][\/vc_row][vc_row][vc_column][\/vc_column][\/vc_row][vc_row css=\u00bb.vc_custom_1427805189823{margin-top: 35px !important;margin-bottom: 35px !important;}\u00bb][vc_column width=\u00bb1\/2&#8243;][vc_custom_heading text=\u00bbPresentazione del Corso:\u00bb font_container=\u00bbtag:h2|font_size:26|text_align:left|color:%230a7aba|line_height:1.2&#8243; google_fonts=\u00bbfont_family:Lato%3A100%2C100italic%2C300%2C300italic%2Cregular%2Citalic%2C700%2C700italic%2C900%2C900italic|font_style:900%20bold%20regular%3A900%3Anormal\u00bb css=\u00bb.vc_custom_1490353993961{margin-bottom: 45px !important;}\u00bb][vc_column_text css=\u00bb.vc_custom_1550486068386{margin-bottom: 30px !important;}\u00bb]<\/p>\n<div id=\"stcpDiv\">\n<div class=\"w-tabs-section-content\">\n<div class=\"w-tabs-section-content-h i-cf\">\n<div class=\"wpb_text_column \">\n<div class=\"wpb_wrapper\">\n<p>Al giorno d\u2019oggi la parola animazione ha un importante significato associato ai diversi collettivi. Quando associamo animazione e terza et\u00e0 dobbiamo essere consapevoli che il principale obiettivo che si vuole raggiungere \u00e8 dare una qualit\u00e0 di vita migliore a queste persone, per il maggior tempo possibile, creando un clima e un ambiente favorevole.<\/p>\n<p>I posti che prima erano occupati da assistenti professionali, dal momento che le persone anziane erano viste solo come persone che avevano bisogno di assistenza, hanno iniziato ad aprirsi alla realt\u00e0 di una societ\u00e0 partecipativa per tutte le et\u00e0, e in cui gli animatori specializzati nell\u2019animazione per anziani hanno iniziato a configurarsi come professionisti emergenti.<\/p>\n<p>Il corso che presentiamo di Animatore Sociale per Strutture Geriatriche offre una serie di elementi concettuali, metodologici e pratici che permettono ai professionisti o alle persone interessate all\u2019animazione o all\u2019assistenza geriatrica di dare risposta alle sfide presentate dalle politiche attuali dell\u2019invecchiamento attivo.<\/p>\n<p><span style=\"color: #999999;\">&#8211;<\/span><br \/>\n<span style=\"color: #0a7aba;\"><i class=\"fa fa-calendar-check-o\"><\/i> <strong>DURATA:<\/strong><\/span><\/p>\n<p>1 mese (100 ore) <strong>dal 4 marzo al 4 aprile 2019.<\/strong><br \/>\n<span style=\"color: #999999;\">&#8211;<\/span><strong><br \/>\n<span style=\"color: #0a7aba;\"><i class=\"fa fa-laptop\"><\/i> MODALIT\u00c0:<\/span><\/strong><\/p>\n<p>Piattaforma online a tua disposizione 24 ore su 24. Studia in base ai tuoi ritmi, senza una data specifica per gli esami, gestendo il corso in completa autonomia. Il requisito minimo \u00e8 portare a termine il corso e gli esami <strong>entro il 4 aprile.<\/strong><br \/>\n<span style=\"color: #999999;\">&#8211;<\/span><br \/>\n<span style=\"color: #0a7aba;\"><i class=\"fa fa-mouse-pointer\"><\/i> <strong>METODOLOGIA:<\/strong><\/span><\/p>\n<p>Tutto ci\u00f2 di cui avrai bisogno relativo al corso sar\u00e0 disponibile nella nosta Piattaforma online. Il corso prevede <strong>3 moduli.<\/strong> Il materiale \u00e8 disponibile in formato PDF per scaricarlo, studiarlo e, se lo desideri, stamparlo. Il nostro materiale \u00e8 vario e dinamico e include contenuti audiovisivi, link con informazioni aggiuntive, ricorsi interessanti, esempi pratici e strumenti di ricerca. Avrai accesso a un forum online attraverso il quale potrai comunicare con un team di tutor a tua disposizione per qualsiasi domanda.<br \/>\n<span style=\"color: #999999;\">&#8211;<\/span><br \/>\n<span style=\"color: #0a7aba;\"><i class=\"fa fa-flag\"><\/i> <strong>ESAMI:<\/strong><\/span><\/p>\n<p>\u00c8 presente <strong>un esame per ciascun modulo<\/strong> (tra le 10 e le 20 domande per ciascun esame) ed avrai 3 tentativi a disposizione per ogni test. Dovrai infine sostenere un<strong> esame finale<\/strong> (tra le 30 e le 40 domande) che racchiude domande circa tutti i temi del corso e dovr\u00e0 essere superato al primo tentativo\u2013<br \/>\n<span style=\"color: #999999;\">&#8211;<\/span><br \/>\n<span style=\"color: #0a7aba;\"><i class=\"fa fa-graduation-cap\"><\/i> <strong>DIPLOMA:<\/strong><\/span><\/p>\n<p>Una volta superati tutti gli esami, <strong>il diploma verr\u00e0 inviato automaticamente, entro 10 giorni dalla data ultima di fine corso, all\u2019indirizzo di posta elettronica che ha comunicato al momento della registrazione.<\/strong><br \/>\n<span style=\"color: #999999;\">&#8211;<\/span><strong><br \/>\n<span style=\"color: #0a7aba;\"><i class=\"fa fa-check\"><\/i> VALIDIT\u00c0:<\/span><\/strong><\/p>\n<p>I nostri diplomi sono<strong> certificati dalla nostra azienda, Divulgazione Dinamica S.L. in possesso del REGISTRO DI QUALIT\u00c0 ISO 9001:2008 e revisati da EADL (European Association for Distance Learning)<\/strong>. Tutti i nostri diplomi conformano con la nuova legislazione e includono una <strong>Firma digitale, Firma elettronica e un Codice di Verifica<\/strong>, attaverso il quale qualsiasi persona o ente potr\u00e0 verificarne la validit\u00e0. Divulgazione Dimanica \u00e8 presente nel <strong>Registro di trasparenza dell\u2019Unione Europea<\/strong>.<br \/>\n<span style=\"color: #999999;\">&#8211;<\/span><br \/>\n<span style=\"color: #0a7aba;\"><i class=\"fa fa-tag\"><\/i> <strong>TASSE AMMINISTRATIVE:<\/strong><\/span><\/p>\n<p>\u00c8 previsto un <strong>costo unico di 60\u20ac<\/strong> relativo ai costi di gestione ed emissione del diploma, manutenzione della Piattaforma di Formazione e servizio di Tutorato Personale.<\/p>\n<\/div>\n<\/div>\n<\/div>\n<\/div>\n<p><a href=\"http:\/\/divulgaciondinamica.info\/promos\/wp-content\/uploads\/2015\/10\/Mensaje-Diploma-en-Italiano.png\"><img loading=\"lazy\" class=\"aligncenter wp-image-978 size-full\" src=\"http:\/\/divulgaciondinamica.info\/promos\/wp-content\/uploads\/2015\/10\/Mensaje-Diploma-en-Italiano.png\" alt=\"\" width=\"479\" height=\"322\" srcset=\"https:\/\/divulgaciondinamica.info\/promos\/wp-content\/uploads\/2015\/10\/Mensaje-Diploma-en-Italiano.png 479w, https:\/\/divulgaciondinamica.info\/promos\/wp-content\/uploads\/2015\/10\/Mensaje-Diploma-en-Italiano-300x202.png 300w\" sizes=\"(max-width: 479px) 100vw, 479px\" \/><\/a><\/p>\n<p style=\"text-align: left;\" align=\"justify\">\n<\/div>\n<p>[\/vc_column_text][\/vc_column][vc_column width=\u00bb1\/2&#8243;][vc_custom_heading text=\u00bbTemario del Corso:\u00bb font_container=\u00bbtag:h2|font_size:26|text_align:left|color:%230a7aba|line_height:1.2&#8243; google_fonts=\u00bbfont_family:Lato%3A100%2C100italic%2C300%2C300italic%2Cregular%2Citalic%2C700%2C700italic%2C900%2C900italic|font_style:900%20bold%20regular%3A900%3Anormal\u00bb css=\u00bb.vc_custom_1490354032946{margin-bottom: 45px !important;}\u00bb][vc_column_text]<strong>1. FONDAMENTI DELL\u2019ANIMAZIONE GERIATRICA<\/strong><\/p>\n<p>1.1 L\u2019animazione geriatrica<br \/>\n1.2 L\u2019animatore geriatrico<br \/>\n1.3 Vecchiaia: approccio teorico<br \/>\n1.4 Caratteristiche del processo d\u2019invecchiamento<br \/>\n1.5 Terza et\u00e0, pensionamento e tempo libero<br \/>\n1.6 Prospettiva di genere nella terza et\u00e0<br \/>\n1.7 Pianificazione e organizzazione dell\u2019animazione geriatrica<\/p>\n<p><strong>2. ATTIVIT\u00c0 PER LA PROMOZIONE FISICA DELL\u2019ANZIANO<\/strong><\/p>\n<p>2.1 L\u2019animazione e la sua relazione con la promozione di un invecchiamento attivo e salutare<br \/>\n2.2 L\u2019animatore geriatrico come promotore della salute fisica dell\u2019anziano<br \/>\n2.3 Le attivit\u00e0: livello d\u2019azione dell\u2019animatore geriatrico<br \/>\n2.4 Valutazione delle condizioni per le messa in moto delle attivit\u00e0<br \/>\n2.5 Attivit\u00e0 fisica nell\u2019animazione geriatrica<br \/>\n2.6 Elementi d\u2019appoggio all\u2019attivit\u00e0 fisica<br \/>\n2.7 Prevenzione dei rischi nelle persone anziane<\/p>\n<p><strong>3. ATTIVIT\u00c0 PER LA PROMOZIONE PSICO-SOCIALE DELL\u2019ANZIANO<\/strong><\/p>\n<p>3.1 Attivit\u00e0 psicosociali per la promozione di un invecchiamento attivo e salutare<br \/>\n3.2 Stereotipi e autostereotipi negativi sull\u2019invecchiamento<br \/>\n3.3 L\u2019animatore geriatrico<br \/>\n3.4 Le TIC nello sviluppo cognitivo e sociale degli anziani<br \/>\n3.5 Attivit\u00e0 per lo sviluppo cognitivo e sociale degli anziani[\/vc_column_text][vc_custom_heading text=\u00bb+ Workshop Gratuito\u00bb font_container=\u00bbtag:h2|font_size:26|text_align:left|color:%230a7aba|line_height:1.2&#8243; google_fonts=\u00bbfont_family:Lato%3A100%2C100italic%2C300%2C300italic%2Cregular%2Citalic%2C700%2C700italic%2C900%2C900italic|font_style:900%20bold%20regular%3A900%3Anormal\u00bb css=\u00bb.vc_custom_1541410813459{margin-bottom: 45px !important;}\u00bb][\/vc_column][\/vc_row][vc_row css=\u00bb.vc_custom_1489484531438{margin-bottom: 60px !important;padding-top: 15px !important;padding-bottom: 5px !important;background-color: #0a7aba !important;}\u00bb][vc_column][vc_row_inner][vc_column_inner width=\u00bb1\/4&#8243;][vc_column_text]\u00a0[\/vc_column_text][\/vc_column_inner][vc_column_inner width=\u00bb1\/2&#8243;][vc_column_text]<\/p>\n<div style=\"text-align: center;\"><iframe style=\"border: 0px solid grey;\" src=\"https:\/\/segreteria.divulgazionedinamica.it\/alumnos\/iframe\/382\/\" width=\"417\" height=\"404\" scrolling=\"auto\" align=\"center\"><\/iframe><\/div>\n<p>[\/vc_column_text][\/vc_column_inner][vc_column_inner width=\u00bb1\/4&#8243;][vc_column_text]\u00a0[\/vc_column_text][\/vc_column_inner][\/vc_row_inner][\/vc_column][\/vc_row]<\/p>\n","protected":false},"excerpt":{"rendered":"<p>[vc_row css=\u00bb.vc_custom_1427804811471{margin-top: 25px !important;margin-bottom: 25px !important;}\u00bb][vc_column width=\u00bb2\/3&#8243;][vc_single_image image=\u00bb1257&#8243; img_size=\u00bb661&#215;82&#8243;][\/vc_column][vc_column width=\u00bb1\/3&#8243;][vc_column_text] 0034 606 21 20 26 informazione1@divulgazionedinamica.it [\/vc_column_text][\/vc_column][\/vc_row][vc_row css=\u00bb.vc_custom_1489484355483{margin-top: 25px !important;margin-bottom: 15px !important;}\u00bb][vc_column][vc_custom_heading text=\u00bbCorso Online\u00bb font_container=\u00bbtag:h2|font_size:32|text_align:center|color:%230a7aba|line_height:1.1&#8243; google_fonts=\u00bbfont_family:Lato%3A100%2C100italic%2C300%2C300italic%2Cregular%2Citalic%2C700%2C700italic%2C900%2C900italic|font_style:300%20light%20regular%3A300%3Anormal\u00bb css=\u00bb.vc_custom_1490354547297{margin-bottom: 5px !important;}\u00bb][vc_custom_heading text=\u00bbAnimatore Sociale per Strutture Geriatriche\u00bb font_container=\u00bbtag:h2|font_size:44|text_align:center|color:%230a7aba|line_height:1.1&#8243; google_fonts=\u00bbfont_family:Lato%3A100%2C100italic%2C300%2C300italic%2Cregular%2Citalic%2C700%2C700italic%2C900%2C900italic|font_style:900%20bold%20regular%3A900%3Anormal\u00bb css=\u00bb.vc_custom_1520509243519{margin-bottom: 15px !important;}\u00bb][\/vc_column][\/vc_row][vc_row css=\u00bb.vc_custom_1489484502411{margin-top:<\/p>\n","protected":false},"author":1,"featured_media":0,"parent":0,"menu_order":0,"comment_status":"closed","ping_status":"closed","template":"","meta":[],"yoast_head":"<!-- This site is optimized with the Yoast SEO plugin v15.7 - https:\/\/yoast.com\/wordpress\/plugins\/seo\/ -->\n<title>Corso di Animatore Sociale per Strutture Geriatriche - Divulgaci\u00f3n Din\u00e1mica<\/title>\n<meta name=\"robots\" content=\"index, follow, max-snippet:-1, max-image-preview:large, max-video-preview:-1\" \/>\n<link rel=\"canonical\" href=\"https:\/\/divulgaciondinamica.info\/promos\/corso-animatore-sociale-per-strutture-geriatriche\/\" \/>\n<meta property=\"og:locale\" content=\"es_ES\" \/>\n<meta property=\"og:type\" content=\"article\" \/>\n<meta property=\"og:title\" content=\"Corso Animatore Sociale per Strutture Geriatriche\" \/>\n<meta property=\"og:description\" content=\"Modalit\u00e0 100% online. Durata 100 ore \/ 1 mese. Diploma Certificato e Accreditato. Contenuto online e scaricabile in PDF. Iscriviti ORA e paga SOLO le Tasse Amministrative (76\u20ac)\" \/>\n<meta property=\"og:url\" content=\"https:\/\/divulgaciondinamica.info\/promos\/corso-animatore-sociale-per-strutture-geriatriche\/\" \/>\n<meta property=\"og:site_name\" content=\"Divulgaci\u00f3n Din\u00e1mica\" \/>\n<meta property=\"article:publisher\" content=\"https:\/\/www.facebook.com\/divulgaciondinamicaformacion\/\" \/>\n<meta property=\"article:modified_time\" content=\"2019-02-18T10:35:59+00:00\" \/>\n<meta property=\"og:image\" content=\"https:\/\/divulgaciondinamica.info\/promos\/wp-content\/uploads\/2018\/11\/Geriatriche_ita.png\" \/>\n\t<meta property=\"og:image:width\" content=\"1200\" \/>\n\t<meta property=\"og:image:height\" content=\"628\" \/>\n<meta name=\"twitter:card\" content=\"summary_large_image\" \/>\n<meta name=\"twitter:site\" content=\"@divulgaciond\" \/>\n<meta name=\"twitter:label1\" content=\"Tiempo de lectura\">\n\t<meta name=\"twitter:data1\" content=\"9 minutos\">\n<script type=\"application\/ld+json\" class=\"yoast-schema-graph\">{\"@context\":\"https:\/\/schema.org\",\"@graph\":[{\"@type\":\"Organization\",\"@id\":\"https:\/\/divulgaciondinamica.info\/promos\/#organization\",\"name\":\"Divulgaci\\u00f3n Din\\u00e1mica S.L.\",\"url\":\"https:\/\/divulgaciondinamica.info\/promos\/\",\"sameAs\":[\"https:\/\/www.facebook.com\/divulgaciondinamicaformacion\/\",\"https:\/\/www.instagram.com\/divulgaciondinamica\",\"https:\/\/www.linkedin.com\/company-beta\/9490428\/\",\"https:\/\/www.youtube.com\/user\/ddinamica2010\",\"https:\/\/twitter.com\/divulgaciond\"],\"logo\":{\"@type\":\"ImageObject\",\"@id\":\"https:\/\/divulgaciondinamica.info\/promos\/#logo\",\"inLanguage\":\"es\",\"url\":\"https:\/\/divulgaciondinamica.info\/promos\/wp-content\/uploads\/2016\/02\/logo-divulgaciondinamica-ddf.png\",\"width\":400,\"height\":79,\"caption\":\"Divulgaci\\u00f3n Din\\u00e1mica S.L.\"},\"image\":{\"@id\":\"https:\/\/divulgaciondinamica.info\/promos\/#logo\"}},{\"@type\":\"WebSite\",\"@id\":\"https:\/\/divulgaciondinamica.info\/promos\/#website\",\"url\":\"https:\/\/divulgaciondinamica.info\/promos\/\",\"name\":\"Divulgaci\\u00f3n Din\\u00e1mica\",\"description\":\"Formaci\\u00f3n de calidad al alcance de todos\",\"publisher\":{\"@id\":\"https:\/\/divulgaciondinamica.info\/promos\/#organization\"},\"potentialAction\":[{\"@type\":\"SearchAction\",\"target\":\"https:\/\/divulgaciondinamica.info\/promos\/?s={search_term_string}\",\"query-input\":\"required name=search_term_string\"}],\"inLanguage\":\"es\"},{\"@type\":\"ImageObject\",\"@id\":\"https:\/\/divulgaciondinamica.info\/promos\/corso-animatore-sociale-per-strutture-geriatriche\/#primaryimage\",\"inLanguage\":\"es\",\"url\":\"https:\/\/divulgaciondinamica.info\/promos\/wp-content\/uploads\/2017\/11\/imagen-corso-animatore-sociale-per-strutture-geriatriche.jpg\",\"width\":643,\"height\":434},{\"@type\":\"WebPage\",\"@id\":\"https:\/\/divulgaciondinamica.info\/promos\/corso-animatore-sociale-per-strutture-geriatriche\/#webpage\",\"url\":\"https:\/\/divulgaciondinamica.info\/promos\/corso-animatore-sociale-per-strutture-geriatriche\/\",\"name\":\"Corso di Animatore Sociale per Strutture Geriatriche - Divulgaci\\u00f3n Din\\u00e1mica\",\"isPartOf\":{\"@id\":\"https:\/\/divulgaciondinamica.info\/promos\/#website\"},\"primaryImageOfPage\":{\"@id\":\"https:\/\/divulgaciondinamica.info\/promos\/corso-animatore-sociale-per-strutture-geriatriche\/#primaryimage\"},\"datePublished\":\"2018-03-08T11:45:31+00:00\",\"dateModified\":\"2019-02-18T10:35:59+00:00\",\"inLanguage\":\"es\",\"potentialAction\":[{\"@type\":\"ReadAction\",\"target\":[\"https:\/\/divulgaciondinamica.info\/promos\/corso-animatore-sociale-per-strutture-geriatriche\/\"]}]}]}<\/script>\n<!-- \/ Yoast SEO plugin. -->","_links":{"self":[{"href":"https:\/\/divulgaciondinamica.info\/promos\/wp-json\/wp\/v2\/pages\/11017"}],"collection":[{"href":"https:\/\/divulgaciondinamica.info\/promos\/wp-json\/wp\/v2\/pages"}],"about":[{"href":"https:\/\/divulgaciondinamica.info\/promos\/wp-json\/wp\/v2\/types\/page"}],"author":[{"embeddable":true,"href":"https:\/\/divulgaciondinamica.info\/promos\/wp-json\/wp\/v2\/users\/1"}],"replies":[{"embeddable":true,"href":"https:\/\/divulgaciondinamica.info\/promos\/wp-json\/wp\/v2\/comments?post=11017"}],"version-history":[{"count":5,"href":"https:\/\/divulgaciondinamica.info\/promos\/wp-json\/wp\/v2\/pages\/11017\/revisions"}],"predecessor-version":[{"id":18251,"href":"https:\/\/divulgaciondinamica.info\/promos\/wp-json\/wp\/v2\/pages\/11017\/revisions\/18251"}],"wp:attachment":[{"href":"https:\/\/divulgaciondinamica.info\/promos\/wp-json\/wp\/v2\/media?parent=11017"}],"curies":[{"name":"wp","href":"https:\/\/api.w.org\/{rel}","templated":true}]}}