{"id":10079,"date":"2018-01-17T16:06:52","date_gmt":"2018-01-17T16:06:52","guid":{"rendered":"http:\/\/divulgaciondinamica.info\/promos\/?page_id=10079"},"modified":"2018-01-17T16:13:40","modified_gmt":"2018-01-17T16:13:40","slug":"master-intervencion-comunitaria-ts-cordoba","status":"publish","type":"page","link":"https:\/\/divulgaciondinamica.info\/promos\/master-intervencion-comunitaria-ts-cordoba\/","title":{"rendered":"M\u00e1ster en Intervenci\u00f3n Comunitaria TS C\u00f3rdoba"},"content":{"rendered":"<p>[vc_row css=\u00bb.vc_custom_1427804811471{margin-top: 25px !important;margin-bottom: 25px !important;}\u00bb][vc_column width=\u00bb1\/2&#8243;][vc_single_image image=\u00bb10077&#8243; img_size=\u00bb377&#215;111&#8243;][\/vc_column][vc_column width=\u00bb1\/2&#8243;][vc_column_text][\/vc_column_text][\/vc_column][\/vc_row][vc_row css=\u00bb.vc_custom_1484657534791{margin-top: 60px !important;margin-bottom: 60px !important;}\u00bb][vc_column][vc_single_image image=\u00bb10082&#8243; img_size=\u00bbfull\u00bb alignment=\u00bbcenter\u00bb][\/vc_column][\/vc_row][vc_row css=\u00bb.vc_custom_1484657118750{margin-bottom: 30px !important;padding-top: 10px !important;padding-bottom: 10px !important;background-color: #0a8336 !important;}\u00bb][vc_column][vc_custom_heading text=\u00bbM\u00e1ster en Intervenci\u00f3n Comunitaria\u00bb font_container=\u00bbtag:h2|font_size:26|text_align:left|color:%23ffffff\u00bb google_fonts=\u00bbfont_family:Lato%3A100%2C100italic%2C300%2C300italic%2Cregular%2Citalic%2C700%2C700italic%2C900%2C900italic|font_style:400%20regular%3A400%3Anormal\u00bb][\/vc_column][\/vc_row][vc_row css=\u00bb.vc_custom_1484657534791{margin-top: 60px !important;margin-bottom: 60px !important;}\u00bb][vc_column width=\u00bb1\/3&#8243;][vc_custom_heading text=\u00bbModalidad:\u00bb font_container=\u00bbtag:h2|font_size:22|text_align:center|color:%23666666&#8243; google_fonts=\u00bbfont_family:Lato%3A100%2C100italic%2C300%2C300italic%2Cregular%2Citalic%2C700%2C700italic%2C900%2C900italic|font_style:700%20bold%20regular%3A700%3Anormal\u00bb][vc_custom_heading text=\u00bbOnline\u00bb font_container=\u00bbtag:h2|font_size:16|text_align:center|color:%23666666&#8243; google_fonts=\u00bbfont_family:Lato%3A100%2C100italic%2C300%2C300italic%2Cregular%2Citalic%2C700%2C700italic%2C900%2C900italic|font_style:400%20regular%3A400%3Anormal\u00bb][\/vc_column][vc_column width=\u00bb1\/3&#8243;][vc_custom_heading text=\u00bbDuraci\u00f3n:\u00bb font_container=\u00bbtag:h2|font_size:22|text_align:center|color:%23666666&#8243; google_fonts=\u00bbfont_family:Lato%3A100%2C100italic%2C300%2C300italic%2Cregular%2Citalic%2C700%2C700italic%2C900%2C900italic|font_style:700%20bold%20regular%3A700%3Anormal\u00bb][vc_custom_heading text=\u00bb400 horas\u00bb font_container=\u00bbtag:h2|font_size:16|text_align:center|color:%23666666&#8243; google_fonts=\u00bbfont_family:Lato%3A100%2C100italic%2C300%2C300italic%2Cregular%2Citalic%2C700%2C700italic%2C900%2C900italic|font_style:400%20regular%3A400%3Anormal\u00bb][\/vc_column][vc_column width=\u00bb1\/3&#8243;][vc_custom_heading text=\u00bbFecha Inicio\/Fin:\u00bb font_container=\u00bbtag:h2|font_size:22|text_align:center|color:%23666666&#8243; google_fonts=\u00bbfont_family:Lato%3A100%2C100italic%2C300%2C300italic%2Cregular%2Citalic%2C700%2C700italic%2C900%2C900italic|font_style:700%20bold%20regular%3A700%3Anormal\u00bb][vc_custom_heading text=\u00bbInicio: 31\/01\/2017&#8243; font_container=\u00bbtag:h2|font_size:16|text_align:center|color:%23666666&#8243; google_fonts=\u00bbfont_family:Lato%3A100%2C100italic%2C300%2C300italic%2Cregular%2Citalic%2C700%2C700italic%2C900%2C900italic|font_style:400%20regular%3A400%3Anormal\u00bb][\/vc_column][\/vc_row][vc_row css=\u00bb.vc_custom_1427805189823{margin-top: 35px !important;margin-bottom: 35px !important;}\u00bb][vc_column width=\u00bb1\/2&#8243;][vc_custom_heading text=\u00bbPresentaci\u00f3n del M\u00e1ster:\u00bb font_container=\u00bbtag:h2|font_size:22|text_align:left|color:%23666666&#8243; google_fonts=\u00bbfont_family:Lato%3A100%2C100italic%2C300%2C300italic%2Cregular%2Citalic%2C700%2C700italic%2C900%2C900italic|font_style:700%20bold%20regular%3A700%3Anormal\u00bb css=\u00bb.vc_custom_1516205418549{margin-bottom: 20px !important;}\u00bb][vc_column_text css=\u00bb.vc_custom_1516205351636{margin-bottom: 30px !important;}\u00bb]<\/p>\n<div id=\"stcpDiv\">\n<p>La intervenci\u00f3n en el contexto comunitario a trav\u00e9s de t\u00e9cnicas de participaci\u00f3n ciudadana favorece la integraci\u00f3n de nuevas competencias que pueden favorecer el desarrollo comunitario.<\/p>\n<p>Adem\u00e1s, la creaci\u00f3n y planificaci\u00f3n de proyectos de intervenci\u00f3n comunitaria es una de las bases contextuales que en la actualidad tienen m\u00e1s repercusi\u00f3n para llegar a una adecuada acci\u00f3n comunitaria.<\/p>\n<p>Desde Divulgaci\u00f3n Din\u00e1mica os presentamos el \u201cM\u00e1ster en Intervenci\u00f3n Comunitaria\u201d donde se desarrollar\u00e1n las t\u00e9cnicas de participaci\u00f3n necesarias que enmarquen desde una perspectiva din\u00e1mica, las posibilidades de mediaci\u00f3n comunitaria y acci\u00f3n participativa con los que lograr el an\u00e1lisis de la realidad comunitaria y, tras ello, afrontar un proceso de desarrollo desde una perspectiva com\u00fan.<\/p>\n<p style=\"text-align: left;\" align=\"justify\">\n<\/div>\n<p>[\/vc_column_text][\/vc_column][vc_column width=\u00bb1\/2&#8243;][vc_custom_heading text=\u00bbTemario:\u00bb font_container=\u00bbtag:h2|font_size:22|text_align:left|color:%23666666&#8243; google_fonts=\u00bbfont_family:Lato%3A100%2C100italic%2C300%2C300italic%2Cregular%2Citalic%2C700%2C700italic%2C900%2C900italic|font_style:700%20bold%20regular%3A700%3Anormal\u00bb css=\u00bb.vc_custom_1484661329031{margin-bottom: 20px !important;}\u00bb][vc_column_text]<\/p>\n<div id=\"stcpDiv\">\n<div id=\"stcpDiv\">\n<p><strong>1. INTERVENCI\u00d3N COMUNITARIA: GESTI\u00d3N DE PROYECTOS<\/strong><\/p>\n<p>1.1 La intervenci\u00f3n comunitaria<br \/>\n1.2 Niveles de planificaci\u00f3n<br \/>\n1.3 Ventajas e inconvenientes de la planificaci\u00f3n<br \/>\n1.4 Requisitos de los proyectos de intervenci\u00f3n comunitaria<br \/>\n1.5 M\u00e9todos para la planificaci\u00f3n de proyectos<br \/>\n1.6 Bases contextuales<br \/>\n1.7 Definici\u00f3n del proyecto<br \/>\n1.8 Producto del proyecto<br \/>\n1.9 Evaluaci\u00f3n<\/p>\n<p><strong>2. DINAMIZACI\u00d3N COMUNITARIA<\/strong><\/p>\n<p>2.1 Acci\u00f3n comunitaria<br \/>\n2.2 Administraciones e instituciones. Agentes sociales, profesionales y t\u00e9cnicos<br \/>\n2.3 Planes comunitarios<br \/>\n2.4 Empowerment o potenciaci\u00f3n. El papel del profesional en potenciaci\u00f3n<br \/>\n2.5 Estrategias de potenciaci\u00f3n<br \/>\n2.6 La investigaci\u00f3n-acci\u00f3n participativa<br \/>\n2.7 Enfoque del marco l\u00f3gico<\/p>\n<p><strong>3. PARTICIPACI\u00d3N CIUDADANA<\/strong><\/p>\n<p>3.1 Tipos de participaci\u00f3n. Niveles de participaci\u00f3n ciudadana<br \/>\n3.2 Factores modulares de la participaci\u00f3n<br \/>\n3.3 Fines de la participaci\u00f3n ciudadana<br \/>\n3.4 Tipolog\u00eda de m\u00e9todos de participaci\u00f3n<br \/>\n3.5 Marco legal del voluntariado<br \/>\n3.6 Voluntariado y tercer sector<br \/>\n3.7 Los grupos de autoayuda<\/p>\n<p><strong>4. METODOLOG\u00cdA Y T\u00c9CNICAS DE PARTICIPACI\u00d3N SOCIAL<\/strong><\/p>\n<p>4.1 T\u00e9cnicas de participaci\u00f3n. Metodolog\u00edas participativas<br \/>\n4.2 Consideraciones importantes para el uso de las t\u00e9cnicas<br \/>\n4.3 T\u00e9cnicas de presentaci\u00f3n. T\u00e9cnicas de dinamizaci\u00f3n. T\u00e9cnicas de an\u00e1lisis<br \/>\n4.4 T\u00e9cnicas de evaluaci\u00f3n. T\u00e9cnicas orales individuales. T\u00e9cnicas orales colectivas<br \/>\n4.5 Apreciaci\u00f3n Influencia control. Proceso de consulta<br \/>\n4.6 B\u00fasqueda del futuro. Marco L\u00f3gico. Espacio abierto<br \/>\n4.7 Investigaci\u00f3n-Acci\u00f3n participativa. Evaluaci\u00f3n rural participativa<\/p>\n<p><strong>5. MEDIACI\u00d3N SOCIAL Y COMUNITARIA<\/strong><\/p>\n<p>5.1 Mediaci\u00f3n social y comunitaria<br \/>\n5.2 Mediaci\u00f3n comunitaria como metodolog\u00eda<br \/>\n5.3 An\u00e1lisis de la realidad comunitaria<br \/>\n5.4 Desarrollo y culminaci\u00f3n del proceso de mediaci\u00f3n comunitaria<br \/>\n5.5 \u00c1mbitos de aplicaci\u00f3n<br \/>\n5.6 Evaluaci\u00f3n de los procesos de mediaci\u00f3n comunitaria<\/p>\n<p><strong>6. EDUCACI\u00d3N SOCIAL Y DESARROLLO COMUNITARIO<\/strong><\/p>\n<p>6.1 Educaci\u00f3n social y desarrollo comunitario<br \/>\n6.2 La comunidad como territorio de intervenci\u00f3n<br \/>\n6.3 El tercer sector y la educaci\u00f3n social<\/p>\n<p><strong>7. DINAMIZACI\u00d3N DE EQUIPAMIENTOS CULTURALES CIUDADANOS<\/strong><\/p>\n<p>7.1 Animaci\u00f3n sociocultural como metodolog\u00eda de dinamizaci\u00f3n cultural<br \/>\n7.2 Funciones y \u00e1mbitos de la ASC<br \/>\n7.3 Metodolog\u00eda de la ASC<br \/>\n7.4 Herramientas para la inserci\u00f3n territorial<br \/>\n7.5 Herramientas para fortalecer la participaci\u00f3n cultural local<br \/>\n7.6 Herramientas para el desarrollo art\u00edstico-cultural<br \/>\n7.7 T\u00e9cnicas de creatividad<br \/>\n7.8 Caso pr\u00e1ctico<\/p>\n<p><strong>8. REDES SOCIALES PARA LA INTERVENCI\u00d3N SOCIAL<\/strong><\/p>\n<p>8.1 La comunicaci\u00f3n en las entidades sociales en Internet<br \/>\n8.2 Herramientas de comunicaci\u00f3n<br \/>\n8.3 Recursos \u00fatiles para la comunicaci\u00f3n digital<\/p>\n<\/div>\n<\/div>\n<p>[\/vc_column_text][\/vc_column][\/vc_row]<\/p>\n","protected":false},"excerpt":{"rendered":"<p>[vc_row css=\u00bb.vc_custom_1427804811471{margin-top: 25px !important;margin-bottom: 25px !important;}\u00bb][vc_column width=\u00bb1\/2&#8243;][vc_single_image image=\u00bb10077&#8243; img_size=\u00bb377&#215;111&#8243;][\/vc_column][vc_column width=\u00bb1\/2&#8243;][vc_column_text][\/vc_column_text][\/vc_column][\/vc_row][vc_row css=\u00bb.vc_custom_1484657534791{margin-top: 60px !important;margin-bottom: 60px !important;}\u00bb][vc_column][vc_single_image image=\u00bb10082&#8243; img_size=\u00bbfull\u00bb alignment=\u00bbcenter\u00bb][\/vc_column][\/vc_row][vc_row css=\u00bb.vc_custom_1484657118750{margin-bottom: 30px !important;padding-top: 10px !important;padding-bottom: 10px !important;background-color: #0a8336 !important;}\u00bb][vc_column][vc_custom_heading text=\u00bbM\u00e1ster en Intervenci\u00f3n Comunitaria\u00bb font_container=\u00bbtag:h2|font_size:26|text_align:left|color:%23ffffff\u00bb google_fonts=\u00bbfont_family:Lato%3A100%2C100italic%2C300%2C300italic%2Cregular%2Citalic%2C700%2C700italic%2C900%2C900italic|font_style:400%20regular%3A400%3Anormal\u00bb][\/vc_column][\/vc_row][vc_row css=\u00bb.vc_custom_1484657534791{margin-top: 60px !important;margin-bottom: 60px !important;}\u00bb][vc_column width=\u00bb1\/3&#8243;][vc_custom_heading text=\u00bbModalidad:\u00bb<\/p>\n","protected":false},"author":1,"featured_media":0,"parent":0,"menu_order":0,"comment_status":"closed","ping_status":"closed","template":"","meta":[],"yoast_head":"<!-- This site is optimized with the Yoast SEO plugin v15.7 - https:\/\/yoast.com\/wordpress\/plugins\/seo\/ -->\n<title>M\u00e1ster en Intervenci\u00f3n Comunitaria TS C\u00f3rdoba - Divulgaci\u00f3n Din\u00e1mica<\/title>\n<meta name=\"robots\" content=\"index, follow, max-snippet:-1, max-image-preview:large, max-video-preview:-1\" \/>\n<link rel=\"canonical\" href=\"https:\/\/divulgaciondinamica.info\/promos\/master-intervencion-comunitaria-ts-cordoba\/\" \/>\n<meta property=\"og:locale\" content=\"es_ES\" \/>\n<meta property=\"og:type\" content=\"article\" \/>\n<meta property=\"og:title\" content=\"M\u00e1ster en Intervenci\u00f3n Comunitaria TS C\u00f3rdoba - Divulgaci\u00f3n Din\u00e1mica\" \/>\n<meta property=\"og:description\" content=\"[vc_row css=\u00bb.vc_custom_1427804811471{margin-top: 25px !important;margin-bottom: 25px !important;}\u00bb][vc_column width=\u00bb1\/2&#8243;][vc_single_image image=\u00bb10077&#8243; img_size=\u00bb377&#215;111&#8243;][\/vc_column][vc_column width=\u00bb1\/2&#8243;][vc_column_text][\/vc_column_text][\/vc_column][\/vc_row][vc_row css=\u00bb.vc_custom_1484657534791{margin-top: 60px !important;margin-bottom: 60px !important;}\u00bb][vc_column][vc_single_image image=\u00bb10082&#8243; img_size=\u00bbfull\u00bb alignment=\u00bbcenter\u00bb][\/vc_column][\/vc_row][vc_row css=\u00bb.vc_custom_1484657118750{margin-bottom: 30px !important;padding-top: 10px !important;padding-bottom: 10px !important;background-color: #0a8336 !important;}\u00bb][vc_column][vc_custom_heading text=\u00bbM\u00e1ster en Intervenci\u00f3n Comunitaria\u00bb font_container=\u00bbtag:h2|font_size:26|text_align:left|color:%23ffffff\u00bb google_fonts=\u00bbfont_family:Lato%3A100%2C100italic%2C300%2C300italic%2Cregular%2Citalic%2C700%2C700italic%2C900%2C900italic|font_style:400%20regular%3A400%3Anormal\u00bb][\/vc_column][\/vc_row][vc_row css=\u00bb.vc_custom_1484657534791{margin-top: 60px !important;margin-bottom: 60px !important;}\u00bb][vc_column width=\u00bb1\/3&#8243;][vc_custom_heading text=\u00bbModalidad:\u00bb\" \/>\n<meta property=\"og:url\" content=\"https:\/\/divulgaciondinamica.info\/promos\/master-intervencion-comunitaria-ts-cordoba\/\" \/>\n<meta property=\"og:site_name\" content=\"Divulgaci\u00f3n Din\u00e1mica\" \/>\n<meta property=\"article:publisher\" content=\"https:\/\/www.facebook.com\/divulgaciondinamicaformacion\/\" \/>\n<meta property=\"article:modified_time\" content=\"2018-01-17T16:13:40+00:00\" \/>\n<meta name=\"twitter:card\" content=\"summary_large_image\" \/>\n<meta name=\"twitter:site\" content=\"@divulgaciond\" \/>\n<meta name=\"twitter:label1\" content=\"Tiempo de lectura\">\n\t<meta name=\"twitter:data1\" content=\"5 minutos\">\n<script type=\"application\/ld+json\" class=\"yoast-schema-graph\">{\"@context\":\"https:\/\/schema.org\",\"@graph\":[{\"@type\":\"Organization\",\"@id\":\"https:\/\/divulgaciondinamica.info\/promos\/#organization\",\"name\":\"Divulgaci\\u00f3n Din\\u00e1mica S.L.\",\"url\":\"https:\/\/divulgaciondinamica.info\/promos\/\",\"sameAs\":[\"https:\/\/www.facebook.com\/divulgaciondinamicaformacion\/\",\"https:\/\/www.instagram.com\/divulgaciondinamica\",\"https:\/\/www.linkedin.com\/company-beta\/9490428\/\",\"https:\/\/www.youtube.com\/user\/ddinamica2010\",\"https:\/\/twitter.com\/divulgaciond\"],\"logo\":{\"@type\":\"ImageObject\",\"@id\":\"https:\/\/divulgaciondinamica.info\/promos\/#logo\",\"inLanguage\":\"es\",\"url\":\"https:\/\/divulgaciondinamica.info\/promos\/wp-content\/uploads\/2016\/02\/logo-divulgaciondinamica-ddf.png\",\"width\":400,\"height\":79,\"caption\":\"Divulgaci\\u00f3n Din\\u00e1mica S.L.\"},\"image\":{\"@id\":\"https:\/\/divulgaciondinamica.info\/promos\/#logo\"}},{\"@type\":\"WebSite\",\"@id\":\"https:\/\/divulgaciondinamica.info\/promos\/#website\",\"url\":\"https:\/\/divulgaciondinamica.info\/promos\/\",\"name\":\"Divulgaci\\u00f3n Din\\u00e1mica\",\"description\":\"Formaci\\u00f3n de calidad al alcance de todos\",\"publisher\":{\"@id\":\"https:\/\/divulgaciondinamica.info\/promos\/#organization\"},\"potentialAction\":[{\"@type\":\"SearchAction\",\"target\":\"https:\/\/divulgaciondinamica.info\/promos\/?s={search_term_string}\",\"query-input\":\"required name=search_term_string\"}],\"inLanguage\":\"es\"},{\"@type\":\"WebPage\",\"@id\":\"https:\/\/divulgaciondinamica.info\/promos\/master-intervencion-comunitaria-ts-cordoba\/#webpage\",\"url\":\"https:\/\/divulgaciondinamica.info\/promos\/master-intervencion-comunitaria-ts-cordoba\/\",\"name\":\"M\\u00e1ster en Intervenci\\u00f3n Comunitaria TS C\\u00f3rdoba - Divulgaci\\u00f3n Din\\u00e1mica\",\"isPartOf\":{\"@id\":\"https:\/\/divulgaciondinamica.info\/promos\/#website\"},\"datePublished\":\"2018-01-17T16:06:52+00:00\",\"dateModified\":\"2018-01-17T16:13:40+00:00\",\"inLanguage\":\"es\",\"potentialAction\":[{\"@type\":\"ReadAction\",\"target\":[\"https:\/\/divulgaciondinamica.info\/promos\/master-intervencion-comunitaria-ts-cordoba\/\"]}]}]}<\/script>\n<!-- \/ Yoast SEO plugin. -->","_links":{"self":[{"href":"https:\/\/divulgaciondinamica.info\/promos\/wp-json\/wp\/v2\/pages\/10079"}],"collection":[{"href":"https:\/\/divulgaciondinamica.info\/promos\/wp-json\/wp\/v2\/pages"}],"about":[{"href":"https:\/\/divulgaciondinamica.info\/promos\/wp-json\/wp\/v2\/types\/page"}],"author":[{"embeddable":true,"href":"https:\/\/divulgaciondinamica.info\/promos\/wp-json\/wp\/v2\/users\/1"}],"replies":[{"embeddable":true,"href":"https:\/\/divulgaciondinamica.info\/promos\/wp-json\/wp\/v2\/comments?post=10079"}],"version-history":[{"count":5,"href":"https:\/\/divulgaciondinamica.info\/promos\/wp-json\/wp\/v2\/pages\/10079\/revisions"}],"predecessor-version":[{"id":10085,"href":"https:\/\/divulgaciondinamica.info\/promos\/wp-json\/wp\/v2\/pages\/10079\/revisions\/10085"}],"wp:attachment":[{"href":"https:\/\/divulgaciondinamica.info\/promos\/wp-json\/wp\/v2\/media?parent=10079"}],"curies":[{"name":"wp","href":"https:\/\/api.w.org\/{rel}","templated":true}]}}